{"id":3537,"date":"2018-08-01T23:01:39","date_gmt":"2018-08-01T22:01:39","guid":{"rendered":"https:\/\/blogsaverroes.juntadeandalucia.es\/iessierrasur\/?page_id=3537"},"modified":"2018-09-25T23:07:00","modified_gmt":"2018-09-25T22:07:00","slug":"etcp","status":"publish","type":"page","link":"https:\/\/blogsaverroes.juntadeandalucia.es\/iessierrasur\/etcp\/","title":{"rendered":"ETCP"},"content":{"rendered":"<p>Los componentes del Equipo T\u00e9cnico de Coordinaci\u00f3n Pedag\u00f3gica son:<\/p>\n<ul>\n<li>Director<\/li>\n<li>Vicedirector<\/li>\n<li>Jefa de estudios<\/li>\n<li>Orientadora del centro<\/li>\n<li>Jefe de departamento del FEI<\/li>\n<li>Coordinadores de \u00e1reas:\n<ul>\n<li>Formaci\u00f3n Profesional<\/li>\n<li>Cient\u00edfico- Tecnol\u00f3gica<\/li>\n<li>Socio- Ling\u00fcistica<\/li>\n<li>Cultural- Art\u00edstica<\/li>\n<\/ul>\n<\/li>\n<\/ul>\n","protected":false},"excerpt":{"rendered":"<p>Los componentes del Equipo T\u00e9cnico de Coordinaci\u00f3n Pedag\u00f3gica son: Director Vicedirector Jefa de estudios Orientadora del centro Jefe de departamento del FEI Coordinadores de \u00e1reas: Formaci\u00f3n Profesional Cient\u00edfico- Tecnol\u00f3gica Socio- Ling\u00fcistica Cultural- Art\u00edstica<\/p>\n","protected":false},"author":4835,"featured_media":0,"parent":0,"menu_order":0,"comment_status":"closed","ping_status":"closed","template":"","meta":{"ngg_post_thumbnail":0,"footnotes":"","_mc_calendar":[]},"aioseo_notices":[],"_links":{"self":[{"href":"https:\/\/blogsaverroes.juntadeandalucia.es\/iessierrasur\/wp-json\/wp\/v2\/pages\/3537"}],"collection":[{"href":"https:\/\/blogsaverroes.juntadeandalucia.es\/iessierrasur\/wp-json\/wp\/v2\/pages"}],"about":[{"href":"https:\/\/blogsaverroes.juntadeandalucia.es\/iessierrasur\/wp-json\/wp\/v2\/types\/page"}],"author":[{"embeddable":true,"href":"https:\/\/blogsaverroes.juntadeandalucia.es\/iessierrasur\/wp-json\/wp\/v2\/users\/4835"}],"replies":[{"embeddable":true,"href":"https:\/\/blogsaverroes.juntadeandalucia.es\/iessierrasur\/wp-json\/wp\/v2\/comments?post=3537"}],"version-history":[{"count":3,"href":"https:\/\/blogsaverroes.juntadeandalucia.es\/iessierrasur\/wp-json\/wp\/v2\/pages\/3537\/revisions"}],"predecessor-version":[{"id":3547,"href":"https:\/\/blogsaverroes.juntadeandalucia.es\/iessierrasur\/wp-json\/wp\/v2\/pages\/3537\/revisions\/3547"}],"wp:attachment":[{"href":"https:\/\/blogsaverroes.juntadeandalucia.es\/iessierrasur\/wp-json\/wp\/v2\/media?parent=3537"}],"curies":[{"name":"wp","href":"https:\/\/api.w.org\/{rel}","templated":true}]}}