{"id":3539,"date":"2018-08-01T23:01:39","date_gmt":"2018-08-01T22:01:39","guid":{"rendered":"https:\/\/blogsaverroes.juntadeandalucia.es\/iessierrasur\/?page_id=3539"},"modified":"2018-12-11T20:54:57","modified_gmt":"2018-12-11T19:54:57","slug":"consejo-escolar","status":"publish","type":"page","link":"https:\/\/blogsaverroes.juntadeandalucia.es\/iessierrasur\/consejo-escolar\/","title":{"rendered":"Consejo Escolar"},"content":{"rendered":"<p>Los representantes del Consejo Escolar de nuestro centro elegidos en la \u00faltima renovaci\u00f3n y constituido el pasado d\u00eda 10 de diciembre est\u00e1 compuesto por:<\/p>\n<table style=\"width: 675px\">\n<tbody>\n<tr style=\"height: 24px\">\n<td style=\"width: 218px;height: 24px\">Sector<\/td>\n<td style=\"width: 443px;height: 24px\">Miembro<\/td>\n<\/tr>\n<tr style=\"height: 24px\">\n<td style=\"width: 218px;height: 24px\">Equipo Directivo<\/td>\n<td style=\"width: 443px;height: 24px\">Maldonado Ferrete, Marco Antonio (DIRECTOR\/A)<\/td>\n<\/tr>\n<tr style=\"height: 24px\">\n<td style=\"width: 218px;height: 24px\">Equipo Directivo<\/td>\n<td style=\"width: 443px;height: 24px\">Mart\u00edn Ruda, Ana Mar\u00eda (JEFE\/A DE ESTUDIOS)<\/td>\n<\/tr>\n<tr style=\"height: 24px\">\n<td style=\"width: 218px;height: 24px\">Equipo Directivo<\/td>\n<td style=\"width: 443px;height: 24px\">Rico Morales, Jorge (SECRETARIO\/A)<\/td>\n<\/tr>\n<tr style=\"height: 24px\">\n<td style=\"width: 218px;height: 24px\">Profesorado<\/td>\n<td style=\"width: 443px;height: 24px\">Codina Carneros, Isabel de<\/td>\n<\/tr>\n<tr style=\"height: 24px\">\n<td style=\"width: 218px;height: 24px\">Profesorado<\/td>\n<td style=\"width: 443px;height: 24px\">Gonz\u00e1lez Romero, Alberto<\/td>\n<\/tr>\n<tr style=\"height: 24px\">\n<td style=\"width: 218px;height: 24px\">Profesorado<\/td>\n<td style=\"width: 443px;height: 24px\">L\u00f3pez Heras, Margarita<\/td>\n<\/tr>\n<tr style=\"height: 24px\">\n<td style=\"width: 218px;height: 24px\">Profesorado<\/td>\n<td style=\"width: 443px;height: 24px\">Morillo Bejarano, Yolanda<\/td>\n<\/tr>\n<tr style=\"height: 24px\">\n<td style=\"width: 218px;height: 24px\">Profesorado<\/td>\n<td style=\"width: 443px;height: 24px\">P\u00e9rez Prados, Mar\u00eda del Valle<\/td>\n<\/tr>\n<tr style=\"height: 24px\">\n<td style=\"width: 218px;height: 24px\">Profesorado<\/td>\n<td style=\"width: 443px;height: 24px\">Pizarro S\u00e1nchez, Almudena<\/td>\n<\/tr>\n<tr style=\"height: 24px\">\n<td style=\"width: 218px;height: 24px\">Profesorado<\/td>\n<td style=\"width: 443px;height: 24px\">Rodr\u00edguez Rus, Clara<\/td>\n<\/tr>\n<tr style=\"height: 24px\">\n<td style=\"width: 218px;height: 24px\">Profesorado<\/td>\n<td style=\"width: 443px;height: 24px\">Vega Yerbes, Manuel Jes\u00fas<\/td>\n<\/tr>\n<tr style=\"height: 24px\">\n<td style=\"width: 218px;height: 24px\">Madres\/Padres\/Tutores<\/td>\n<td style=\"width: 443px;height: 24px\">Aguilera L\u00f3pez, Mar\u00eda Luisa<\/td>\n<\/tr>\n<tr style=\"height: 24px\">\n<td style=\"width: 218px;height: 24px\">Madres\/Padres\/Tutores<\/td>\n<td style=\"width: 443px;height: 24px\">Fern\u00e1ndez Mart\u00edn, Juan Jos\u00e9<\/td>\n<\/tr>\n<tr style=\"height: 24px\">\n<td style=\"width: 218px;height: 24px\">Madres\/Padres\/Tutores<\/td>\n<td style=\"width: 443px;height: 24px\">Garc\u00eda Torres, Miguel \u00c1ngel<\/td>\n<\/tr>\n<tr style=\"height: 24px\">\n<td style=\"width: 218px;height: 24px\">Madres\/Padres\/Tutores<\/td>\n<td style=\"width: 443px;height: 24px\">L\u00f2pez Guijo, Roc\u00edo<\/td>\n<\/tr>\n<tr style=\"height: 24px\">\n<td style=\"width: 218px;height: 24px\">Madres\/Padres\/Tutores<\/td>\n<td style=\"width: 443px;height: 24px\">Zamora Villar, Mar\u00eda del Pilar<\/td>\n<\/tr>\n<tr style=\"height: 24px\">\n<td style=\"width: 218px;height: 24px\">Alumnado<\/td>\n<td style=\"width: 443px;height: 24px\">Garc\u00eda Ortiz, Patricia<\/td>\n<\/tr>\n<tr style=\"height: 24px\">\n<td style=\"width: 218px;height: 24px\">Alumnado<\/td>\n<td style=\"width: 443px;height: 24px\">Hidalgo Berm\u00fadez, Sonia<\/td>\n<\/tr>\n<tr style=\"height: 24px\">\n<td style=\"width: 218px;height: 24px\">Alumnado<\/td>\n<td style=\"width: 443px;height: 24px\">Navarro L\u00f3pez, Mar\u00eda<\/td>\n<\/tr>\n<tr style=\"height: 24px\">\n<td style=\"width: 218px;height: 24px\">Alumnado<\/td>\n<td style=\"width: 443px;height: 24px\">S\u00e1nchez Ort\u00edz, B\u00e1rbara<\/td>\n<\/tr>\n<tr style=\"height: 24px\">\n<td style=\"width: 218px;height: 24px\">Alumnado<\/td>\n<td style=\"width: 443px;height: 24px\">Urbaneja Espinosa, Gabriel<\/td>\n<\/tr>\n<tr style=\"height: 24px\">\n<td style=\"width: 218px;height: 24px\">Personal Adm\u00f3n. y Servicios<\/td>\n<td style=\"width: 443px;height: 24px\">Jim\u00e9nez Berdugo, Jos\u00e9 Manuel<\/td>\n<\/tr>\n<tr style=\"height: 48px\">\n<td style=\"width: 218px;height: 48px\">Ayuntamiento<\/td>\n<td style=\"width: 443px;height: 48px\">BELLIDO MARTIN, ASUNCION (CONCEJAL O REPRESENTANTE DEL AYUNTAMIENTO)<\/td>\n<\/tr>\n<tr>\n<td style=\"width: 218px\">&nbsp;<\/td>\n<td style=\"width: 443px\">&nbsp;<\/td>\n<\/tr>\n<\/tbody>\n<\/table>\n<p>&nbsp;<\/p>\n","protected":false},"excerpt":{"rendered":"<p>Los representantes del Consejo Escolar de nuestro centro elegidos en la \u00faltima renovaci\u00f3n y constituido el pasado d\u00eda 10 de diciembre est\u00e1 compuesto por: Sector Miembro Equipo Directivo Maldonado Ferrete, Marco Antonio (DIRECTOR\/A) Equipo Directivo Mart\u00edn Ruda, Ana Mar\u00eda (JEFE\/A DE ESTUDIOS) Equipo Directivo Rico Morales, Jorge (SECRETARIO\/A) Profesorado Codina Carneros, Isabel de Profesorado Gonz\u00e1lez Romero, Alberto Profesorado L\u00f3pez Heras, Margarita Profesorado Morillo Bejarano, Yolanda Profesorado P\u00e9rez Prados, Mar\u00eda del Valle Profesorado Pizarro S\u00e1nchez, Almudena Profesorado Rodr\u00edguez Rus, Clara Profesorado Vega Yerbes, Manuel Jes\u00fas Madres\/Padres\/Tutores Aguilera L\u00f3pez, Mar\u00eda Luisa Madres\/Padres\/Tutores Fern\u00e1ndez Mart\u00edn, Juan Jos\u00e9 Madres\/Padres\/Tutores Garc\u00eda Torres, Miguel \u00c1ngel Madres\/Padres\/Tutores&#46;&#46;&#46;<\/p>\n","protected":false},"author":4835,"featured_media":0,"parent":0,"menu_order":0,"comment_status":"closed","ping_status":"closed","template":"","meta":{"ngg_post_thumbnail":0,"footnotes":"","_mc_calendar":[]},"aioseo_notices":[],"_links":{"self":[{"href":"https:\/\/blogsaverroes.juntadeandalucia.es\/iessierrasur\/wp-json\/wp\/v2\/pages\/3539"}],"collection":[{"href":"https:\/\/blogsaverroes.juntadeandalucia.es\/iessierrasur\/wp-json\/wp\/v2\/pages"}],"about":[{"href":"https:\/\/blogsaverroes.juntadeandalucia.es\/iessierrasur\/wp-json\/wp\/v2\/types\/page"}],"author":[{"embeddable":true,"href":"https:\/\/blogsaverroes.juntadeandalucia.es\/iessierrasur\/wp-json\/wp\/v2\/users\/4835"}],"replies":[{"embeddable":true,"href":"https:\/\/blogsaverroes.juntadeandalucia.es\/iessierrasur\/wp-json\/wp\/v2\/comments?post=3539"}],"version-history":[{"count":5,"href":"https:\/\/blogsaverroes.juntadeandalucia.es\/iessierrasur\/wp-json\/wp\/v2\/pages\/3539\/revisions"}],"predecessor-version":[{"id":3793,"href":"https:\/\/blogsaverroes.juntadeandalucia.es\/iessierrasur\/wp-json\/wp\/v2\/pages\/3539\/revisions\/3793"}],"wp:attachment":[{"href":"https:\/\/blogsaverroes.juntadeandalucia.es\/iessierrasur\/wp-json\/wp\/v2\/media?parent=3539"}],"curies":[{"name":"wp","href":"https:\/\/api.w.org\/{rel}","templated":true}]}}