{"id":42,"date":"2015-03-13T08:40:47","date_gmt":"2015-03-13T08:40:47","guid":{"rendered":"http:\/\/blogsaverroes.juntadeandalucia.es\/pre\/ceip\/?page_id=42"},"modified":"2021-09-25T18:38:11","modified_gmt":"2021-09-25T17:38:11","slug":"equipo-directivo","status":"publish","type":"page","link":"https:\/\/blogsaverroes.juntadeandalucia.es\/iessierrasur\/equipo-directivo\/","title":{"rendered":"Equipo directivo"},"content":{"rendered":"<p><strong>Direcci\u00f3n:<\/strong><br \/>\nD. Marco A. Maldonado Ferrete<\/p>\n<p><strong>Vicedirecci\u00f3n:<\/strong><\/p>\n<p>D. Jos\u00e9 M. Torrej\u00f3n Jap\u00f3n<\/p>\n<p><strong>Secretar\u00eda:<\/strong><\/p>\n<p>D\u00f1a. Mar\u00eda Mart\u00edn Humanes<\/p>\n<p><strong>Jefatura de estudios:<\/strong><\/p>\n<p>D\u00f1a. Ana M\u00aa Mart\u00edn Ruda<\/p>\n<p>D\u00f1a. M\u00aa del Mar Garc\u00eda G\u00f3mez<br \/>\nD\u00f1a. M\u00aa Rosario Reyes Villatoro<\/p>\n","protected":false},"excerpt":{"rendered":"<p>Direcci\u00f3n: D. Marco A. Maldonado Ferrete Vicedirecci\u00f3n: D. Jos\u00e9 M. Torrej\u00f3n Jap\u00f3n Secretar\u00eda: D\u00f1a. Mar\u00eda Mart\u00edn Humanes Jefatura de estudios: D\u00f1a. Ana M\u00aa Mart\u00edn Ruda D\u00f1a. M\u00aa del Mar Garc\u00eda G\u00f3mez D\u00f1a. M\u00aa Rosario Reyes Villatoro<\/p>\n","protected":false},"author":1,"featured_media":0,"parent":0,"menu_order":0,"comment_status":"open","ping_status":"open","template":"page-templates\/child-menu.php","meta":{"ngg_post_thumbnail":0,"footnotes":"","_mc_calendar":[]},"aioseo_notices":[],"_links":{"self":[{"href":"https:\/\/blogsaverroes.juntadeandalucia.es\/iessierrasur\/wp-json\/wp\/v2\/pages\/42"}],"collection":[{"href":"https:\/\/blogsaverroes.juntadeandalucia.es\/iessierrasur\/wp-json\/wp\/v2\/pages"}],"about":[{"href":"https:\/\/blogsaverroes.juntadeandalucia.es\/iessierrasur\/wp-json\/wp\/v2\/types\/page"}],"author":[{"embeddable":true,"href":"https:\/\/blogsaverroes.juntadeandalucia.es\/iessierrasur\/wp-json\/wp\/v2\/users\/1"}],"replies":[{"embeddable":true,"href":"https:\/\/blogsaverroes.juntadeandalucia.es\/iessierrasur\/wp-json\/wp\/v2\/comments?post=42"}],"version-history":[{"count":18,"href":"https:\/\/blogsaverroes.juntadeandalucia.es\/iessierrasur\/wp-json\/wp\/v2\/pages\/42\/revisions"}],"predecessor-version":[{"id":5579,"href":"https:\/\/blogsaverroes.juntadeandalucia.es\/iessierrasur\/wp-json\/wp\/v2\/pages\/42\/revisions\/5579"}],"wp:attachment":[{"href":"https:\/\/blogsaverroes.juntadeandalucia.es\/iessierrasur\/wp-json\/wp\/v2\/media?parent=42"}],"curies":[{"name":"wp","href":"https:\/\/api.w.org\/{rel}","templated":true}]}}