{"id":44,"date":"2015-03-13T08:42:15","date_gmt":"2015-03-13T08:42:15","guid":{"rendered":"http:\/\/blogsaverroes.juntadeandalucia.es\/pre\/ceip\/?page_id=44"},"modified":"2024-07-03T23:58:14","modified_gmt":"2024-07-03T22:58:14","slug":"planes-y-proyectos","status":"publish","type":"page","link":"https:\/\/blogsaverroes.juntadeandalucia.es\/iessierrasur\/planes-y-proyectos\/","title":{"rendered":"Planes y Programas"},"content":{"rendered":"<p><img loading=\"lazy\" decoding=\"async\" class=\"size-medium wp-image-1667 aligncenter\" src=\"http:\/\/blogsaverroes.juntadeandalucia.es\/iessierrasur\/files\/2015\/03\/planes-300x150.png\" alt=\"planes\" width=\"300\" height=\"150\" srcset=\"https:\/\/blogsaverroes.juntadeandalucia.es\/iessierrasur\/files\/2015\/03\/planes-300x150.png 300w, https:\/\/blogsaverroes.juntadeandalucia.es\/iessierrasur\/files\/2015\/03\/planes.png 640w\" sizes=\"(max-width: 300px) 100vw, 300px\" \/><\/p>\n<p>Cada centro personaliza y adapta su Proyecto Educativo adhiri\u00e9ndose a diferentes <strong>Planes y Programas<\/strong> promovidos desde la Consejer\u00eda de Educaci\u00f3n, Cultura y Deporte.<\/p>\n<p>Este apartado recoge los planes, proyectos y programas desarrollados por el centro:<\/p>\n<ul>\n<li style=\"list-style-type: none\">\n<ul>\n<li><strong>Transformaci\u00f3n Digital Educativa.<\/strong><\/li>\n<li><strong><a href=\"https:\/\/blogsaverroes.juntadeandalucia.es\/iessierrasur\/blog-bilingue\/\">Programa de centro biling\u00fce &#8211; Ingl\u00e9s<\/a>&nbsp;(Fomentar el uso de otros idiomas en el aula), curso 2008-09.<\/strong><\/li>\n<li><strong>Red Andaluza Escuela: \u00abEspacio de Paz\u00bb.<\/strong><\/li>\n<li><strong>Organizaci\u00f3n y funcionamiento de las Bibliotecas Escolares.<\/strong><\/li>\n<li><strong>Plan de Igualdad de g\u00e9nero en educaci\u00f3n.<\/strong><\/li>\n<li><strong>Plan de Salud Laboral y PRL (colaboraci\u00f3n entre todos para trabajar en un centro seguro y exento de riesgos).<\/strong><\/li>\n<li><strong>Prevenci\u00f3n de la Violencia de G\u00e9nero.<\/strong><\/li>\n<li><strong>Pr\u00e1cticum M\u00e1ster Secundaria.<\/strong><\/li>\n<li><strong>Aulas de Emprendimiento.<\/strong><\/li>\n<li><strong>Erasmus+(FP) &#8211; NEXT STOP EUROPE- Proyectos acreditados de movilidad de estudiantes y personal de Formaci\u00f3n Profesional (FP).<\/strong><\/li>\n<\/ul>\n<\/li>\n<\/ul>\n","protected":false},"excerpt":{"rendered":"<p>Cada centro personaliza y adapta su Proyecto Educativo adhiri\u00e9ndose a diferentes Planes y Programas promovidos desde la Consejer\u00eda de Educaci\u00f3n, Cultura y Deporte. Este apartado recoge los planes, proyectos y programas desarrollados por el centro: Transformaci\u00f3n Digital Educativa. Programa de centro biling\u00fce &#8211; Ingl\u00e9s&nbsp;(Fomentar el uso de otros idiomas en el aula), curso 2008-09. Red Andaluza Escuela: \u00abEspacio de Paz\u00bb. Organizaci\u00f3n y funcionamiento de las Bibliotecas Escolares. Plan de Igualdad de g\u00e9nero en educaci\u00f3n. Plan de Salud Laboral y PRL (colaboraci\u00f3n entre todos para trabajar en un centro seguro y exento de riesgos). Prevenci\u00f3n de la Violencia de G\u00e9nero. Pr\u00e1cticum&#46;&#46;&#46;<\/p>\n","protected":false},"author":1,"featured_media":0,"parent":0,"menu_order":0,"comment_status":"open","ping_status":"closed","template":"","meta":{"ngg_post_thumbnail":0,"footnotes":"","_mc_calendar":[]},"aioseo_notices":[],"_links":{"self":[{"href":"https:\/\/blogsaverroes.juntadeandalucia.es\/iessierrasur\/wp-json\/wp\/v2\/pages\/44"}],"collection":[{"href":"https:\/\/blogsaverroes.juntadeandalucia.es\/iessierrasur\/wp-json\/wp\/v2\/pages"}],"about":[{"href":"https:\/\/blogsaverroes.juntadeandalucia.es\/iessierrasur\/wp-json\/wp\/v2\/types\/page"}],"author":[{"embeddable":true,"href":"https:\/\/blogsaverroes.juntadeandalucia.es\/iessierrasur\/wp-json\/wp\/v2\/users\/1"}],"replies":[{"embeddable":true,"href":"https:\/\/blogsaverroes.juntadeandalucia.es\/iessierrasur\/wp-json\/wp\/v2\/comments?post=44"}],"version-history":[{"count":17,"href":"https:\/\/blogsaverroes.juntadeandalucia.es\/iessierrasur\/wp-json\/wp\/v2\/pages\/44\/revisions"}],"predecessor-version":[{"id":7503,"href":"https:\/\/blogsaverroes.juntadeandalucia.es\/iessierrasur\/wp-json\/wp\/v2\/pages\/44\/revisions\/7503"}],"wp:attachment":[{"href":"https:\/\/blogsaverroes.juntadeandalucia.es\/iessierrasur\/wp-json\/wp\/v2\/media?parent=44"}],"curies":[{"name":"wp","href":"https:\/\/api.w.org\/{rel}","templated":true}]}}