{"id":49,"date":"2015-03-13T08:47:05","date_gmt":"2015-03-13T08:47:05","guid":{"rendered":"http:\/\/blogsaverroes.juntadeandalucia.es\/pre\/ceip\/?page_id=49"},"modified":"2025-09-11T11:48:31","modified_gmt":"2025-09-11T10:48:31","slug":"proyecto-educativo","status":"publish","type":"page","link":"https:\/\/blogsaverroes.juntadeandalucia.es\/iessierrasur\/proyecto-educativo\/","title":{"rendered":"Oferta Educativa"},"content":{"rendered":"<p><img loading=\"lazy\" decoding=\"async\" class=\"aligncenter size-medium wp-image-1617\" src=\"http:\/\/blogsaverroes.juntadeandalucia.es\/iessierrasur\/files\/2015\/03\/educacion3-300x161.png\" alt=\"\" width=\"300\" height=\"161\" srcset=\"https:\/\/blogsaverroes.juntadeandalucia.es\/iessierrasur\/files\/2015\/03\/educacion3-300x161.png 300w, https:\/\/blogsaverroes.juntadeandalucia.es\/iessierrasur\/files\/2015\/03\/educacion3.png 640w\" sizes=\"(max-width: 300px) 100vw, 300px\" \/>Para el curso 2025 -26 las ense\u00f1anzas autorizadas son las siguientes:<\/p>\n<h3>ESO<\/h3>\n<ul>\n<li>2 grupos biling\u00fces de 1\u00ba ESO<\/li>\n<li>2 grupos biling\u00fces de 2\u00ba ESO<\/li>\n<li>3 grupos biling\u00fces de 3\u00ba ESO<\/li>\n<li>3 grupos biling\u00fces de 4\u00ba ESO<\/li>\n<\/ul>\n<h3>Bachilleratos:&nbsp;<\/h3>\n<ul>\n<li>1 grupo para 1\u00ba y 1 grupo para 2\u00ba de la modalidad de Ciencias y Tecnolog\u00eda<\/li>\n<li>1 grupo para 1\u00ba y 1 grupo para 2\u00ba de la modalidad de Humanidades y Ciencias Sociales.<\/li>\n<\/ul>\n<h3>Ciclos Formativos de Grado Medio:<\/h3>\n<ul>\n<li>1 grupo para 1\u00ba y otro grupo para 2\u00ba del ciclo \u201cElectromec\u00e1nica de veh\u00edculos autom\u00f3viles\u201d&nbsp;<\/li>\n<li>1 grupo para 1\u00ba &nbsp;y otro grupo para 2\u00ba del ciclo \u201cInstalaciones El\u00e9ctricas y Autom\u00e1tica\u00bb<\/li>\n<li>2 grupos para 1\u00ba &nbsp;y un grupo para 2\u00ba del ciclo \u00abCuidados Auxiliares de Enfermer\u00eda\u201d.<\/li>\n<li>2 grupos para 1\u00ba&nbsp;y dos grupos para 2\u00ba del ciclo \u201cEmergencias Sanitarias\u201d<\/li>\n<\/ul>\n<h3>Ciclos Formativos de Grado Superior:<\/h3>\n<ul>\n<li>1 grupo para 1\u00ba y otro grupo para 2\u00ba del ciclo \u201cAutomatizaci\u00f3n y Rob\u00f3tica Industrial\u201d.<\/li>\n<li>1 grupo para 1\u00ba y otro grupo para 2\u00ba del ciclo \u201cImagen para el Diagn\u00f3stico y Medicina Nuclear\u201d.<\/li>\n<\/ul>\n<h3>Formaci\u00f3n Profesional B\u00e1sica:<\/h3>\n<ul>\n<li>1 grupo para 1\u00ba y otro grupo para 2\u00ba de CFGB \u201cAyudante de Mantenimiento de Veh\u00edculos\u201d.<\/li>\n<\/ul>\n","protected":false},"excerpt":{"rendered":"<p>Para el curso 2025 -26 las ense\u00f1anzas autorizadas son las siguientes: ESO 2 grupos biling\u00fces de 1\u00ba ESO 2 grupos biling\u00fces de 2\u00ba ESO 3 grupos biling\u00fces de 3\u00ba ESO 3 grupos biling\u00fces de 4\u00ba ESO Bachilleratos:&nbsp; 1 grupo para 1\u00ba y 1 grupo para 2\u00ba de la modalidad de Ciencias y Tecnolog\u00eda 1 grupo para 1\u00ba y 1 grupo para 2\u00ba de la modalidad de Humanidades y Ciencias Sociales. Ciclos Formativos de Grado Medio: 1 grupo para 1\u00ba y otro grupo para 2\u00ba del ciclo \u201cElectromec\u00e1nica de veh\u00edculos autom\u00f3viles\u201d&nbsp; 1 grupo para 1\u00ba &nbsp;y otro grupo para 2\u00ba del&#46;&#46;&#46;<\/p>\n","protected":false},"author":1,"featured_media":0,"parent":0,"menu_order":0,"comment_status":"open","ping_status":"open","template":"","meta":{"ngg_post_thumbnail":0,"footnotes":"","_mc_calendar":[]},"aioseo_notices":[],"_links":{"self":[{"href":"https:\/\/blogsaverroes.juntadeandalucia.es\/iessierrasur\/wp-json\/wp\/v2\/pages\/49"}],"collection":[{"href":"https:\/\/blogsaverroes.juntadeandalucia.es\/iessierrasur\/wp-json\/wp\/v2\/pages"}],"about":[{"href":"https:\/\/blogsaverroes.juntadeandalucia.es\/iessierrasur\/wp-json\/wp\/v2\/types\/page"}],"author":[{"embeddable":true,"href":"https:\/\/blogsaverroes.juntadeandalucia.es\/iessierrasur\/wp-json\/wp\/v2\/users\/1"}],"replies":[{"embeddable":true,"href":"https:\/\/blogsaverroes.juntadeandalucia.es\/iessierrasur\/wp-json\/wp\/v2\/comments?post=49"}],"version-history":[{"count":38,"href":"https:\/\/blogsaverroes.juntadeandalucia.es\/iessierrasur\/wp-json\/wp\/v2\/pages\/49\/revisions"}],"predecessor-version":[{"id":7673,"href":"https:\/\/blogsaverroes.juntadeandalucia.es\/iessierrasur\/wp-json\/wp\/v2\/pages\/49\/revisions\/7673"}],"wp:attachment":[{"href":"https:\/\/blogsaverroes.juntadeandalucia.es\/iessierrasur\/wp-json\/wp\/v2\/media?parent=49"}],"curies":[{"name":"wp","href":"https:\/\/api.w.org\/{rel}","templated":true}]}}