{"id":4903,"date":"2020-06-23T17:32:58","date_gmt":"2020-06-23T16:32:58","guid":{"rendered":"https:\/\/blogsaverroes.juntadeandalucia.es\/iessierrasur\/?page_id=4903"},"modified":"2020-08-01T17:56:23","modified_gmt":"2020-08-01T16:56:23","slug":"matriculacion-2020-21","status":"publish","type":"page","link":"https:\/\/blogsaverroes.juntadeandalucia.es\/iessierrasur\/matriculacion-2020-21\/","title":{"rendered":"MATRICULACI\u00d3N 2020\/21"},"content":{"rendered":"<p>Informamos de los procedimientos y calendario de matriculaci\u00f3n para el curso pr\u00f3ximo seg\u00fan las diferentes etapas:<\/p>\n<p><strong>ESO<\/strong><\/p>\n<ul>\n<li>Periodo de matriculaci\u00f3n: Del 1 al 10 de julio.&nbsp; <strong>FINALIZADO<\/strong><\/li>\n<li>Procedimiento a seguir:&nbsp;<a href=\"https:\/\/drive.google.com\/file\/d\/1nKYZlq7uH2qV9kfdFSorjLOKRoYj1zR2\/view?usp=sharing\">https:\/\/drive.google.com\/file\/d\/1nKYZlq7uH2qV9kfdFSorjLOKRoYj1zR2\/view?usp=sharing<\/a><\/li>\n<li>El pago del seguro escolar ( a partir de 3\u00ba ESO) se realiza a trav\u00e9s de la Secretaria Virtual pinchando en el men\u00fa \u00abPago Seguro Escolar\u00bb de la p\u00e1gina inicio.<\/li>\n<\/ul>\n<p><strong>BACHILLERATO<\/strong><\/p>\n<ul>\n<li>Periodo de matriculaci\u00f3n: Del 1 al 10 de julio. <strong>FINALIZADO<\/strong><\/li>\n<li>Procedimiento a seguir: Proceso similar al de la etapa de ESO ( ver procedimiento anterior) : <a href=\"https:\/\/drive.google.com\/file\/d\/1nKYZlq7uH2qV9kfdFSorjLOKRoYj1zR2\/view?usp=sharing\">https:\/\/drive.google.com\/file\/d\/1nKYZlq7uH2qV9kfdFSorjLOKRoYj1zR2\/view?usp=sharing<\/a><\/li>\n<li>El pago del seguro escolar se realiza a trav\u00e9s de la Secretaria Virtual pinchando en el men\u00fa \u00abPago Seguro Escolar\u00bb de la p\u00e1gina inicio.<\/li>\n<\/ul>\n<p><strong>CICLOS FORMATIVOS<\/strong>&nbsp;<\/p>\n<ul style=\"list-style-type: square\">\n<li>Periodo de solicitud (solo para <strong>alumnado de nueva incorporaci\u00f3n a 1\u00ba<\/strong>): Del 15 al 30 de junio. <strong>FINALIZADO<\/strong><\/li>\n<li>Periodo y procedimiento de matriculaci\u00f3n:\n<ul style=\"list-style-type: square\">\n<li>Para <strong>alumnado del centro<\/strong>: Del 25 al 30 de junio. <strong>FINALIZADO<\/strong>\n<p style=\"font-weight: 400\">En espera de nuevas instrucciones al respecto, la matricula se realizar\u00e1 a trav\u00e9s de un *tr\u00e1mite especial* a en la p\u00e1gina de la Secretar\u00eda Virtual de la Junta de Andaluc\u00eda que terminar\u00e1 en el Registro Electr\u00f3nico del Centro.&nbsp;<\/p>\n<\/li>\n<li>Para nuevo alumnado-1\u00aa Adjudicaci\u00f3n: Del 15 al 20 de julio. <strong>FINALIZADO<\/strong> Sobre de matr\u00edcula en secretar\u00eda virtual:<\/li>\n<li>&nbsp;<strong>Ver calendario de siguientes adjudicaciones<\/strong> <a href=\"https:\/\/www.juntadeandalucia.es\/educacion\/portals\/web\/formacion-profesional-andaluza\/escolarizacion\/oferta-completa\/grado-medio-superior\/calendario\">https:\/\/www.juntadeandalucia.es\/educacion\/portals\/web\/formacion-profesional-andaluza\/escolarizacion\/oferta-completa\/grado-medio-superior\/calendario<\/a><\/li>\n<\/ul>\n<\/li>\n<\/ul>\n<p><strong>F.P.B. (FORMACI\u00d3N PROFESIONAL B\u00c1SICA)<\/strong><\/p>\n<ul>\n<li>Procedimiento a seguir: Cumplimentaci\u00f3n a trav\u00e9s de Secretar\u00eda Virtual de la Junta de Andaluc\u00eda. Ver calendario de adjudicaciones en&nbsp;<a href=\"https:\/\/www.juntadeandalucia.es\/educacion\/portals\/web\/formacion-profesional-andaluza\/escolarizacion\/oferta-completa\/fp-basica\/calendario\">https:\/\/www.juntadeandalucia.es\/educacion\/portals\/web\/formacion-profesional-andaluza\/escolarizacion\/oferta-completa\/fp-basica\/calendario<\/a><\/li>\n<\/ul>\n<p>NOTA: <strong>Para el acceso a la secretar\u00eda virtual ser\u00e1 necesario el certificado digital o la clave iANDE.<\/strong> En el caso de no tener la clave iANDE en el apartado de comunicaciones de su sesi\u00f3n de iPasen, puede solicitarlo en el siguiente enlace:<\/p>\n<p><a href=\"https:\/\/www.juntadeandalucia.es\/educacion\/secretariavirtual\/autenticacion\/registroUsuarioIANDE\/\">https:\/\/www.juntadeandalucia.es\/educacion\/secretariavirtual\/autenticacion\/registroUsuarioIANDE\/<\/a><\/p>\n<p>Para mayor informaci\u00f3n de todo el proceso de escolarizaci\u00f3n en todas sus etapas, visitar la web de la Junta de Andaluc\u00eda:&nbsp;<\/p>\n<p><a href=\"https:\/\/www.juntadeandalucia.es\/educacion\/secretariavirtual\/consultas\/\">https:\/\/www.juntadeandalucia.es\/educacion\/secretariavirtual\/consultas\/<\/a><\/p>\n<p style=\"text-align: center\"><strong>TEL\u00c9FONO DE CITA PREVIA SECRETAR\u00cdA CENTRO: 671594718<\/strong><\/p>\n","protected":false},"excerpt":{"rendered":"<p>Informamos de los procedimientos y calendario de matriculaci\u00f3n para el curso pr\u00f3ximo seg\u00fan las diferentes etapas: ESO Periodo de matriculaci\u00f3n: Del 1 al 10 de julio.&nbsp; FINALIZADO Procedimiento a seguir:&nbsp;https:\/\/drive.google.com\/file\/d\/1nKYZlq7uH2qV9kfdFSorjLOKRoYj1zR2\/view?usp=sharing El pago del seguro escolar ( a partir de 3\u00ba ESO) se realiza a trav\u00e9s de la Secretaria Virtual pinchando en el men\u00fa \u00abPago Seguro Escolar\u00bb de la p\u00e1gina inicio. BACHILLERATO Periodo de matriculaci\u00f3n: Del 1 al 10 de julio. FINALIZADO Procedimiento a seguir: Proceso similar al de la etapa de ESO ( ver procedimiento anterior) : https:\/\/drive.google.com\/file\/d\/1nKYZlq7uH2qV9kfdFSorjLOKRoYj1zR2\/view?usp=sharing El pago del seguro escolar se realiza a trav\u00e9s de la Secretaria&#46;&#46;&#46;<\/p>\n","protected":false},"author":4835,"featured_media":0,"parent":0,"menu_order":0,"comment_status":"closed","ping_status":"closed","template":"","meta":{"ngg_post_thumbnail":0,"footnotes":"","_mc_calendar":[]},"aioseo_notices":[],"_links":{"self":[{"href":"https:\/\/blogsaverroes.juntadeandalucia.es\/iessierrasur\/wp-json\/wp\/v2\/pages\/4903"}],"collection":[{"href":"https:\/\/blogsaverroes.juntadeandalucia.es\/iessierrasur\/wp-json\/wp\/v2\/pages"}],"about":[{"href":"https:\/\/blogsaverroes.juntadeandalucia.es\/iessierrasur\/wp-json\/wp\/v2\/types\/page"}],"author":[{"embeddable":true,"href":"https:\/\/blogsaverroes.juntadeandalucia.es\/iessierrasur\/wp-json\/wp\/v2\/users\/4835"}],"replies":[{"embeddable":true,"href":"https:\/\/blogsaverroes.juntadeandalucia.es\/iessierrasur\/wp-json\/wp\/v2\/comments?post=4903"}],"version-history":[{"count":10,"href":"https:\/\/blogsaverroes.juntadeandalucia.es\/iessierrasur\/wp-json\/wp\/v2\/pages\/4903\/revisions"}],"predecessor-version":[{"id":5004,"href":"https:\/\/blogsaverroes.juntadeandalucia.es\/iessierrasur\/wp-json\/wp\/v2\/pages\/4903\/revisions\/5004"}],"wp:attachment":[{"href":"https:\/\/blogsaverroes.juntadeandalucia.es\/iessierrasur\/wp-json\/wp\/v2\/media?parent=4903"}],"curies":[{"name":"wp","href":"https:\/\/api.w.org\/{rel}","templated":true}]}}