{"id":5042,"date":"2020-08-11T09:39:17","date_gmt":"2020-08-11T08:39:17","guid":{"rendered":"https:\/\/blogsaverroes.juntadeandalucia.es\/iessierrasur\/?page_id=5042"},"modified":"2025-09-11T11:56:00","modified_gmt":"2025-09-11T10:56:00","slug":"jefes-de-departamento","status":"publish","type":"page","link":"https:\/\/blogsaverroes.juntadeandalucia.es\/iessierrasur\/jefes-de-departamento\/","title":{"rendered":"Jefes\/as de departamento"},"content":{"rendered":"<table style=\"width: 68.7266%;height: 672px\" width=\"424\">\n<tbody>\n<tr style=\"height: 24px\">\n<td style=\"height: 24px;width: 52.8211%\" width=\"232\"><em><strong>Profesor\/a<\/strong><\/em><\/td>\n<td style=\"height: 24px;width: 113.78%\" width=\"192\"><em><strong>Departamento<\/strong><\/em><\/td>\n<\/tr>\n<tr style=\"height: 24px\">\n<td style=\"font-weight: 400;height: 24px;width: 52.8211%\" width=\"232\">Mart\u00ednez Fern\u00e1ndez, Bienvenido<\/td>\n<td style=\"font-weight: 400;height: 24px;width: 113.78%\" width=\"192\" data-sheets-value=\"{&quot;1&quot;:2,&quot;2&quot;:&quot;AUT&quot;}\">AUTOMOC\u00cdON<\/td>\n<\/tr>\n<tr style=\"height: 48px\">\n<td style=\"font-weight: 400;height: 48px;width: 52.8211%\" width=\"232\" data-sheets-value=\"{&quot;1&quot;:2,&quot;2&quot;:&quot;Morales Cabezas, Ana&quot;}\">Buz\u00f3n Andrade, Francisco Javier<\/td>\n<td style=\"font-weight: 400;height: 48px;width: 113.78%\" width=\"192\" data-sheets-value=\"{&quot;1&quot;:2,&quot;2&quot;:&quot;BG&quot;}\">TECNOLOG\u00cdA- INFORM\u00c1TICA<\/td>\n<\/tr>\n<tr style=\"height: 48px\">\n<td style=\"font-weight: 400;height: 48px;width: 52.8211%\" width=\"232\" data-sheets-value=\"{&quot;1&quot;:2,&quot;2&quot;:&quot;Sanju\u00e1n Fern\u00e1ndez, Jos\u00e9 Javier&quot;}\">Mart\u00edn V\u00e1zquez, Antonio<\/td>\n<td style=\"font-weight: 400;height: 48px;width: 113.78%\" width=\"192\" data-sheets-value=\"{&quot;1&quot;:2,&quot;2&quot;:&quot;DIB&quot;}\">ED. PLAST\u00cdCA Y VISUAL<\/td>\n<\/tr>\n<tr style=\"height: 24px\">\n<td style=\"font-weight: 400;height: 24px;width: 52.8211%\" width=\"232\" data-sheets-value=\"{&quot;1&quot;:2,&quot;2&quot;:&quot;Villalba Garc\u00eda, Alicia&quot;}\">S\u00e1nchez Villalobos, Paloma<\/td>\n<td style=\"font-weight: 400;height: 24px;width: 113.78%\" width=\"192\" data-sheets-value=\"{&quot;1&quot;:2,&quot;2&quot;:&quot;EF&quot;}\">ED. F\u00cdSICA<\/td>\n<\/tr>\n<tr style=\"height: 24px\">\n<td style=\"font-weight: 400;height: 24px;width: 52.8211%\" width=\"232\" data-sheets-value=\"{&quot;1&quot;:2,&quot;2&quot;:&quot;Menacho Rodr\u00edguez, Antonio&quot;}\">Tienda Rodr\u00edguez, Juan Carlos<\/td>\n<td style=\"font-weight: 400;height: 24px;width: 113.78%\" width=\"192\" data-sheets-value=\"{&quot;1&quot;:2,&quot;2&quot;:&quot;ELE&quot;}\">ELECTRICIDAD<\/td>\n<\/tr>\n<tr style=\"height: 48px\">\n<td style=\"font-weight: 400;height: 48px;width: 52.8211%\" width=\"232\" data-sheets-value=\"{&quot;1&quot;:2,&quot;2&quot;:&quot;Angulo Pach\u00f3n, Mar\u00eda Reyes&quot;}\">Angulo Pach\u00f3n, Mar\u00eda Reyes<\/td>\n<td style=\"font-weight: 400;height: 48px;width: 113.78%\" width=\"192\" data-sheets-value=\"{&quot;1&quot;:2,&quot;2&quot;:&quot;FIL-CCL&quot;}\">FILOSOF\u00cdA- CULTURA CL\u00c1SICA<\/td>\n<\/tr>\n<tr style=\"height: 48px\">\n<td style=\"font-weight: 400;height: 48px;width: 52.8211%\" width=\"232\" data-sheets-value=\"{&quot;1&quot;:2,&quot;2&quot;:&quot;Macho Montes, Mar\u00eda Mercedes&quot;}\">Macho Montes, Mar\u00eda Mercedes<\/td>\n<td style=\"font-weight: 400;height: 48px;width: 113.78%\" width=\"192\" data-sheets-value=\"{&quot;1&quot;:2,&quot;2&quot;:&quot;FOL&quot;}\">FOL<\/td>\n<\/tr>\n<tr style=\"height: 72px\">\n<td style=\"font-weight: 400;height: 72px;width: 52.8211%\" width=\"232\" data-sheets-value=\"{&quot;1&quot;:2,&quot;2&quot;:&quot;Mart\u00edn Humanez, Servando&quot;}\">Mart\u00edn Humanez, Servando<\/td>\n<td style=\"font-weight: 400;height: 72px;width: 113.78%\" width=\"192\" data-sheets-value=\"{&quot;1&quot;:2,&quot;2&quot;:&quot;FQ&quot;}\">F\u00cdSICA Y QU\u00cdMICA- BIOLOG\u00cdA Y GEOLOG\u00cdA<\/td>\n<\/tr>\n<tr style=\"height: 24px\">\n<td style=\"font-weight: 400;height: 24px;width: 52.8211%\" width=\"232\" data-sheets-value=\"{&quot;1&quot;:2,&quot;2&quot;:&quot;Mart\u00edn Santillana, Manuel&quot;}\">Mart\u00edn Santillana, Manuel<\/td>\n<td style=\"font-weight: 400;height: 24px;width: 113.78%\" width=\"192\" data-sheets-value=\"{&quot;1&quot;:2,&quot;2&quot;:&quot;FR&quot;}\">FRANC\u00c9S &#8211; INGL\u00c9S<\/td>\n<\/tr>\n<tr style=\"height: 48px\">\n<td style=\"font-weight: 400;height: 48px;width: 52.8211%\" width=\"232\" data-sheets-value=\"{&quot;1&quot;:2,&quot;2&quot;:&quot;Cepedello Pineda, Adela&quot;}\">Cepedello Pineda, Adela<\/td>\n<td style=\"font-weight: 400;height: 48px;width: 113.78%\" width=\"192\" data-sheets-value=\"{&quot;1&quot;:2,&quot;2&quot;:&quot;GEH&quot;}\">GEOGRAF\u00cdA E HISTORIA<\/td>\n<\/tr>\n<tr style=\"height: 48px\">\n<td style=\"font-weight: 400;height: 48px;width: 52.8211%\" width=\"232\" data-sheets-value=\"{&quot;1&quot;:2,&quot;2&quot;:&quot;S\u00e1nchez de Mora Cortes, Juan de Dios&quot;}\">D\u00edaz Cort\u00e9s, M\u00aa Dolores<\/td>\n<td style=\"font-weight: 400;height: 48px;width: 113.78%\" width=\"192\" data-sheets-value=\"{&quot;1&quot;:2,&quot;2&quot;:&quot;GEH&quot;}\">FEIE<\/td>\n<\/tr>\n<tr style=\"height: 48px\">\n<td style=\"font-weight: 400;height: 48px;width: 52.8211%\" width=\"232\" data-sheets-value=\"{&quot;1&quot;:2,&quot;2&quot;:&quot;L\u00f3pez Guerrero, Francisco Jos\u00e9&quot;}\">L\u00f3pez Guerrero, Francisco Jos\u00e9<\/td>\n<td style=\"font-weight: 400;height: 48px;width: 113.78%\" width=\"192\" data-sheets-value=\"{&quot;1&quot;:2,&quot;2&quot;:&quot;LEN&quot;}\">LENGUA CASTELLANA Y LITERATURA<\/td>\n<\/tr>\n<tr style=\"height: 24px\">\n<td style=\"font-weight: 400;height: 24px;width: 52.8211%\" width=\"232\" data-sheets-value=\"{&quot;1&quot;:2,&quot;2&quot;:&quot;Romero Arias, Carmen&quot;}\">Romero Arias, M\u00aa Carmen<\/td>\n<td style=\"font-weight: 400;height: 24px;width: 113.78%\" width=\"192\" data-sheets-value=\"{&quot;1&quot;:2,&quot;2&quot;:&quot;LEN&quot;}\">ACTIVIDADES CC.Y EE.<\/td>\n<\/tr>\n<tr style=\"height: 48px\">\n<td style=\"font-weight: 400;height: 48px;width: 52.8211%\" width=\"232\" data-sheets-value=\"{&quot;1&quot;:2,&quot;2&quot;:&quot;Pizarro S\u00e1nchez, Almudena&quot;}\">Pizarro S\u00e1nchez, Almudena<\/td>\n<td style=\"font-weight: 400;height: 48px;width: 113.78%\" width=\"192\" data-sheets-value=\"{&quot;1&quot;:2,&quot;2&quot;:&quot;MAT&quot;}\">MATEM\u00c1TICAS &#8211; ECONOM\u00cdA<\/td>\n<\/tr>\n<tr style=\"height: 24px\">\n<td style=\"font-weight: 400;height: 24px;width: 52.8211%\" width=\"232\" data-sheets-value=\"{&quot;1&quot;:2,&quot;2&quot;:&quot;Ruiz Vargas, Miguel \u00c1ngel&quot;}\">Garc\u00eda Carmona, M\u00aa Reyes<\/td>\n<td style=\"font-weight: 400;height: 24px;width: 113.78%\" width=\"192\" data-sheets-value=\"{&quot;1&quot;:2,&quot;2&quot;:&quot;ORI&quot;}\">ORIENTACI\u00d3N<\/td>\n<\/tr>\n<tr style=\"height: 24px\">\n<td style=\"font-weight: 400;height: 24px;width: 52.8211%\" width=\"232\" data-sheets-value=\"{&quot;1&quot;:2,&quot;2&quot;:&quot;D\u00edaz Cort\u00e9s, M\u00aa Dolores&quot;}\">P\u00e1ez Luque, Roc\u00edo<\/td>\n<td style=\"font-weight: 400;height: 24px;width: 113.78%\" width=\"192\" data-sheets-value=\"{&quot;1&quot;:2,&quot;2&quot;:&quot;SAN&quot;}\">SANITARIA<\/td>\n<\/tr>\n<tr style=\"height: 24px\">\n<td style=\"font-weight: 400;height: 24px;width: 52.8211%\" width=\"232\" data-sheets-value=\"{&quot;1&quot;:2,&quot;2&quot;:&quot;D\u00edaz Cort\u00e9s, M\u00aa Dolores&quot;}\">CURSO<\/td>\n<td style=\"font-weight: 400;height: 24px;width: 113.78%\" width=\"192\" data-sheets-value=\"{&quot;1&quot;:2,&quot;2&quot;:&quot;SAN&quot;}\">2025-26<\/td>\n<\/tr>\n<\/tbody>\n<\/table>\n","protected":false},"excerpt":{"rendered":"<p>Profesor\/a Departamento Mart\u00ednez Fern\u00e1ndez, Bienvenido AUTOMOC\u00cdON Buz\u00f3n Andrade, Francisco Javier TECNOLOG\u00cdA- INFORM\u00c1TICA Mart\u00edn V\u00e1zquez, Antonio ED. PLAST\u00cdCA Y VISUAL S\u00e1nchez Villalobos, Paloma ED. F\u00cdSICA Tienda Rodr\u00edguez, Juan Carlos ELECTRICIDAD Angulo Pach\u00f3n, Mar\u00eda Reyes FILOSOF\u00cdA- CULTURA CL\u00c1SICA Macho Montes, Mar\u00eda Mercedes FOL Mart\u00edn Humanez, Servando F\u00cdSICA Y QU\u00cdMICA- BIOLOG\u00cdA Y GEOLOG\u00cdA Mart\u00edn Santillana, Manuel FRANC\u00c9S &#8211; INGL\u00c9S Cepedello Pineda, Adela GEOGRAF\u00cdA E HISTORIA D\u00edaz Cort\u00e9s, M\u00aa Dolores FEIE L\u00f3pez Guerrero, Francisco Jos\u00e9 LENGUA CASTELLANA Y LITERATURA Romero Arias, M\u00aa Carmen ACTIVIDADES CC.Y EE. Pizarro S\u00e1nchez, Almudena MATEM\u00c1TICAS &#8211; ECONOM\u00cdA Garc\u00eda Carmona, M\u00aa Reyes ORIENTACI\u00d3N P\u00e1ez Luque, Roc\u00edo SANITARIA CURSO 2025-26<\/p>\n","protected":false},"author":4835,"featured_media":0,"parent":0,"menu_order":0,"comment_status":"closed","ping_status":"closed","template":"","meta":{"ngg_post_thumbnail":0,"footnotes":"","_mc_calendar":[]},"aioseo_notices":[],"_links":{"self":[{"href":"https:\/\/blogsaverroes.juntadeandalucia.es\/iessierrasur\/wp-json\/wp\/v2\/pages\/5042"}],"collection":[{"href":"https:\/\/blogsaverroes.juntadeandalucia.es\/iessierrasur\/wp-json\/wp\/v2\/pages"}],"about":[{"href":"https:\/\/blogsaverroes.juntadeandalucia.es\/iessierrasur\/wp-json\/wp\/v2\/types\/page"}],"author":[{"embeddable":true,"href":"https:\/\/blogsaverroes.juntadeandalucia.es\/iessierrasur\/wp-json\/wp\/v2\/users\/4835"}],"replies":[{"embeddable":true,"href":"https:\/\/blogsaverroes.juntadeandalucia.es\/iessierrasur\/wp-json\/wp\/v2\/comments?post=5042"}],"version-history":[{"count":9,"href":"https:\/\/blogsaverroes.juntadeandalucia.es\/iessierrasur\/wp-json\/wp\/v2\/pages\/5042\/revisions"}],"predecessor-version":[{"id":7676,"href":"https:\/\/blogsaverroes.juntadeandalucia.es\/iessierrasur\/wp-json\/wp\/v2\/pages\/5042\/revisions\/7676"}],"wp:attachment":[{"href":"https:\/\/blogsaverroes.juntadeandalucia.es\/iessierrasur\/wp-json\/wp\/v2\/media?parent=5042"}],"curies":[{"name":"wp","href":"https:\/\/api.w.org\/{rel}","templated":true}]}}