{"id":77,"date":"2015-03-16T06:54:56","date_gmt":"2015-03-16T06:54:56","guid":{"rendered":"http:\/\/blogsaverroes.juntadeandalucia.es\/pre\/ceip\/?page_id=77"},"modified":"2018-07-09T23:32:00","modified_gmt":"2018-07-09T22:32:00","slug":"secretaria","status":"publish","type":"page","link":"https:\/\/blogsaverroes.juntadeandalucia.es\/iessierrasur\/secretaria\/","title":{"rendered":"Secretar\u00eda"},"content":{"rendered":"<table class=\" aligncenter\" style=\"width: auto;background-color: #ffffff\">\n<tbody>\n<tr>\n<td><a href=\"http:\/\/blogsaverroes.juntadeandalucia.es\/iessierrasur\/category\/secretaria\/noticias-secretaria\/\"><img loading=\"lazy\" decoding=\"async\" class=\"aligncenter wp-image-1675\" src=\"http:\/\/blogsaverroes.juntadeandalucia.es\/iessierrasur\/files\/2015\/03\/horario2-300x211.jpg\" alt=\"\" width=\"267\" height=\"188\" srcset=\"https:\/\/blogsaverroes.juntadeandalucia.es\/iessierrasur\/files\/2015\/03\/horario2-300x211.jpg 300w, https:\/\/blogsaverroes.juntadeandalucia.es\/iessierrasur\/files\/2015\/03\/horario2.jpg 640w\" sizes=\"(max-width: 267px) 100vw, 267px\" \/><\/a><\/td>\n<td style=\"background-color: white;border-color: white\">&nbsp;<\/td>\n<td><a href=\"http:\/\/blogsaverroes.juntadeandalucia.es\/iessierrasur\/category\/secretaria\/recursos-secretaria\/\"><img loading=\"lazy\" decoding=\"async\" class=\"size-medium wp-image-2655 aligncenter\" style=\"margin: 0;padding: 0\" src=\"http:\/\/blogsaverroes.juntadeandalucia.es\/iessierrasur\/files\/2017\/01\/recursos-300x169.png\" alt=\"Recursos did\u00e1cticos\" width=\"300\" height=\"169\" srcset=\"https:\/\/blogsaverroes.juntadeandalucia.es\/iessierrasur\/files\/2017\/01\/recursos-300x169.png 300w, https:\/\/blogsaverroes.juntadeandalucia.es\/iessierrasur\/files\/2017\/01\/recursos-24x14.png 24w, https:\/\/blogsaverroes.juntadeandalucia.es\/iessierrasur\/files\/2017\/01\/recursos-36x20.png 36w, https:\/\/blogsaverroes.juntadeandalucia.es\/iessierrasur\/files\/2017\/01\/recursos-48x27.png 48w, https:\/\/blogsaverroes.juntadeandalucia.es\/iessierrasur\/files\/2017\/01\/recursos.png 593w\" sizes=\"(max-width: 300px) 100vw, 300px\" \/><\/a><\/td>\n<\/tr>\n<tr>\n<td style=\"text-align: center;padding: 0px\"><a href=\"https:\/\/blogsaverroes.juntadeandalucia.es\/iessierrasur\/category\/secretaria\/noticias-secretaria\/\">Noticias<\/a><\/td>\n<td style=\"background-color: white;border-color: white\">&nbsp;<\/td>\n<td style=\"text-align: center;padding: 0px\"><a href=\"https:\/\/blogsaverroes.juntadeandalucia.es\/iessierrasur\/category\/secretaria\/recursos-secretaria\/\">Recursos<\/a><\/td>\n<\/tr>\n<\/tbody>\n<\/table>\n<p>La <strong>Secretar\u00eda<\/strong> desarrolla muchas funciones importantes en la vida de un centro, especialmente en la relaci\u00f3n que mantiene con las familias en los diferentes tr\u00e1mites administrativos a lo largo de la escolarizaci\u00f3n: admisi\u00f3n, matr\u00edcula, comedor escolar, becas, etc.<\/p>\n<p>Es por esto que la Web, como puerta de entrada y canal de informaci\u00f3n a la comunidad educativa, deber\u00eda informar sobre el horario de la secretar\u00eda, tr\u00e1mites a realizar, plazos, documentaci\u00f3n, etc., con el objetivo de conseguir una mayor <strong>transparencia, agilidad y eficiencia<\/strong><\/p>\n<h3>Horario<\/h3>\n<p>El <strong>horario de atenci\u00f3n al p\u00fablico es de 09:00 a 11:00<\/strong> horas de lunes a viernes.<\/p>\n<p>El tel\u00e9fono del centro es el <strong>954 82 28 56<\/strong>, y el tel\u00e9fono corporativo el <strong>38 88 56<\/strong>.<\/p>\n<p>Los <strong>certificados<\/strong> deber\u00e1n solicitarse con al menos 24 horas de antelaci\u00f3n.<\/p>\n","protected":false},"excerpt":{"rendered":"<p>&nbsp; Noticias &nbsp; Recursos La Secretar\u00eda desarrolla muchas funciones importantes en la vida de un centro, especialmente en la relaci\u00f3n que mantiene con las familias en los diferentes tr\u00e1mites administrativos a lo largo de la escolarizaci\u00f3n: admisi\u00f3n, matr\u00edcula, comedor escolar, becas, etc. Es por esto que la Web, como puerta de entrada y canal de informaci\u00f3n a la comunidad educativa, deber\u00eda informar sobre el horario de la secretar\u00eda, tr\u00e1mites a realizar, plazos, documentaci\u00f3n, etc., con el objetivo de conseguir una mayor transparencia, agilidad y eficiencia Horario El horario de atenci\u00f3n al p\u00fablico es de 09:00 a 11:00 horas de lunes&#46;&#46;&#46;<\/p>\n","protected":false},"author":1,"featured_media":0,"parent":0,"menu_order":0,"comment_status":"open","ping_status":"open","template":"","meta":{"ngg_post_thumbnail":0,"footnotes":"","_mc_calendar":[]},"aioseo_notices":[],"_links":{"self":[{"href":"https:\/\/blogsaverroes.juntadeandalucia.es\/iessierrasur\/wp-json\/wp\/v2\/pages\/77"}],"collection":[{"href":"https:\/\/blogsaverroes.juntadeandalucia.es\/iessierrasur\/wp-json\/wp\/v2\/pages"}],"about":[{"href":"https:\/\/blogsaverroes.juntadeandalucia.es\/iessierrasur\/wp-json\/wp\/v2\/types\/page"}],"author":[{"embeddable":true,"href":"https:\/\/blogsaverroes.juntadeandalucia.es\/iessierrasur\/wp-json\/wp\/v2\/users\/1"}],"replies":[{"embeddable":true,"href":"https:\/\/blogsaverroes.juntadeandalucia.es\/iessierrasur\/wp-json\/wp\/v2\/comments?post=77"}],"version-history":[{"count":10,"href":"https:\/\/blogsaverroes.juntadeandalucia.es\/iessierrasur\/wp-json\/wp\/v2\/pages\/77\/revisions"}],"predecessor-version":[{"id":3487,"href":"https:\/\/blogsaverroes.juntadeandalucia.es\/iessierrasur\/wp-json\/wp\/v2\/pages\/77\/revisions\/3487"}],"wp:attachment":[{"href":"https:\/\/blogsaverroes.juntadeandalucia.es\/iessierrasur\/wp-json\/wp\/v2\/media?parent=77"}],"curies":[{"name":"wp","href":"https:\/\/api.w.org\/{rel}","templated":true}]}}