{"id":82,"date":"2015-03-16T06:59:55","date_gmt":"2015-03-16T06:59:55","guid":{"rendered":"http:\/\/blogsaverroes.juntadeandalucia.es\/pre\/ceip\/?page_id=82"},"modified":"2018-08-01T23:46:53","modified_gmt":"2018-08-01T22:46:53","slug":"horarios","status":"publish","type":"page","link":"https:\/\/blogsaverroes.juntadeandalucia.es\/iessierrasur\/horarios\/","title":{"rendered":"Horarios"},"content":{"rendered":"<p><img loading=\"lazy\" decoding=\"async\" class=\"alignnone size-medium wp-image-1675 aligncenter\" src=\"http:\/\/blogsaverroes.juntadeandalucia.es\/iessierrasur\/files\/2015\/03\/horario2-300x211.jpg\" alt=\"horario2\" width=\"300\" height=\"211\" srcset=\"https:\/\/blogsaverroes.juntadeandalucia.es\/iessierrasur\/files\/2015\/03\/horario2-300x211.jpg 300w, https:\/\/blogsaverroes.juntadeandalucia.es\/iessierrasur\/files\/2015\/03\/horario2.jpg 640w\" sizes=\"(max-width: 300px) 100vw, 300px\" \/><\/p>\n<p>El horario de clases en los d\u00edas lectivos marcados por el calendario escolar provincial es de 30 horas semanales desde las 8:15 horas a 14:45 horas, incluyendo un descanso entre las 11:15 h. &#8211; 11:45 h.<\/p>\n<p>El alumnado del curso de preparaci\u00f3n de acceso a grado medio, a diferencia del resto de ense\u00f1anzas, asiste un total de 20 horas semanales en horario de 8:15 h. a 12:45 h.<\/p>\n<p>El centro permanece abierto los lunes en horario de tarde de 16:30 h. a 18:30 h. para atender a las familias (pedir cita previa)<\/p>\n<p>Nota importante:<\/p>\n<ul>\n<li>El alumnado menor de edad \u00fanicamente podr\u00e1 salir del centro en la compa\u00f1\u00eda de su tutor legal.<\/li>\n<li>El alumnado mayor de edad estar\u00e1 sujeto a las normas internas relativas a la entrada y salida del centro que se dan a conocer los primeros d\u00edas de clases y que se encuentran expuestas en diferentes puntos de nuestros edificios.<\/li>\n<\/ul>\n","protected":false},"excerpt":{"rendered":"<p>El horario de clases en los d\u00edas lectivos marcados por el calendario escolar provincial es de 30 horas semanales desde las 8:15 horas a 14:45 horas, incluyendo un descanso entre las 11:15 h. &#8211; 11:45 h. El alumnado del curso de preparaci\u00f3n de acceso a grado medio, a diferencia del resto de ense\u00f1anzas, asiste un total de 20 horas semanales en horario de 8:15 h. a 12:45 h. El centro permanece abierto los lunes en horario de tarde de 16:30 h. a 18:30 h. para atender a las familias (pedir cita previa) Nota importante: El alumnado menor de edad \u00fanicamente&#46;&#46;&#46;<\/p>\n","protected":false},"author":1,"featured_media":0,"parent":0,"menu_order":0,"comment_status":"open","ping_status":"open","template":"page-templates\/child-menu.php","meta":{"ngg_post_thumbnail":0,"footnotes":"","_mc_calendar":[]},"aioseo_notices":[],"_links":{"self":[{"href":"https:\/\/blogsaverroes.juntadeandalucia.es\/iessierrasur\/wp-json\/wp\/v2\/pages\/82"}],"collection":[{"href":"https:\/\/blogsaverroes.juntadeandalucia.es\/iessierrasur\/wp-json\/wp\/v2\/pages"}],"about":[{"href":"https:\/\/blogsaverroes.juntadeandalucia.es\/iessierrasur\/wp-json\/wp\/v2\/types\/page"}],"author":[{"embeddable":true,"href":"https:\/\/blogsaverroes.juntadeandalucia.es\/iessierrasur\/wp-json\/wp\/v2\/users\/1"}],"replies":[{"embeddable":true,"href":"https:\/\/blogsaverroes.juntadeandalucia.es\/iessierrasur\/wp-json\/wp\/v2\/comments?post=82"}],"version-history":[{"count":8,"href":"https:\/\/blogsaverroes.juntadeandalucia.es\/iessierrasur\/wp-json\/wp\/v2\/pages\/82\/revisions"}],"predecessor-version":[{"id":3553,"href":"https:\/\/blogsaverroes.juntadeandalucia.es\/iessierrasur\/wp-json\/wp\/v2\/pages\/82\/revisions\/3553"}],"wp:attachment":[{"href":"https:\/\/blogsaverroes.juntadeandalucia.es\/iessierrasur\/wp-json\/wp\/v2\/media?parent=82"}],"curies":[{"name":"wp","href":"https:\/\/api.w.org\/{rel}","templated":true}]}}