{"id":3070,"date":"2021-10-21T11:38:17","date_gmt":"2021-10-21T11:38:17","guid":{"rendered":"https:\/\/blogsaverroes.juntadeandalucia.es\/iessilena\/?page_id=3070"},"modified":"2021-10-21T11:42:26","modified_gmt":"2021-10-21T11:42:26","slug":"competencias-del-consejo-escolar","status":"publish","type":"page","link":"https:\/\/blogsaverroes.juntadeandalucia.es\/iessilena\/competencias-del-consejo-escolar\/","title":{"rendered":"Competencias del Consejo Escolar"},"content":{"rendered":"<p><strong>Competencias de los Consejos Escolares de los centros p\u00fablicos.<\/strong><\/p>\n<ul>\n<li>Establecer las directrices para la elaboraci\u00f3n del Proyecto Educativo del Centro, aprobarlo y evaluarlo, sin perjuicio de las competencias que el Claustro de Profesores tiene atribuidas en relaci\u00f3n con la planificaci\u00f3n y organizaci\u00f3n docente. Asimismo, establecer los procedimientos para su revisi\u00f3n cuando su evaluaci\u00f3n lo aconseje.<\/li>\n<li>Elegir al Director o Directora del Centro.<\/li>\n<li>Informar a la Administraci\u00f3n Educativa acerca de la designaci\u00f3n del Director o Directora del Centro en el supuesto de que \u00e9ste deba ser designado por la misma.<\/li>\n<li>Proponer la revocaci\u00f3n del nombramiento del Director o Directora.<\/li>\n<li>Decidir sobre la admisi\u00f3n de alumnos y alumnas, con sujeci\u00f3n estricta a lo establecido en la normativa vigente.<\/li>\n<li>Aprobar el reglamento de r\u00e9gimen interior del centro.<\/li>\n<li>Resolver los conflictos e imponer las correcciones con finalidad pedag\u00f3gica que correspondan a aquellas conductas del alumnado que perjudiquen gravemente la convivencia en el Centro de acuerdo con la normativa vigente.<\/li>\n<li>Aprobar el proyecto de presupuesto del Centro y su ejecuci\u00f3n.<\/li>\n<li>Promover la renovaci\u00f3n de las instalaciones y equipamiento escolar, as\u00ed como vigilar su conservaci\u00f3n.<\/li>\n<li>Aprobar y evaluar la programaci\u00f3n general del Centro, respetando, en todo caso, los aspectos docentes que competen al Claustro.<\/li>\n<li>Aprobar y evaluar la programaci\u00f3n general de las actividades escolares complementarias y extraescolares.<\/li>\n<li>Fijar las directrices para la colaboraci\u00f3n del Centro con fines culturales, educativos y asistenciales, con otros Centros, entidades y organismos.<\/li>\n<li>Analizar y evaluar el funcionamiento general del Centro, especialmente la eficacia en la gesti\u00f3n de los recursos, as\u00ed como la aplicaci\u00f3n de las normas de convivencia y elaborar un informe de dicha aplicaci\u00f3n que se incluir\u00e1 en la Memoria Final de Curso.<\/li>\n<li>Analizar y evaluar la evoluci\u00f3n del rendimiento escolar general.<\/li>\n<li>Analizar y valorar los resultados de la evaluaci\u00f3n que del Centro realice la Administraci\u00f3n Educativa o cualquier informe referente a la marcha del mismo.<\/li>\n<li>Informar y aprobar la memoria anual sobre las actividades y actuaci\u00f3n general del Centro.<\/li>\n<li>Conocer e impulsar las relaciones del Centro con las instituciones de su entorno.<\/li>\n<\/ul>\n","protected":false},"excerpt":{"rendered":"<p>Competencias de los Consejos Escolares de los centros p\u00fablicos. Establecer las directrices para la elaboraci\u00f3n del Proyecto Educativo del Centro, aprobarlo y evaluarlo, sin perjuicio de las competencias que el&#46;&#46;&#46;<\/p>\n","protected":false},"author":4892,"featured_media":0,"parent":0,"menu_order":0,"comment_status":"closed","ping_status":"closed","template":"","meta":{"ngg_post_thumbnail":0,"footnotes":"","_mc_calendar":[]},"aioseo_notices":[],"_links":{"self":[{"href":"https:\/\/blogsaverroes.juntadeandalucia.es\/iessilena\/wp-json\/wp\/v2\/pages\/3070"}],"collection":[{"href":"https:\/\/blogsaverroes.juntadeandalucia.es\/iessilena\/wp-json\/wp\/v2\/pages"}],"about":[{"href":"https:\/\/blogsaverroes.juntadeandalucia.es\/iessilena\/wp-json\/wp\/v2\/types\/page"}],"author":[{"embeddable":true,"href":"https:\/\/blogsaverroes.juntadeandalucia.es\/iessilena\/wp-json\/wp\/v2\/users\/4892"}],"replies":[{"embeddable":true,"href":"https:\/\/blogsaverroes.juntadeandalucia.es\/iessilena\/wp-json\/wp\/v2\/comments?post=3070"}],"version-history":[{"count":4,"href":"https:\/\/blogsaverroes.juntadeandalucia.es\/iessilena\/wp-json\/wp\/v2\/pages\/3070\/revisions"}],"predecessor-version":[{"id":3074,"href":"https:\/\/blogsaverroes.juntadeandalucia.es\/iessilena\/wp-json\/wp\/v2\/pages\/3070\/revisions\/3074"}],"wp:attachment":[{"href":"https:\/\/blogsaverroes.juntadeandalucia.es\/iessilena\/wp-json\/wp\/v2\/media?parent=3070"}],"curies":[{"name":"wp","href":"https:\/\/api.w.org\/{rel}","templated":true}]}}