{"id":35,"date":"2015-03-13T08:21:43","date_gmt":"2015-03-13T08:21:43","guid":{"rendered":"http:\/\/blogsaverroes.juntadeandalucia.es\/pre\/ceip\/?page_id=35"},"modified":"2020-11-04T11:43:28","modified_gmt":"2020-11-04T11:43:28","slug":"el-centro-2","status":"publish","type":"page","link":"https:\/\/blogsaverroes.juntadeandalucia.es\/iessilena\/el-centro-2\/","title":{"rendered":"Datos del centro"},"content":{"rendered":"<h4>Datos de contacto<\/h4>\n<table style=\"border-collapse: collapse;width: 100.727%;height: 120px\">\n<tbody>\n<tr style=\"height: 24px\">\n<td style=\"width: 27.2121%;height: 24px;text-align: left\">Direcci\u00f3n:<\/td>\n<td style=\"width: 73.5152%;height: 24px;text-align: left\"><strong>C\\ Camino Ancho s\/n &#8211; 41565 Gilena (Sevilla)<\/strong><\/td>\n<\/tr>\n<tr style=\"height: 24px\">\n<td style=\"width: 27.2121%;height: 24px;text-align: left\">Tel\u00e9fono:<\/td>\n<td style=\"width: 73.5152%;height: 24px;text-align: left\"><strong>600143209<\/strong><\/td>\n<\/tr>\n<tr style=\"height: 24px\">\n<td style=\"width: 27.2121%;height: 24px;text-align: left\">Tel\u00e9fono de Administraci\u00f3n:<\/td>\n<td style=\"width: 73.5152%;height: 24px;text-align: left\"><strong>600143210<\/strong><\/td>\n<\/tr>\n<tr style=\"height: 24px\">\n<td style=\"width: 27.2121%;height: 24px;text-align: left\">Fax:<\/td>\n<td style=\"width: 73.5152%;height: 24px;text-align: left\"><strong>954822991<\/strong><\/td>\n<\/tr>\n<tr style=\"height: 24px\">\n<td style=\"width: 27.2121%;height: 24px;text-align: left\">Email:<\/td>\n<td style=\"width: 73.5152%;height: 24px;text-align: left\"><b>41701602.edu@juntadeandalucia.es<\/b><\/td>\n<\/tr>\n<\/tbody>\n<\/table>\n<h4><strong>Horarios<\/strong><\/h4>\n<p>8:30 &#8211; 15:00 horas<\/p>\n<h4><strong>Oferta educativa<\/strong><\/h4>\n<p>1\u00ba, 2\u00ba, 3\u00ba y 4\u00ba EDUCACI\u00d3N SECUNDARIA OBLIGATORIA<\/p>\n<h4>&nbsp;<\/h4>\n<p>&nbsp;<\/p>\n","protected":false},"excerpt":{"rendered":"<p>Datos de contacto Direcci\u00f3n: C\\ Camino Ancho s\/n &#8211; 41565 Gilena (Sevilla) Tel\u00e9fono: 600143209 Tel\u00e9fono de Administraci\u00f3n: 600143210 Fax: 954822991 Email: 41701602.edu@juntadeandalucia.es Horarios 8:30 &#8211; 15:00 horas Oferta educativa 1\u00ba,&#46;&#46;&#46;<\/p>\n","protected":false},"author":1,"featured_media":0,"parent":0,"menu_order":0,"comment_status":"open","ping_status":"open","template":"","meta":{"ngg_post_thumbnail":0,"footnotes":"","_mc_calendar":[]},"aioseo_notices":[],"_links":{"self":[{"href":"https:\/\/blogsaverroes.juntadeandalucia.es\/iessilena\/wp-json\/wp\/v2\/pages\/35"}],"collection":[{"href":"https:\/\/blogsaverroes.juntadeandalucia.es\/iessilena\/wp-json\/wp\/v2\/pages"}],"about":[{"href":"https:\/\/blogsaverroes.juntadeandalucia.es\/iessilena\/wp-json\/wp\/v2\/types\/page"}],"author":[{"embeddable":true,"href":"https:\/\/blogsaverroes.juntadeandalucia.es\/iessilena\/wp-json\/wp\/v2\/users\/1"}],"replies":[{"embeddable":true,"href":"https:\/\/blogsaverroes.juntadeandalucia.es\/iessilena\/wp-json\/wp\/v2\/comments?post=35"}],"version-history":[{"count":23,"href":"https:\/\/blogsaverroes.juntadeandalucia.es\/iessilena\/wp-json\/wp\/v2\/pages\/35\/revisions"}],"predecessor-version":[{"id":2793,"href":"https:\/\/blogsaverroes.juntadeandalucia.es\/iessilena\/wp-json\/wp\/v2\/pages\/35\/revisions\/2793"}],"wp:attachment":[{"href":"https:\/\/blogsaverroes.juntadeandalucia.es\/iessilena\/wp-json\/wp\/v2\/media?parent=35"}],"curies":[{"name":"wp","href":"https:\/\/api.w.org\/{rel}","templated":true}]}}