{"id":3596,"date":"2025-06-13T10:34:34","date_gmt":"2025-06-13T10:34:34","guid":{"rendered":"https:\/\/blogsaverroes.juntadeandalucia.es\/iessilena\/?page_id=3596"},"modified":"2025-11-16T20:41:47","modified_gmt":"2025-11-16T20:41:47","slug":"matriculacion","status":"publish","type":"page","link":"https:\/\/blogsaverroes.juntadeandalucia.es\/iessilena\/matriculacion\/","title":{"rendered":"Matriculaci\u00f3n 25\/26"},"content":{"rendered":"<p style=\"text-align: center\"><strong>MATRICULACI\u00d3N 25-26<\/strong><\/p>\n<ul>\n<li>Plazo para la presentaci\u00f3n de matr\u00edcula: <strong>del 1 al 10 de julio<\/strong><\/li>\n<li>\u00bfD\u00f3nde realizar la matr\u00edcula?\n<ol style=\"list-style-type: upper-alpha\">\n<li>Preferentemente por medios telem\u00e1ticos a trav\u00e9s de la Secretar\u00eda Virtual de los centros docentes en la siguiente direcci\u00f3n: <a href=\"https:\/\/www.juntadeandalucia.es\/educacion\/secretariavirtual\" target=\"_blank\" rel=\"noopener noreferrer\">https:\/\/www.juntadeandalucia.es\/educacion\/secretariavirtual\/<\/a><\/li>\n<li>De forma presencial en la Secretar\u00eda del centro.<\/li>\n<\/ol>\n<\/li>\n<\/ul>\n<p>&nbsp;<\/p>\n<ul>\n<li>Una vez dentro de Secretar\u00eda Virtual, accedemos con:\n<ul>\n<li>iANDe<\/li>\n<li>cl@ve<\/li>\n<\/ul>\n<\/li>\n<\/ul>\n<p>&nbsp;<\/p>\n<ul>\n<li>Como obtengo mi clave iANDe:\n<ul style=\"list-style-type: square\">\n<li>La env\u00eda de oficio la Consejer\u00eda de Educaci\u00f3n como una notificaci\u00f3n a la app iPASEN.<\/li>\n<li>Sino, puede solicitarla llamando a la Secretar\u00eda del centro, y se la enviaremos por SMS o correo electr\u00f3nico.<\/li>\n<\/ul>\n<\/li>\n<\/ul>\n<p>&nbsp;<\/p>\n<ul>\n<li>Manual de matriculaci\u00f3n a trav\u00e9s de Secretar\u00eda Virtual:<\/li>\n<\/ul>\n<p style=\"text-align: center\"><a href=\"https:\/\/blogsaverroes.juntadeandalucia.es\/iessilena\/files\/2022\/06\/Manual-Matriculaci\u00f3n-Silena.pdf\">Manual Matriculaci\u00f3n Silena<\/a><\/p>\n","protected":false},"excerpt":{"rendered":"<p>MATRICULACI\u00d3N 25-26 Plazo para la presentaci\u00f3n de matr\u00edcula: del 1 al 10 de julio \u00bfD\u00f3nde realizar la matr\u00edcula? Preferentemente por medios telem\u00e1ticos a trav\u00e9s de la Secretar\u00eda Virtual de los&#46;&#46;&#46;<\/p>\n","protected":false},"author":4892,"featured_media":0,"parent":0,"menu_order":0,"comment_status":"closed","ping_status":"closed","template":"","meta":{"ngg_post_thumbnail":0,"footnotes":"","_mc_calendar":[]},"aioseo_notices":[],"_links":{"self":[{"href":"https:\/\/blogsaverroes.juntadeandalucia.es\/iessilena\/wp-json\/wp\/v2\/pages\/3596"}],"collection":[{"href":"https:\/\/blogsaverroes.juntadeandalucia.es\/iessilena\/wp-json\/wp\/v2\/pages"}],"about":[{"href":"https:\/\/blogsaverroes.juntadeandalucia.es\/iessilena\/wp-json\/wp\/v2\/types\/page"}],"author":[{"embeddable":true,"href":"https:\/\/blogsaverroes.juntadeandalucia.es\/iessilena\/wp-json\/wp\/v2\/users\/4892"}],"replies":[{"embeddable":true,"href":"https:\/\/blogsaverroes.juntadeandalucia.es\/iessilena\/wp-json\/wp\/v2\/comments?post=3596"}],"version-history":[{"count":15,"href":"https:\/\/blogsaverroes.juntadeandalucia.es\/iessilena\/wp-json\/wp\/v2\/pages\/3596\/revisions"}],"predecessor-version":[{"id":6468,"href":"https:\/\/blogsaverroes.juntadeandalucia.es\/iessilena\/wp-json\/wp\/v2\/pages\/3596\/revisions\/6468"}],"wp:attachment":[{"href":"https:\/\/blogsaverroes.juntadeandalucia.es\/iessilena\/wp-json\/wp\/v2\/media?parent=3596"}],"curies":[{"name":"wp","href":"https:\/\/api.w.org\/{rel}","templated":true}]}}