{"id":42,"date":"2015-03-13T08:40:47","date_gmt":"2015-03-13T08:40:47","guid":{"rendered":"http:\/\/blogsaverroes.juntadeandalucia.es\/pre\/ceip\/?page_id=42"},"modified":"2024-08-23T11:04:14","modified_gmt":"2024-08-23T11:04:14","slug":"equipo-directivo","status":"publish","type":"page","link":"https:\/\/blogsaverroes.juntadeandalucia.es\/iessilena\/equipo-directivo\/","title":{"rendered":"Equipo directivo"},"content":{"rendered":"<table style=\"border-collapse: collapse;width: 57.0498%;height: 71px\">\n<tbody>\n<tr style=\"height: 24px\">\n<td style=\"width: 17.8234%;height: 24px;text-align: left\">Direcci\u00f3n:<\/td>\n<td style=\"width: 34.5837%;height: 24px;text-align: left\"><strong>Carmen Fern\u00e1ndez Luque<\/strong><\/td>\n<\/tr>\n<tr style=\"height: 24px\">\n<td style=\"width: 17.8234%;height: 23px;text-align: left\">Jefatura de Estudios:<\/td>\n<td style=\"width: 34.5837%;height: 23px;text-align: left\"><strong>\u00c1ngela Mart\u00ednez Rodr\u00edguez<\/strong><\/td>\n<\/tr>\n<tr style=\"height: 24px\">\n<td style=\"width: 17.8234%;height: 24px;text-align: left\">Secretar\u00eda:<\/td>\n<td style=\"width: 34.5837%;height: 24px;text-align: left\"><strong>Francisco Manuel Rivero Gonz\u00e1lez<\/strong><\/td>\n<\/tr>\n<\/tbody>\n<\/table>\n<p>&nbsp;<\/p>\n","protected":false},"excerpt":{"rendered":"<p>Direcci\u00f3n: Carmen Fern\u00e1ndez Luque Jefatura de Estudios: \u00c1ngela Mart\u00ednez Rodr\u00edguez Secretar\u00eda: Francisco Manuel Rivero Gonz\u00e1lez &nbsp;<\/p>\n","protected":false},"author":1,"featured_media":0,"parent":0,"menu_order":0,"comment_status":"open","ping_status":"open","template":"page-templates\/child-menu.php","meta":{"ngg_post_thumbnail":0,"footnotes":"","_mc_calendar":[]},"aioseo_notices":[],"_links":{"self":[{"href":"https:\/\/blogsaverroes.juntadeandalucia.es\/iessilena\/wp-json\/wp\/v2\/pages\/42"}],"collection":[{"href":"https:\/\/blogsaverroes.juntadeandalucia.es\/iessilena\/wp-json\/wp\/v2\/pages"}],"about":[{"href":"https:\/\/blogsaverroes.juntadeandalucia.es\/iessilena\/wp-json\/wp\/v2\/types\/page"}],"author":[{"embeddable":true,"href":"https:\/\/blogsaverroes.juntadeandalucia.es\/iessilena\/wp-json\/wp\/v2\/users\/1"}],"replies":[{"embeddable":true,"href":"https:\/\/blogsaverroes.juntadeandalucia.es\/iessilena\/wp-json\/wp\/v2\/comments?post=42"}],"version-history":[{"count":13,"href":"https:\/\/blogsaverroes.juntadeandalucia.es\/iessilena\/wp-json\/wp\/v2\/pages\/42\/revisions"}],"predecessor-version":[{"id":5313,"href":"https:\/\/blogsaverroes.juntadeandalucia.es\/iessilena\/wp-json\/wp\/v2\/pages\/42\/revisions\/5313"}],"wp:attachment":[{"href":"https:\/\/blogsaverroes.juntadeandalucia.es\/iessilena\/wp-json\/wp\/v2\/media?parent=42"}],"curies":[{"name":"wp","href":"https:\/\/api.w.org\/{rel}","templated":true}]}}