{"id":1334,"date":"2021-03-22T14:38:32","date_gmt":"2021-03-22T13:38:32","guid":{"rendered":"https:\/\/blogsaverroes.juntadeandalucia.es\/iessofia\/?page_id=1334"},"modified":"2021-09-13T16:54:04","modified_gmt":"2021-09-13T15:54:04","slug":"orientacion-3","status":"publish","type":"page","link":"https:\/\/blogsaverroes.juntadeandalucia.es\/iessofia\/orientacion-3\/","title":{"rendered":"Orientaci\u00f3n"},"content":{"rendered":"<div>Jefa del Departamento:<\/div>\n<div>&nbsp;<\/div>\n<div>D\u00aa M\u00aa Carmen Moreno Moreno.<\/div>\n<div>&nbsp;<\/div>\n<div>Orientadora:<\/div>\n<div>&nbsp;<\/div>\n<div>D\u00aa Maria del Carmen Moreno Moreno<\/div>\n<div>&nbsp;<\/div>\n<div>&nbsp;<\/div>\n<div>Profesorado de P.T.:<\/div>\n<div>&nbsp;<\/div>\n<div>D\u00aa Almudena Segura Rom\u00e1n<\/div>\n<div>D. Antonio Huerta G\u00f3mez<\/div>\n<div>&nbsp;<\/div>\n<div>Profesora del aula espec\u00edfica TEA (Trastornos del Espectro Autista)<\/div>\n<div>&nbsp;<\/div>\n<div>D\u00aa Ana Isabel Ferrer Mill\u00e1n<\/div>\n<div>&nbsp;<\/div>\n<div>&nbsp;<\/div>\n<div>Profesora de Audici\u00f3n y Lenguaje (Logopedia)<\/div>\n<div>&nbsp;<\/div>\n<div>D\u00aa Laura \u00c1lamo Romero<\/div>\n<div>&nbsp;<\/div>\n<div>&nbsp;<\/div>\n<div>Profesora de apoyo a la compensaci\u00f3n<\/div>\n<div>&nbsp;<\/div>\n<div>D\u00aa M\u00aa Vanessa Morillo Berm\u00fadez<\/div>\n","protected":false},"excerpt":{"rendered":"<p>Jefa del Departamento: &nbsp; D\u00aa M\u00aa Carmen Moreno Moreno. &nbsp; Orientadora: &nbsp; D\u00aa Maria del Carmen Moreno Moreno &nbsp; &nbsp; Profesorado de P.T.: &nbsp; D\u00aa Almudena Segura Rom\u00e1n D. Antonio Huerta G\u00f3mez &nbsp; Profesora del aula espec\u00edfica TEA (Trastornos del Espectro Autista) &nbsp; D\u00aa Ana Isabel Ferrer Mill\u00e1n &nbsp; &nbsp; Profesora de Audici\u00f3n y Lenguaje [&hellip;]<\/p>\n","protected":false},"author":12560,"featured_media":0,"parent":0,"menu_order":0,"comment_status":"closed","ping_status":"closed","template":"","meta":{"_et_pb_use_builder":"off","_et_pb_old_content":"","_et_gb_content_width":"","ngg_post_thumbnail":0,"footnotes":""},"aioseo_notices":[],"_links":{"self":[{"href":"https:\/\/blogsaverroes.juntadeandalucia.es\/iessofia\/wp-json\/wp\/v2\/pages\/1334"}],"collection":[{"href":"https:\/\/blogsaverroes.juntadeandalucia.es\/iessofia\/wp-json\/wp\/v2\/pages"}],"about":[{"href":"https:\/\/blogsaverroes.juntadeandalucia.es\/iessofia\/wp-json\/wp\/v2\/types\/page"}],"author":[{"embeddable":true,"href":"https:\/\/blogsaverroes.juntadeandalucia.es\/iessofia\/wp-json\/wp\/v2\/users\/12560"}],"replies":[{"embeddable":true,"href":"https:\/\/blogsaverroes.juntadeandalucia.es\/iessofia\/wp-json\/wp\/v2\/comments?post=1334"}],"version-history":[{"count":11,"href":"https:\/\/blogsaverroes.juntadeandalucia.es\/iessofia\/wp-json\/wp\/v2\/pages\/1334\/revisions"}],"predecessor-version":[{"id":1483,"href":"https:\/\/blogsaverroes.juntadeandalucia.es\/iessofia\/wp-json\/wp\/v2\/pages\/1334\/revisions\/1483"}],"wp:attachment":[{"href":"https:\/\/blogsaverroes.juntadeandalucia.es\/iessofia\/wp-json\/wp\/v2\/media?parent=1334"}],"curies":[{"name":"wp","href":"https:\/\/api.w.org\/{rel}","templated":true}]}}