{"id":21,"date":"2020-01-10T08:47:08","date_gmt":"2020-01-10T07:47:08","guid":{"rendered":"http:\/\/blogsaverroes.juntadeandalucia.es\/pre\/nuevoies2v2\/?page_id=21"},"modified":"2021-03-10T20:00:05","modified_gmt":"2021-03-10T19:00:05","slug":"2o-eso","status":"publish","type":"page","link":"https:\/\/blogsaverroes.juntadeandalucia.es\/iessofia\/2o-eso\/","title":{"rendered":"2\u00ba ESO"},"content":{"rendered":"<p>[et_pb_section fb_built=&#8221;1&#8243; _builder_version=&#8221;3.23.3&#8243; custom_padding=&#8221;0px||0px|&#8221; z_index_tablet=&#8221;500&#8243; box_shadow_horizontal_tablet=&#8221;0px&#8221; box_shadow_vertical_tablet=&#8221;0px&#8221; box_shadow_blur_tablet=&#8221;40px&#8221; box_shadow_spread_tablet=&#8221;0px&#8221;][et_pb_row _builder_version=&#8221;3.25&#8243; background_size=&#8221;initial&#8221; background_position=&#8221;top_left&#8221; background_repeat=&#8221;repeat&#8221;][et_pb_column type=&#8221;4_4&#8243; _builder_version=&#8221;3.0.47&#8243; custom_padding=&#8221;|||&#8221; custom_padding__hover=&#8221;|||&#8221;][et_pb_image src=&#8221;https:\/\/blogsaverroes.juntadeandalucia.es\/iessofia\/files\/2020\/01\/cabecera-interior-ies-3-1.png&#8221; admin_label=&#8221;Imagen de la portada&#8221; _builder_version=&#8221;4.5.0&#8243; vertical_offset_tablet=&#8221;0&#8243; horizontal_offset_tablet=&#8221;0&#8243; z_index_tablet=&#8221;500&#8243; box_shadow_horizontal_tablet=&#8221;0px&#8221; box_shadow_vertical_tablet=&#8221;0px&#8221; box_shadow_blur_tablet=&#8221;40px&#8221; box_shadow_spread_tablet=&#8221;0px&#8221;][\/et_pb_image][et_pb_text admin_label=&#8221;Texto descriptivo&#8221; _builder_version=&#8221;4.5.0&#8243; hover_enabled=&#8221;0&#8243; z_index_tablet=&#8221;500&#8243; text_text_shadow_horizontal_length_tablet=&#8221;0px&#8221; text_text_shadow_vertical_length_tablet=&#8221;0px&#8221; text_text_shadow_blur_strength_tablet=&#8221;1px&#8221; link_text_shadow_horizontal_length_tablet=&#8221;0px&#8221; link_text_shadow_vertical_length_tablet=&#8221;0px&#8221; link_text_shadow_blur_strength_tablet=&#8221;1px&#8221; ul_text_shadow_horizontal_length_tablet=&#8221;0px&#8221; ul_text_shadow_vertical_length_tablet=&#8221;0px&#8221; ul_text_shadow_blur_strength_tablet=&#8221;1px&#8221; ol_text_shadow_horizontal_length_tablet=&#8221;0px&#8221; ol_text_shadow_vertical_length_tablet=&#8221;0px&#8221; ol_text_shadow_blur_strength_tablet=&#8221;1px&#8221; quote_text_shadow_horizontal_length_tablet=&#8221;0px&#8221; quote_text_shadow_vertical_length_tablet=&#8221;0px&#8221; quote_text_shadow_blur_strength_tablet=&#8221;1px&#8221; header_text_shadow_horizontal_length_tablet=&#8221;0px&#8221; header_text_shadow_vertical_length_tablet=&#8221;0px&#8221; header_text_shadow_blur_strength_tablet=&#8221;1px&#8221; header_2_text_shadow_horizontal_length_tablet=&#8221;0px&#8221; header_2_text_shadow_vertical_length_tablet=&#8221;0px&#8221; header_2_text_shadow_blur_strength_tablet=&#8221;1px&#8221; header_3_text_shadow_horizontal_length_tablet=&#8221;0px&#8221; header_3_text_shadow_vertical_length_tablet=&#8221;0px&#8221; header_3_text_shadow_blur_strength_tablet=&#8221;1px&#8221; header_4_text_shadow_horizontal_length_tablet=&#8221;0px&#8221; header_4_text_shadow_vertical_length_tablet=&#8221;0px&#8221; header_4_text_shadow_blur_strength_tablet=&#8221;1px&#8221; header_5_text_shadow_horizontal_length_tablet=&#8221;0px&#8221; header_5_text_shadow_vertical_length_tablet=&#8221;0px&#8221; header_5_text_shadow_blur_strength_tablet=&#8221;1px&#8221; header_6_text_shadow_horizontal_length_tablet=&#8221;0px&#8221; header_6_text_shadow_vertical_length_tablet=&#8221;0px&#8221; header_6_text_shadow_blur_strength_tablet=&#8221;1px&#8221; box_shadow_horizontal_tablet=&#8221;0px&#8221; box_shadow_vertical_tablet=&#8221;0px&#8221; box_shadow_blur_tablet=&#8221;40px&#8221; box_shadow_spread_tablet=&#8221;0px&#8221;]<\/p>\n<h1><strong>2\u00ba Educaci\u00f3n Secundaria (4 grupos)<\/strong><\/h1>\n<p><strong><\/strong><\/p>\n<p><strong><\/strong><\/p>\n<h4>\u00a0<span style=\"text-decoration: underline\">ASIGNATURAS OBLIGATORIAS<\/span><\/h4>\n<ul>\n<li>Matem\u00e1ticas<\/li>\n<li>Lengua y Literatura Castellana<\/li>\n<li>Ingl\u00e9s<\/li>\n<li>Geograf\u00eda e Historia<\/li>\n<li>F\u00edsica y Qu\u00edmica<\/li>\n<li>Educaci\u00f3n F\u00edsica<\/li>\n<li>Educaci\u00f3n Pl\u00e1stica Visual<\/li>\n<li>M\u00fasica<\/li>\n<li>Religi\u00f3n\/Valores \u00c9ticos<\/li>\n<\/ul>\n<h4><span><\/span><\/h4>\n<h4><span><\/span><\/h4>\n<h4><span style=\"text-decoration: underline\">OPTATIVAS<\/span><\/h4>\n<ul>\n<li>Franc\u00e9s<\/li>\n<li>Cambios Sociales y de G\u00e9nero<\/li>\n<\/ul>\n<h4><span><\/span><\/h4>\n<h4><span><\/span><\/h4>\n<h4><span style=\"text-decoration: underline\">HORAS DE LIBRE DISPOSICI\u00d3N<\/span><\/h4>\n<ul>\n<li>Dedicadas\u00a0 a refuerzo y ampliaci\u00f3n de Matem\u00e1ticas.<\/li>\n<\/ul>\n<p>[\/et_pb_text][\/et_pb_column][\/et_pb_row][\/et_pb_section]<\/p>\n","protected":false},"excerpt":{"rendered":"<p>2\u00ba Educaci\u00f3n Secundaria (4 grupos) \u00a0ASIGNATURAS OBLIGATORIAS Matem\u00e1ticas Lengua y Literatura Castellana Ingl\u00e9s Geograf\u00eda e Historia F\u00edsica y Qu\u00edmica Educaci\u00f3n F\u00edsica Educaci\u00f3n Pl\u00e1stica Visual M\u00fasica Religi\u00f3n\/Valores \u00c9ticos OPTATIVAS Franc\u00e9s Cambios Sociales y de G\u00e9nero HORAS DE LIBRE DISPOSICI\u00d3N Dedicadas\u00a0 a refuerzo y ampliaci\u00f3n de Matem\u00e1ticas.<\/p>\n","protected":false},"author":7051,"featured_media":0,"parent":0,"menu_order":0,"comment_status":"closed","ping_status":"closed","template":"","meta":{"_et_pb_use_builder":"on","_et_pb_old_content":"","_et_gb_content_width":"","ngg_post_thumbnail":0,"footnotes":""},"aioseo_notices":[],"_links":{"self":[{"href":"https:\/\/blogsaverroes.juntadeandalucia.es\/iessofia\/wp-json\/wp\/v2\/pages\/21"}],"collection":[{"href":"https:\/\/blogsaverroes.juntadeandalucia.es\/iessofia\/wp-json\/wp\/v2\/pages"}],"about":[{"href":"https:\/\/blogsaverroes.juntadeandalucia.es\/iessofia\/wp-json\/wp\/v2\/types\/page"}],"author":[{"embeddable":true,"href":"https:\/\/blogsaverroes.juntadeandalucia.es\/iessofia\/wp-json\/wp\/v2\/users\/7051"}],"replies":[{"embeddable":true,"href":"https:\/\/blogsaverroes.juntadeandalucia.es\/iessofia\/wp-json\/wp\/v2\/comments?post=21"}],"version-history":[{"count":2,"href":"https:\/\/blogsaverroes.juntadeandalucia.es\/iessofia\/wp-json\/wp\/v2\/pages\/21\/revisions"}],"predecessor-version":[{"id":700,"href":"https:\/\/blogsaverroes.juntadeandalucia.es\/iessofia\/wp-json\/wp\/v2\/pages\/21\/revisions\/700"}],"wp:attachment":[{"href":"https:\/\/blogsaverroes.juntadeandalucia.es\/iessofia\/wp-json\/wp\/v2\/media?parent=21"}],"curies":[{"name":"wp","href":"https:\/\/api.w.org\/{rel}","templated":true}]}}