{"id":730,"date":"2021-03-11T20:53:32","date_gmt":"2021-03-11T19:53:32","guid":{"rendered":"https:\/\/blogsaverroes.juntadeandalucia.es\/iessofia\/?page_id=730"},"modified":"2021-03-11T20:53:36","modified_gmt":"2021-03-11T19:53:36","slug":"2o-de-bachillerato","status":"publish","type":"page","link":"https:\/\/blogsaverroes.juntadeandalucia.es\/iessofia\/2o-de-bachillerato\/","title":{"rendered":"2\u00ba de Bachillerato"},"content":{"rendered":"<p>[et_pb_section fb_built=&#8221;1&#8243; _builder_version=&#8221;3.23.3&#8243; custom_padding=&#8221;0px||0px|&#8221; z_index_tablet=&#8221;500&#8243; box_shadow_horizontal_tablet=&#8221;0px&#8221; box_shadow_vertical_tablet=&#8221;0px&#8221; box_shadow_blur_tablet=&#8221;40px&#8221; box_shadow_spread_tablet=&#8221;0px&#8221;][et_pb_row _builder_version=&#8221;3.25&#8243; background_size=&#8221;initial&#8221; background_position=&#8221;top_left&#8221; background_repeat=&#8221;repeat&#8221;][et_pb_column type=&#8221;4_4&#8243; _builder_version=&#8221;3.0.47&#8243; custom_padding=&#8221;|||&#8221; custom_padding__hover=&#8221;|||&#8221;][et_pb_image src=&#8221;https:\/\/blogsaverroes.juntadeandalucia.es\/iessofia\/files\/2020\/01\/cabecera-interior-ies-3.png&#8221; admin_label=&#8221;Imagen de la portada&#8221; _builder_version=&#8221;4.5.0&#8243; vertical_offset_tablet=&#8221;0&#8243; horizontal_offset_tablet=&#8221;0&#8243; z_index_tablet=&#8221;500&#8243; box_shadow_horizontal_tablet=&#8221;0px&#8221; box_shadow_vertical_tablet=&#8221;0px&#8221; box_shadow_blur_tablet=&#8221;40px&#8221; box_shadow_spread_tablet=&#8221;0px&#8221;][\/et_pb_image][et_pb_text admin_label=&#8221;Texto descriptivo&#8221; _builder_version=&#8221;4.5.0&#8243; z_index_tablet=&#8221;500&#8243; text_text_shadow_horizontal_length_tablet=&#8221;0px&#8221; text_text_shadow_vertical_length_tablet=&#8221;0px&#8221; text_text_shadow_blur_strength_tablet=&#8221;1px&#8221; link_text_shadow_horizontal_length_tablet=&#8221;0px&#8221; link_text_shadow_vertical_length_tablet=&#8221;0px&#8221; link_text_shadow_blur_strength_tablet=&#8221;1px&#8221; ul_text_shadow_horizontal_length_tablet=&#8221;0px&#8221; ul_text_shadow_vertical_length_tablet=&#8221;0px&#8221; ul_text_shadow_blur_strength_tablet=&#8221;1px&#8221; ol_text_shadow_horizontal_length_tablet=&#8221;0px&#8221; ol_text_shadow_vertical_length_tablet=&#8221;0px&#8221; ol_text_shadow_blur_strength_tablet=&#8221;1px&#8221; quote_text_shadow_horizontal_length_tablet=&#8221;0px&#8221; quote_text_shadow_vertical_length_tablet=&#8221;0px&#8221; quote_text_shadow_blur_strength_tablet=&#8221;1px&#8221; header_text_shadow_horizontal_length_tablet=&#8221;0px&#8221; header_text_shadow_vertical_length_tablet=&#8221;0px&#8221; header_text_shadow_blur_strength_tablet=&#8221;1px&#8221; header_2_text_shadow_horizontal_length_tablet=&#8221;0px&#8221; header_2_text_shadow_vertical_length_tablet=&#8221;0px&#8221; header_2_text_shadow_blur_strength_tablet=&#8221;1px&#8221; header_3_text_shadow_horizontal_length_tablet=&#8221;0px&#8221; header_3_text_shadow_vertical_length_tablet=&#8221;0px&#8221; header_3_text_shadow_blur_strength_tablet=&#8221;1px&#8221; header_4_text_shadow_horizontal_length_tablet=&#8221;0px&#8221; header_4_text_shadow_vertical_length_tablet=&#8221;0px&#8221; header_4_text_shadow_blur_strength_tablet=&#8221;1px&#8221; header_5_text_shadow_horizontal_length_tablet=&#8221;0px&#8221; header_5_text_shadow_vertical_length_tablet=&#8221;0px&#8221; header_5_text_shadow_blur_strength_tablet=&#8221;1px&#8221; header_6_text_shadow_horizontal_length_tablet=&#8221;0px&#8221; header_6_text_shadow_vertical_length_tablet=&#8221;0px&#8221; header_6_text_shadow_blur_strength_tablet=&#8221;1px&#8221; box_shadow_horizontal_tablet=&#8221;0px&#8221; box_shadow_vertical_tablet=&#8221;0px&#8221; box_shadow_blur_tablet=&#8221;40px&#8221; box_shadow_spread_tablet=&#8221;0px&#8221;]<\/p>\n<h1><strong>2\u00ba de Bachillerato (2 grupos)<\/strong><\/h1>\n<p>&nbsp;<\/p>\n<h4>\u00a0<span style=\"text-decoration: underline\">ASIGNATURAS OBLIGATORIAS<\/span><\/h4>\n<ul>\n<li>Lengua y Literatura Castellana<\/li>\n<li>Historia de Espa\u00f1a<\/li>\n<li>Ingl\u00e9s<\/li>\n<li>Historia de la Filosof\u00eda<\/li>\n<li>Franc\u00e9s\/Ampliaci\u00f3n de Lengua\/Ampliaci\u00f3n de Matem\u00e1ticas<\/li>\n<li>Religi\u00f3n\/Educaci\u00f3n para la Ciudadan\u00eda y los Derechos Humanos<\/li>\n<\/ul>\n<h4>\u00a0<\/h4>\n<p>&nbsp;<\/p>\n<h4><u>BACHILLERATO DE CIENCIAS<\/u><\/h4>\n<ul>\n<li><u>ITINERARIO DE CIENCIAS:<\/u>\n<ul>\n<li>Matem\u00e1ticas<\/li>\n<li>Qu\u00edmica<\/li>\n<li>Biolog\u00eda<\/li>\n<li>Psicolog\u00eda\/F\u00edsica<\/li>\n<\/ul>\n<\/li>\n<li><span style=\"text-decoration: underline\">ITINERARIO TECNOL\u00d3GICO:<\/span>\n<ul>\n<li>Matem\u00e1ticas<\/li>\n<li>F\u00edsica\u00a0<\/li>\n<li>Dibujo T\u00e9cnico<\/li>\n<li>Tecnolog\u00eda Aplicada<\/li>\n<\/ul>\n<\/li>\n<\/ul>\n<h4>\u00a0<\/h4>\n<h4>\u00a0<\/h4>\n<h4><u>BACHILLERATO DE HUMANIDADES Y CCSS<\/u>.<\/h4>\n<ul>\n<li>\u00a0<u>ITINERARIO DE\u00a0 CIENCIAS SOCIALES:<\/u>\n<ul>\n<li style=\"list-style-type: none\">\n<ul>\n<li>Matem\u00e1ticas Aplicadas a las CCSS<\/li>\n<li>Econom\u00eda de la Empresa<\/li>\n<li>Geograf\u00eda\/Historia del Arte\u00a0<\/li>\n<li>Fundamentos de Administraci\u00f3n y Gesti\u00f3n\/Psicolog\u00eda\u00a0<\/li>\n<\/ul>\n<\/li>\n<\/ul>\n<\/li>\n<li>\u00a0<span style=\"text-decoration: underline\">ITINERARIO DE HUMANIDADES<\/span>:\n<ul>\n<li>Lat\u00edn<\/li>\n<li>Griego<\/li>\n<li>Geograf\u00eda\/Historia del Arte\u00a0<\/li>\n<li>Literatura Universal<\/li>\n<li>Psicolog\u00eda<\/li>\n<\/ul>\n<\/li>\n<\/ul>\n<p>&nbsp;<\/p>\n<p>&nbsp;<\/p>\n<p>[\/et_pb_text][\/et_pb_column][\/et_pb_row][\/et_pb_section]<\/p>\n","protected":false},"excerpt":{"rendered":"<p>2\u00ba de Bachillerato (2 grupos) &nbsp; \u00a0ASIGNATURAS OBLIGATORIAS Lengua y Literatura Castellana Historia de Espa\u00f1a Ingl\u00e9s Historia de la Filosof\u00eda Franc\u00e9s\/Ampliaci\u00f3n de Lengua\/Ampliaci\u00f3n de Matem\u00e1ticas Religi\u00f3n\/Educaci\u00f3n para la Ciudadan\u00eda y los Derechos Humanos \u00a0 &nbsp; BACHILLERATO DE CIENCIAS ITINERARIO DE CIENCIAS: Matem\u00e1ticas Qu\u00edmica Biolog\u00eda Psicolog\u00eda\/F\u00edsica ITINERARIO TECNOL\u00d3GICO: Matem\u00e1ticas F\u00edsica\u00a0 Dibujo T\u00e9cnico Tecnolog\u00eda Aplicada \u00a0 \u00a0 [&hellip;]<\/p>\n","protected":false},"author":12560,"featured_media":0,"parent":0,"menu_order":0,"comment_status":"closed","ping_status":"closed","template":"","meta":{"_et_pb_use_builder":"on","_et_pb_old_content":"","_et_gb_content_width":"","ngg_post_thumbnail":0,"footnotes":""},"aioseo_notices":[],"_links":{"self":[{"href":"https:\/\/blogsaverroes.juntadeandalucia.es\/iessofia\/wp-json\/wp\/v2\/pages\/730"}],"collection":[{"href":"https:\/\/blogsaverroes.juntadeandalucia.es\/iessofia\/wp-json\/wp\/v2\/pages"}],"about":[{"href":"https:\/\/blogsaverroes.juntadeandalucia.es\/iessofia\/wp-json\/wp\/v2\/types\/page"}],"author":[{"embeddable":true,"href":"https:\/\/blogsaverroes.juntadeandalucia.es\/iessofia\/wp-json\/wp\/v2\/users\/12560"}],"replies":[{"embeddable":true,"href":"https:\/\/blogsaverroes.juntadeandalucia.es\/iessofia\/wp-json\/wp\/v2\/comments?post=730"}],"version-history":[{"count":7,"href":"https:\/\/blogsaverroes.juntadeandalucia.es\/iessofia\/wp-json\/wp\/v2\/pages\/730\/revisions"}],"predecessor-version":[{"id":742,"href":"https:\/\/blogsaverroes.juntadeandalucia.es\/iessofia\/wp-json\/wp\/v2\/pages\/730\/revisions\/742"}],"wp:attachment":[{"href":"https:\/\/blogsaverroes.juntadeandalucia.es\/iessofia\/wp-json\/wp\/v2\/media?parent=730"}],"curies":[{"name":"wp","href":"https:\/\/api.w.org\/{rel}","templated":true}]}}