{"id":840,"date":"2021-03-15T13:50:22","date_gmt":"2021-03-15T12:50:22","guid":{"rendered":"https:\/\/blogsaverroes.juntadeandalucia.es\/iessofia\/?page_id=840"},"modified":"2021-03-15T13:50:25","modified_gmt":"2021-03-15T12:50:25","slug":"matriculacion-pevau","status":"publish","type":"page","link":"https:\/\/blogsaverroes.juntadeandalucia.es\/iessofia\/matriculacion-pevau\/","title":{"rendered":"Matriculaci\u00f3n PEvAU"},"content":{"rendered":"<p>[et_pb_section fb_built=&#8221;1&#8243; _builder_version=&#8221;3.22&#8243;][et_pb_row _builder_version=&#8221;3.25&#8243; background_size=&#8221;initial&#8221; background_position=&#8221;top_left&#8221; background_repeat=&#8221;repeat&#8221; custom_padding=&#8221;0px|||||&#8221;][et_pb_column type=&#8221;4_4&#8243; _builder_version=&#8221;3.0.47&#8243; custom_padding=&#8221;|||&#8221; custom_padding__hover=&#8221;|||&#8221;][et_pb_image src=&#8221;https:\/\/blogsaverroes.juntadeandalucia.es\/iessofia\/files\/2021\/03\/secretaria.jpg&#8221; title_text=&#8221;secretaria&#8221; admin_label=&#8221;Imagen de la portada&#8221; _builder_version=&#8221;4.5.0&#8243; vertical_offset_tablet=&#8221;0&#8243; horizontal_offset_tablet=&#8221;0&#8243; custom_margin=&#8221;1px|||||&#8221; z_index_tablet=&#8221;500&#8243; box_shadow_horizontal_tablet=&#8221;0px&#8221; box_shadow_vertical_tablet=&#8221;0px&#8221; box_shadow_blur_tablet=&#8221;40px&#8221; box_shadow_spread_tablet=&#8221;0px&#8221;][\/et_pb_image][et_pb_text admin_label=&#8221;Texto descriptivo&#8221; _builder_version=&#8221;4.5.0&#8243; z_index_tablet=&#8221;500&#8243; text_text_shadow_horizontal_length_tablet=&#8221;0px&#8221; text_text_shadow_vertical_length_tablet=&#8221;0px&#8221; text_text_shadow_blur_strength_tablet=&#8221;1px&#8221; link_text_shadow_horizontal_length_tablet=&#8221;0px&#8221; link_text_shadow_vertical_length_tablet=&#8221;0px&#8221; link_text_shadow_blur_strength_tablet=&#8221;1px&#8221; ul_text_shadow_horizontal_length_tablet=&#8221;0px&#8221; ul_text_shadow_vertical_length_tablet=&#8221;0px&#8221; ul_text_shadow_blur_strength_tablet=&#8221;1px&#8221; ol_text_shadow_horizontal_length_tablet=&#8221;0px&#8221; ol_text_shadow_vertical_length_tablet=&#8221;0px&#8221; ol_text_shadow_blur_strength_tablet=&#8221;1px&#8221; quote_text_shadow_horizontal_length_tablet=&#8221;0px&#8221; quote_text_shadow_vertical_length_tablet=&#8221;0px&#8221; quote_text_shadow_blur_strength_tablet=&#8221;1px&#8221; header_text_shadow_horizontal_length_tablet=&#8221;0px&#8221; header_text_shadow_vertical_length_tablet=&#8221;0px&#8221; header_text_shadow_blur_strength_tablet=&#8221;1px&#8221; header_2_text_shadow_horizontal_length_tablet=&#8221;0px&#8221; header_2_text_shadow_vertical_length_tablet=&#8221;0px&#8221; header_2_text_shadow_blur_strength_tablet=&#8221;1px&#8221; header_3_text_shadow_horizontal_length_tablet=&#8221;0px&#8221; header_3_text_shadow_vertical_length_tablet=&#8221;0px&#8221; header_3_text_shadow_blur_strength_tablet=&#8221;1px&#8221; header_4_text_shadow_horizontal_length_tablet=&#8221;0px&#8221; header_4_text_shadow_vertical_length_tablet=&#8221;0px&#8221; header_4_text_shadow_blur_strength_tablet=&#8221;1px&#8221; header_5_text_shadow_horizontal_length_tablet=&#8221;0px&#8221; header_5_text_shadow_vertical_length_tablet=&#8221;0px&#8221; header_5_text_shadow_blur_strength_tablet=&#8221;1px&#8221; header_6_text_shadow_horizontal_length_tablet=&#8221;0px&#8221; header_6_text_shadow_vertical_length_tablet=&#8221;0px&#8221; header_6_text_shadow_blur_strength_tablet=&#8221;1px&#8221; box_shadow_horizontal_tablet=&#8221;0px&#8221; box_shadow_vertical_tablet=&#8221;0px&#8221; box_shadow_blur_tablet=&#8221;40px&#8221; box_shadow_spread_tablet=&#8221;0px&#8221;]<\/p>\n<h3 id=\"tituloItem\" class=\"blockTituloItem\"><strong><span class=\"tituloItem\">Matriculaci\u00f3n en las Pruevas de Evaluaci\u00f3n de Acceso y Admisi\u00f3n a la UCA<\/span><\/strong><\/h3>\n<div id=\"contenido_sitio\">\n<p><span><strong><\/strong><\/span><\/p>\n<p><span><strong>Julio \u00a02020<\/strong><\/span><\/p>\n<p>El alumnado que haya aprobado todas las asignaturas de Bachillerato puede matricularse en las Pruebas de Evaluaci\u00f3n de Acceso y Admisi\u00f3n a la Universidad enviando toda la documentaci\u00f3n a presentar al siguiente correo electr\u00f3nico<span>\u00a0<\/span><a href=\"mailto:secretaria.sofia.jerez@gmail.com\">secretaria.sofia.jerez@gmail.com<\/a><span>\u00a0<\/span>\u00a0del<span>\u00a0<\/span><span>18 al\u00a0 23 de junio<\/span>, seg\u00fan la convocatoria, indicando en el asunto del correo Nombre\/Curso\/ Gesti\u00f3n que Realiza.<\/p>\n<p><strong>Documentaci\u00f3n a presentar:<\/strong><\/p>\n<p>&#8211; Solicitud de matr\u00edcula en la prueba que pod\u00e9is encontrar en el siguiente enlace<span>\u00a0<\/span><a href=\"http:\/\/webacceso.uca.es\/bachillerato\/inscripcion-a-la-prueba\">http:\/\/webacceso.uca.es\/bachillerato\/inscripcion-a-la-prueba<\/a><\/p>\n<p>&#8212; Una fotograf\u00eda tama\u00f1o carnet (3&#215;4 cm) con nombre y apellidos en el reverso . La foto la pod\u00e9is aportar el d\u00eda que veng\u00e1is a recoger la Tarjeta de PEVAU ( identificaci\u00f3n personal para la realizaci\u00f3n de los ex\u00e1menes)<\/p>\n<p>Si tienes derecho a reducci\u00f3n o exenci\u00f3n de tasas:<\/p>\n<p>&#8211; Copia aut\u00e9ntica o fotocopia compulsada del t\u00edtulo o del carnet de familia numerosa.<\/p>\n<p>&#8211; Copia aut\u00e9ntica o fotocopia compulsada del documento que acredita una minusval\u00eda de al menos el 33%<\/p>\n<p><strong>Abono de tasas:<\/strong><\/p>\n<p>Las<strong><span>\u00a0<\/span>tasas<span>\u00a0<\/span><\/strong>se deber\u00e1n pagar a trav\u00e9s de una plataforma web: GESTI\u00d3N DE RECIBO ONLINE \u00a0donde estar\u00e1n subidos los archivos de<span>\u00a0<\/span><strong>\u00a0CARTA DE PAGO<\/strong><span>\u00a0<\/span>emitida por la Universidad de C\u00e1diz . El plazo para abonar dichas tasas es<span>\u00a0<\/span><span>del 26 de junio al 2 de julio.\u00a0<\/span>Una vez realizado el pago a trav\u00e9s de tarjeta bancaria \/ recibo bancario en cualquier sucursal del Banco Santander se deber\u00e1 devolver el comprobante al instituto a trav\u00e9s del correo electr\u00f3nico arriba mencionado .<\/p>\n<table border=\"1\" cellspacing=\"0\" cellpadding=\"0\" width=\"557\">\n<tbody>\n<tr>\n<td>\n<p><strong>Tipo de tasa<\/strong><\/p>\n<\/td>\n<td>\n<p><strong>Fase de Acceso<\/strong><\/p>\n<\/td>\n<td>\n<p><strong>Fase de admisi\u00f3n<\/strong><\/p>\n<\/td>\n<\/tr>\n<tr>\n<td width=\"192\" valign=\"top\">\n<p>Ordinaria<\/p>\n<\/td>\n<td width=\"192\" valign=\"top\">\n<p>58,70 \u20ac<\/p>\n<\/td>\n<td width=\"192\" valign=\"top\">\n<p>14,70 \u20ac por cada materia<\/p>\n<\/td>\n<\/tr>\n<tr>\n<td width=\"192\" valign=\"top\">\n<p>Familia Numerosa (General)<\/p>\n<\/td>\n<td width=\"192\" valign=\"top\">\n<p>29,35 \u20ac<\/p>\n<\/td>\n<td width=\"192\" valign=\"top\">\n<p>7,35 \u20ac por cada materia<\/p>\n<\/td>\n<\/tr>\n<tr>\n<td width=\"192\" valign=\"top\">\n<p>Familia Numerosa (Especial)<\/p>\n<\/td>\n<td width=\"192\" valign=\"top\">\n<p>0 \u20ac<\/p>\n<\/td>\n<td width=\"192\" valign=\"top\">\n<p>0 \u20ac<\/p>\n<\/td>\n<\/tr>\n<tr>\n<td width=\"192\" valign=\"top\">\n<p>Alumnos con minusval\u00eda<\/p>\n<\/td>\n<td width=\"192\" valign=\"top\">\n<p>0 \u20ac<\/p>\n<\/td>\n<td width=\"192\" valign=\"top\">\n<p>0 \u20ac<\/p>\n<\/td>\n<\/tr>\n<\/tbody>\n<\/table>\n<p>* La Matr\u00edcula de Honor no da derecho a exenci\u00f3n de pago de tasas de PEvAU.<\/p>\n<p><strong>Para realizar la PEvAU es necesario llevar a los ex\u00e1menes:<\/strong><\/p>\n<p>&#8211; La<span>\u00a0<\/span><strong>tarjeta PEvAU<\/strong><span>\u00a0<\/span>(folio A4 apaisado)<\/p>\n<p>&#8211;<span>\u00a0<\/span><strong>DNI<\/strong>\/Pasaporte o documento oficial acreditativo de la identidad<\/p>\n<p>-Seguir estrictamente el Protocolo de Actuaci\u00f3n previsto por la situaci\u00f3n derivada por COVID19<\/p>\n<p><a title=\"Tr\u00e1mites en las PEvAU\" href=\"http:\/\/www.juntadeandalucia.es\/averroes\/centros-tic\/11701140\/helvia\/sitio\/upload\/tramites_pevau.pdf\" target=\"_blank\" rel=\"noopener noreferrer\"><strong>Mejora de nota:<\/strong><\/a><\/p>\n<p>El alumnado que se matricule para \u201cMEJORA DE\u00a0 NOTA\u201d deber\u00e1 presentar \u00fanicamente\u00a0 la\u00a0 inscripci\u00f3n \u00a0 cumplimentada\u00a0 (no\u00a0 hace\u00a0 falta\u00a0 adjuntar\u00a0 tarjetas\u00a0 de\u00a0 calificaciones\u00a0 de convocatorias anteriores) que puede \u00a0encontrar en el siguiente enlace<span>\u00a0<\/span><a href=\"http:\/\/webacceso.uca.es\/bachillerato\/inscripcion-a-la-prueba\">http:\/\/webacceso.uca.es\/bachillerato\/inscripcion-a-la-prueba<\/a>, foto y fotocopia del Modelo 046 que acredite haber abonado las tasas para la expedici\u00f3n del T\u00edtulo de Bachillerato. Toda esta documentaci\u00f3n nos la har\u00e1n llegar al centro a trav\u00e9s del correo electr\u00f3nico ya mencionado<\/p>\n<p>&nbsp;<\/p>\n<p>Para m\u00e1s informaci\u00f3n consulte el siguiente enlace<\/p>\n<p><a href=\"http:\/\/webacceso.uca.es\/bachillerato\">http:\/\/webacceso.uca.es\/bachillerato<\/a><\/p>\n<\/div>\n<p>[\/et_pb_text][\/et_pb_column][\/et_pb_row][et_pb_row column_structure=&#8221;1_3,1_3,1_3&#8243; _builder_version=&#8221;3.25&#8243; background_size=&#8221;initial&#8221; background_position=&#8221;top_left&#8221; background_repeat=&#8221;repeat&#8221;][et_pb_column type=&#8221;1_3&#8243; _builder_version=&#8221;3.0.47&#8243; custom_padding=&#8221;|||&#8221; custom_padding__hover=&#8221;|||&#8221;][et_pb_blurb title=&#8221;Innovaci\u00f3n&#8221; use_icon=&#8221;on&#8221; font_icon=&#8221;%%121%%&#8221; use_circle=&#8221;on&#8221; circle_color=&#8221;#5d58ef&#8221; admin_label=&#8221;Informaci\u00f3n sobre innovaci\u00f3n (icono, titulo y texto)&#8221; _builder_version=&#8221;3.23.3&#8243; text_orientation=&#8221;center&#8221; z_index_tablet=&#8221;500&#8243; header_text_shadow_horizontal_length_tablet=&#8221;0px&#8221; header_text_shadow_vertical_length_tablet=&#8221;0px&#8221; header_text_shadow_blur_strength_tablet=&#8221;1px&#8221; body_text_shadow_horizontal_length_tablet=&#8221;0px&#8221; body_text_shadow_vertical_length_tablet=&#8221;0px&#8221; body_text_shadow_blur_strength_tablet=&#8221;1px&#8221; body_link_text_shadow_horizontal_length_tablet=&#8221;0px&#8221; body_link_text_shadow_vertical_length_tablet=&#8221;0px&#8221; body_link_text_shadow_blur_strength_tablet=&#8221;1px&#8221; body_ul_text_shadow_horizontal_length_tablet=&#8221;0px&#8221; body_ul_text_shadow_vertical_length_tablet=&#8221;0px&#8221; body_ul_text_shadow_blur_strength_tablet=&#8221;1px&#8221; body_ol_text_shadow_horizontal_length_tablet=&#8221;0px&#8221; body_ol_text_shadow_vertical_length_tablet=&#8221;0px&#8221; body_ol_text_shadow_blur_strength_tablet=&#8221;1px&#8221; body_quote_text_shadow_horizontal_length_tablet=&#8221;0px&#8221; body_quote_text_shadow_vertical_length_tablet=&#8221;0px&#8221; body_quote_text_shadow_blur_strength_tablet=&#8221;1px&#8221; box_shadow_horizontal_tablet=&#8221;0px&#8221; box_shadow_vertical_tablet=&#8221;0px&#8221; box_shadow_blur_tablet=&#8221;40px&#8221; box_shadow_spread_tablet=&#8221;0px&#8221; box_shadow_horizontal_image_tablet=&#8221;0px&#8221; box_shadow_vertical_image_tablet=&#8221;0px&#8221; box_shadow_blur_image_tablet=&#8221;40px&#8221; box_shadow_spread_image_tablet=&#8221;0px&#8221; text_shadow_horizontal_length_tablet=&#8221;0px&#8221; text_shadow_vertical_length_tablet=&#8221;0px&#8221; text_shadow_blur_strength_tablet=&#8221;1px&#8221;]<\/p>\n<p>Nuevas tecnolog\u00edas en el centro<\/p>\n<p>[\/et_pb_blurb][\/et_pb_column][et_pb_column type=&#8221;1_3&#8243; _builder_version=&#8221;3.0.47&#8243; custom_padding=&#8221;|||&#8221; custom_padding__hover=&#8221;|||&#8221;][et_pb_blurb title=&#8221;centro biling\u00fce&#8221; use_icon=&#8221;on&#8221; font_icon=&#8221;%%289%%&#8221; use_circle=&#8221;on&#8221; circle_color=&#8221;#ff236c&#8221; admin_label=&#8221;Informaci\u00f3n sobre centro biling\u00fce (icono, titulo y texto)&#8221; _builder_version=&#8221;4.5.0&#8243; text_orientation=&#8221;center&#8221; z_index_tablet=&#8221;500&#8243; header_text_shadow_horizontal_length_tablet=&#8221;0px&#8221; header_text_shadow_vertical_length_tablet=&#8221;0px&#8221; header_text_shadow_blur_strength_tablet=&#8221;1px&#8221; body_text_shadow_horizontal_length_tablet=&#8221;0px&#8221; body_text_shadow_vertical_length_tablet=&#8221;0px&#8221; body_text_shadow_blur_strength_tablet=&#8221;1px&#8221; body_link_text_shadow_horizontal_length_tablet=&#8221;0px&#8221; body_link_text_shadow_vertical_length_tablet=&#8221;0px&#8221; body_link_text_shadow_blur_strength_tablet=&#8221;1px&#8221; body_ul_text_shadow_horizontal_length_tablet=&#8221;0px&#8221; body_ul_text_shadow_vertical_length_tablet=&#8221;0px&#8221; body_ul_text_shadow_blur_strength_tablet=&#8221;1px&#8221; body_ol_text_shadow_horizontal_length_tablet=&#8221;0px&#8221; body_ol_text_shadow_vertical_length_tablet=&#8221;0px&#8221; body_ol_text_shadow_blur_strength_tablet=&#8221;1px&#8221; body_quote_text_shadow_horizontal_length_tablet=&#8221;0px&#8221; body_quote_text_shadow_vertical_length_tablet=&#8221;0px&#8221; body_quote_text_shadow_blur_strength_tablet=&#8221;1px&#8221; box_shadow_horizontal_tablet=&#8221;0px&#8221; box_shadow_vertical_tablet=&#8221;0px&#8221; box_shadow_blur_tablet=&#8221;40px&#8221; box_shadow_spread_tablet=&#8221;0px&#8221; box_shadow_horizontal_image_tablet=&#8221;0px&#8221; box_shadow_vertical_image_tablet=&#8221;0px&#8221; box_shadow_blur_image_tablet=&#8221;40px&#8221; box_shadow_spread_image_tablet=&#8221;0px&#8221; text_shadow_horizontal_length_tablet=&#8221;0px&#8221; text_shadow_vertical_length_tablet=&#8221;0px&#8221; text_shadow_blur_strength_tablet=&#8221;1px&#8221;]<\/p>\n<p>Impartimos las materias en Ingl\u00e9s y Castellano<\/p>\n<p>[\/et_pb_blurb][et_pb_blurb title=&#8221;centro biling\u00fce&#8221; use_icon=&#8221;on&#8221; font_icon=&#8221;%%289%%&#8221; use_circle=&#8221;on&#8221; circle_color=&#8221;#ff236c&#8221; admin_label=&#8221;Informaci\u00f3n sobre centro biling\u00fce (icono, titulo y texto)&#8221; _builder_version=&#8221;4.5.0&#8243; text_orientation=&#8221;center&#8221; z_index_tablet=&#8221;500&#8243; header_text_shadow_horizontal_length_tablet=&#8221;0px&#8221; header_text_shadow_vertical_length_tablet=&#8221;0px&#8221; header_text_shadow_blur_strength_tablet=&#8221;1px&#8221; body_text_shadow_horizontal_length_tablet=&#8221;0px&#8221; body_text_shadow_vertical_length_tablet=&#8221;0px&#8221; body_text_shadow_blur_strength_tablet=&#8221;1px&#8221; body_link_text_shadow_horizontal_length_tablet=&#8221;0px&#8221; body_link_text_shadow_vertical_length_tablet=&#8221;0px&#8221; body_link_text_shadow_blur_strength_tablet=&#8221;1px&#8221; body_ul_text_shadow_horizontal_length_tablet=&#8221;0px&#8221; body_ul_text_shadow_vertical_length_tablet=&#8221;0px&#8221; body_ul_text_shadow_blur_strength_tablet=&#8221;1px&#8221; body_ol_text_shadow_horizontal_length_tablet=&#8221;0px&#8221; body_ol_text_shadow_vertical_length_tablet=&#8221;0px&#8221; body_ol_text_shadow_blur_strength_tablet=&#8221;1px&#8221; body_quote_text_shadow_horizontal_length_tablet=&#8221;0px&#8221; body_quote_text_shadow_vertical_length_tablet=&#8221;0px&#8221; body_quote_text_shadow_blur_strength_tablet=&#8221;1px&#8221; box_shadow_horizontal_tablet=&#8221;0px&#8221; box_shadow_vertical_tablet=&#8221;0px&#8221; box_shadow_blur_tablet=&#8221;40px&#8221; box_shadow_spread_tablet=&#8221;0px&#8221; box_shadow_horizontal_image_tablet=&#8221;0px&#8221; box_shadow_vertical_image_tablet=&#8221;0px&#8221; box_shadow_blur_image_tablet=&#8221;40px&#8221; box_shadow_spread_image_tablet=&#8221;0px&#8221; text_shadow_horizontal_length_tablet=&#8221;0px&#8221; text_shadow_vertical_length_tablet=&#8221;0px&#8221; text_shadow_blur_strength_tablet=&#8221;1px&#8221;]<\/p>\n<p>Impartimos las materias en Ingl\u00e9s y Castellano<\/p>\n<p>[\/et_pb_blurb][\/et_pb_column][et_pb_column type=&#8221;1_3&#8243; _builder_version=&#8221;3.0.47&#8243; custom_padding=&#8221;|||&#8221; custom_padding__hover=&#8221;|||&#8221;][et_pb_blurb title=&#8221;Contacta&#8221; use_icon=&#8221;on&#8221; font_icon=&#8221;%%153%%&#8221; use_circle=&#8221;on&#8221; circle_color=&#8221;#ffc259&#8243; admin_label=&#8221;Informaci\u00f3n de contacto (icono, titulo y texto)&#8221; _builder_version=&#8221;3.23.3&#8243; text_orientation=&#8221;center&#8221; z_index_tablet=&#8221;500&#8243; header_text_shadow_horizontal_length_tablet=&#8221;0px&#8221; header_text_shadow_vertical_length_tablet=&#8221;0px&#8221; header_text_shadow_blur_strength_tablet=&#8221;1px&#8221; body_text_shadow_horizontal_length_tablet=&#8221;0px&#8221; body_text_shadow_vertical_length_tablet=&#8221;0px&#8221; body_text_shadow_blur_strength_tablet=&#8221;1px&#8221; body_link_text_shadow_horizontal_length_tablet=&#8221;0px&#8221; body_link_text_shadow_vertical_length_tablet=&#8221;0px&#8221; body_link_text_shadow_blur_strength_tablet=&#8221;1px&#8221; body_ul_text_shadow_horizontal_length_tablet=&#8221;0px&#8221; body_ul_text_shadow_vertical_length_tablet=&#8221;0px&#8221; body_ul_text_shadow_blur_strength_tablet=&#8221;1px&#8221; body_ol_text_shadow_horizontal_length_tablet=&#8221;0px&#8221; body_ol_text_shadow_vertical_length_tablet=&#8221;0px&#8221; body_ol_text_shadow_blur_strength_tablet=&#8221;1px&#8221; body_quote_text_shadow_horizontal_length_tablet=&#8221;0px&#8221; body_quote_text_shadow_vertical_length_tablet=&#8221;0px&#8221; body_quote_text_shadow_blur_strength_tablet=&#8221;1px&#8221; box_shadow_horizontal_tablet=&#8221;0px&#8221; box_shadow_vertical_tablet=&#8221;0px&#8221; box_shadow_blur_tablet=&#8221;40px&#8221; box_shadow_spread_tablet=&#8221;0px&#8221; box_shadow_horizontal_image_tablet=&#8221;0px&#8221; box_shadow_vertical_image_tablet=&#8221;0px&#8221; box_shadow_blur_image_tablet=&#8221;40px&#8221; box_shadow_spread_image_tablet=&#8221;0px&#8221; text_shadow_horizontal_length_tablet=&#8221;0px&#8221; text_shadow_vertical_length_tablet=&#8221;0px&#8221; text_shadow_blur_strength_tablet=&#8221;1px&#8221;]<\/p>\n<p>Tenemos abierto nuestro buz\u00f3n de sugerencias<\/p>\n<p>[\/et_pb_blurb][\/et_pb_column][\/et_pb_row][\/et_pb_section]<\/p>\n","protected":false},"excerpt":{"rendered":"<p>Matriculaci\u00f3n en las Pruevas de Evaluaci\u00f3n de Acceso y Admisi\u00f3n a la UCA Julio \u00a02020 El alumnado que haya aprobado todas las asignaturas de Bachillerato puede matricularse en las Pruebas de Evaluaci\u00f3n de Acceso y Admisi\u00f3n a la Universidad enviando toda la documentaci\u00f3n a presentar al siguiente correo electr\u00f3nico\u00a0secretaria.sofia.jerez@gmail.com\u00a0\u00a0del\u00a018 al\u00a0 23 de junio, seg\u00fan la [&hellip;]<\/p>\n","protected":false},"author":12560,"featured_media":0,"parent":0,"menu_order":0,"comment_status":"closed","ping_status":"closed","template":"","meta":{"_et_pb_use_builder":"on","_et_pb_old_content":"","_et_gb_content_width":"","ngg_post_thumbnail":0,"footnotes":""},"aioseo_notices":[],"_links":{"self":[{"href":"https:\/\/blogsaverroes.juntadeandalucia.es\/iessofia\/wp-json\/wp\/v2\/pages\/840"}],"collection":[{"href":"https:\/\/blogsaverroes.juntadeandalucia.es\/iessofia\/wp-json\/wp\/v2\/pages"}],"about":[{"href":"https:\/\/blogsaverroes.juntadeandalucia.es\/iessofia\/wp-json\/wp\/v2\/types\/page"}],"author":[{"embeddable":true,"href":"https:\/\/blogsaverroes.juntadeandalucia.es\/iessofia\/wp-json\/wp\/v2\/users\/12560"}],"replies":[{"embeddable":true,"href":"https:\/\/blogsaverroes.juntadeandalucia.es\/iessofia\/wp-json\/wp\/v2\/comments?post=840"}],"version-history":[{"count":4,"href":"https:\/\/blogsaverroes.juntadeandalucia.es\/iessofia\/wp-json\/wp\/v2\/pages\/840\/revisions"}],"predecessor-version":[{"id":846,"href":"https:\/\/blogsaverroes.juntadeandalucia.es\/iessofia\/wp-json\/wp\/v2\/pages\/840\/revisions\/846"}],"wp:attachment":[{"href":"https:\/\/blogsaverroes.juntadeandalucia.es\/iessofia\/wp-json\/wp\/v2\/media?parent=840"}],"curies":[{"name":"wp","href":"https:\/\/api.w.org\/{rel}","templated":true}]}}