{"id":862,"date":"2021-03-15T14:23:48","date_gmt":"2021-03-15T13:23:48","guid":{"rendered":"https:\/\/blogsaverroes.juntadeandalucia.es\/iessofia\/?page_id=862"},"modified":"2025-05-20T08:58:57","modified_gmt":"2025-05-20T07:58:57","slug":"consejo-escolar-2","status":"publish","type":"page","link":"https:\/\/blogsaverroes.juntadeandalucia.es\/iessofia\/consejo-escolar-2\/","title":{"rendered":"Consejo Escolar"},"content":{"rendered":"<p>[et_pb_section fb_built=&#8221;1&#8243; _builder_version=&#8221;4.16&#8243; global_colors_info=&#8221;{}&#8221;][et_pb_row _builder_version=&#8221;4.16&#8243; background_size=&#8221;initial&#8221; background_position=&#8221;top_left&#8221; background_repeat=&#8221;repeat&#8221; custom_padding=&#8221;0px|||||&#8221; global_colors_info=&#8221;{}&#8221;][et_pb_column type=&#8221;4_4&#8243; _builder_version=&#8221;4.16&#8243; custom_padding=&#8221;|||&#8221; global_colors_info=&#8221;{}&#8221; custom_padding__hover=&#8221;|||&#8221;][et_pb_image src=&#8221;https:\/\/blogsaverroes.juntadeandalucia.es\/iessofia\/files\/2021\/03\/consejo-escolar-scaled.jpg&#8221; title_text=&#8221;consejo escolar&#8221; admin_label=&#8221;Imagen de la portada&#8221; _builder_version=&#8221;4.16&#8243; vertical_offset_tablet=&#8221;0&#8243; horizontal_offset_tablet=&#8221;0&#8243; custom_margin=&#8221;1px|||||&#8221; z_index_tablet=&#8221;500&#8243; box_shadow_horizontal_tablet=&#8221;0px&#8221; box_shadow_vertical_tablet=&#8221;0px&#8221; box_shadow_blur_tablet=&#8221;40px&#8221; box_shadow_spread_tablet=&#8221;0px&#8221; global_colors_info=&#8221;{}&#8221;][\/et_pb_image][et_pb_text admin_label=&#8221;Texto descriptivo&#8221; _builder_version=&#8221;4.24.2&#8243; hover_enabled=&#8221;0&#8243; z_index_tablet=&#8221;500&#8243; text_text_shadow_horizontal_length_tablet=&#8221;0px&#8221; text_text_shadow_vertical_length_tablet=&#8221;0px&#8221; text_text_shadow_blur_strength_tablet=&#8221;1px&#8221; link_text_shadow_horizontal_length_tablet=&#8221;0px&#8221; link_text_shadow_vertical_length_tablet=&#8221;0px&#8221; link_text_shadow_blur_strength_tablet=&#8221;1px&#8221; ul_text_shadow_horizontal_length_tablet=&#8221;0px&#8221; ul_text_shadow_vertical_length_tablet=&#8221;0px&#8221; ul_text_shadow_blur_strength_tablet=&#8221;1px&#8221; ol_text_shadow_horizontal_length_tablet=&#8221;0px&#8221; ol_text_shadow_vertical_length_tablet=&#8221;0px&#8221; ol_text_shadow_blur_strength_tablet=&#8221;1px&#8221; quote_text_shadow_horizontal_length_tablet=&#8221;0px&#8221; quote_text_shadow_vertical_length_tablet=&#8221;0px&#8221; quote_text_shadow_blur_strength_tablet=&#8221;1px&#8221; header_text_shadow_horizontal_length_tablet=&#8221;0px&#8221; header_text_shadow_vertical_length_tablet=&#8221;0px&#8221; header_text_shadow_blur_strength_tablet=&#8221;1px&#8221; header_2_text_shadow_horizontal_length_tablet=&#8221;0px&#8221; header_2_text_shadow_vertical_length_tablet=&#8221;0px&#8221; header_2_text_shadow_blur_strength_tablet=&#8221;1px&#8221; header_3_text_shadow_horizontal_length_tablet=&#8221;0px&#8221; header_3_text_shadow_vertical_length_tablet=&#8221;0px&#8221; header_3_text_shadow_blur_strength_tablet=&#8221;1px&#8221; header_4_text_shadow_horizontal_length_tablet=&#8221;0px&#8221; header_4_text_shadow_vertical_length_tablet=&#8221;0px&#8221; header_4_text_shadow_blur_strength_tablet=&#8221;1px&#8221; header_5_text_shadow_horizontal_length_tablet=&#8221;0px&#8221; header_5_text_shadow_vertical_length_tablet=&#8221;0px&#8221; header_5_text_shadow_blur_strength_tablet=&#8221;1px&#8221; header_6_text_shadow_horizontal_length_tablet=&#8221;0px&#8221; header_6_text_shadow_vertical_length_tablet=&#8221;0px&#8221; header_6_text_shadow_blur_strength_tablet=&#8221;1px&#8221; box_shadow_horizontal_tablet=&#8221;0px&#8221; box_shadow_vertical_tablet=&#8221;0px&#8221; box_shadow_blur_tablet=&#8221;40px&#8221; box_shadow_spread_tablet=&#8221;0px&#8221; global_colors_info=&#8221;{}&#8221; sticky_enabled=&#8221;0&#8243;]<\/p>\n<h3 id=\"tituloItem\" class=\"blockTituloItem\"><strong>Composici\u00f3n del Consejo Escolar<\/strong><\/h3>\n<div id=\"contenido_sitio\">\n<p>&nbsp;<\/p>\n<p><strong>Fecha de constituci\u00f3n: 10 de diciembre de 2024.<\/strong>&nbsp;<\/p>\n<p>&nbsp;<\/p>\n<h2>&nbsp;<\/h2>\n<table style=\"width: 53.997%;height: 516px\" border=\"0\" width=\"560\" rules=\"NONE\" cellspacing=\"0\">\n<colgroup>\n<col width=\"192\">\n<col width=\"493\"><\/colgroup>\n<tbody>\n<tr style=\"height: 23px\">\n<td style=\"width: 32.3214%;height: 23px\" align=\"LEFT\" bgcolor=\"#CCCCCC\" width=\"192\" height=\"17\"><strong>Sector<\/strong><\/td>\n<td style=\"width: 67.5%;height: 23px\" align=\"LEFT\" bgcolor=\"#CCCCCC\" width=\"493\"><strong>Consejero \/ Consejera<\/strong><\/td>\n<\/tr>\n<tr style=\"height: 23px\">\n<td style=\"width: 32.3214%;height: 23px\" align=\"LEFT\" height=\"17\">Equipo Directivo<\/td>\n<td style=\"width: 67.5%;height: 23px\" align=\"LEFT\">Jos\u00e9 Manuel Mu\u00f1oz S\u00e1nchez (DIRECTOR\/A)<\/td>\n<\/tr>\n<tr style=\"height: 23px\">\n<td style=\"width: 32.3214%;height: 23px\" align=\"LEFT\" height=\"17\">Equipo Directivo<\/td>\n<td style=\"width: 67.5%;height: 23px\" align=\"LEFT\">Ver\u00f3nica Barroso Serna (JEFE DE ESTUDIOS)<\/td>\n<\/tr>\n<tr style=\"height: 23px\">\n<td style=\"width: 32.3214%;height: 23px\" align=\"LEFT\" height=\"17\">Equipo Directivo<\/td>\n<td style=\"width: 67.5%;height: 23px\" align=\"LEFT\">Rivero Arcauz, Nieves (SECRETARIA)<\/td>\n<\/tr>\n<tr style=\"height: 23px\">\n<td style=\"width: 32.3214%;height: 23px\" align=\"LEFT\" height=\"17\">Profesorado<\/td>\n<td style=\"width: 67.5%;height: 23px\" align=\"LEFT\">Elena Gasc\u00f3 Gavil\u00e1n<\/td>\n<\/tr>\n<tr style=\"height: 23px\">\n<td style=\"width: 32.3214%;height: 23px\" align=\"LEFT\" height=\"17\">Profesorado<\/td>\n<td style=\"width: 67.5%;height: 23px\" align=\"LEFT\">Rosa Cano Paredes<\/td>\n<\/tr>\n<tr style=\"height: 23px\">\n<td style=\"width: 32.3214%;height: 23px\" align=\"LEFT\" height=\"17\">Profesorado<\/td>\n<td style=\"width: 67.5%;height: 23px\" align=\"LEFT\">Ana Isabel Ferrer Mill\u00e1n<\/td>\n<\/tr>\n<tr style=\"height: 23px\">\n<td style=\"width: 32.3214%;height: 23px\" align=\"LEFT\" height=\"17\">Profesorado<\/td>\n<td style=\"width: 67.5%;height: 23px\" align=\"LEFT\">Francisco Javier Garc\u00eda Rinc\u00f3n<\/td>\n<\/tr>\n<tr style=\"height: 23px\">\n<td style=\"width: 32.3214%;height: 23px\" align=\"LEFT\" height=\"17\">Profesorado<\/td>\n<td style=\"width: 67.5%;height: 23px\" align=\"LEFT\">Olalla Mart\u00edn Vaquero<\/td>\n<\/tr>\n<tr style=\"height: 23px\">\n<td style=\"width: 32.3214%;height: 23px\" align=\"LEFT\" height=\"17\">Profesorado<\/td>\n<td style=\"width: 67.5%;height: 23px\" align=\"LEFT\">Juan Miguel Blanes Guerrero<\/td>\n<\/tr>\n<tr style=\"height: 23px\">\n<td style=\"width: 32.3214%;height: 23px\" align=\"LEFT\" height=\"17\">Profesorado<\/td>\n<td style=\"width: 67.5%;height: 23px\" align=\"LEFT\">Mar\u00eda Boyano de la Fuente<\/td>\n<\/tr>\n<tr style=\"height: 23px\">\n<td style=\"width: 32.3214%;height: 23px\" align=\"LEFT\" height=\"17\">Profesorado<\/td>\n<td style=\"width: 67.5%;height: 23px\" align=\"LEFT\">Emilio Romero Molina<\/td>\n<\/tr>\n<tr style=\"height: 23px\">\n<td style=\"width: 32.3214%;height: 23px\" align=\"LEFT\" height=\"17\">Madres\/Padres\/Tutores<\/td>\n<td style=\"width: 67.5%;height: 23px\" align=\"LEFT\">Patricia Vega Bello<\/td>\n<\/tr>\n<tr style=\"height: 23px\">\n<td style=\"width: 32.3214%;height: 23px\" align=\"LEFT\" height=\"17\">Madres\/Padres\/Tutores<\/td>\n<td style=\"width: 67.5%;height: 23px\" align=\"LEFT\">M\u00aa Angeles Garc\u00eda Soage<\/td>\n<\/tr>\n<tr style=\"height: 23px\">\n<td style=\"width: 32.3214%;height: 23px\" align=\"LEFT\" height=\"17\">Madres\/Padres\/Tutores<\/td>\n<td style=\"width: 67.5%;height: 23px\" align=\"LEFT\">F\u00e9lix Yamuza Gonz\u00e1lez<\/td>\n<\/tr>\n<tr style=\"height: 23px\">\n<td style=\"width: 32.3214%;height: 23px\" align=\"LEFT\" height=\"17\">Madres\/Padres\/Tutores<\/td>\n<td style=\"width: 67.5%;height: 23px\" align=\"LEFT\">Almudena Segura Rom\u00e1n<\/td>\n<\/tr>\n<tr style=\"height: 10px\">\n<td style=\"width: 32.3214%;height: 10px\" align=\"LEFT\" height=\"17\">&nbsp;<\/td>\n<td style=\"width: 67.5%;height: 10px\" align=\"LEFT\">&nbsp;<\/td>\n<\/tr>\n<tr style=\"height: 23px\">\n<td style=\"width: 32.3214%;height: 23px\" align=\"LEFT\" height=\"17\">Alumnado<\/td>\n<td style=\"width: 67.5%;height: 23px\" align=\"LEFT\">Marta Rom\u00e1n S\u00e1nchez<\/td>\n<\/tr>\n<tr style=\"height: 23px\">\n<td style=\"width: 32.3214%;height: 23px\" align=\"LEFT\" height=\"17\">Alumnado<\/td>\n<td style=\"width: 67.5%;height: 23px\" align=\"LEFT\">David Mercado Romo<\/td>\n<\/tr>\n<tr style=\"height: 23px\">\n<td style=\"width: 32.3214%;height: 23px\" align=\"LEFT\" height=\"17\">Alumnado<\/td>\n<td style=\"width: 67.5%;height: 23px\" align=\"LEFT\">Julia Ramos Morales<\/td>\n<\/tr>\n<tr style=\"height: 23px\">\n<td style=\"width: 32.3214%;height: 23px\" align=\"LEFT\" height=\"17\">Alumnado<\/td>\n<td style=\"width: 67.5%;height: 23px\" align=\"LEFT\">Mar\u00eda Casaleiro Sierra<\/td>\n<\/tr>\n<tr style=\"height: 23px\">\n<td style=\"width: 32.3214%;height: 23px\" align=\"LEFT\" height=\"17\">Alumnado<\/td>\n<td style=\"width: 67.5%;height: 23px\" align=\"LEFT\">Berta Ferral Vel\u00e1zquez-Gaztelu<\/td>\n<\/tr>\n<tr style=\"height: 23px\">\n<td style=\"width: 32.3214%;height: 23px\" align=\"LEFT\" height=\"17\">P.A.S.<\/td>\n<td style=\"width: 67.5%;height: 23px\" align=\"LEFT\">Sonia Villegas Garc\u00eda<\/td>\n<\/tr>\n<\/tbody>\n<\/table>\n<\/div>\n<div>&nbsp;<\/div>\n<p>[\/et_pb_text][\/et_pb_column][\/et_pb_row][et_pb_row column_structure=&#8221;1_3,1_3,1_3&#8243; _builder_version=&#8221;4.16&#8243; background_size=&#8221;initial&#8221; background_position=&#8221;top_left&#8221; background_repeat=&#8221;repeat&#8221; global_colors_info=&#8221;{}&#8221;][et_pb_column type=&#8221;1_3&#8243; _builder_version=&#8221;4.16&#8243; custom_padding=&#8221;|||&#8221; global_colors_info=&#8221;{}&#8221; custom_padding__hover=&#8221;|||&#8221;][et_pb_blurb title=&#8221;Innovaci\u00f3n&#8221; use_icon=&#8221;on&#8221; font_icon=&#8221;&#xe01c;||divi||400&#8243; image_icon_background_color=&#8221;#5d58ef&#8221; image_icon_width=&#8221;48px&#8221; admin_label=&#8221;Informaci\u00f3n sobre innovaci\u00f3n (icono, titulo y texto)&#8221; _builder_version=&#8221;4.16&#8243; image_icon_custom_padding=&#8221;25px|25px|25px|25px|false|false&#8221; text_orientation=&#8221;center&#8221; z_index_tablet=&#8221;500&#8243; header_text_shadow_horizontal_length_tablet=&#8221;0px&#8221; header_text_shadow_vertical_length_tablet=&#8221;0px&#8221; header_text_shadow_blur_strength_tablet=&#8221;1px&#8221; body_text_shadow_horizontal_length_tablet=&#8221;0px&#8221; body_text_shadow_vertical_length_tablet=&#8221;0px&#8221; body_text_shadow_blur_strength_tablet=&#8221;1px&#8221; body_link_text_shadow_horizontal_length_tablet=&#8221;0px&#8221; body_link_text_shadow_vertical_length_tablet=&#8221;0px&#8221; body_link_text_shadow_blur_strength_tablet=&#8221;1px&#8221; body_ul_text_shadow_horizontal_length_tablet=&#8221;0px&#8221; body_ul_text_shadow_vertical_length_tablet=&#8221;0px&#8221; body_ul_text_shadow_blur_strength_tablet=&#8221;1px&#8221; body_ol_text_shadow_horizontal_length_tablet=&#8221;0px&#8221; body_ol_text_shadow_vertical_length_tablet=&#8221;0px&#8221; body_ol_text_shadow_blur_strength_tablet=&#8221;1px&#8221; body_quote_text_shadow_horizontal_length_tablet=&#8221;0px&#8221; body_quote_text_shadow_vertical_length_tablet=&#8221;0px&#8221; body_quote_text_shadow_blur_strength_tablet=&#8221;1px&#8221; border_radii_image=&#8221;on|100%|100%|100%|100%&#8221; box_shadow_horizontal_tablet=&#8221;0px&#8221; box_shadow_vertical_tablet=&#8221;0px&#8221; box_shadow_blur_tablet=&#8221;40px&#8221; box_shadow_spread_tablet=&#8221;0px&#8221; box_shadow_horizontal_image_tablet=&#8221;0px&#8221; box_shadow_vertical_image_tablet=&#8221;0px&#8221; box_shadow_blur_image_tablet=&#8221;40px&#8221; box_shadow_spread_image_tablet=&#8221;0px&#8221; text_shadow_horizontal_length_tablet=&#8221;0px&#8221; text_shadow_vertical_length_tablet=&#8221;0px&#8221; text_shadow_blur_strength_tablet=&#8221;1px&#8221; use_circle=&#8221;on&#8221; circle_color=&#8221;#5d58ef&#8221; global_colors_info=&#8221;{}&#8221; image_icon_background_color__sticky_enabled=&#8221;#241f59&#8243; image_icon_background_color__sticky=&#8221;#241f59&#8243;]<\/p>\n<p>Nuevas tecnolog\u00edas en el centro<\/p>\n<p>[\/et_pb_blurb][\/et_pb_column][et_pb_column type=&#8221;1_3&#8243; _builder_version=&#8221;4.16&#8243; custom_padding=&#8221;|||&#8221; global_colors_info=&#8221;{}&#8221; custom_padding__hover=&#8221;|||&#8221;][et_pb_blurb title=&#8221;centro biling\u00fce&#8221; use_icon=&#8221;on&#8221; font_icon=&#8221;&#xe0de;||divi||400&#8243; image_icon_background_color=&#8221;#ff236c&#8221; image_icon_width=&#8221;48px&#8221; admin_label=&#8221;Informaci\u00f3n sobre centro biling\u00fce (icono, titulo y texto)&#8221; _builder_version=&#8221;4.16&#8243; image_icon_custom_padding=&#8221;25px|25px|25px|25px|false|false&#8221; text_orientation=&#8221;center&#8221; z_index_tablet=&#8221;500&#8243; header_text_shadow_horizontal_length_tablet=&#8221;0px&#8221; header_text_shadow_vertical_length_tablet=&#8221;0px&#8221; header_text_shadow_blur_strength_tablet=&#8221;1px&#8221; body_text_shadow_horizontal_length_tablet=&#8221;0px&#8221; body_text_shadow_vertical_length_tablet=&#8221;0px&#8221; body_text_shadow_blur_strength_tablet=&#8221;1px&#8221; body_link_text_shadow_horizontal_length_tablet=&#8221;0px&#8221; body_link_text_shadow_vertical_length_tablet=&#8221;0px&#8221; body_link_text_shadow_blur_strength_tablet=&#8221;1px&#8221; body_ul_text_shadow_horizontal_length_tablet=&#8221;0px&#8221; body_ul_text_shadow_vertical_length_tablet=&#8221;0px&#8221; body_ul_text_shadow_blur_strength_tablet=&#8221;1px&#8221; body_ol_text_shadow_horizontal_length_tablet=&#8221;0px&#8221; body_ol_text_shadow_vertical_length_tablet=&#8221;0px&#8221; body_ol_text_shadow_blur_strength_tablet=&#8221;1px&#8221; body_quote_text_shadow_horizontal_length_tablet=&#8221;0px&#8221; body_quote_text_shadow_vertical_length_tablet=&#8221;0px&#8221; body_quote_text_shadow_blur_strength_tablet=&#8221;1px&#8221; border_radii_image=&#8221;on|100%|100%|100%|100%&#8221; box_shadow_horizontal_tablet=&#8221;0px&#8221; box_shadow_vertical_tablet=&#8221;0px&#8221; box_shadow_blur_tablet=&#8221;40px&#8221; box_shadow_spread_tablet=&#8221;0px&#8221; box_shadow_horizontal_image_tablet=&#8221;0px&#8221; box_shadow_vertical_image_tablet=&#8221;0px&#8221; box_shadow_blur_image_tablet=&#8221;40px&#8221; box_shadow_spread_image_tablet=&#8221;0px&#8221; text_shadow_horizontal_length_tablet=&#8221;0px&#8221; text_shadow_vertical_length_tablet=&#8221;0px&#8221; text_shadow_blur_strength_tablet=&#8221;1px&#8221; use_circle=&#8221;on&#8221; circle_color=&#8221;#ff236c&#8221; global_colors_info=&#8221;{}&#8221; image_icon_background_color__sticky_enabled=&#8221;#241f59&#8243; image_icon_background_color__sticky=&#8221;#241f59&#8243;]<\/p>\n<p>Impartimos las materias en Ingl\u00e9s y Castellano<\/p>\n<p>[\/et_pb_blurb][et_pb_blurb title=&#8221;centro biling\u00fce&#8221; use_icon=&#8221;on&#8221; font_icon=&#8221;&#xe0de;||divi||400&#8243; image_icon_background_color=&#8221;#ff236c&#8221; image_icon_width=&#8221;48px&#8221; admin_label=&#8221;Informaci\u00f3n sobre centro biling\u00fce (icono, titulo y texto)&#8221; _builder_version=&#8221;4.16&#8243; image_icon_custom_padding=&#8221;25px|25px|25px|25px|false|false&#8221; text_orientation=&#8221;center&#8221; z_index_tablet=&#8221;500&#8243; header_text_shadow_horizontal_length_tablet=&#8221;0px&#8221; header_text_shadow_vertical_length_tablet=&#8221;0px&#8221; header_text_shadow_blur_strength_tablet=&#8221;1px&#8221; body_text_shadow_horizontal_length_tablet=&#8221;0px&#8221; body_text_shadow_vertical_length_tablet=&#8221;0px&#8221; body_text_shadow_blur_strength_tablet=&#8221;1px&#8221; body_link_text_shadow_horizontal_length_tablet=&#8221;0px&#8221; body_link_text_shadow_vertical_length_tablet=&#8221;0px&#8221; body_link_text_shadow_blur_strength_tablet=&#8221;1px&#8221; body_ul_text_shadow_horizontal_length_tablet=&#8221;0px&#8221; body_ul_text_shadow_vertical_length_tablet=&#8221;0px&#8221; body_ul_text_shadow_blur_strength_tablet=&#8221;1px&#8221; body_ol_text_shadow_horizontal_length_tablet=&#8221;0px&#8221; body_ol_text_shadow_vertical_length_tablet=&#8221;0px&#8221; body_ol_text_shadow_blur_strength_tablet=&#8221;1px&#8221; body_quote_text_shadow_horizontal_length_tablet=&#8221;0px&#8221; body_quote_text_shadow_vertical_length_tablet=&#8221;0px&#8221; body_quote_text_shadow_blur_strength_tablet=&#8221;1px&#8221; border_radii_image=&#8221;on|100%|100%|100%|100%&#8221; box_shadow_horizontal_tablet=&#8221;0px&#8221; box_shadow_vertical_tablet=&#8221;0px&#8221; box_shadow_blur_tablet=&#8221;40px&#8221; box_shadow_spread_tablet=&#8221;0px&#8221; box_shadow_horizontal_image_tablet=&#8221;0px&#8221; box_shadow_vertical_image_tablet=&#8221;0px&#8221; box_shadow_blur_image_tablet=&#8221;40px&#8221; box_shadow_spread_image_tablet=&#8221;0px&#8221; text_shadow_horizontal_length_tablet=&#8221;0px&#8221; text_shadow_vertical_length_tablet=&#8221;0px&#8221; text_shadow_blur_strength_tablet=&#8221;1px&#8221; use_circle=&#8221;on&#8221; circle_color=&#8221;#ff236c&#8221; global_colors_info=&#8221;{}&#8221; image_icon_background_color__sticky_enabled=&#8221;#241f59&#8243; image_icon_background_color__sticky=&#8221;#241f59&#8243;]<\/p>\n<p>Impartimos las materias en Ingl\u00e9s y Castellano<\/p>\n<p>[\/et_pb_blurb][\/et_pb_column][et_pb_column type=&#8221;1_3&#8243; _builder_version=&#8221;4.16&#8243; custom_padding=&#8221;|||&#8221; global_colors_info=&#8221;{}&#8221; custom_padding__hover=&#8221;|||&#8221;][et_pb_blurb title=&#8221;Contacta&#8221; use_icon=&#8221;on&#8221; font_icon=&#8221;&#xe010;||divi||400&#8243; image_icon_background_color=&#8221;#ffc259&#8243; image_icon_width=&#8221;48px&#8221; admin_label=&#8221;Informaci\u00f3n de contacto (icono, titulo y texto)&#8221; _builder_version=&#8221;4.16&#8243; image_icon_custom_padding=&#8221;25px|25px|25px|25px|false|false&#8221; text_orientation=&#8221;center&#8221; z_index_tablet=&#8221;500&#8243; header_text_shadow_horizontal_length_tablet=&#8221;0px&#8221; header_text_shadow_vertical_length_tablet=&#8221;0px&#8221; header_text_shadow_blur_strength_tablet=&#8221;1px&#8221; body_text_shadow_horizontal_length_tablet=&#8221;0px&#8221; body_text_shadow_vertical_length_tablet=&#8221;0px&#8221; body_text_shadow_blur_strength_tablet=&#8221;1px&#8221; body_link_text_shadow_horizontal_length_tablet=&#8221;0px&#8221; body_link_text_shadow_vertical_length_tablet=&#8221;0px&#8221; body_link_text_shadow_blur_strength_tablet=&#8221;1px&#8221; body_ul_text_shadow_horizontal_length_tablet=&#8221;0px&#8221; body_ul_text_shadow_vertical_length_tablet=&#8221;0px&#8221; body_ul_text_shadow_blur_strength_tablet=&#8221;1px&#8221; body_ol_text_shadow_horizontal_length_tablet=&#8221;0px&#8221; body_ol_text_shadow_vertical_length_tablet=&#8221;0px&#8221; body_ol_text_shadow_blur_strength_tablet=&#8221;1px&#8221; body_quote_text_shadow_horizontal_length_tablet=&#8221;0px&#8221; body_quote_text_shadow_vertical_length_tablet=&#8221;0px&#8221; body_quote_text_shadow_blur_strength_tablet=&#8221;1px&#8221; border_radii_image=&#8221;on|100%|100%|100%|100%&#8221; box_shadow_horizontal_tablet=&#8221;0px&#8221; box_shadow_vertical_tablet=&#8221;0px&#8221; box_shadow_blur_tablet=&#8221;40px&#8221; box_shadow_spread_tablet=&#8221;0px&#8221; box_shadow_horizontal_image_tablet=&#8221;0px&#8221; box_shadow_vertical_image_tablet=&#8221;0px&#8221; box_shadow_blur_image_tablet=&#8221;40px&#8221; box_shadow_spread_image_tablet=&#8221;0px&#8221; text_shadow_horizontal_length_tablet=&#8221;0px&#8221; text_shadow_vertical_length_tablet=&#8221;0px&#8221; text_shadow_blur_strength_tablet=&#8221;1px&#8221; use_circle=&#8221;on&#8221; circle_color=&#8221;#ffc259&#8243; global_colors_info=&#8221;{}&#8221; image_icon_background_color__sticky_enabled=&#8221;#241f59&#8243; image_icon_background_color__sticky=&#8221;#241f59&#8243;]<\/p>\n<p>Tenemos abierto nuestro buz\u00f3n de sugerencias<\/p>\n<p>[\/et_pb_blurb][\/et_pb_column][\/et_pb_row][\/et_pb_section]<\/p>\n","protected":false},"excerpt":{"rendered":"<p>Composici\u00f3n del Consejo Escolar &nbsp; Fecha de constituci\u00f3n: 10 de diciembre de 2024.&nbsp; &nbsp; &nbsp; Sector Consejero \/ Consejera Equipo Directivo Jos\u00e9 Manuel Mu\u00f1oz S\u00e1nchez (DIRECTOR\/A) Equipo Directivo Ver\u00f3nica Barroso Serna (JEFE DE ESTUDIOS) Equipo Directivo Rivero Arcauz, Nieves (SECRETARIA) Profesorado Elena Gasc\u00f3 Gavil\u00e1n Profesorado Rosa Cano Paredes Profesorado Ana Isabel Ferrer Mill\u00e1n Profesorado Francisco [&hellip;]<\/p>\n","protected":false},"author":12560,"featured_media":0,"parent":0,"menu_order":0,"comment_status":"closed","ping_status":"closed","template":"","meta":{"_et_pb_use_builder":"on","_et_pb_old_content":"","_et_gb_content_width":"","ngg_post_thumbnail":0,"footnotes":""},"aioseo_notices":[],"_links":{"self":[{"href":"https:\/\/blogsaverroes.juntadeandalucia.es\/iessofia\/wp-json\/wp\/v2\/pages\/862"}],"collection":[{"href":"https:\/\/blogsaverroes.juntadeandalucia.es\/iessofia\/wp-json\/wp\/v2\/pages"}],"about":[{"href":"https:\/\/blogsaverroes.juntadeandalucia.es\/iessofia\/wp-json\/wp\/v2\/types\/page"}],"author":[{"embeddable":true,"href":"https:\/\/blogsaverroes.juntadeandalucia.es\/iessofia\/wp-json\/wp\/v2\/users\/12560"}],"replies":[{"embeddable":true,"href":"https:\/\/blogsaverroes.juntadeandalucia.es\/iessofia\/wp-json\/wp\/v2\/comments?post=862"}],"version-history":[{"count":8,"href":"https:\/\/blogsaverroes.juntadeandalucia.es\/iessofia\/wp-json\/wp\/v2\/pages\/862\/revisions"}],"predecessor-version":[{"id":1655,"href":"https:\/\/blogsaverroes.juntadeandalucia.es\/iessofia\/wp-json\/wp\/v2\/pages\/862\/revisions\/1655"}],"wp:attachment":[{"href":"https:\/\/blogsaverroes.juntadeandalucia.es\/iessofia\/wp-json\/wp\/v2\/media?parent=862"}],"curies":[{"name":"wp","href":"https:\/\/api.w.org\/{rel}","templated":true}]}}