{"id":1300,"date":"2024-05-24T10:34:04","date_gmt":"2024-05-24T08:34:04","guid":{"rendered":"https:\/\/blogsaverroes.juntadeandalucia.es\/iessulayr\/?page_id=1300"},"modified":"2024-06-12T10:47:49","modified_gmt":"2024-06-12T08:47:49","slug":"cima","status":"publish","type":"page","link":"https:\/\/blogsaverroes.juntadeandalucia.es\/iessulayr\/cima\/","title":{"rendered":"CIMA"},"content":{"rendered":"<p>[et_pb_section fb_built=&#8221;1&#8243; _builder_version=&#8221;4.24.2&#8243; _module_preset=&#8221;default&#8221; global_colors_info=&#8221;{}&#8221;][et_pb_row column_structure=&#8221;1_2,1_2&#8243; _builder_version=&#8221;4.24.2&#8243; _module_preset=&#8221;default&#8221; global_colors_info=&#8221;{}&#8221;][et_pb_column type=&#8221;1_2&#8243; _builder_version=&#8221;4.24.2&#8243; _module_preset=&#8221;default&#8221; global_colors_info=&#8221;{}&#8221;][et_pb_text _builder_version=&#8221;4.24.2&#8243; _module_preset=&#8221;default&#8221; global_colors_info=&#8221;{}&#8221;]<\/p>\n<h2 class=\"h2_cima_sidebar\">Programa CIMA en el IES Sulayr<\/h2>\n<p>En este apartado encontrar\u00e9is todas las evidencias de lo que se realiza en el IES Sulayr. El programa CIMA promueve la innovaci\u00f3n y transformaci\u00f3n del proyecto educativo del centro desde el an\u00e1lisis, reflexi\u00f3n y evaluaci\u00f3n participativa con el objetivo de lograr la mejora continua. El IES Sulayr es CdA desde el 2020, pertenece a la Red Andaluza de Ecoescuelas desde el 2020, desarrolla un proyecto ApS desde el 2021. Tambi\u00e9n ha desarrollado el PLC desde el 2020. Ha sido PRODIG, ha desarrollado el programa STEAM de Rob\u00f3tica, Pensamiento Computacional e Investigaci\u00f3n Aeroespacial aplicada al aula en convocatorias previas. Se ha desarrollado el programa de Vivir y Sentir el Patrimonio desde el 2017. <\/p>\n<p>A continuaci\u00f3n, se podr\u00e1 acceder a un padlet en funci\u00f3n del \u00e1mbito:<\/p>\n<ul>\n<li>Promoci\u00f3n de h\u00e1bitos de vida saludable<\/li>\n<li>Aldea, Educaci\u00f3n Ambiental para la sostenibilidad<\/li>\n<li>STEAM<\/li>\n<li>Arte y cultura<\/li>\n<li>PLC, Comunicaci\u00f3n y Alfabetizaci\u00f3n medi\u00e1tica e informacional<\/li>\n<\/ul>\n<p>(En construcci\u00f3n)<\/p>\n<p>[\/et_pb_text][\/et_pb_column][et_pb_column type=&#8221;1_2&#8243; _builder_version=&#8221;4.24.2&#8243; _module_preset=&#8221;default&#8221; global_colors_info=&#8221;{}&#8221;][et_pb_image src=&#8221;https:\/\/blogsaverroes.juntadeandalucia.es\/iessulayr\/files\/2024\/05\/CIMA.png&#8221; title_text=&#8221;CIMA&#8221; _builder_version=&#8221;4.24.2&#8243; _module_preset=&#8221;default&#8221; global_colors_info=&#8221;{}&#8221;][\/et_pb_image][\/et_pb_column][\/et_pb_row][et_pb_row column_structure=&#8221;1_5,1_5,1_5,1_5,1_5&#8243; _builder_version=&#8221;4.24.2&#8243; _module_preset=&#8221;default&#8221; global_colors_info=&#8221;{}&#8221;][et_pb_column type=&#8221;1_5&#8243; _builder_version=&#8221;4.24.2&#8243; _module_preset=&#8221;default&#8221; global_colors_info=&#8221;{}&#8221;][et_pb_text _builder_version=&#8221;4.24.2&#8243; _module_preset=&#8221;default&#8221; global_colors_info=&#8221;{}&#8221;]<\/p>\n<p><a href=\"https:\/\/padlet.com\/eblajim484\/evidencias-de-actividades-mbito-plc-comunicaci-n-y-alfabetiz-rar7zoaifbqc9isq\"><span style=\"color: #800000\">Acceso a padlet \u00c1mbito PLC, Comunicaci\u00f3n y Alfabetizaci\u00f3n medi\u00e1tica e informal<\/span><\/a><\/p>\n<p>[\/et_pb_text][\/et_pb_column][et_pb_column type=&#8221;1_5&#8243; _builder_version=&#8221;4.24.2&#8243; _module_preset=&#8221;default&#8221; global_colors_info=&#8221;{}&#8221;][et_pb_text _builder_version=&#8221;4.24.2&#8243; _module_preset=&#8221;default&#8221; global_colors_info=&#8221;{}&#8221;]<\/p>\n<p><a href=\"https:\/\/padlet.com\/lrivram304\/evidencias-de-actividades-mbito-steam-kkdff9ibe03i1l82\"><span style=\"color: #0000ff\">Acceso al padlet del \u00e1mbito STEAM<\/span><\/a><\/p>\n<p>[\/et_pb_text][\/et_pb_column][et_pb_column type=&#8221;1_5&#8243; _builder_version=&#8221;4.24.2&#8243; _module_preset=&#8221;default&#8221; global_colors_info=&#8221;{}&#8221;][et_pb_text _builder_version=&#8221;4.24.2&#8243; _module_preset=&#8221;default&#8221; global_colors_info=&#8221;{}&#8221;]<\/p>\n<p><span style=\"color: #008000\"><a style=\"color: #008000\" href=\"https:\/\/padlet.com\/ntovlop236\/evidencias-de-actividades-mbito-arte-y-cultura-6ockdd0hw6tnwfyo\">Acceso al padlet del \u00c1mbito de Arte y Cultura<\/a><\/span><\/p>\n<p>[\/et_pb_text][\/et_pb_column][et_pb_column type=&#8221;1_5&#8243; _builder_version=&#8221;4.24.2&#8243; _module_preset=&#8221;default&#8221; global_colors_info=&#8221;{}&#8221;][et_pb_text _builder_version=&#8221;4.24.2&#8243; _module_preset=&#8221;default&#8221; global_colors_info=&#8221;{}&#8221;]<\/p>\n<p><span style=\"color: #800080\"><a style=\"color: #800080\" href=\"https:\/\/padlet.com\/juaniorientacion\/evidencia-de-actividades-mbito-promoci-n-de-h-bitos-de-vida--t8wkqk4vzaq83rxv\">Acceso al padlet del \u00c1mbito de Promoci\u00f3n de h\u00e1bitos de vida saludable<\/a><\/span><\/p>\n<p>[\/et_pb_text][\/et_pb_column][et_pb_column type=&#8221;1_5&#8243; _builder_version=&#8221;4.24.2&#8243; _module_preset=&#8221;default&#8221; global_colors_info=&#8221;{}&#8221;][et_pb_text _builder_version=&#8221;4.24.2&#8243; _module_preset=&#8221;default&#8221; hover_enabled=&#8221;0&#8243; sticky_enabled=&#8221;0&#8243;]<\/p>\n<p><a href=\"https:\/\/padlet.com\/mviland278\/evidencias-de-actividades-mbito-aldea-educaci-n-ambiental-pa-xedmixe2kx74mx9t\">Acceso al padlet de Aldea, Educaci\u00f3n Ambiental para la sostenibilidad<\/a><\/p>\n<p>[\/et_pb_text][\/et_pb_column][\/et_pb_row][\/et_pb_section]<\/p>\n","protected":false},"excerpt":{"rendered":"<p>Programa CIMA en el IES Sulayr En este apartado encontrar\u00e9is todas las evidencias de lo que se realiza en el IES Sulayr. El programa CIMA promueve la innovaci\u00f3n y transformaci\u00f3n del proyecto educativo del centro desde el an\u00e1lisis, reflexi\u00f3n y evaluaci\u00f3n participativa con el objetivo de lograr la mejora continua. El IES Sulayr es CdA [&hellip;]<\/p>\n","protected":false},"author":15613,"featured_media":0,"parent":0,"menu_order":0,"comment_status":"closed","ping_status":"closed","template":"","meta":{"_et_pb_use_builder":"on","_et_pb_old_content":"","_et_gb_content_width":"","ngg_post_thumbnail":0,"footnotes":""},"aioseo_notices":[],"_links":{"self":[{"href":"https:\/\/blogsaverroes.juntadeandalucia.es\/iessulayr\/wp-json\/wp\/v2\/pages\/1300"}],"collection":[{"href":"https:\/\/blogsaverroes.juntadeandalucia.es\/iessulayr\/wp-json\/wp\/v2\/pages"}],"about":[{"href":"https:\/\/blogsaverroes.juntadeandalucia.es\/iessulayr\/wp-json\/wp\/v2\/types\/page"}],"author":[{"embeddable":true,"href":"https:\/\/blogsaverroes.juntadeandalucia.es\/iessulayr\/wp-json\/wp\/v2\/users\/15613"}],"replies":[{"embeddable":true,"href":"https:\/\/blogsaverroes.juntadeandalucia.es\/iessulayr\/wp-json\/wp\/v2\/comments?post=1300"}],"version-history":[{"count":6,"href":"https:\/\/blogsaverroes.juntadeandalucia.es\/iessulayr\/wp-json\/wp\/v2\/pages\/1300\/revisions"}],"predecessor-version":[{"id":1376,"href":"https:\/\/blogsaverroes.juntadeandalucia.es\/iessulayr\/wp-json\/wp\/v2\/pages\/1300\/revisions\/1376"}],"wp:attachment":[{"href":"https:\/\/blogsaverroes.juntadeandalucia.es\/iessulayr\/wp-json\/wp\/v2\/media?parent=1300"}],"curies":[{"name":"wp","href":"https:\/\/api.w.org\/{rel}","templated":true}]}}