{"id":1619,"date":"2025-03-10T12:48:40","date_gmt":"2025-03-10T11:48:40","guid":{"rendered":"https:\/\/blogsaverroes.juntadeandalucia.es\/iessulayr\/?page_id=1619"},"modified":"2025-06-26T10:00:29","modified_gmt":"2025-06-26T08:00:29","slug":"comunidad-de-aprendizaje","status":"publish","type":"page","link":"https:\/\/blogsaverroes.juntadeandalucia.es\/iessulayr\/comunidad-de-aprendizaje\/","title":{"rendered":"Comunidad de Aprendizaje"},"content":{"rendered":"<p>[et_pb_section fb_built=&#8221;1&#8243; admin_label=&#8221;section&#8221; _builder_version=&#8221;4.16&#8243; global_colors_info=&#8221;{}&#8221;][et_pb_row admin_label=&#8221;row&#8221; _builder_version=&#8221;4.16&#8243; background_size=&#8221;initial&#8221; background_position=&#8221;top_left&#8221; background_repeat=&#8221;repeat&#8221; global_colors_info=&#8221;{}&#8221;][et_pb_column type=&#8221;4_4&#8243; _builder_version=&#8221;4.16&#8243; custom_padding=&#8221;|||&#8221; global_colors_info=&#8221;{}&#8221; custom_padding__hover=&#8221;|||&#8221;][et_pb_image src=&#8221;https:\/\/blogsaverroes.juntadeandalucia.es\/iessulayr\/files\/2025\/03\/crowd-2718833_640.jpg&#8221; title_text=&#8221;Comunidad&#8221; _builder_version=&#8221;4.24.2&#8243; _module_preset=&#8221;default&#8221; global_colors_info=&#8221;{}&#8221;][\/et_pb_image][et_pb_text _builder_version=&#8221;4.24.2&#8243; _module_preset=&#8221;default&#8221; hover_enabled=&#8221;0&#8243; global_colors_info=&#8221;{}&#8221; sticky_enabled=&#8221;0&#8243;]<\/p>\n<p><strong><span style=\"font-size: 14pt\">Comunidad de Aprendizaje CdA<\/span><\/strong><\/p>\n<p>El IES Sulayr se sumergi\u00f3 en la aventura de las Comunidades de Aprendizaje en el curso 2020-2021. Desde entonces, se llevan a cabo diferentes actuaciones de \u00e9xito en el centro que no ser\u00edan posibles sin la colaboraci\u00f3n de familias, voluntarios y asociaciones del entorno, entre otros. En el curso 2024-2025 el centro ha renovado como CdA y en la actualidad se est\u00e1 implementando el Modelo Dial\u00f3gico de prevenci\u00f3n de conflictos. Mientras tanto, se siguen realizando tertulias dial\u00f3gicas, grupos interactivos y dobles docencias.<\/p>\n<p>Las comisiones mixtas existentes en el centro son: gestora, de voluntariado, de medioambiente y de extraescolares.<\/p>\n<ul>\n<li>Para ver la Formaci\u00f3n en Centros del curso 21-22 de CdA, pincha en este <strong><a href=\"https:\/\/drive.google.com\/file\/d\/16k-_uRtqrz1wzH9vQzvDXQSxUIdMKkr5\/view?usp=sharing\">enlace<\/a><\/strong>. Para la Formaci\u00f3n en Centros del curso 22-23 de CdA, pincha en este <a href=\"https:\/\/drive.google.com\/file\/d\/16k-_uRtqrz1wzH9vQzvDXQSxUIdMKkr5\/view?usp=sharing\"><strong>enlace<\/strong><\/a>.<\/li>\n<li>Para ver la Formaci\u00f3n en Centros del curso 24-25 de CdA, pincha en este <a href=\"https:\/\/drive.google.com\/file\/d\/1PK4hIB43teqs_uY3TA-6X9gLOZRvdQv3\/view?usp=sharing\"><span style=\"color: #0000ff\"><strong>enlace<\/strong><\/span><\/a>.<\/li>\n<\/ul>\n<p>[\/et_pb_text][\/et_pb_column][\/et_pb_row][\/et_pb_section]<\/p>\n","protected":false},"excerpt":{"rendered":"<p>Comunidad de Aprendizaje CdA El IES Sulayr se sumergi\u00f3 en la aventura de las Comunidades de Aprendizaje en el curso 2020-2021. Desde entonces, se llevan a cabo diferentes actuaciones de \u00e9xito en el centro que no ser\u00edan posibles sin la colaboraci\u00f3n de familias, voluntarios y asociaciones del entorno, entre otros. En el curso 2024-2025 el [&hellip;]<\/p>\n","protected":false},"author":15613,"featured_media":0,"parent":0,"menu_order":0,"comment_status":"closed","ping_status":"closed","template":"","meta":{"_et_pb_use_builder":"on","_et_pb_old_content":"","_et_gb_content_width":"","ngg_post_thumbnail":0,"footnotes":""},"aioseo_notices":[],"_links":{"self":[{"href":"https:\/\/blogsaverroes.juntadeandalucia.es\/iessulayr\/wp-json\/wp\/v2\/pages\/1619"}],"collection":[{"href":"https:\/\/blogsaverroes.juntadeandalucia.es\/iessulayr\/wp-json\/wp\/v2\/pages"}],"about":[{"href":"https:\/\/blogsaverroes.juntadeandalucia.es\/iessulayr\/wp-json\/wp\/v2\/types\/page"}],"author":[{"embeddable":true,"href":"https:\/\/blogsaverroes.juntadeandalucia.es\/iessulayr\/wp-json\/wp\/v2\/users\/15613"}],"replies":[{"embeddable":true,"href":"https:\/\/blogsaverroes.juntadeandalucia.es\/iessulayr\/wp-json\/wp\/v2\/comments?post=1619"}],"version-history":[{"count":9,"href":"https:\/\/blogsaverroes.juntadeandalucia.es\/iessulayr\/wp-json\/wp\/v2\/pages\/1619\/revisions"}],"predecessor-version":[{"id":1732,"href":"https:\/\/blogsaverroes.juntadeandalucia.es\/iessulayr\/wp-json\/wp\/v2\/pages\/1619\/revisions\/1732"}],"wp:attachment":[{"href":"https:\/\/blogsaverroes.juntadeandalucia.es\/iessulayr\/wp-json\/wp\/v2\/media?parent=1619"}],"curies":[{"name":"wp","href":"https:\/\/api.w.org\/{rel}","templated":true}]}}