{"id":295,"date":"2020-01-23T11:42:26","date_gmt":"2020-01-23T10:42:26","guid":{"rendered":"http:\/\/blogsaverroes.juntadeandalucia.es\/pre\/nuevoiesv2\/?page_id=295"},"modified":"2023-03-13T11:56:44","modified_gmt":"2023-03-13T10:56:44","slug":"nuestra-historia","status":"publish","type":"page","link":"https:\/\/blogsaverroes.juntadeandalucia.es\/iessulayr\/nuestra-historia\/","title":{"rendered":"Nuestra Historia"},"content":{"rendered":"<p>[et_pb_section fb_built=&#8221;1&#8243; theme_builder_area=&#8221;post_content&#8221; _builder_version=&#8221;4.14.5&#8243; _module_preset=&#8221;default&#8221;][et_pb_row _builder_version=&#8221;4.14.5&#8243; _module_preset=&#8221;default&#8221; column_structure=&#8221;1_2,1_2&#8243; theme_builder_area=&#8221;post_content&#8221;][et_pb_column _builder_version=&#8221;4.14.5&#8243; _module_preset=&#8221;default&#8221; type=&#8221;1_2&#8243; theme_builder_area=&#8221;post_content&#8221;][et_pb_text _builder_version=&#8221;4.14.5&#8243; _module_preset=&#8221;default&#8221; theme_builder_area=&#8221;post_content&#8221; hover_enabled=&#8221;0&#8243; sticky_enabled=&#8221;0&#8243;]<\/p>\n<p dir=\"ltr\"><span style=\"font-family: book antiqua, palatino, serif;font-size: 12pt\">El IES Sulayr fue creado en el a\u00f1o 2006, aunque las instalaciones actuales datan del a\u00f1o 2007. Desde el curso 2017-2018 el centro es biling\u00fce de ingl\u00e9s, afectando a partir del curso 2020-2021 a 1\u00ba ESO, 2\u00ba ESO, 3\u00ba ESO y 4\u00ba ESO. Adem\u00e1s, comenzamos nuestra andadura como Comunidad de Aprendizaje en el curso 2020-2021. Nuestro centro est\u00e1 situado en la localidad de Pitres (La Tah\u00e1) y recoge alumnado de 7 municipios (Trev\u00e9lez, Busquistar, P\u00f3rtugos, La Tah\u00e1, Capileira, Bubi\u00f3n y Pampaneira).<\/span><\/p>\n<p><span style=\"font-family: book antiqua, palatino, serif;font-size: 12pt\">A continuaci\u00f3n podr\u00e1 ver fotograf\u00edas de las instalaciones del centro haciendo clic en el enlace <a href=\"https:\/\/photos.app.goo.gl\/UgUZcL5EjtB4yRmi6\">(PULSE AQU\u00cd)<\/a><\/span><\/p>\n<p>[\/et_pb_text][\/et_pb_column][et_pb_column _builder_version=&#8221;4.14.5&#8243; _module_preset=&#8221;default&#8221; type=&#8221;1_2&#8243; theme_builder_area=&#8221;post_content&#8221;][et_pb_image _builder_version=&#8221;4.14.5&#8243; _module_preset=&#8221;default&#8221; theme_builder_area=&#8221;post_content&#8221; title_text=&#8221;My beautiful picture&#8221; src=&#8221;https:\/\/blogsaverroes.juntadeandalucia.es\/iessulayr\/files\/2023\/02\/portada-IES.jpg&#8221; hover_enabled=&#8221;0&#8243; sticky_enabled=&#8221;0&#8243;][\/et_pb_image][\/et_pb_column][\/et_pb_row][\/et_pb_section]<\/p>\n","protected":false},"excerpt":{"rendered":"<p>El IES Sulayr fue creado en el a\u00f1o 2006, aunque las instalaciones actuales datan del a\u00f1o 2007. Desde el curso 2017-2018 el centro es biling\u00fce de ingl\u00e9s, afectando a partir del curso 2020-2021 a 1\u00ba ESO, 2\u00ba ESO, 3\u00ba ESO y 4\u00ba ESO. Adem\u00e1s, comenzamos nuestra andadura como Comunidad de Aprendizaje en el curso 2020-2021. [&hellip;]<\/p>\n","protected":false},"author":15613,"featured_media":0,"parent":0,"menu_order":0,"comment_status":"closed","ping_status":"closed","template":"","meta":{"_et_pb_use_builder":"on","_et_pb_old_content":"","_et_gb_content_width":"","ngg_post_thumbnail":0,"footnotes":""},"aioseo_notices":[],"_links":{"self":[{"href":"https:\/\/blogsaverroes.juntadeandalucia.es\/iessulayr\/wp-json\/wp\/v2\/pages\/295"}],"collection":[{"href":"https:\/\/blogsaverroes.juntadeandalucia.es\/iessulayr\/wp-json\/wp\/v2\/pages"}],"about":[{"href":"https:\/\/blogsaverroes.juntadeandalucia.es\/iessulayr\/wp-json\/wp\/v2\/types\/page"}],"author":[{"embeddable":true,"href":"https:\/\/blogsaverroes.juntadeandalucia.es\/iessulayr\/wp-json\/wp\/v2\/users\/15613"}],"replies":[{"embeddable":true,"href":"https:\/\/blogsaverroes.juntadeandalucia.es\/iessulayr\/wp-json\/wp\/v2\/comments?post=295"}],"version-history":[{"count":4,"href":"https:\/\/blogsaverroes.juntadeandalucia.es\/iessulayr\/wp-json\/wp\/v2\/pages\/295\/revisions"}],"predecessor-version":[{"id":577,"href":"https:\/\/blogsaverroes.juntadeandalucia.es\/iessulayr\/wp-json\/wp\/v2\/pages\/295\/revisions\/577"}],"wp:attachment":[{"href":"https:\/\/blogsaverroes.juntadeandalucia.es\/iessulayr\/wp-json\/wp\/v2\/media?parent=295"}],"curies":[{"name":"wp","href":"https:\/\/api.w.org\/{rel}","templated":true}]}}