{"id":545,"date":"2023-04-24T10:54:01","date_gmt":"2023-04-24T08:54:01","guid":{"rendered":"https:\/\/blogsaverroes.juntadeandalucia.es\/iessulayr\/?page_id=545"},"modified":"2026-02-09T14:36:10","modified_gmt":"2026-02-09T13:36:10","slug":"departamento-de-ciencias-naturales","status":"publish","type":"page","link":"https:\/\/blogsaverroes.juntadeandalucia.es\/iessulayr\/departamento-de-ciencias-naturales\/","title":{"rendered":"Departamento de Ciencias Naturales"},"content":{"rendered":"<p>[et_pb_section fb_built=&#8221;1&#8243; _builder_version=&#8221;4.16&#8243; _module_preset=&#8221;default&#8221; global_colors_info=&#8221;{}&#8221;][et_pb_row _builder_version=&#8221;4.16&#8243; _module_preset=&#8221;default&#8221; global_colors_info=&#8221;{}&#8221;][et_pb_column type=&#8221;4_4&#8243; _builder_version=&#8221;4.16&#8243; _module_preset=&#8221;default&#8221; global_colors_info=&#8221;{}&#8221;][et_pb_text _builder_version=&#8221;4.24.2&#8243; _module_preset=&#8221;default&#8221; global_colors_info=&#8221;{}&#8221;]<\/p>\n<p dir=\"ltr\"><img loading=\"lazy\" decoding=\"async\" class=\"size-medium wp-image-628 alignright\" src=\"https:\/\/blogsaverroes.juntadeandalucia.es\/iessulayr\/files\/2023\/04\/dna-g394bd175f_640-300x150.jpg\" alt=\"\" width=\"300\" height=\"150\">Desde el departamento de Ciencias Naturales pretendemos conseguir la alfabetizaci\u00f3n cient\u00edfica del alumnado, entendida como la familiarizaci\u00f3n con las ideas cient\u00edficas b\u00e1sicas, que le permita la compresi\u00f3n de muchos problemas que afectan al mundo en la vertiente natural y medioambiental y, en consecuencia, su intervenci\u00f3n en el marco de una educaci\u00f3n para el desarrollo sostenible del planeta (la Ciencia es, en cualquier caso, un instrumento indispensable para comprender el mundo). Esto s\u00f3lo se podr\u00e1 lograr si el desarrollo de los contenidos (conceptos, hechos, teor\u00edas, etc.) parte de lo que conoce el alumnado y de su entorno.El m\u00e9todo cient\u00edfico aporta al alumnado estrategias o procedimientos de aprendizaje para cualquier materia (formulaci\u00f3n de hip\u00f3tesis, comprobaci\u00f3n de resultados, investigaci\u00f3n, trabajo en grupo&#8230;).&nbsp;<\/p>\n<p dir=\"ltr\">Profesores:<\/p>\n<ul>\n<li>\n<p dir=\"ltr\">Salas, Carmen<\/p>\n<\/li>\n<li>\n<p dir=\"ltr\">Tapia, Isaac (Jefe de Departamento)<\/p>\n<\/li>\n<li>\n<p dir=\"ltr\">Blanco, Eva<\/p>\n<\/li>\n<\/ul>\n<p>[\/et_pb_text][\/et_pb_column][\/et_pb_row][et_pb_row column_structure=&#8221;1_4,1_4,1_4,1_4&#8243; _builder_version=&#8221;4.16&#8243; _module_preset=&#8221;default&#8221; global_colors_info=&#8221;{}&#8221;][et_pb_column type=&#8221;1_4&#8243; _builder_version=&#8221;4.16&#8243; _module_preset=&#8221;default&#8221; global_colors_info=&#8221;{}&#8221;][et_pb_text _builder_version=&#8221;4.24.2&#8243; _module_preset=&#8221;default&#8221; background_color=&#8221;#EDF000&#8243; global_colors_info=&#8221;{}&#8221;]<\/p>\n<p>Criterios de biolog\u00eda<\/p>\n<ul>\n<li>\n<p dir=\"ltr\" role=\"presentation\"><a href=\"https:\/\/drive.google.com\/file\/d\/1d-gUj4redt4y8MG70JeRhWkT3RydZL6i\/view?usp=sharing\">1\u00ba ESO<\/a><\/p>\n<\/li>\n<li>\n<p dir=\"ltr\" role=\"presentation\"><a href=\"https:\/\/drive.google.com\/file\/d\/1FueEDLeoTPsRqyBY-i9PhNxnBDXNZLMn\/view?usp=sharing\">3\u00ba ESO<\/a><\/p>\n<\/li>\n<li>\n<p dir=\"ltr\" role=\"presentation\"><a href=\"https:\/\/drive.google.com\/file\/d\/1BS1zJyYQC8oSctzfYHLLl5BEQeXRsWGh\/view?usp=sharing\">4\u00ba ESO<\/a><\/p>\n<\/li>\n<\/ul>\n<p>[\/et_pb_text][\/et_pb_column][et_pb_column type=&#8221;1_4&#8243; _builder_version=&#8221;4.16&#8243; _module_preset=&#8221;default&#8221; global_colors_info=&#8221;{}&#8221;][et_pb_text _builder_version=&#8221;4.24.2&#8243; _module_preset=&#8221;default&#8221; background_color=&#8221;#E09900&#8243; hover_enabled=&#8221;0&#8243; global_colors_info=&#8221;{}&#8221; sticky_enabled=&#8221;0&#8243;]<\/p>\n<p>Criterios de evaluaci\u00f3n de F\u00edsica y Qu\u00edmica<\/p>\n<ul>\n<li>\n<p dir=\"ltr\" role=\"presentation\"><a href=\"https:\/\/drive.google.com\/file\/d\/1j5vr5fE87hUum3QXQZeaqX4YWlkY6qMF\/view?usp=sharing\">2\u00ba ESO<\/a><\/p>\n<\/li>\n<li>\n<p dir=\"ltr\" role=\"presentation\"><a href=\"https:\/\/drive.google.com\/file\/d\/1duoOLd5NxzKcUDGIb33w-I3TeUobVzeM\/view?usp=sharing\">3\u00ba ESO<\/a><\/p>\n<\/li>\n<li>\n<p dir=\"ltr\" role=\"presentation\"><a href=\"https:\/\/drive.google.com\/file\/d\/14tunYSk9Us9oTW2IzD1LIDWHgbrowvk1\/view?usp=sharing\">4\u00ba ESO<\/a><\/p>\n<\/li>\n<\/ul>\n<p>[\/et_pb_text][\/et_pb_column][et_pb_column type=&#8221;1_4&#8243; _builder_version=&#8221;4.16&#8243; _module_preset=&#8221;default&#8221; global_colors_info=&#8221;{}&#8221;][et_pb_text _builder_version=&#8221;4.24.2&#8243; _module_preset=&#8221;default&#8221; background_color=&#8221;#7CDA24&#8243; hover_enabled=&#8221;0&#8243; global_colors_info=&#8221;{}&#8221; sticky_enabled=&#8221;0&#8243;]<\/p>\n<p>Criterios de evaluaci\u00f3n de <a href=\"https:\/\/drive.google.com\/file\/d\/15Xvw53oC8_HYuSNvSA8aAcyF4LhjnS26\/view?usp=sharing\">Iniciaci\u00f3n a la Actividad Emprendedora 3\u00ba ESO<\/a><\/p>\n<p>[\/et_pb_text][\/et_pb_column][et_pb_column type=&#8221;1_4&#8243; _builder_version=&#8221;4.16&#8243; _module_preset=&#8221;default&#8221; global_colors_info=&#8221;{}&#8221;][et_pb_text _builder_version=&#8221;4.24.2&#8243; _module_preset=&#8221;default&#8221; background_color=&#8221;#C88BDA&#8221; hover_enabled=&#8221;0&#8243; global_colors_info=&#8221;{}&#8221; sticky_enabled=&#8221;0&#8243;]<\/p>\n<p dir=\"ltr\"><a href=\"https:\/\/drive.google.com\/file\/d\/11ENDUYWHOfiMPLyQihGi1XBmIqwZpQ85\/view?usp=sharing\">Criterios de evaluaci\u00f3n y calificaci\u00f3n de <\/a><a href=\"https:\/\/drive.google.com\/file\/d\/1ED7Q7cueszguQnmL3w_qMuSpzGH0A9fe\/view?usp=sharing\">Cultura Cient\u00edfica 4\u00ba ESO<\/a><\/p>\n<p>[\/et_pb_text][\/et_pb_column][\/et_pb_row][\/et_pb_section]<\/p>\n","protected":false},"excerpt":{"rendered":"<p>Desde el departamento de Ciencias Naturales pretendemos conseguir la alfabetizaci\u00f3n cient\u00edfica del alumnado, entendida como la familiarizaci\u00f3n con las ideas cient\u00edficas b\u00e1sicas, que le permita la compresi\u00f3n de muchos problemas que afectan al mundo en la vertiente natural y medioambiental y, en consecuencia, su intervenci\u00f3n en el marco de una educaci\u00f3n para el desarrollo sostenible [&hellip;]<\/p>\n","protected":false},"author":15613,"featured_media":0,"parent":0,"menu_order":0,"comment_status":"closed","ping_status":"closed","template":"","meta":{"_et_pb_use_builder":"on","_et_pb_old_content":"","_et_gb_content_width":"","ngg_post_thumbnail":0,"footnotes":""},"aioseo_notices":[],"_links":{"self":[{"href":"https:\/\/blogsaverroes.juntadeandalucia.es\/iessulayr\/wp-json\/wp\/v2\/pages\/545"}],"collection":[{"href":"https:\/\/blogsaverroes.juntadeandalucia.es\/iessulayr\/wp-json\/wp\/v2\/pages"}],"about":[{"href":"https:\/\/blogsaverroes.juntadeandalucia.es\/iessulayr\/wp-json\/wp\/v2\/types\/page"}],"author":[{"embeddable":true,"href":"https:\/\/blogsaverroes.juntadeandalucia.es\/iessulayr\/wp-json\/wp\/v2\/users\/15613"}],"replies":[{"embeddable":true,"href":"https:\/\/blogsaverroes.juntadeandalucia.es\/iessulayr\/wp-json\/wp\/v2\/comments?post=545"}],"version-history":[{"count":10,"href":"https:\/\/blogsaverroes.juntadeandalucia.es\/iessulayr\/wp-json\/wp\/v2\/pages\/545\/revisions"}],"predecessor-version":[{"id":1916,"href":"https:\/\/blogsaverroes.juntadeandalucia.es\/iessulayr\/wp-json\/wp\/v2\/pages\/545\/revisions\/1916"}],"wp:attachment":[{"href":"https:\/\/blogsaverroes.juntadeandalucia.es\/iessulayr\/wp-json\/wp\/v2\/media?parent=545"}],"curies":[{"name":"wp","href":"https:\/\/api.w.org\/{rel}","templated":true}]}}