{"id":551,"date":"2023-02-10T13:47:50","date_gmt":"2023-02-10T12:47:50","guid":{"rendered":"https:\/\/blogsaverroes.juntadeandalucia.es\/iessulayr\/?page_id=551"},"modified":"2025-09-24T09:58:50","modified_gmt":"2025-09-24T07:58:50","slug":"organos-de-gobierno","status":"publish","type":"page","link":"https:\/\/blogsaverroes.juntadeandalucia.es\/iessulayr\/organos-de-gobierno\/","title":{"rendered":"\u00d3rganos de gobierno"},"content":{"rendered":"<p>[et_pb_section fb_built=&#8221;1&#8243; admin_label=&#8221;section&#8221; _builder_version=&#8221;4.16&#8243; global_colors_info=&#8221;{}&#8221;][et_pb_row admin_label=&#8221;row&#8221; _builder_version=&#8221;4.16&#8243; background_size=&#8221;initial&#8221; background_position=&#8221;top_left&#8221; background_repeat=&#8221;repeat&#8221; global_colors_info=&#8221;{}&#8221;][et_pb_column type=&#8221;4_4&#8243; _builder_version=&#8221;4.16&#8243; custom_padding=&#8221;|||&#8221; global_colors_info=&#8221;{}&#8221; custom_padding__hover=&#8221;|||&#8221;][et_pb_text _builder_version=&#8221;4.24.2&#8243; _module_preset=&#8221;default&#8221; global_colors_info=&#8221;{}&#8221;]<\/p>\n<p>Los \u00f3rganos de gobierno del IES Sulayr constan de: el claustro, el consejo escolar y el equipo directivo. Sin embargo, como Comunidades de Aprendizaje, tambi\u00e9n contamos con las comisiones mixtas formadas por profesorado, alumnado, padres\/madres\/tutores legales del alumnado. En el caso del IES Sulayr, las comisiones mixtas son: gestora, medioambiental, extraescolares y voluntariado.<\/p>\n<p>[\/et_pb_text][et_pb_accordion icon_color=&#8221;#0C71C3&#8243; _builder_version=&#8221;4.24.2&#8243; _module_preset=&#8221;default&#8221; toggle_text_align=&#8221;center&#8221; background_color=&#8221;#0ebbf4&#8243; animation_style=&#8221;fade&#8221; hover_enabled=&#8221;0&#8243; toggle_text_shadow_style=&#8221;preset1&#8243; global_colors_info=&#8221;{}&#8221; sticky_enabled=&#8221;0&#8243;][et_pb_accordion_item title=&#8221;Equipo directivo&#8221; open=&#8221;on&#8221; _builder_version=&#8221;4.24.2&#8243; _module_preset=&#8221;default&#8221; global_colors_info=&#8221;{}&#8221;]<\/p>\n<p dir=\"ltr\">Directora &nbsp; &nbsp; &nbsp; &nbsp; &nbsp; &nbsp; &nbsp; &nbsp; &nbsp; Carmen P\u00e9rez Salas<\/p>\n<p dir=\"ltr\">Jefa de Estudios &nbsp; &nbsp; &nbsp; Elena Gallardo Rico<\/p>\n<p dir=\"ltr\">Secretario&nbsp; &nbsp; &nbsp; &nbsp; &nbsp; &nbsp; &nbsp; &nbsp; &nbsp; Francisco Javier Mu\u00f1oz Ram\u00edrez<\/p>\n<p>[\/et_pb_accordion_item][et_pb_accordion_item title=&#8221;Claustro 2025-2026&#8243; _builder_version=&#8221;4.24.2&#8243; _module_preset=&#8221;default&#8221; hover_enabled=&#8221;0&#8243; global_colors_info=&#8221;{}&#8221; open=&#8221;off&#8221; sticky_enabled=&#8221;0&#8243;]<\/p>\n<table style=\"border-collapse: collapse;border-color: #888888;border-width: 1px;width: 40.4736%;height: 455px\" border=\"1\" cellspacing=\"0\" data-table-local-id=\"table-2\">\n<tbody>\n<tr style=\"height: 24px\">\n<td style=\"width: 306px;height: 24px\"><span style=\"color: #000000\">&nbsp;&nbsp;<span style=\"font-family: trebuchet ms, sans-serif;font-size: medium\"> <b>Nombre profesor-a<\/b> <\/span><\/span><\/td>\n<td style=\"width: 312px;height: 24px\"><span style=\"color: #000000\">&nbsp; <span style=\"font-family: trebuchet ms, sans-serif;font-size: medium\"> <b>Especialidad<\/b> <\/span><\/span><\/td>\n<\/tr>\n<tr style=\"height: 18px\">\n<td style=\"width: 306px;height: 18px\"><span style=\"font-family: trebuchet ms, geneva, sans-serif\">&nbsp;Fabio Mu\u00f1oz<span style=\"font-size: medium\"><br \/><\/span><\/span><\/td>\n<td style=\"width: 312px;height: 18px\"><span style=\"font-family: trebuchet ms, sans-serif;font-size: medium\">&nbsp;Educaci\u00f3n F\u00edsica<\/span><\/td>\n<\/tr>\n<tr style=\"height: 24px\">\n<td style=\"width: 306px;height: 24px\"><span style=\"font-family: trebuchet ms, geneva, sans-serif\">&nbsp;<span style=\"font-size: 12pt\">Isabel Garc\u00eda<\/span><\/span><\/td>\n<td style=\"width: 312px;height: 24px\"><span style=\"font-size: 12pt\">&nbsp;M\u00fasica<span style=\"font-family: trebuchet ms, sans-serif\"><br \/><\/span><\/span><\/td>\n<\/tr>\n<tr style=\"height: 23px\">\n<td style=\"width: 306px;height: 23px\"><span style=\"font-family: trebuchet ms, geneva, sans-serif;font-size: 12pt\">&nbsp;In\u00e9s L\u00f3pez<\/span><\/td>\n<td style=\"width: 312px;height: 23px\"><span style=\"font-size: 12pt\">&nbsp;Ingl\u00e9s<\/span><\/td>\n<\/tr>\n<tr style=\"height: 24px\">\n<td style=\"width: 306px;height: 24px\"><span style=\"font-family: trebuchet ms, geneva, sans-serif;font-size: medium\">&nbsp;M\u00f3nica Ortiz<br \/><\/span><\/td>\n<td style=\"width: 312px;height: 24px\"><span style=\"font-family: trebuchet ms, sans-serif;font-size: medium\">&nbsp;Tecnolog\u00eda&nbsp;<\/span><\/td>\n<\/tr>\n<tr style=\"height: 24px\">\n<td style=\"width: 306px;height: 24px\"><span style=\"font-family: trebuchet ms, geneva, sans-serif;font-size: medium\">&nbsp;Isaac Tapia<br \/><\/span><\/td>\n<td style=\"width: 312px;height: 24px\"><span style=\"font-family: trebuchet ms, sans-serif;font-size: medium\">&nbsp;F\u00edsica y Qu\u00edmica<\/span><\/td>\n<\/tr>\n<tr style=\"height: 18px\">\n<td style=\"width: 306px;height: 18px\"><span style=\"font-family: trebuchet ms, geneva, sans-serif;font-size: medium\">&nbsp;Rosa Mu\u00f1oz<\/span><\/td>\n<td style=\"width: 312px;height: 18px\"><span style=\"font-family: trebuchet ms, sans-serif;font-size: medium\">&nbsp;Pedagog\u00eda Terap\u00e9utica<\/span><\/td>\n<\/tr>\n<tr style=\"height: 18px\">\n<td style=\"width: 306px;height: 18px\"><span style=\"font-family: trebuchet ms, geneva, sans-serif;font-size: medium\">&nbsp;Juana Barbero<br \/><\/span><\/td>\n<td style=\"width: 312px;height: 18px\"><span style=\"font-family: trebuchet ms, sans-serif;font-size: medium\">&nbsp;Orientaci\u00f3n<\/span><\/td>\n<\/tr>\n<tr style=\"height: 18px\">\n<td style=\"width: 306px;height: 18px\"><span style=\"font-family: trebuchet ms, geneva, sans-serif;font-size: medium\">&nbsp;Mar\u00eda Casta\u00f1ares<\/span><\/td>\n<td style=\"width: 312px;height: 18px\"><span style=\"font-family: trebuchet ms, sans-serif;font-size: medium\">&nbsp;Lengua y Literatura<\/span><\/td>\n<\/tr>\n<tr style=\"height: 24px\">\n<td style=\"width: 306px;height: 24px\"><span style=\"font-family: trebuchet ms, geneva, sans-serif\"><span style=\"font-size: 12pt\">&nbsp;To\u00f1i G\u00e1mez<\/span><span style=\"font-size: medium\"><br \/><\/span><\/span><\/td>\n<td style=\"width: 312px;height: 24px\">&nbsp; <span style=\"font-family: trebuchet ms, sans-serif;font-size: 12pt\">Ingl\u00e9s<\/span><\/td>\n<\/tr>\n<tr style=\"height: 18px\">\n<td style=\"width: 306px;height: 18px\"><span style=\"font-family: trebuchet ms, geneva, sans-serif;font-size: medium\">&nbsp;Elena M\u00aa Gallardo<br \/><\/span><\/td>\n<td style=\"width: 312px;height: 18px\"><span style=\"font-family: trebuchet ms, sans-serif;font-size: medium\">&nbsp;Matem\u00e1ticas<\/span><\/td>\n<\/tr>\n<tr style=\"height: 24px\">\n<td style=\"width: 306px;height: 24px\"><span style=\"font-family: trebuchet ms, geneva, sans-serif;font-size: medium\">&nbsp;Yolanda Jim\u00e9nez<br \/><\/span><\/td>\n<td style=\"width: 312px;height: 24px\"><span style=\"font-family: trebuchet ms, sans-serif;font-size: medium\">&nbsp;Lengua y Literatura<\/span><\/td>\n<\/tr>\n<tr style=\"height: 18px\">\n<td style=\"width: 306px;height: 18px\"><span style=\"font-family: trebuchet ms, sans-serif;font-size: medium\">&nbsp;<\/span> <span style=\"font-family: trebuchet ms, sans-serif;font-size: medium\">Francisco Javier Mu\u00f1oz<br \/><\/span><\/td>\n<td style=\"width: 312px;height: 18px\"><span style=\"font-family: trebuchet ms, sans-serif;font-size: medium\">&nbsp;Matem\u00e1ticas<\/span><\/td>\n<\/tr>\n<tr style=\"height: 18px\">\n<td style=\"width: 306px;height: 18px\"><span style=\"font-family: trebuchet ms, sans-serif;font-size: medium\">&nbsp;Carmen P\u00e9rez<\/span><\/td>\n<td style=\"width: 312px;height: 18px\"><span style=\"font-family: trebuchet ms, sans-serif;font-size: medium\">&nbsp;Biolog\u00eda<\/span><\/td>\n<\/tr>\n<tr style=\"height: 18px\">\n<td style=\"width: 306px;height: 18px\"><span style=\"font-family: trebuchet ms, sans-serif;font-size: medium\">&nbsp;Juan de Dios Noguera<br \/><\/span><\/td>\n<td style=\"width: 312px;height: 18px\"><span style=\"font-family: trebuchet ms, sans-serif;font-size: medium\">&nbsp;Ingl\u00e9s-Franc\u00e9s<\/span><\/td>\n<\/tr>\n<tr style=\"height: 18px\">\n<td style=\"width: 306px;height: 18px\"><span style=\"font-family: trebuchet ms, sans-serif;font-size: medium\">&nbsp;Rosa Ana S\u00e1nchez<br \/><\/span><\/td>\n<td style=\"width: 312px;height: 18px\"><span style=\"font-family: trebuchet ms, sans-serif;font-size: medium\">&nbsp;Geograf\u00eda e Historia<\/span><\/td>\n<\/tr>\n<tr style=\"height: 18px\">\n<td style=\"width: 306px;height: 18px\"><span style=\"font-family: trebuchet ms, sans-serif;font-size: medium\">&nbsp;Mar\u00eda Alejandra Villa<br \/><\/span><\/td>\n<td style=\"width: 312px;height: 18px\"><span style=\"font-family: trebuchet ms, sans-serif;font-size: medium\">&nbsp;Matem\u00e1ticas<\/span><\/td>\n<\/tr>\n<tr style=\"height: 24px\">\n<td style=\"width: 306px;height: 24px\"><span style=\"font-family: trebuchet ms, sans-serif;font-size: medium\">&nbsp;Daniele Spatafora<br \/><\/span><\/td>\n<td style=\"width: 312px;height: 24px\"><span style=\"font-family: trebuchet ms, sans-serif;font-size: medium\">&nbsp;Religi\u00f3n<\/span><\/td>\n<\/tr>\n<tr style=\"height: 18px\">\n<td style=\"width: 306px;height: 18px\">&nbsp; <span style=\"font-family: trebuchet ms, sans-serif;font-size: medium\">Eva Blanco<br \/><\/span><\/td>\n<td style=\"width: 312px;height: 18px\"><span style=\"font-family: trebuchet ms, sans-serif;font-size: medium\">&nbsp;Biolog\u00eda<\/span><\/td>\n<\/tr>\n<tr style=\"height: 18px\">\n<td style=\"width: 306px;height: 18px\">&nbsp; <span style=\"font-family: trebuchet ms, sans-serif;font-size: medium\">Pablo D\u00edaz<br \/><\/span><\/td>\n<td style=\"width: 312px;height: 18px\"><span style=\"font-family: trebuchet ms, sans-serif;font-size: medium\">&nbsp;Geograf\u00eda e Historia<\/span><\/td>\n<\/tr>\n<tr style=\"height: 24px\">\n<td style=\"width: 306px;height: 24px\"><span style=\"font-family: trebuchet ms, geneva, sans-serif;font-size: 12pt\">&nbsp;Eva Blanco<\/span><\/td>\n<td style=\"width: 312px;height: 24px\"><span style=\"font-family: trebuchet ms, sans-serif;font-size: medium\">&nbsp;\u00c1rea Cient\u00edfico Tecnol\u00f3gica (ZTS)<\/span><\/td>\n<\/tr>\n<tr style=\"height: 24px\">\n<td style=\"width: 306px;height: 24px\"><span style=\"font-family: trebuchet ms, geneva, sans-serif;font-size: 12pt\">&nbsp;Roc\u00edo C\u00e1rdenas<\/span><\/td>\n<td style=\"width: 312px;height: 24px\"><span style=\"font-family: trebuchet ms, sans-serif;font-size: medium\">Programa de Coop Territorial Matem\u00e1ticas<\/span><\/td>\n<\/tr>\n<\/tbody>\n<\/table>\n<p>[\/et_pb_accordion_item][et_pb_accordion_item title=&#8221;Consejo Escolar 2024-2026&#8243; _builder_version=&#8221;4.24.2&#8243; _module_preset=&#8221;default&#8221; global_colors_info=&#8221;{}&#8221; open=&#8221;off&#8221;]<\/p>\n<p dir=\"ltr\">El Consejo Escolar de los centros docentes p\u00fablicos es el \u00f3rgano de participaci\u00f3n en los mismos de los diferentes sectores de la comunidad educativa.<\/p>\n<p dir=\"ltr\">Est\u00e1 presidido por el director o directora del centro y, en funci\u00f3n de las caracter\u00edsticas de este, contempla un n\u00famero determinado de plazas que son ocupadas por miembros de los diferentes grupos del \u00e1mbito educativo: jefe-a de estudios, secretario-a, profesorado, padres y madres, alumnado, personal de administraci\u00f3n y servicios y representante del Ayuntamiento.<\/p>\n<p dir=\"ltr\">La composici\u00f3n actual de nuestro consejo Escolar es:<\/p>\n<p dir=\"ltr\">Equipo directivo<\/p>\n<p dir=\"ltr\">&nbsp;&nbsp;&nbsp;&nbsp;Carmen P\u00e9rez&nbsp;<\/p>\n<p dir=\"ltr\">&nbsp;&nbsp;&nbsp;&nbsp;Elena M\u00aa Gallardo&nbsp;<\/p>\n<p dir=\"ltr\">&nbsp;&nbsp;&nbsp;&nbsp;Francisco Javier Mu\u00f1oz<\/p>\n<p dir=\"ltr\">Sector alumnado:<\/p>\n<p dir=\"ltr\">&nbsp;&nbsp;&nbsp; Ariadna N\u00fa\u00f1ez (1\u00ba ESO)<\/p>\n<p dir=\"ltr\">&nbsp;&nbsp;&nbsp; Gonzalo Rodr\u00edguez (1\u00ba ESO)<\/p>\n<p dir=\"ltr\">Sector madres-padres<\/p>\n<p dir=\"ltr\">&nbsp;&nbsp;&nbsp; M\u00aa Pilar Est\u00e9vez (Capileira)<\/p>\n<p dir=\"ltr\">&nbsp;&nbsp;&nbsp;&nbsp;Modesto Alonso (Busqu\u00edstar)<\/p>\n<p dir=\"ltr\">&nbsp;&nbsp;&nbsp;&nbsp;Roc\u00edo Gonz\u00e1lez (Capileira)<\/p>\n<p dir=\"ltr\">&nbsp;&nbsp;&nbsp; Francisco V\u00e1zquez (Capileira)<\/p>\n<p dir=\"ltr\">Sector profesorado<\/p>\n<p dir=\"ltr\">&nbsp;&nbsp;&nbsp;&nbsp;Juana Barbero<\/p>\n<p dir=\"ltr\">&nbsp;&nbsp;&nbsp;&nbsp;Yolanda Jim\u00e9nez<\/p>\n<p dir=\"ltr\">&nbsp;&nbsp;&nbsp; M\u00f3nica Ortiz<\/p>\n<p dir=\"ltr\">&nbsp;&nbsp;&nbsp; Rosana S\u00e1nchez&nbsp;<\/p>\n<p dir=\"ltr\">&nbsp;&nbsp;&nbsp;&nbsp;Alejandra Villa<\/p>\n<p dir=\"ltr\">Representante del Ayuntamiento<\/p>\n<p dir=\"ltr\">&nbsp;&nbsp;&nbsp; Jos\u00e9 Antonio Garc\u00eda<\/p>\n<p>[\/et_pb_accordion_item][\/et_pb_accordion][\/et_pb_column][\/et_pb_row][\/et_pb_section]<\/p>\n","protected":false},"excerpt":{"rendered":"<p>Los \u00f3rganos de gobierno del IES Sulayr constan de: el claustro, el consejo escolar y el equipo directivo. Sin embargo, como Comunidades de Aprendizaje, tambi\u00e9n contamos con las comisiones mixtas formadas por profesorado, alumnado, padres\/madres\/tutores legales del alumnado. En el caso del IES Sulayr, las comisiones mixtas son: gestora, medioambiental, extraescolares y voluntariado.Directora &nbsp; &nbsp; [&hellip;]<\/p>\n","protected":false},"author":15613,"featured_media":0,"parent":0,"menu_order":0,"comment_status":"closed","ping_status":"closed","template":"","meta":{"_et_pb_use_builder":"on","_et_pb_old_content":"","_et_gb_content_width":"","ngg_post_thumbnail":0,"footnotes":""},"aioseo_notices":[],"_links":{"self":[{"href":"https:\/\/blogsaverroes.juntadeandalucia.es\/iessulayr\/wp-json\/wp\/v2\/pages\/551"}],"collection":[{"href":"https:\/\/blogsaverroes.juntadeandalucia.es\/iessulayr\/wp-json\/wp\/v2\/pages"}],"about":[{"href":"https:\/\/blogsaverroes.juntadeandalucia.es\/iessulayr\/wp-json\/wp\/v2\/types\/page"}],"author":[{"embeddable":true,"href":"https:\/\/blogsaverroes.juntadeandalucia.es\/iessulayr\/wp-json\/wp\/v2\/users\/15613"}],"replies":[{"embeddable":true,"href":"https:\/\/blogsaverroes.juntadeandalucia.es\/iessulayr\/wp-json\/wp\/v2\/comments?post=551"}],"version-history":[{"count":16,"href":"https:\/\/blogsaverroes.juntadeandalucia.es\/iessulayr\/wp-json\/wp\/v2\/pages\/551\/revisions"}],"predecessor-version":[{"id":1765,"href":"https:\/\/blogsaverroes.juntadeandalucia.es\/iessulayr\/wp-json\/wp\/v2\/pages\/551\/revisions\/1765"}],"wp:attachment":[{"href":"https:\/\/blogsaverroes.juntadeandalucia.es\/iessulayr\/wp-json\/wp\/v2\/media?parent=551"}],"curies":[{"name":"wp","href":"https:\/\/api.w.org\/{rel}","templated":true}]}}