{"id":567,"date":"2023-02-10T14:38:45","date_gmt":"2023-02-10T13:38:45","guid":{"rendered":"https:\/\/blogsaverroes.juntadeandalucia.es\/iessulayr\/?page_id=567"},"modified":"2025-11-07T11:57:38","modified_gmt":"2025-11-07T10:57:38","slug":"documentos","status":"publish","type":"page","link":"https:\/\/blogsaverroes.juntadeandalucia.es\/iessulayr\/documentos\/","title":{"rendered":"Documentos"},"content":{"rendered":"<p>[et_pb_section fb_built=&#8221;1&#8243; _builder_version=&#8221;4.16&#8243; _module_preset=&#8221;default&#8221; global_colors_info=&#8221;{}&#8221;][et_pb_row column_structure=&#8221;1_4,1_4,1_4,1_4&#8243; _builder_version=&#8221;4.16&#8243; _module_preset=&#8221;default&#8221; global_colors_info=&#8221;{}&#8221;][et_pb_column type=&#8221;1_4&#8243; _builder_version=&#8221;4.16&#8243; _module_preset=&#8221;default&#8221; global_colors_info=&#8221;{}&#8221;][et_pb_text _builder_version=&#8221;4.16&#8243; _module_preset=&#8221;default&#8221; global_colors_info=&#8221;{}&#8221;]<\/p>\n<p dir=\"ltr\"><span style=\"font-size: 12pt\"><strong>Manual iPasen para padres, madres y tutores legales<\/strong><\/span><\/p>\n<p dir=\"ltr\">Este manual explica las funciones principales de la aplicaci\u00f3n iPasen que utiliza el centro para comunicarse con los padres y tutores legales y viceversa.&nbsp;<\/p>\n<p dir=\"ltr\"><a href=\"https:\/\/drive.google.com\/file\/d\/1oZBerzvdKyF2OctMNzKliPvXHRWTLJ1j\/view?usp=sharing\">Haga click aqu\u00ed<\/a><\/p>\n<p>[\/et_pb_text][et_pb_text _builder_version=&#8221;4.24.2&#8243; _module_preset=&#8221;default&#8221; global_colors_info=&#8221;{}&#8221;]<\/p>\n<p><strong>Calendario escolar 2025-2026<\/strong><\/p>\n<p>Este es el <a href=\"https:\/\/drive.google.com\/file\/d\/1nSUbibRNp-MriZekgHnRrgsUjrWs-dfu\/view?usp=sharing\">calendario escolar 25-26.<\/a>Pr\u00f3ximamente comunicaremos los d\u00edas festivos que apruebe el Consejo Escolar.<\/p>\n<p>[\/et_pb_text][et_pb_text _builder_version=&#8221;4.24.2&#8243; _module_preset=&#8221;default&#8221; global_colors_info=&#8221;{}&#8221;]<\/p>\n<p><strong><span style=\"font-size: 12pt\">Gu\u00eda de uso responsable TDE<\/span><\/strong><\/p>\n<p>A continuaci\u00f3n podr\u00e9is acceder a una <span style=\"color: #0000ff\"><a style=\"color: #0000ff\" href=\"https:\/\/drive.google.com\/file\/d\/1X9qmEuJ_U80qxPVvajfvg5FBmxxIpg18\/view?usp=sharing\">gu\u00eda de uso responsable<\/a><\/span> de dispositivos de pr\u00e9stamo del centro. Estar\u00e1 disponible igualmente en todas las aulas del centro.<\/p>\n<p>[\/et_pb_text][\/et_pb_column][et_pb_column type=&#8221;1_4&#8243; _builder_version=&#8221;4.16&#8243; _module_preset=&#8221;default&#8221; global_colors_info=&#8221;{}&#8221;][et_pb_text _builder_version=&#8221;4.24.2&#8243; _module_preset=&#8221;default&#8221; hover_enabled=&#8221;0&#8243; global_colors_info=&#8221;{}&#8221; sticky_enabled=&#8221;0&#8243;]<\/p>\n<p dir=\"ltr\"><span style=\"font-size: 12pt\"><strong>Proyecto educativo (Plan de Centro) IES SULAYR<\/strong><\/span><\/p>\n<p dir=\"ltr\">El Plan de Centro&nbsp; es un documento de m\u00e1xima relevancia para la planificaci\u00f3n del centro. Este documento lo hacemos p\u00fablico para consulta de todos los miembros de la comunidad educativa.<\/p>\n<p dir=\"ltr\"><a href=\"https:\/\/drive.google.com\/file\/d\/1BDjlK_BULUj25cAGlQF780G2qGUxYOFm\/view?usp=sharing\">Plan de Centro<\/a><\/p>\n<p dir=\"ltr\"><a href=\"https:\/\/drive.google.com\/file\/d\/1IjDRXDoyOv6D2CGzLUvYv9mmhLdFh9a5\/view?usp=sharing\">Comunidad de Aprendizaje<\/a><\/p>\n<p dir=\"ltr\"><a href=\"https:\/\/drive.google.com\/file\/d\/1TaN84QAyQpbpj7BWrSF-sdk56gZboT5f\/view?usp=sharing\">Instrucciones de Bienestar<\/a><\/p>\n<p dir=\"ltr\"><a href=\"https:\/\/drive.google.com\/file\/d\/11I1DM5XsoUwbfk0OGSKZguu3YGlg4EcW\/view?usp=sharing\">Plan lector<\/a><\/p>\n<p>[\/et_pb_text][et_pb_text _builder_version=&#8221;4.24.2&#8243; _module_preset=&#8221;default&#8221; global_colors_info=&#8221;{}&#8221;]<\/p>\n<p>El protocolo de ciberseguridad y protecci\u00f3n de datos del IES Sulayr se puede acceder <a href=\"https:\/\/drive.google.com\/file\/d\/1oXk17XDLzO5ztvUDrrUaaELTgzp_Z1aE\/view?usp=sharing\"><strong>aqu\u00ed<\/strong><\/a>.<\/p>\n<p>[\/et_pb_text][\/et_pb_column][et_pb_column type=&#8221;1_4&#8243; _builder_version=&#8221;4.16&#8243; _module_preset=&#8221;default&#8221; global_colors_info=&#8221;{}&#8221;][et_pb_text _builder_version=&#8221;4.16&#8243; _module_preset=&#8221;default&#8221; global_colors_info=&#8221;{}&#8221;]<\/p>\n<p dir=\"ltr\"><span style=\"font-size: 12pt\"><strong>Documento para justificar faltas de asistencia<\/strong><\/span><\/p>\n<p>Para justificar faltas de asistencia deber\u00e1n cumplimentar el siguiente<a href=\"https:\/\/drive.google.com\/file\/d\/16rVZ1jPNDrQq6sTNHegJwpbtot_Z1vDr\/view?usp=sharing\"> documento<\/a>.<br \/>\n[\/et_pb_text][et_pb_gallery gallery_ids=&#8221;1430,1431,1432&#8243; _builder_version=&#8221;4.24.2&#8243; _module_preset=&#8221;default&#8221; global_colors_info=&#8221;{}&#8221;][\/et_pb_gallery][\/et_pb_column][et_pb_column type=&#8221;1_4&#8243; _builder_version=&#8221;4.16&#8243; _module_preset=&#8221;default&#8221; global_colors_info=&#8221;{}&#8221;][et_pb_text _builder_version=&#8221;4.16&#8243; _module_preset=&#8221;default&#8221; global_colors_info=&#8221;{}&#8221;]<\/p>\n<p dir=\"ltr\"><a href=\"https:\/\/drive.google.com\/open?id=1dQZs8NHh2w-ejm8OKyp9Ap2JNyRGgtmP\">PLANOS DEL CENTRO<\/a><\/p>\n<p>[\/et_pb_text][et_pb_text _builder_version=&#8221;4.16&#8243; _module_preset=&#8221;default&#8221; global_colors_info=&#8221;{}&#8221;]<\/p>\n<p class=\"CDt4Ke zfr3Q\" dir=\"ltr\"><strong>C\u00d3MO SOLICITAR EL T\u00cdTULO DEL CICLO FORMATIVO<\/strong><\/p>\n<p class=\"CDt4Ke zfr3Q\" dir=\"ltr\">En el siguiente <strong><span class=\" aw5Odc\"><a class=\"XqQF9c\" href=\"https:\/\/drive.google.com\/file\/d\/1H_ninOnGLwNGdz9hvqyyMSEFLZXWvwR-\/view?usp=sharing\" target=\"_blank\" rel=\"noopener noreferrer\">documento<\/a><\/span><\/strong> encontrar\u00e9is toda la informaci\u00f3n relativa a la solicitud del t\u00edtulo del Ciclo Formativo. Las tarifas, bonificaciones y exenciones para la obtenci\u00f3n del t\u00edtulo se recogen<strong> <span class=\" aw5Odc\"><a class=\"XqQF9c\" href=\"https:\/\/drive.google.com\/file\/d\/1pwOTsiMKraCFzvUx_rZ5CSWR91p1iD30\/view?usp=sharing\" target=\"_blank\" rel=\"noopener noreferrer\">aqu\u00ed<\/a><\/span><\/strong>. Para cualquier duda o consulta, pod\u00e9is llamar a la Secretar\u00eda del centro.<\/p>\n<p>[\/et_pb_text][\/et_pb_column][\/et_pb_row][et_pb_row _builder_version=&#8221;4.16&#8243; _module_preset=&#8221;default&#8221; global_colors_info=&#8221;{}&#8221;][et_pb_column type=&#8221;4_4&#8243; _builder_version=&#8221;4.16&#8243; _module_preset=&#8221;default&#8221; global_colors_info=&#8221;{}&#8221;][et_pb_text _builder_version=&#8221;4.16&#8243; _module_preset=&#8221;default&#8221; global_colors_info=&#8221;{}&#8221;]<\/p>\n<p><strong>C\u00f3mo obtener justificante de asistencia m\u00e9dica<\/strong><\/p>\n<p>Entrar en la web de <a href=\"https:\/\/www.sspa.juntadeandalucia.es\/servicioandaluzdesalud\/clicsalud\/pages\/portada.jsf\">ClicSalud+<\/a> y dirigirse a Agenda sanitaria a Mis citas.<\/p>\n<p><img loading=\"lazy\" decoding=\"async\" class=\"aligncenter wp-image-925 size-large\" src=\"https:\/\/blogsaverroes.juntadeandalucia.es\/iessulayr\/files\/2023\/10\/ClicSalud1-1024x463.png\" alt=\"\" width=\"1024\" height=\"463\" srcset=\"https:\/\/blogsaverroes.juntadeandalucia.es\/iessulayr\/files\/2023\/10\/ClicSalud1-980x443.png 980w, https:\/\/blogsaverroes.juntadeandalucia.es\/iessulayr\/files\/2023\/10\/ClicSalud1-480x217.png 480w\" sizes=\"(min-width: 0px) and (max-width: 480px) 480px, (min-width: 481px) and (max-width: 980px) 980px, (min-width: 981px) 1024px, 100vw\" \/><\/p>\n<p>A continuaci\u00f3n en la parte superior hay que identificarse con Datos personales\/Certificado electr\u00f3nico o cl@ve y elegir citas pasadas para seleccionar el d\u00eda correspondiente y obtener el justificante.<\/p>\n<p><img loading=\"lazy\" decoding=\"async\" class=\"aligncenter wp-image-926 size-large\" src=\"https:\/\/blogsaverroes.juntadeandalucia.es\/iessulayr\/files\/2023\/10\/ClicSalud2-1024x299.png\" alt=\"\" width=\"1024\" height=\"299\" srcset=\"https:\/\/blogsaverroes.juntadeandalucia.es\/iessulayr\/files\/2023\/10\/ClicSalud2-980x286.png 980w, https:\/\/blogsaverroes.juntadeandalucia.es\/iessulayr\/files\/2023\/10\/ClicSalud2-480x140.png 480w\" sizes=\"(min-width: 0px) and (max-width: 480px) 480px, (min-width: 481px) and (max-width: 980px) 980px, (min-width: 981px) 1024px, 100vw\" \/><\/p>\n<p><img loading=\"lazy\" decoding=\"async\" class=\"aligncenter wp-image-927 size-large\" src=\"https:\/\/blogsaverroes.juntadeandalucia.es\/iessulayr\/files\/2023\/10\/ClicSalud3-1024x291.png\" alt=\"\" width=\"1024\" height=\"291\" srcset=\"https:\/\/blogsaverroes.juntadeandalucia.es\/iessulayr\/files\/2023\/10\/ClicSalud3-1024x291.png 1024w, https:\/\/blogsaverroes.juntadeandalucia.es\/iessulayr\/files\/2023\/10\/ClicSalud3-980x278.png 980w, https:\/\/blogsaverroes.juntadeandalucia.es\/iessulayr\/files\/2023\/10\/ClicSalud3-480x136.png 480w\" sizes=\"(min-width: 0px) and (max-width: 480px) 480px, (min-width: 481px) and (max-width: 980px) 980px, (min-width: 981px) 1024px, 100vw\" \/><\/p>\n<p>[\/et_pb_text][\/et_pb_column][\/et_pb_row][\/et_pb_section]<\/p>\n","protected":false},"excerpt":{"rendered":"<p>Manual iPasen para padres, madres y tutores legales Este manual explica las funciones principales de la aplicaci\u00f3n iPasen que utiliza el centro para comunicarse con los padres y tutores legales y viceversa.&nbsp; Haga click aqu\u00ed Calendario escolar 2025-2026 Este es el calendario escolar 25-26.Pr\u00f3ximamente comunicaremos los d\u00edas festivos que apruebe el Consejo Escolar.Gu\u00eda de uso [&hellip;]<\/p>\n","protected":false},"author":15613,"featured_media":0,"parent":0,"menu_order":0,"comment_status":"closed","ping_status":"closed","template":"","meta":{"_et_pb_use_builder":"on","_et_pb_old_content":"","_et_gb_content_width":"","ngg_post_thumbnail":0,"footnotes":""},"aioseo_notices":[],"_links":{"self":[{"href":"https:\/\/blogsaverroes.juntadeandalucia.es\/iessulayr\/wp-json\/wp\/v2\/pages\/567"}],"collection":[{"href":"https:\/\/blogsaverroes.juntadeandalucia.es\/iessulayr\/wp-json\/wp\/v2\/pages"}],"about":[{"href":"https:\/\/blogsaverroes.juntadeandalucia.es\/iessulayr\/wp-json\/wp\/v2\/types\/page"}],"author":[{"embeddable":true,"href":"https:\/\/blogsaverroes.juntadeandalucia.es\/iessulayr\/wp-json\/wp\/v2\/users\/15613"}],"replies":[{"embeddable":true,"href":"https:\/\/blogsaverroes.juntadeandalucia.es\/iessulayr\/wp-json\/wp\/v2\/comments?post=567"}],"version-history":[{"count":25,"href":"https:\/\/blogsaverroes.juntadeandalucia.es\/iessulayr\/wp-json\/wp\/v2\/pages\/567\/revisions"}],"predecessor-version":[{"id":1838,"href":"https:\/\/blogsaverroes.juntadeandalucia.es\/iessulayr\/wp-json\/wp\/v2\/pages\/567\/revisions\/1838"}],"wp:attachment":[{"href":"https:\/\/blogsaverroes.juntadeandalucia.es\/iessulayr\/wp-json\/wp\/v2\/media?parent=567"}],"curies":[{"name":"wp","href":"https:\/\/api.w.org\/{rel}","templated":true}]}}