{"id":58,"date":"2020-01-10T07:56:04","date_gmt":"2020-01-10T06:56:04","guid":{"rendered":"http:\/\/blogsaverroes.juntadeandalucia.es\/pre\/nuevoiesv2\/?page_id=58"},"modified":"2026-02-11T14:20:22","modified_gmt":"2026-02-11T13:20:22","slug":"idiomas","status":"publish","type":"page","link":"https:\/\/blogsaverroes.juntadeandalucia.es\/iessulayr\/idiomas\/","title":{"rendered":"Departamento de Idiomas"},"content":{"rendered":"<p>[et_pb_section fb_built=&#8221;1&#8243; _builder_version=&#8221;4.16&#8243; _module_preset=&#8221;default&#8221; global_colors_info=&#8221;{}&#8221;][et_pb_row column_structure=&#8221;1_2,1_2&#8243; _builder_version=&#8221;4.16&#8243; _module_preset=&#8221;default&#8221; global_colors_info=&#8221;{}&#8221;][et_pb_column type=&#8221;1_2&#8243; _builder_version=&#8221;4.16&#8243; _module_preset=&#8221;default&#8221; global_colors_info=&#8221;{}&#8221;][et_pb_image src=&#8221;https:\/\/blogsaverroes.juntadeandalucia.es\/iessulayr\/files\/2023\/04\/paris-g4694dbe77_640.jpg&#8221; title_text=&#8221;paris-g4694dbe77_640&#8243; _builder_version=&#8221;4.16&#8243; _module_preset=&#8221;default&#8221; global_colors_info=&#8221;{}&#8221;][\/et_pb_image][et_pb_text _builder_version=&#8221;4.24.2&#8243; _module_preset=&#8221;default&#8221; global_colors_info=&#8221;{}&#8221;]<\/p>\n<p dir=\"ltr\">El departamento de Idiomas trabaja con el objetivo base de hacer descubrir a nuestros alumnos la importancia de conocer una nueva lengua extranjera, necesaria en nuestros d\u00edas para tener sentimiento de pertenencia y existencia en el&nbsp; mundo actual en el que el conocimiento de lenguas extranjeras es imprescindible. Esto les permitir\u00e1 saber y descubrir la existencia de una cultura y modos de vida diferentes a los habituales entre nosotros. Otros objetivos del departamento es formar a los alumnos para que ellos adquieran las destrezas y habilidades para desarrollar su expresi\u00f3n oral y escrita en lengua extranjera II en funci\u00f3n de los objetivos y criterios establecidos por el departamento. Los miembros del departamento, citados aqu\u00ed abajo, pretenden que consigan su mejor&nbsp; formaci\u00f3n personal&nbsp; e individual para un futuro pr\u00f3ximo ayudados desde esta materia.<\/p>\n<p dir=\"ltr\">CRITERIOS DE EVALUACI\u00d3N DE FRANC\u00c9S<\/p>\n<ul>\n<li>\n<p dir=\"ltr\" role=\"presentation\"><a href=\"https:\/\/drive.google.com\/file\/d\/1Eoep1nmEDdZob2Aafp0T2AGjxGzedLZo\/view?usp=sharing\">1\u00ba ESO<\/a><\/p>\n<\/li>\n<li>\n<p dir=\"ltr\" role=\"presentation\"><a href=\"https:\/\/drive.google.com\/file\/d\/1CFYpyQtgamGNFCmbOcOWl8g-tE9azL1x\/view?usp=sharing\">2\u00ba ESO<\/a><\/p>\n<\/li>\n<\/ul>\n<p>Criterios de evaluaci\u00f3n de <a href=\"https:\/\/drive.google.com\/file\/d\/1XciVPHFoxcjcsxl5AOK1s2ctUfHObe2q\/view?usp=sharing\">\u00c1mbito Ling\u00fc\u00edstico Social de 4\u00ba ESO<\/a><\/p>\n<p>[\/et_pb_text][\/et_pb_column][et_pb_column type=&#8221;1_2&#8243; _builder_version=&#8221;4.16&#8243; _module_preset=&#8221;default&#8221; global_colors_info=&#8221;{}&#8221;][et_pb_image src=&#8221;https:\/\/blogsaverroes.juntadeandalucia.es\/iessulayr\/files\/2023\/04\/westminster-g2d6f9e1d0_640.jpg&#8221; title_text=&#8221;westminster-g2d6f9e1d0_640&#8243; _builder_version=&#8221;4.16&#8243; _module_preset=&#8221;default&#8221; global_colors_info=&#8221;{}&#8221;][\/et_pb_image][et_pb_text _builder_version=&#8221;4.24.2&#8243; _module_preset=&#8221;default&#8221; hover_enabled=&#8221;0&#8243; global_colors_info=&#8221;{}&#8221; sticky_enabled=&#8221;0&#8243;]<\/p>\n<p dir=\"ltr\">El Departamento de Idiomas del IES Sulayr de La Taha de Pitres, Granada, tiene el dise\u00f1o y la puesta en pr\u00e1ctica del aprendizaje y uso del ingl\u00e9s y franc\u00e9s en las aulas.&nbsp;<\/p>\n<p dir=\"ltr\">Profesores del Departamento<\/p>\n<ul>\n<li>G\u00e1mez, To\u00f1i (Jefa de Departamento)<\/li>\n<li>Noguera, Juan de Dios&nbsp;<\/li>\n<li>L\u00f3pez, In\u00e9s<\/li>\n<\/ul>\n<p dir=\"ltr\">Consulte los criterios de calificaci\u00f3n y evaluaci\u00f3n del Departamento de Idiomas, de ingl\u00e9s<\/p>\n<ul>\n<li>\n<p dir=\"ltr\" role=\"presentation\"><a href=\"https:\/\/drive.google.com\/file\/d\/1CJ-iSlNLxSQSPIbFP2NPVtk3X7AKXpmd\/view?usp=sharing\">1\u00ba ESO<\/a><\/p>\n<\/li>\n<li>\n<p dir=\"ltr\" role=\"presentation\"><a href=\"https:\/\/drive.google.com\/file\/d\/1obtRHqbaj-SG7UPfyeutWk_1cKvMFEQK\/view?usp=sharing\">2\u00ba ESO<\/a><\/p>\n<\/li>\n<li>\n<p dir=\"ltr\" role=\"presentation\"><a href=\"https:\/\/drive.google.com\/file\/d\/190G8XEkyxTiXGGivYHmOddXllrSbWmAE\/view?usp=sharing\">3\u00ba ESO<\/a><\/p>\n<\/li>\n<li>\n<p dir=\"ltr\" role=\"presentation\"><a href=\"https:\/\/drive.google.com\/file\/d\/1UsnoswC1xflOvrnT4IZaTgbKJHmJIKbh\/view?usp=sharing\">4\u00ba ESO<\/a><\/p>\n<\/li>\n<\/ul>\n<p>[\/et_pb_text][\/et_pb_column][\/et_pb_row][\/et_pb_section]<\/p>\n","protected":false},"excerpt":{"rendered":"<p>El Departamento de Idiomas del IES Sulayr de La Taha de Pitres, Granada, tiene el dise\u00f1o y la puesta en pr\u00e1ctica del aprendizaje y uso del ingl\u00e9s y franc\u00e9s en las aulas.<br \/>\nProfesores del Departamento<br \/>\n&#8211; De la Torre, Laura (Jefa de Departamento)<br \/>\n&#8211; Moreno, Elvira<br \/>\n&#8211; G\u00f3mez, Javier<\/p>\n","protected":false},"author":15613,"featured_media":298,"parent":0,"menu_order":0,"comment_status":"closed","ping_status":"closed","template":"","meta":{"_et_pb_use_builder":"on","_et_pb_old_content":"","_et_gb_content_width":"","ngg_post_thumbnail":0,"footnotes":""},"aioseo_notices":[],"_links":{"self":[{"href":"https:\/\/blogsaverroes.juntadeandalucia.es\/iessulayr\/wp-json\/wp\/v2\/pages\/58"}],"collection":[{"href":"https:\/\/blogsaverroes.juntadeandalucia.es\/iessulayr\/wp-json\/wp\/v2\/pages"}],"about":[{"href":"https:\/\/blogsaverroes.juntadeandalucia.es\/iessulayr\/wp-json\/wp\/v2\/types\/page"}],"author":[{"embeddable":true,"href":"https:\/\/blogsaverroes.juntadeandalucia.es\/iessulayr\/wp-json\/wp\/v2\/users\/15613"}],"replies":[{"embeddable":true,"href":"https:\/\/blogsaverroes.juntadeandalucia.es\/iessulayr\/wp-json\/wp\/v2\/comments?post=58"}],"version-history":[{"count":16,"href":"https:\/\/blogsaverroes.juntadeandalucia.es\/iessulayr\/wp-json\/wp\/v2\/pages\/58\/revisions"}],"predecessor-version":[{"id":1934,"href":"https:\/\/blogsaverroes.juntadeandalucia.es\/iessulayr\/wp-json\/wp\/v2\/pages\/58\/revisions\/1934"}],"wp:featuredmedia":[{"embeddable":true,"href":"https:\/\/blogsaverroes.juntadeandalucia.es\/iessulayr\/wp-json\/wp\/v2\/media\/298"}],"wp:attachment":[{"href":"https:\/\/blogsaverroes.juntadeandalucia.es\/iessulayr\/wp-json\/wp\/v2\/media?parent=58"}],"curies":[{"name":"wp","href":"https:\/\/api.w.org\/{rel}","templated":true}]}}