{"id":659,"date":"2023-04-24T12:22:58","date_gmt":"2023-04-24T10:22:58","guid":{"rendered":"https:\/\/blogsaverroes.juntadeandalucia.es\/iessulayr\/?page_id=659"},"modified":"2026-02-09T14:43:26","modified_gmt":"2026-02-09T13:43:26","slug":"departamento-de-educacion-fisica","status":"publish","type":"page","link":"https:\/\/blogsaverroes.juntadeandalucia.es\/iessulayr\/departamento-de-educacion-fisica\/","title":{"rendered":"Departamento de Educaci\u00f3n F\u00edsica"},"content":{"rendered":"<p>[et_pb_section fb_built=&#8221;1&#8243; _builder_version=&#8221;4.16&#8243; _module_preset=&#8221;default&#8221; global_colors_info=&#8221;{}&#8221;][et_pb_row _builder_version=&#8221;4.16&#8243; _module_preset=&#8221;default&#8221; global_colors_info=&#8221;{}&#8221;][et_pb_column type=&#8221;4_4&#8243; _builder_version=&#8221;4.16&#8243; _module_preset=&#8221;default&#8221; global_colors_info=&#8221;{}&#8221;][et_pb_image src=&#8221;https:\/\/blogsaverroes.juntadeandalucia.es\/iessulayr\/files\/2023\/04\/man-gd21fd887e_640.png&#8221; title_text=&#8221;man-gd21fd887e_640&#8243; _builder_version=&#8221;4.16&#8243; _module_preset=&#8221;default&#8221; global_colors_info=&#8221;{}&#8221;][\/et_pb_image][et_pb_text _builder_version=&#8221;4.24.2&#8243; _module_preset=&#8221;default&#8221; hover_enabled=&#8221;0&#8243; global_colors_info=&#8221;{}&#8221; sticky_enabled=&#8221;0&#8243;]<\/p>\n<p dir=\"ltr\">En nuestro Departamento se imparte la asignatura de EDUCACI\u00d3N F\u00cdSICA, de 3 horas semanales en 1\u00ba ESO y 2 horas semanales en el resto de los cursos de la Etapa (ESO). En la asignatura de Educaci\u00f3n F\u00edsica en la ESO se buscan conseguir diferentes competencias, siendo una de las m\u00e1s importantes disfrutar del cuerpo y el movimiento, que son los ejes fundamentales de nuestra \u00e1rea. Para ello trabajamos desde diversos prismas: la salud, el esfuerzo, el conocimiento de nuestros l\u00edmites y posibilidades, aceptar que cada persona tiene unas posibilidades y respetarlo, el deporte (que es amplio y diverso), los juegos, la expresi\u00f3n corporal y las actividades f\u00edsicas en el medio natural.<\/p>\n<p dir=\"ltr\">En el departamento recae tambi\u00e9n en el curso escolar 2025-2026 la materia de Atenci\u00f3n Educativa de 1\u00ba a 4\u00ba ESO<\/p>\n<p dir=\"ltr\">Profesor del Departamento<\/p>\n<ul>\n<li>Mu\u00f1oz, Fabio (Jefe de Departamento)<\/li>\n<\/ul>\n<p dir=\"ltr\">&nbsp;&nbsp;&nbsp;&nbsp;&#8211; Consulte los criterios de calificaci\u00f3n y evaluaci\u00f3n de Educaci\u00f3n f\u00edsica<\/p>\n<ul>\n<li>\n<p dir=\"ltr\" role=\"presentation\"><a href=\"https:\/\/drive.google.com\/file\/d\/1OX6ok3ydGshZzKcMNCQzSYSZS6eN5CiR\/view?usp=sharing\">1\u00ba ESO<\/a><\/p>\n<\/li>\n<li>\n<p dir=\"ltr\" role=\"presentation\"><a href=\"https:\/\/drive.google.com\/file\/d\/16d8ChClmuBhGhFxUj13k3_EAK0nbxjqU\/view?usp=sharing\">2\u00ba ESO<\/a><\/p>\n<\/li>\n<li>\n<p dir=\"ltr\" role=\"presentation\"><a href=\"https:\/\/drive.google.com\/file\/d\/1tF-nKvWhys0tWHRQH1ZiIy6DEHU_o6li\/view?usp=sharing\">3\u00ba ESO<\/a><\/p>\n<\/li>\n<li>\n<p dir=\"ltr\" role=\"presentation\"><a href=\"https:\/\/drive.google.com\/file\/d\/1LrHo4GO8UvnNIugiK-85JQkJbHjqpmHI\/view?usp=sharing\">4\u00ba ESO<\/a><\/p>\n<\/li>\n<\/ul>\n<p>[\/et_pb_text][\/et_pb_column][\/et_pb_row][\/et_pb_section]<\/p>\n","protected":false},"excerpt":{"rendered":"<p>En nuestro Departamento se imparte la asignatura de EDUCACI\u00d3N F\u00cdSICA, de 3 horas semanales en 1\u00ba ESO y 2 horas semanales en el resto de los cursos de la Etapa (ESO). En la asignatura de Educaci\u00f3n F\u00edsica en la ESO se buscan conseguir diferentes competencias, siendo una de las m\u00e1s importantes disfrutar del cuerpo y [&hellip;]<\/p>\n","protected":false},"author":15613,"featured_media":0,"parent":0,"menu_order":0,"comment_status":"closed","ping_status":"closed","template":"","meta":{"_et_pb_use_builder":"on","_et_pb_old_content":"","_et_gb_content_width":"","ngg_post_thumbnail":0,"footnotes":""},"aioseo_notices":[],"_links":{"self":[{"href":"https:\/\/blogsaverroes.juntadeandalucia.es\/iessulayr\/wp-json\/wp\/v2\/pages\/659"}],"collection":[{"href":"https:\/\/blogsaverroes.juntadeandalucia.es\/iessulayr\/wp-json\/wp\/v2\/pages"}],"about":[{"href":"https:\/\/blogsaverroes.juntadeandalucia.es\/iessulayr\/wp-json\/wp\/v2\/types\/page"}],"author":[{"embeddable":true,"href":"https:\/\/blogsaverroes.juntadeandalucia.es\/iessulayr\/wp-json\/wp\/v2\/users\/15613"}],"replies":[{"embeddable":true,"href":"https:\/\/blogsaverroes.juntadeandalucia.es\/iessulayr\/wp-json\/wp\/v2\/comments?post=659"}],"version-history":[{"count":8,"href":"https:\/\/blogsaverroes.juntadeandalucia.es\/iessulayr\/wp-json\/wp\/v2\/pages\/659\/revisions"}],"predecessor-version":[{"id":1925,"href":"https:\/\/blogsaverroes.juntadeandalucia.es\/iessulayr\/wp-json\/wp\/v2\/pages\/659\/revisions\/1925"}],"wp:attachment":[{"href":"https:\/\/blogsaverroes.juntadeandalucia.es\/iessulayr\/wp-json\/wp\/v2\/media?parent=659"}],"curies":[{"name":"wp","href":"https:\/\/api.w.org\/{rel}","templated":true}]}}