{"id":669,"date":"2023-04-24T12:31:21","date_gmt":"2023-04-24T10:31:21","guid":{"rendered":"https:\/\/blogsaverroes.juntadeandalucia.es\/iessulayr\/?page_id=669"},"modified":"2026-02-06T10:37:14","modified_gmt":"2026-02-06T09:37:14","slug":"departamento-de-artes","status":"publish","type":"page","link":"https:\/\/blogsaverroes.juntadeandalucia.es\/iessulayr\/departamento-de-artes\/","title":{"rendered":"Departamento de Artes"},"content":{"rendered":"<p>[et_pb_section fb_built=&#8221;1&#8243; _builder_version=&#8221;4.16&#8243; _module_preset=&#8221;default&#8221; global_colors_info=&#8221;{}&#8221;][et_pb_row _builder_version=&#8221;4.24.2&#8243; _module_preset=&#8221;default&#8221; column_structure=&#8221;1_2,1_2&#8243;][et_pb_column _builder_version=&#8221;4.24.2&#8243; _module_preset=&#8221;default&#8221; type=&#8221;1_2&#8243;][et_pb_image src=&#8221;https:\/\/blogsaverroes.juntadeandalucia.es\/iessulayr\/files\/2023\/04\/flower-g0146e339f_640.png&#8221; title_text=&#8221;flower-g0146e339f_640&#8243; _builder_version=&#8221;4.16&#8243; _module_preset=&#8221;default&#8221; global_colors_info=&#8221;{}&#8221;][\/et_pb_image][\/et_pb_column][et_pb_column _builder_version=&#8221;4.24.2&#8243; _module_preset=&#8221;default&#8221; type=&#8221;1_2&#8243;][et_pb_image _builder_version=&#8221;4.24.2&#8243; _module_preset=&#8221;default&#8221; title_text=&#8221;m\u00fasica&#8221; src=&#8221;https:\/\/blogsaverroes.juntadeandalucia.es\/iessulayr\/files\/2023\/04\/clef-g7e744e7ea_640.png&#8221; hover_enabled=&#8221;0&#8243; sticky_enabled=&#8221;0&#8243;][\/et_pb_image][\/et_pb_column][\/et_pb_row][et_pb_row admin_label=&#8221;Fila&#8221; _builder_version=&#8221;4.16&#8243; _module_preset=&#8221;default&#8221; global_colors_info=&#8221;{}&#8221;][et_pb_column type=&#8221;4_4&#8243; _builder_version=&#8221;4.16&#8243; _module_preset=&#8221;default&#8221; global_colors_info=&#8221;{}&#8221;][et_pb_text _builder_version=&#8221;4.24.2&#8243; _module_preset=&#8221;default&#8221; global_colors_info=&#8221;{}&#8221;]<\/p>\n<p dir=\"ltr\">A trav\u00e9s de la materia de m\u00fasica pretendemos conseguir que nuestro alumnado obtenga una cultura musical lo suficientemente amplia como para desenvolverse en esta sociedad tan inundada de m\u00fasica en todos sus aspectos. Vivimos en un mundo en el que la m\u00fasica est\u00e1 presente por todas partes (radio, televisi\u00f3n, prensa, cine, etc.), y dado que la tendencia actual es eminentemente visual, queremos fomentar el hueco que merece en este mundo el sonido, as\u00ed como crear una base cultural s\u00f3lida. Nuestra programaci\u00f3n aborda los siguientes temas: lenguaje musical, interpretaci\u00f3n instrumental, interpretaci\u00f3n vocal, par\u00e1metros del sonido, audici\u00f3n, improvisaci\u00f3n, formas musicales, organolog\u00eda, periodos de la historia de la m\u00fasica, principales compositores.<\/p>\n<p dir=\"ltr\">Por otro lado, en el departamento recae tambi\u00e9n la materia de educaci\u00f3n pl\u00e1stica y audiovisual se trabajan la creatividad y la expresi\u00f3n art\u00edstica mediante el dibujo, el dise\u00f1o y el lenguaje visual y audiovisual, fomentando el an\u00e1lisis de im\u00e1genes, el uso de t\u00e9cnicas diversas y el pensamiento cr\u00edtico del alumnado.<\/p>\n<p dir=\"ltr\">Profesora del Departamento:<\/p>\n<ul>\n<li dir=\"ltr\">Garc\u00eda, Isabel (Jefa de Departamento)<\/li>\n<\/ul>\n<p>[\/et_pb_text][\/et_pb_column][\/et_pb_row][et_pb_row column_structure=&#8221;1_2,1_2&#8243; _builder_version=&#8221;4.16&#8243; _module_preset=&#8221;default&#8221; global_colors_info=&#8221;{}&#8221;][et_pb_column type=&#8221;1_2&#8243; _builder_version=&#8221;4.16&#8243; _module_preset=&#8221;default&#8221; global_colors_info=&#8221;{}&#8221;][et_pb_text _builder_version=&#8221;4.24.2&#8243; _module_preset=&#8221;default&#8221; background_color=&#8221;#C88BDA&#8221; hover_enabled=&#8221;0&#8243; global_colors_info=&#8221;{}&#8221; sticky_enabled=&#8221;0&#8243;]<\/p>\n<p>Criterios de calificaci\u00f3n de M\u00fasica&nbsp;<\/p>\n<ul>\n<li>\n<p dir=\"ltr\" role=\"presentation\"><span style=\"color: #0000ff\"><a style=\"color: #0000ff\" href=\"https:\/\/drive.google.com\/file\/d\/1XEuvM8nQahWAyItanVKGFszVkpIgfHk5\/view?usp=sharing\">1\u00ba ESO M\u00fasica&nbsp;<\/a><\/span><\/p>\n<\/li>\n<li><span style=\"color: #0000ff\"><a style=\"color: #0000ff\" href=\"https:\/\/drive.google.com\/file\/d\/1xnWrP8QUPzOBTSKkROhua2utWFiEV6Rm\/view?usp=sharing\">2\u00ba ESO M\u00fasica<\/a><\/span><\/li>\n<\/ul>\n<p>[\/et_pb_text][\/et_pb_column][et_pb_column type=&#8221;1_2&#8243; _builder_version=&#8221;4.16&#8243; _module_preset=&#8221;default&#8221; global_colors_info=&#8221;{}&#8221;][et_pb_text _builder_version=&#8221;4.24.2&#8243; _module_preset=&#8221;default&#8221; background_color=&#8221;#FC9569&#8243; global_colors_info=&#8221;{}&#8221;]<\/p>\n<p><img loading=\"lazy\" decoding=\"async\" class=\"size-medium wp-image-673 alignright\" src=\"https:\/\/blogsaverroes.juntadeandalucia.es\/iessulayr\/files\/2023\/04\/splash-gbe232c1a9_640-300x209.png\" alt=\"\" width=\"300\" height=\"209\">Criterios de evaluaci\u00f3n de Educaci\u00f3n Pl\u00e1stica y Visual: (pendiente de publicaci\u00f3n)<\/p>\n<ul>\n<li>\n<p dir=\"ltr\" role=\"presentation\"><span style=\"color: #0000ff\"><a style=\"color: #0000ff\" href=\"https:\/\/drive.google.com\/file\/d\/1ACSSO1ysiWwSu6eFoRrJGMZryvPDg4Rv\/view?usp=sharing\">1\u00ba ESO EPVA<\/a><\/span><\/p>\n<\/li>\n<li>\n<p dir=\"ltr\" role=\"presentation\"><span style=\"color: #0000ff\"><a style=\"color: #0000ff\" href=\"https:\/\/drive.google.com\/file\/d\/1Mq83zJnwXZR98DeOosCa0gDXxRrt_xm3\/view?usp=sharing\">2\u00ba ESO PEPVA<\/a><\/span><\/p>\n<\/li>\n<li><span style=\"color: #0000ff\"><a style=\"color: #0000ff\" href=\"https:\/\/drive.google.com\/file\/d\/15YWk6iOmaV4C9OztCxU6RZG8VRau46X5\/view?usp=sharing\">3\u00ba ESO EPVA<\/a><\/span><\/li>\n<\/ul>\n<p>&nbsp;<\/p>\n<p>[\/et_pb_text][\/et_pb_column][\/et_pb_row][\/et_pb_section]<\/p>\n","protected":false},"excerpt":{"rendered":"<p>A trav\u00e9s de la materia de m\u00fasica pretendemos conseguir que nuestro alumnado obtenga una cultura musical lo suficientemente amplia como para desenvolverse en esta sociedad tan inundada de m\u00fasica en todos sus aspectos. Vivimos en un mundo en el que la m\u00fasica est\u00e1 presente por todas partes (radio, televisi\u00f3n, prensa, cine, etc.), y dado que [&hellip;]<\/p>\n","protected":false},"author":15613,"featured_media":0,"parent":0,"menu_order":0,"comment_status":"closed","ping_status":"closed","template":"","meta":{"_et_pb_use_builder":"on","_et_pb_old_content":"","_et_gb_content_width":"","ngg_post_thumbnail":0,"footnotes":""},"aioseo_notices":[],"_links":{"self":[{"href":"https:\/\/blogsaverroes.juntadeandalucia.es\/iessulayr\/wp-json\/wp\/v2\/pages\/669"}],"collection":[{"href":"https:\/\/blogsaverroes.juntadeandalucia.es\/iessulayr\/wp-json\/wp\/v2\/pages"}],"about":[{"href":"https:\/\/blogsaverroes.juntadeandalucia.es\/iessulayr\/wp-json\/wp\/v2\/types\/page"}],"author":[{"embeddable":true,"href":"https:\/\/blogsaverroes.juntadeandalucia.es\/iessulayr\/wp-json\/wp\/v2\/users\/15613"}],"replies":[{"embeddable":true,"href":"https:\/\/blogsaverroes.juntadeandalucia.es\/iessulayr\/wp-json\/wp\/v2\/comments?post=669"}],"version-history":[{"count":12,"href":"https:\/\/blogsaverroes.juntadeandalucia.es\/iessulayr\/wp-json\/wp\/v2\/pages\/669\/revisions"}],"predecessor-version":[{"id":1910,"href":"https:\/\/blogsaverroes.juntadeandalucia.es\/iessulayr\/wp-json\/wp\/v2\/pages\/669\/revisions\/1910"}],"wp:attachment":[{"href":"https:\/\/blogsaverroes.juntadeandalucia.es\/iessulayr\/wp-json\/wp\/v2\/media?parent=669"}],"curies":[{"name":"wp","href":"https:\/\/api.w.org\/{rel}","templated":true}]}}