{"id":740,"date":"2023-05-03T09:12:31","date_gmt":"2023-05-03T07:12:31","guid":{"rendered":"https:\/\/blogsaverroes.juntadeandalucia.es\/iessulayr\/?page_id=740"},"modified":"2025-11-06T10:41:20","modified_gmt":"2025-11-06T09:41:20","slug":"alumnos","status":"publish","type":"page","link":"https:\/\/blogsaverroes.juntadeandalucia.es\/iessulayr\/alumnos\/","title":{"rendered":"Alumnos"},"content":{"rendered":"<p>[et_pb_section fb_built=&#8221;1&#8243; _builder_version=&#8221;4.16&#8243; _module_preset=&#8221;default&#8221; global_colors_info=&#8221;{}&#8221;][et_pb_row _builder_version=&#8221;4.16&#8243; _module_preset=&#8221;default&#8221; global_colors_info=&#8221;{}&#8221;][et_pb_column type=&#8221;4_4&#8243; _builder_version=&#8221;4.16&#8243; _module_preset=&#8221;default&#8221; global_colors_info=&#8221;{}&#8221;][et_pb_accordion _builder_version=&#8221;4.24.2&#8243; _module_preset=&#8221;default&#8221; hover_enabled=&#8221;0&#8243; global_colors_info=&#8221;{}&#8221; sticky_enabled=&#8221;0&#8243;][et_pb_accordion_item title=&#8221;Delegados de alumnos&#8221; open=&#8221;on&#8221; _builder_version=&#8221;4.24.2&#8243; _module_preset=&#8221;default&#8221; background_color=&#8221;#FFE8CC&#8221; background_enable_color=&#8221;on&#8221; hover_enabled=&#8221;0&#8243; global_colors_info=&#8221;{}&#8221; sticky_enabled=&#8221;0&#8243;]<\/p>\n<p style=\"text-align: center\"><strong><code><\/code>Delegados de alumnos 2025-2026<\/strong><\/p>\n<table style=\"border-collapse: collapse;width: 49.4625%;height: 161px\">\n<tbody>\n<tr style=\"height: 23px\">\n<td style=\"width: 28.5851%;text-align: center;height: 23px\"><em><strong>Delegado\/a<\/strong><\/em><\/td>\n<td style=\"width: 38.1759%;text-align: center\"><em><strong>Subdelegado\/a<br \/><\/strong><\/em><\/td>\n<td style=\"width: 87.0811%;text-align: center;height: 23px\"><em><strong>Curso<\/strong><\/em><\/td>\n<\/tr>\n<tr style=\"height: 23px\">\n<td style=\"width: 28.5851%;height: 23px\">Ram\u00f3n Gallegos<\/td>\n<td style=\"width: 38.1759%\">Miranda Merch\u00e1n<\/td>\n<td style=\"width: 87.0811%;text-align: center;height: 23px\">1\u00ba ESO A<\/td>\n<\/tr>\n<tr style=\"height: 23px\">\n<td style=\"width: 28.5851%;height: 23px\">Julia Salas<\/td>\n<td style=\"width: 38.1759%\">Ali Houmaidi<\/td>\n<td style=\"width: 87.0811%;text-align: center;height: 23px\">2\u00ba ESO A<\/td>\n<\/tr>\n<tr style=\"height: 23px\">\n<td style=\"width: 28.5851%;height: 23px\">Antonio Gallegos<\/td>\n<td style=\"width: 38.1759%\">Jos\u00e9 \u00c1ngel Salmer\u00f3n<\/td>\n<td style=\"width: 87.0811%;text-align: center;height: 23px\">3\u00ba ESO A<\/td>\n<\/tr>\n<tr style=\"height: 23px\">\n<td style=\"width: 28.5851%;height: 23px\">Julia Cifuentes<\/td>\n<td style=\"width: 38.1759%\">M\u00aa Carmen Alonso<\/td>\n<td style=\"width: 87.0811%;text-align: center;height: 23px\">4\u00ba ESO A<\/td>\n<\/tr>\n<\/tbody>\n<\/table>\n<p>[\/et_pb_accordion_item][et_pb_accordion_item title=&#8221;Delegados de padres y madres&#8221; _builder_version=&#8221;4.24.2&#8243; _module_preset=&#8221;default&#8221; background_color=&#8221;#7fe0cd&#8221; background_enable_color=&#8221;on&#8221; global_colors_info=&#8221;{}&#8221; open=&#8221;off&#8221;]<\/p>\n<p style=\"text-align: center\"><strong>Delegados de padres y madres 2025-2026<\/strong><\/p>\n<table style=\"border-collapse: collapse;width: 55.4081%\">\n<tbody>\n<tr>\n<td style=\"width: 48.1033%;text-align: center\"><em><strong>Padre\/madre<\/strong><\/em><\/td>\n<td style=\"width: 119.375%;text-align: center\"><em><strong>Curso<\/strong><\/em><\/td>\n<\/tr>\n<tr>\n<td style=\"width: 48.1033%\">Daniel Calatayud<\/td>\n<td style=\"width: 119.375%;text-align: center\">1\u00ba ESO A<\/td>\n<\/tr>\n<tr>\n<td style=\"width: 48.1033%\">Chelo Robles<\/td>\n<td style=\"width: 119.375%;text-align: center\">2\u00ba ESO A<\/td>\n<\/tr>\n<tr>\n<td style=\"width: 48.1033%\">Mar\u00eda Casamayor<\/td>\n<td style=\"width: 119.375%;text-align: center\">3\u00ba ESO A<\/td>\n<\/tr>\n<tr>\n<td style=\"width: 48.1033%\">M\u00aa Bel\u00e9n Jim\u00e9nez<\/td>\n<td style=\"width: 119.375%;text-align: center\">4\u00ba ESO A<\/td>\n<\/tr>\n<\/tbody>\n<\/table>\n<p>&nbsp;<\/p>\n<p>[\/et_pb_accordion_item][et_pb_accordion_item title=&#8221;Tutor\u00edas&#8221; _builder_version=&#8221;4.24.2&#8243; _module_preset=&#8221;default&#8221; background_color=&#8221;#e0827d&#8221; background_enable_color=&#8221;on&#8221; global_colors_info=&#8221;{}&#8221; open=&#8221;off&#8221;]<\/p>\n<p style=\"text-align: center\"><strong>Tutores<\/strong><\/p>\n<p dir=\"ltr\">Le recordamos que para pedir cita con el tutor o tutora es conveniente llamar al <strong>958761943<\/strong> con antelaci\u00f3n al d\u00eda que se desea la cita, con el fin de que el tutor o tutora pueda recabar informaci\u00f3n del resto de profesorado.<\/p>\n<table style=\"border-collapse: collapse;width: 87.8564%;height: 138px\">\n<tbody>\n<tr style=\"height: 23px\">\n<td style=\"width: 32.4298%;text-align: center;height: 23px\"><em><strong>CURSO<\/strong><\/em><\/td>\n<td style=\"width: 32.5036%;text-align: center;height: 23px\"><em><strong>TUTOR\/A<\/strong><\/em><\/td>\n<td style=\"width: 97.7258%;text-align: center;height: 23px\"><em><strong>HORARIO<\/strong><\/em><\/td>\n<\/tr>\n<tr style=\"height: 23px\">\n<td style=\"width: 32.4298%;text-align: center;height: 23px\">1\u00ba ESO A<\/td>\n<td style=\"width: 32.5036%;height: 23px\">IN\u00c9S L\u00d3PEZ<\/td>\n<td style=\"width: 97.7258%;text-align: center;height: 23px\"><em>Mi\u00e9rcoles de 9:15 a 10:15<br \/><\/em><\/td>\n<\/tr>\n<tr style=\"height: 23px\">\n<td style=\"width: 32.4298%;text-align: center;height: 23px\">2\u00ba ESO A<\/td>\n<td style=\"width: 32.5036%;height: 23px\">M\u00d3NICA ORTIZ<\/td>\n<td style=\"width: 97.7258%;text-align: center;height: 23px\"><em>Viernes de 10:35 a 11:35<br \/><\/em><\/td>\n<\/tr>\n<tr style=\"height: 23px\">\n<td style=\"width: 32.4298%;text-align: center;height: 23px\">3\u00ba ESO A<\/td>\n<td style=\"width: 32.5036%;height: 23px\">MAR\u00cdA CASTA\u00d1ARES<\/td>\n<td style=\"width: 97.7258%;text-align: center;height: 23px\"><em>Lunes de 11:35 a 12:35<br \/><\/em><\/td>\n<\/tr>\n<tr style=\"height: 23px\">\n<td style=\"width: 32.4298%;text-align: center;height: 23px\">4\u00ba ESO A<\/td>\n<td style=\"width: 32.5036%;height: 23px\">FABIO MU\u00d1OZ<\/td>\n<td style=\"width: 97.7258%;text-align: center;height: 23px\"><em>Mi\u00e9rcoles de 11:35 a 12:35<\/em><\/td>\n<\/tr>\n<\/tbody>\n<\/table>\n<p>[\/et_pb_accordion_item][\/et_pb_accordion][\/et_pb_column][\/et_pb_row][\/et_pb_section]<\/p>\n","protected":false},"excerpt":{"rendered":"<p>Delegados de alumnos 2025-2026 Delegado\/a Subdelegado\/a Curso Ram\u00f3n Gallegos Miranda Merch\u00e1n 1\u00ba ESO A Julia Salas Ali Houmaidi 2\u00ba ESO A Antonio Gallegos Jos\u00e9 \u00c1ngel Salmer\u00f3n 3\u00ba ESO A Julia Cifuentes M\u00aa Carmen Alonso 4\u00ba ESO A Delegados de padres y madres 2025-2026 Padre\/madre Curso Daniel Calatayud 1\u00ba ESO A Chelo Robles 2\u00ba ESO A [&hellip;]<\/p>\n","protected":false},"author":15613,"featured_media":0,"parent":0,"menu_order":0,"comment_status":"closed","ping_status":"closed","template":"","meta":{"_et_pb_use_builder":"on","_et_pb_old_content":"","_et_gb_content_width":"","ngg_post_thumbnail":0,"footnotes":""},"aioseo_notices":[],"_links":{"self":[{"href":"https:\/\/blogsaverroes.juntadeandalucia.es\/iessulayr\/wp-json\/wp\/v2\/pages\/740"}],"collection":[{"href":"https:\/\/blogsaverroes.juntadeandalucia.es\/iessulayr\/wp-json\/wp\/v2\/pages"}],"about":[{"href":"https:\/\/blogsaverroes.juntadeandalucia.es\/iessulayr\/wp-json\/wp\/v2\/types\/page"}],"author":[{"embeddable":true,"href":"https:\/\/blogsaverroes.juntadeandalucia.es\/iessulayr\/wp-json\/wp\/v2\/users\/15613"}],"replies":[{"embeddable":true,"href":"https:\/\/blogsaverroes.juntadeandalucia.es\/iessulayr\/wp-json\/wp\/v2\/comments?post=740"}],"version-history":[{"count":35,"href":"https:\/\/blogsaverroes.juntadeandalucia.es\/iessulayr\/wp-json\/wp\/v2\/pages\/740\/revisions"}],"predecessor-version":[{"id":1835,"href":"https:\/\/blogsaverroes.juntadeandalucia.es\/iessulayr\/wp-json\/wp\/v2\/pages\/740\/revisions\/1835"}],"wp:attachment":[{"href":"https:\/\/blogsaverroes.juntadeandalucia.es\/iessulayr\/wp-json\/wp\/v2\/media?parent=740"}],"curies":[{"name":"wp","href":"https:\/\/api.w.org\/{rel}","templated":true}]}}