{"id":859,"date":"2023-07-19T13:16:17","date_gmt":"2023-07-19T11:16:17","guid":{"rendered":"https:\/\/blogsaverroes.juntadeandalucia.es\/iessulayr\/?page_id=859"},"modified":"2024-04-11T10:53:16","modified_gmt":"2024-04-11T08:53:16","slug":"aps","status":"publish","type":"page","link":"https:\/\/blogsaverroes.juntadeandalucia.es\/iessulayr\/aps\/","title":{"rendered":"Aprendizaje y Servicio ApS"},"content":{"rendered":"<p>[et_pb_section fb_built=&#8221;1&#8243; _builder_version=&#8221;4.14.5&#8243; _module_preset=&#8221;default&#8221; global_colors_info=&#8221;{}&#8221;][et_pb_row _builder_version=&#8221;4.14.5&#8243; _module_preset=&#8221;default&#8221; column_structure=&#8221;1_2,1_2&#8243;][et_pb_column _builder_version=&#8221;4.14.5&#8243; _module_preset=&#8221;default&#8221; type=&#8221;1_2&#8243;][et_pb_image _builder_version=&#8221;4.14.5&#8243; _module_preset=&#8221;default&#8221; title_text=&#8221;v\u00eddeo ApS&#8221; src=&#8221;https:\/\/blogsaverroes.juntadeandalucia.es\/iessulayr\/files\/2024\/04\/v\u00eddeo-ApS.png&#8221; hover_enabled=&#8221;0&#8243; sticky_enabled=&#8221;0&#8243;][\/et_pb_image][\/et_pb_column][et_pb_column _builder_version=&#8221;4.14.5&#8243; _module_preset=&#8221;default&#8221; type=&#8221;1_2&#8243;][et_pb_text _builder_version=&#8221;4.14.5&#8243; _module_preset=&#8221;default&#8221; hover_enabled=&#8221;0&#8243; sticky_enabled=&#8221;0&#8243;]<\/p>\n<p><span style=\"font-size: 14pt\">Conoce m\u00e1s del proyecto de Aprendizaje y Servicio que se est\u00e1 llevando a cabo en el IES Sulayr accediendo a este <a href=\"https:\/\/drive.google.com\/file\/d\/1dbFk1fVIEPUTOfgmWMlD3-GzHwCzsWAu\/view?usp=sharing\"><span style=\"color: #0000ff\"><strong>v\u00eddeo<\/strong><\/span><\/a>.<\/span><\/p>\n<p>[\/et_pb_text][\/et_pb_column][\/et_pb_row][et_pb_row column_structure=&#8221;1_2,1_2&#8243; _builder_version=&#8221;4.14.5&#8243; _module_preset=&#8221;default&#8221; global_colors_info=&#8221;{}&#8221;][et_pb_column type=&#8221;1_2&#8243; _builder_version=&#8221;4.14.5&#8243; _module_preset=&#8221;default&#8221; global_colors_info=&#8221;{}&#8221;][et_pb_text _builder_version=&#8221;4.14.5&#8243; _module_preset=&#8221;default&#8221; hover_enabled=&#8221;0&#8243; global_colors_info=&#8221;{}&#8221; sticky_enabled=&#8221;0&#8243;]<\/p>\n<p dir=\"ltr\"><strong>D\u00eda del Agua<\/strong><\/p>\n<p dir=\"ltr\">El pasado 22 de marzo de 2023 se celebr\u00f3 el d\u00eda del Agua. Dentro de las actuaciones realizadas en el IES Sulayr, os compartimos algunas fotos de la salida del alumnado de 2\u00ba ESO a Capilerilla para la toma de muestras de agua que despu\u00e9s llevaron al laboratorio para su posterior an\u00e1lisis.<\/p>\n<p>Para ver las fotos, haz click <a href=\"https:\/\/photos.app.goo.gl\/Xt19cpDxHnu4zFyT6\">aqu\u00ed<\/a>.<\/p>\n<p><img loading=\"lazy\" decoding=\"async\" class=\"alignleft size-medium wp-image-862\" src=\"https:\/\/blogsaverroes.juntadeandalucia.es\/iessulayr\/files\/2023\/07\/IMG20230317095145-300x225.jpg\" alt=\"\" width=\"300\" height=\"225\"><\/p>\n<p>[\/et_pb_text][\/et_pb_column][et_pb_column type=&#8221;1_2&#8243; _builder_version=&#8221;4.14.5&#8243; _module_preset=&#8221;default&#8221; global_colors_info=&#8221;{}&#8221;][et_pb_text _builder_version=&#8221;4.14.5&#8243; _module_preset=&#8221;default&#8221; hover_enabled=&#8221;0&#8243; global_colors_info=&#8221;{}&#8221; sticky_enabled=&#8221;0&#8243;]<\/p>\n<p dir=\"ltr\"><strong>Proyecto de Erasmus+ junto con Agua de Coco, Celei y Ni\u00f1as del Tul<\/strong><\/p>\n<p dir=\"ltr\">El alumnado de 3\u00ba y 4\u00ba ESO del IES Sulayr est\u00e1 realizando un Proyecto de Erasmus+ en colaboraci\u00f3n con las asociaciones Agua de Coco, Celei y Ni\u00f1as del Tul sobre revitalizaci\u00f3n rural y natural de las Alpujarras a trav\u00e9s de los ODS, el emprendimiento y la cooperaci\u00f3n social. Dentro de este trabajo, han realizado un taller de formaci\u00f3n sobre los ODS as\u00ed como una salida por el entorno y un taller de fomento del esp\u00edritu emprendedor y el valor de la cooperaci\u00f3n social.<\/p>\n<p>Pod\u00e9is ver algunas fotos aqu\u00ed: <a href=\"https:\/\/photos.app.goo.gl\/u9EqQJ7LBKDBufhd6\">primera sesi\u00f3n<\/a>, <a href=\"https:\/\/photos.app.goo.gl\/x8uqVWWRQpiUYAZW7\">segunda sesi\u00f3n<\/a> y <a href=\"https:\/\/photos.app.goo.gl\/eBaQKXUZbFda9Nvz5\">tercera sesi\u00f3n<\/a>.<\/p>\n<p><img loading=\"lazy\" decoding=\"async\" class=\"alignleft size-medium wp-image-863\" src=\"https:\/\/blogsaverroes.juntadeandalucia.es\/iessulayr\/files\/2023\/07\/1683268595667-300x225.jpg\" alt=\"\" width=\"300\" height=\"225\"><\/p>\n<p>[\/et_pb_text][\/et_pb_column][\/et_pb_row][et_pb_row column_structure=&#8221;1_2,1_2&#8243; _builder_version=&#8221;4.14.5&#8243; _module_preset=&#8221;default&#8221; global_colors_info=&#8221;{}&#8221;][et_pb_column type=&#8221;1_2&#8243; _builder_version=&#8221;4.14.5&#8243; _module_preset=&#8221;default&#8221; global_colors_info=&#8221;{}&#8221;][et_pb_text _builder_version=&#8221;4.14.5&#8243; _module_preset=&#8221;default&#8221; global_colors_info=&#8221;{}&#8221;]<\/p>\n<p dir=\"ltr\"><strong>Proyecto Namana<\/strong><\/p>\n<p dir=\"ltr\">Los alumnos de 1\u00ba y 2\u00ba ESO est\u00e1n colaborando en el proyecto Namana con la ONG Agua de Coco, trabajando los ODS y las dificultades de acceso al agua en algunas zonas. El 25 de mayo realizaron tambi\u00e9n una videoconferencia con alumnos de Madagascar de la misma edad.<\/p>\n<p dir=\"ltr\">\u00a1Muchas gracias a Agua de Coco y a los alumnos de la <a href=\"https:\/\/aguadecoco.org\/proyectos\/escuela-de-los-zafiros\/\">Escuela Los Zafiros<\/a>!<\/p>\n<p dir=\"ltr\"><img loading=\"lazy\" decoding=\"async\" class=\"alignleft size-medium wp-image-864\" src=\"https:\/\/blogsaverroes.juntadeandalucia.es\/iessulayr\/files\/2023\/07\/videoconferencia-300x100.jpg\" alt=\"\" width=\"300\" height=\"100\"><\/p>\n<p>[\/et_pb_text][\/et_pb_column][et_pb_column type=&#8221;1_2&#8243; _builder_version=&#8221;4.14.5&#8243; _module_preset=&#8221;default&#8221; global_colors_info=&#8221;{}&#8221;][et_pb_text _builder_version=&#8221;4.14.5&#8243; _module_preset=&#8221;default&#8221; global_colors_info=&#8221;{}&#8221;]<\/p>\n<p dir=\"ltr\"><strong>Colaboraci\u00f3n ONG Agua de Coco<\/strong><\/p>\n<p dir=\"ltr\">Los d\u00edas 27, 28 de abril y 2 de mayo el IES Sulayr tendr\u00e1 expuesto un stand de artesan\u00eda de Madagascar para recaudar dinero para la ONG Agua de Coco. \u00a1Animaos a venir y colaborar!<\/p>\n<p dir=\"ltr\"><img loading=\"lazy\" decoding=\"async\" class=\"alignleft size-medium wp-image-865\" src=\"https:\/\/blogsaverroes.juntadeandalucia.es\/iessulayr\/files\/2023\/07\/1682582224878-300x225.jpg\" alt=\"\" width=\"300\" height=\"225\"><\/p>\n<p>[\/et_pb_text][\/et_pb_column][\/et_pb_row][et_pb_row _builder_version=&#8221;4.14.5&#8243; _module_preset=&#8221;default&#8221; global_colors_info=&#8221;{}&#8221;][et_pb_column type=&#8221;4_4&#8243; _builder_version=&#8221;4.14.5&#8243; _module_preset=&#8221;default&#8221; global_colors_info=&#8221;{}&#8221;][et_pb_text _builder_version=&#8221;4.14.5&#8243; _module_preset=&#8221;default&#8221; global_colors_info=&#8221;{}&#8221;]<\/p>\n<p dir=\"ltr\"><strong>Carrera solidaria contra la leucemia<\/strong><\/p>\n<p dir=\"ltr\">El pasado 27 de abril el IES Sulayr se sum\u00f3 al reto de <strong>#VueltaAlColeUnoentrecienmil<\/strong> celebrando una carrera solidaria para recaudar dinero para luchar contra la leucemia infantil.&nbsp;<\/p>\n<p dir=\"ltr\">\u00a1Muchas gracias por vuestra colaboraci\u00f3n en esta recaudaci\u00f3n!<\/p>\n<p dir=\"ltr\"><img loading=\"lazy\" decoding=\"async\" class=\"alignleft size-medium wp-image-866\" src=\"https:\/\/blogsaverroes.juntadeandalucia.es\/iessulayr\/files\/2023\/07\/IMG_20230427_093828_1-225x300.jpg\" alt=\"\" width=\"225\" height=\"300\"> <img loading=\"lazy\" decoding=\"async\" class=\"alignleft size-medium wp-image-867\" src=\"https:\/\/blogsaverroes.juntadeandalucia.es\/iessulayr\/files\/2023\/07\/IMG_20230427_093934-225x300.jpg\" alt=\"\" width=\"225\" height=\"300\"><\/p>\n<p>[\/et_pb_text][\/et_pb_column][\/et_pb_row][\/et_pb_section]<\/p>\n","protected":false},"excerpt":{"rendered":"<p>Conoce m\u00e1s del proyecto de Aprendizaje y Servicio que se est\u00e1 llevando a cabo en el IES Sulayr accediendo a este v\u00eddeo.D\u00eda del Agua El pasado 22 de marzo de 2023 se celebr\u00f3 el d\u00eda del Agua. Dentro de las actuaciones realizadas en el IES Sulayr, os compartimos algunas fotos de la salida del alumnado [&hellip;]<\/p>\n","protected":false},"author":15613,"featured_media":0,"parent":0,"menu_order":0,"comment_status":"closed","ping_status":"closed","template":"","meta":{"_et_pb_use_builder":"on","_et_pb_old_content":"","_et_gb_content_width":"","ngg_post_thumbnail":0,"footnotes":""},"aioseo_notices":[],"_links":{"self":[{"href":"https:\/\/blogsaverroes.juntadeandalucia.es\/iessulayr\/wp-json\/wp\/v2\/pages\/859"}],"collection":[{"href":"https:\/\/blogsaverroes.juntadeandalucia.es\/iessulayr\/wp-json\/wp\/v2\/pages"}],"about":[{"href":"https:\/\/blogsaverroes.juntadeandalucia.es\/iessulayr\/wp-json\/wp\/v2\/types\/page"}],"author":[{"embeddable":true,"href":"https:\/\/blogsaverroes.juntadeandalucia.es\/iessulayr\/wp-json\/wp\/v2\/users\/15613"}],"replies":[{"embeddable":true,"href":"https:\/\/blogsaverroes.juntadeandalucia.es\/iessulayr\/wp-json\/wp\/v2\/comments?post=859"}],"version-history":[{"count":6,"href":"https:\/\/blogsaverroes.juntadeandalucia.es\/iessulayr\/wp-json\/wp\/v2\/pages\/859\/revisions"}],"predecessor-version":[{"id":1246,"href":"https:\/\/blogsaverroes.juntadeandalucia.es\/iessulayr\/wp-json\/wp\/v2\/pages\/859\/revisions\/1246"}],"wp:attachment":[{"href":"https:\/\/blogsaverroes.juntadeandalucia.es\/iessulayr\/wp-json\/wp\/v2\/media?parent=859"}],"curies":[{"name":"wp","href":"https:\/\/api.w.org\/{rel}","templated":true}]}}