{"id":101,"date":"2024-04-25T22:48:09","date_gmt":"2024-04-25T20:48:09","guid":{"rendered":"https:\/\/blogsaverroes.juntadeandalucia.es\/iestartessoscamas\/?page_id=101"},"modified":"2026-01-26T20:57:04","modified_gmt":"2026-01-26T19:57:04","slug":"orientacion","status":"publish","type":"page","link":"https:\/\/blogsaverroes.juntadeandalucia.es\/iestartessoscamas\/orientacion\/","title":{"rendered":"Orientaci\u00f3n"},"content":{"rendered":"<p><strong>COMPOSICI\u00d3N DEL DEPARTAMENTO DE ORIENTACI\u00d3N<\/strong><\/p>\n<table style=\"border-collapse: collapse;width: 100%;height: 178px\">\n<tbody>\n<tr style=\"height: 38px\">\n<td style=\"width: 33.3333%;height: 38px\">D\u00aa. Araceli Acu\u00f1a S\u00e1nchez<\/td>\n<td style=\"width: 33.3333%;height: 38px\">Tutora de 1\u00ba CFGB<\/td>\n<td style=\"width: 33.3333%;height: 38px\">aacusan023@g.educaand.es<\/td>\n<\/tr>\n<tr style=\"height: 38px\">\n<td style=\"width: 33.3333%;height: 38px\">D\u00aa. Yolanda Carrasco Rodr\u00edguez<\/td>\n<td style=\"width: 33.3333%;height: 38px\">Profesora PT<\/td>\n<td style=\"width: 33.3333%;height: 38px\"><span data-sheets-root=\"1\" data-sheets-value=\"{&quot;1&quot;:2,&quot;2&quot;:&quot;mgomaco997@g.educaand.es&quot;}\" data-sheets-userformat=\"{&quot;2&quot;:14781,&quot;3&quot;:{&quot;1&quot;:0,&quot;3&quot;:1},&quot;5&quot;:{&quot;1&quot;:[{&quot;1&quot;:2,&quot;2&quot;:0,&quot;5&quot;:{&quot;1&quot;:2,&quot;2&quot;:0}},{&quot;1&quot;:0,&quot;2&quot;:0,&quot;3&quot;:3},{&quot;1&quot;:1,&quot;2&quot;:0,&quot;4&quot;:1}]},&quot;6&quot;:{&quot;1&quot;:[{&quot;1&quot;:2,&quot;2&quot;:0,&quot;5&quot;:{&quot;1&quot;:2,&quot;2&quot;:0}},{&quot;1&quot;:0,&quot;2&quot;:0,&quot;3&quot;:3},{&quot;1&quot;:1,&quot;2&quot;:0,&quot;4&quot;:1}]},&quot;7&quot;:{&quot;1&quot;:[{&quot;1&quot;:2,&quot;2&quot;:0,&quot;5&quot;:{&quot;1&quot;:2,&quot;2&quot;:0}},{&quot;1&quot;:0,&quot;2&quot;:0,&quot;3&quot;:3},{&quot;1&quot;:1,&quot;2&quot;:0,&quot;4&quot;:1}]},&quot;8&quot;:{&quot;1&quot;:[{&quot;1&quot;:2,&quot;2&quot;:0,&quot;5&quot;:{&quot;1&quot;:2,&quot;2&quot;:0}},{&quot;1&quot;:0,&quot;2&quot;:0,&quot;3&quot;:3},{&quot;1&quot;:1,&quot;2&quot;:0,&quot;4&quot;:1}]},&quot;10&quot;:0,&quot;11&quot;:4,&quot;14&quot;:{&quot;1&quot;:2,&quot;2&quot;:0},&quot;15&quot;:&quot;Times New Roman&quot;,&quot;16&quot;:12}\">mgomaco997@g.educaand.es<\/span><\/td>\n<\/tr>\n<tr style=\"height: 36px\">\n<td style=\"width: 33.3333%;height: 36px\">D\u00aa. Mar\u00eda Carmen Carmona Torres<\/td>\n<td style=\"width: 33.3333%;height: 36px\">Profesora PT<\/td>\n<td style=\"width: 33.3333%;height: 36px\">ccartor176@g.educaand.es<\/td>\n<\/tr>\n<tr style=\"height: 24px\">\n<td style=\"width: 33.3333%;height: 35px\">D\u00aa. Susana Gonz\u00e1lez de la Rosa<\/td>\n<td style=\"width: 33.3333%;height: 35px\">Jefa del departamento de Orientaci\u00f3n<\/td>\n<td style=\"width: 33.3333%;height: 35px\"><span data-sheets-root=\"1\" data-sheets-value=\"{&quot;1&quot;:2,&quot;2&quot;:&quot;sgonros317@g.educaand.es&quot;}\" data-sheets-userformat=\"{&quot;2&quot;:14781,&quot;3&quot;:{&quot;1&quot;:0,&quot;3&quot;:1},&quot;5&quot;:{&quot;1&quot;:[{&quot;1&quot;:2,&quot;2&quot;:0,&quot;5&quot;:{&quot;1&quot;:2,&quot;2&quot;:0}},{&quot;1&quot;:0,&quot;2&quot;:0,&quot;3&quot;:3},{&quot;1&quot;:1,&quot;2&quot;:0,&quot;4&quot;:1}]},&quot;6&quot;:{&quot;1&quot;:[{&quot;1&quot;:2,&quot;2&quot;:0,&quot;5&quot;:{&quot;1&quot;:2,&quot;2&quot;:0}},{&quot;1&quot;:0,&quot;2&quot;:0,&quot;3&quot;:3},{&quot;1&quot;:1,&quot;2&quot;:0,&quot;4&quot;:1}]},&quot;7&quot;:{&quot;1&quot;:[{&quot;1&quot;:2,&quot;2&quot;:0,&quot;5&quot;:{&quot;1&quot;:2,&quot;2&quot;:0}},{&quot;1&quot;:0,&quot;2&quot;:0,&quot;3&quot;:3},{&quot;1&quot;:1,&quot;2&quot;:0,&quot;4&quot;:1}]},&quot;8&quot;:{&quot;1&quot;:[{&quot;1&quot;:2,&quot;2&quot;:0,&quot;5&quot;:{&quot;1&quot;:2,&quot;2&quot;:0}},{&quot;1&quot;:0,&quot;2&quot;:0,&quot;3&quot;:3},{&quot;1&quot;:1,&quot;2&quot;:0,&quot;4&quot;:1}]},&quot;10&quot;:0,&quot;11&quot;:4,&quot;14&quot;:{&quot;1&quot;:2,&quot;2&quot;:0},&quot;15&quot;:&quot;Times New Roman&quot;,&quot;16&quot;:12}\">sgonros317@g.educaand.es<\/span><\/td>\n<\/tr>\n<tr style=\"height: 48px\">\n<td style=\"width: 33.3333%;height: 37px\">D\u00aa. Esther M\u00e9ndez Izquierdo<\/td>\n<td style=\"width: 33.3333%;height: 37px\">Orientadora<\/td>\n<td style=\"width: 33.3333%;height: 37px\" width=\"245\">emenizq751@g.educaand.es<\/td>\n<\/tr>\n<tr style=\"height: 24px\">\n<td style=\"width: 33.3333%;height: 32px\">D\u00aa. Inmaculada Moreno\u00a0 Beltr\u00e1n<\/td>\n<td style=\"width: 33.3333%;height: 32px\">Directora del IES Tartessos<\/td>\n<td style=\"width: 33.3333%;height: 32px\"><span data-sheets-root=\"1\" data-sheets-value=\"{&quot;1&quot;:2,&quot;2&quot;:&quot;imorbel925@g.educaand.es&quot;}\" data-sheets-userformat=\"{&quot;2&quot;:14781,&quot;3&quot;:{&quot;1&quot;:0,&quot;3&quot;:1},&quot;5&quot;:{&quot;1&quot;:[{&quot;1&quot;:2,&quot;2&quot;:0,&quot;5&quot;:{&quot;1&quot;:2,&quot;2&quot;:0}},{&quot;1&quot;:0,&quot;2&quot;:0,&quot;3&quot;:3},{&quot;1&quot;:1,&quot;2&quot;:0,&quot;4&quot;:1}]},&quot;6&quot;:{&quot;1&quot;:[{&quot;1&quot;:2,&quot;2&quot;:0,&quot;5&quot;:{&quot;1&quot;:2,&quot;2&quot;:0}},{&quot;1&quot;:0,&quot;2&quot;:0,&quot;3&quot;:3},{&quot;1&quot;:1,&quot;2&quot;:0,&quot;4&quot;:1}]},&quot;7&quot;:{&quot;1&quot;:[{&quot;1&quot;:2,&quot;2&quot;:0,&quot;5&quot;:{&quot;1&quot;:2,&quot;2&quot;:0}},{&quot;1&quot;:0,&quot;2&quot;:0,&quot;3&quot;:3},{&quot;1&quot;:1,&quot;2&quot;:0,&quot;4&quot;:1}]},&quot;8&quot;:{&quot;1&quot;:[{&quot;1&quot;:2,&quot;2&quot;:0,&quot;5&quot;:{&quot;1&quot;:2,&quot;2&quot;:0}},{&quot;1&quot;:0,&quot;2&quot;:0,&quot;3&quot;:3},{&quot;1&quot;:1,&quot;2&quot;:0,&quot;4&quot;:1}]},&quot;10&quot;:0,&quot;11&quot;:4,&quot;14&quot;:{&quot;1&quot;:2,&quot;2&quot;:0},&quot;15&quot;:&quot;Times New Roman&quot;,&quot;16&quot;:12}\">imorbel925@g.educaand.es<\/span><\/td>\n<\/tr>\n<\/tbody>\n<\/table>\n<p>&nbsp;<\/p>\n<p><strong>PROGRAMACI\u00d3N CURSO 2025\/2026<\/strong><\/p>\n<p><a href=\"https:\/\/blogsaverroes.juntadeandalucia.es\/iestartessoscamas\/files\/2026\/01\/Programacion-Dpto.-Orientacion.pdf\">PLAN DE ACTUACI\u00d3N DEL DEPARTAMENTO DE ORIENTACI\u00d3N<\/a><\/p>\n<p>&nbsp;<\/p>\n<p>&nbsp;<\/p>\n","protected":false},"excerpt":{"rendered":"<p>COMPOSICI\u00d3N DEL DEPARTAMENTO DE ORIENTACI\u00d3N D\u00aa. Araceli Acu\u00f1a S\u00e1nchez Tutora de 1\u00ba CFGB aacusan023@g.educaand.es D\u00aa. Yolanda Carrasco Rodr\u00edguez Profesora PT mgomaco997@g.educaand.es D\u00aa. Mar\u00eda Carmen Carmona Torres Profesora PT ccartor176@g.educaand.es D\u00aa. Susana Gonz\u00e1lez de la&#46;&#46;&#46;<\/p>\n","protected":false},"author":18085,"featured_media":0,"parent":0,"menu_order":0,"comment_status":"closed","ping_status":"closed","template":"","meta":{"_exactmetrics_skip_tracking":false,"_exactmetrics_sitenote_active":false,"_exactmetrics_sitenote_note":"","_exactmetrics_sitenote_category":0,"footnotes":"","_mc_calendar":[]},"aioseo_notices":[],"_links":{"self":[{"href":"https:\/\/blogsaverroes.juntadeandalucia.es\/iestartessoscamas\/wp-json\/wp\/v2\/pages\/101"}],"collection":[{"href":"https:\/\/blogsaverroes.juntadeandalucia.es\/iestartessoscamas\/wp-json\/wp\/v2\/pages"}],"about":[{"href":"https:\/\/blogsaverroes.juntadeandalucia.es\/iestartessoscamas\/wp-json\/wp\/v2\/types\/page"}],"author":[{"embeddable":true,"href":"https:\/\/blogsaverroes.juntadeandalucia.es\/iestartessoscamas\/wp-json\/wp\/v2\/users\/18085"}],"replies":[{"embeddable":true,"href":"https:\/\/blogsaverroes.juntadeandalucia.es\/iestartessoscamas\/wp-json\/wp\/v2\/comments?post=101"}],"version-history":[{"count":15,"href":"https:\/\/blogsaverroes.juntadeandalucia.es\/iestartessoscamas\/wp-json\/wp\/v2\/pages\/101\/revisions"}],"predecessor-version":[{"id":1743,"href":"https:\/\/blogsaverroes.juntadeandalucia.es\/iestartessoscamas\/wp-json\/wp\/v2\/pages\/101\/revisions\/1743"}],"wp:attachment":[{"href":"https:\/\/blogsaverroes.juntadeandalucia.es\/iestartessoscamas\/wp-json\/wp\/v2\/media?parent=101"}],"curies":[{"name":"wp","href":"https:\/\/api.w.org\/{rel}","templated":true}]}}