{"id":106,"date":"2024-04-25T22:48:50","date_gmt":"2024-04-25T20:48:50","guid":{"rendered":"https:\/\/blogsaverroes.juntadeandalucia.es\/iestartessoscamas\/?page_id=106"},"modified":"2025-11-12T19:28:52","modified_gmt":"2025-11-12T18:28:52","slug":"tecnologia-e-informatica","status":"publish","type":"page","link":"https:\/\/blogsaverroes.juntadeandalucia.es\/iestartessoscamas\/tecnologia-e-informatica\/","title":{"rendered":"Tecnolog\u00eda e Inform\u00e1tica"},"content":{"rendered":"<p><strong>PROFESORADO DEL DEPARTAMENTO<\/strong><\/p>\n<p>CURSO: 2025\/2026<\/p>\n<table style=\"border-collapse: collapse;width: 88.9738%;height: 123px\">\n<tbody>\n<tr style=\"height: 24px\">\n<td style=\"width: 36.0262%;height: 24px\">D. Jaime Cadaval Arrola<\/td>\n<td style=\"width: 25.8734%;height: 24px\"><\/td>\n<td style=\"width: 30.4498%;height: 24px\" width=\"245\">jcadarr827@g.educaand.es<\/td>\n<\/tr>\n<tr style=\"height: 27px\">\n<td style=\"width: 36.0262%;height: 27px\">D\u00aa. Noelia Ca\u00f1ada Martos<\/td>\n<td style=\"width: 25.8734%;height: 27px\"><\/td>\n<td style=\"width: 30.4498%;height: 27px\"><span data-sheets-root=\"1\" data-sheets-value=\"{&quot;1&quot;:2,&quot;2&quot;:&quot;jgutmen438@g.educaand.es&quot;}\" data-sheets-userformat=\"{&quot;2&quot;:14781,&quot;3&quot;:{&quot;1&quot;:0,&quot;3&quot;:1},&quot;5&quot;:{&quot;1&quot;:[{&quot;1&quot;:2,&quot;2&quot;:0,&quot;5&quot;:{&quot;1&quot;:2,&quot;2&quot;:0}},{&quot;1&quot;:0,&quot;2&quot;:0,&quot;3&quot;:3},{&quot;1&quot;:1,&quot;2&quot;:0,&quot;4&quot;:1}]},&quot;6&quot;:{&quot;1&quot;:[{&quot;1&quot;:2,&quot;2&quot;:0,&quot;5&quot;:{&quot;1&quot;:2,&quot;2&quot;:0}},{&quot;1&quot;:0,&quot;2&quot;:0,&quot;3&quot;:3},{&quot;1&quot;:1,&quot;2&quot;:0,&quot;4&quot;:1}]},&quot;7&quot;:{&quot;1&quot;:[{&quot;1&quot;:2,&quot;2&quot;:0,&quot;5&quot;:{&quot;1&quot;:2,&quot;2&quot;:0}},{&quot;1&quot;:0,&quot;2&quot;:0,&quot;3&quot;:3},{&quot;1&quot;:1,&quot;2&quot;:0,&quot;4&quot;:1}]},&quot;8&quot;:{&quot;1&quot;:[{&quot;1&quot;:2,&quot;2&quot;:0,&quot;5&quot;:{&quot;1&quot;:2,&quot;2&quot;:0}},{&quot;1&quot;:0,&quot;2&quot;:0,&quot;3&quot;:3},{&quot;1&quot;:1,&quot;2&quot;:0,&quot;4&quot;:1}]},&quot;10&quot;:0,&quot;11&quot;:4,&quot;14&quot;:{&quot;1&quot;:2,&quot;2&quot;:0},&quot;15&quot;:&quot;Times New Roman&quot;,&quot;16&quot;:12}\">ncanmar596@g.educaand.es<\/span><\/td>\n<\/tr>\n<tr style=\"height: 24px\">\n<td style=\"width: 36.0262%;height: 24px\">D. Jes\u00fas David Gordon Cano<\/td>\n<td style=\"width: 25.8734%;height: 24px\">Jefe departamento<\/td>\n<td style=\"width: 30.4498%;height: 24px\"><span data-sheets-root=\"1\" data-sheets-value=\"{&quot;1&quot;:2,&quot;2&quot;:&quot;efersan797@g.educaand.es&quot;}\" data-sheets-userformat=\"{&quot;2&quot;:14781,&quot;3&quot;:{&quot;1&quot;:0,&quot;3&quot;:1},&quot;5&quot;:{&quot;1&quot;:[{&quot;1&quot;:2,&quot;2&quot;:0,&quot;5&quot;:{&quot;1&quot;:2,&quot;2&quot;:0}},{&quot;1&quot;:0,&quot;2&quot;:0,&quot;3&quot;:3},{&quot;1&quot;:1,&quot;2&quot;:0,&quot;4&quot;:1}]},&quot;6&quot;:{&quot;1&quot;:[{&quot;1&quot;:2,&quot;2&quot;:0,&quot;5&quot;:{&quot;1&quot;:2,&quot;2&quot;:0}},{&quot;1&quot;:0,&quot;2&quot;:0,&quot;3&quot;:3},{&quot;1&quot;:1,&quot;2&quot;:0,&quot;4&quot;:1}]},&quot;7&quot;:{&quot;1&quot;:[{&quot;1&quot;:2,&quot;2&quot;:0,&quot;5&quot;:{&quot;1&quot;:2,&quot;2&quot;:0}},{&quot;1&quot;:0,&quot;2&quot;:0,&quot;3&quot;:3},{&quot;1&quot;:1,&quot;2&quot;:0,&quot;4&quot;:1}]},&quot;8&quot;:{&quot;1&quot;:[{&quot;1&quot;:2,&quot;2&quot;:0,&quot;5&quot;:{&quot;1&quot;:2,&quot;2&quot;:0}},{&quot;1&quot;:0,&quot;2&quot;:0,&quot;3&quot;:3},{&quot;1&quot;:1,&quot;2&quot;:0,&quot;4&quot;:1}]},&quot;10&quot;:0,&quot;11&quot;:4,&quot;14&quot;:{&quot;1&quot;:2,&quot;2&quot;:0},&quot;15&quot;:&quot;Times New Roman&quot;,&quot;16&quot;:12}\">jgorcan841@g.educaand.es<\/span><\/td>\n<\/tr>\n<tr style=\"height: 24px\">\n<td style=\"width: 36.0262%;height: 24px\">D\u00aa Encarnaci\u00f3n Fern\u00e1ndez Santos<\/td>\n<td style=\"width: 25.8734%;height: 24px\">Coordinadora TDE<\/td>\n<td style=\"width: 30.4498%;height: 24px\"><span data-sheets-root=\"1\" data-sheets-value=\"{&quot;1&quot;:2,&quot;2&quot;:&quot;efersan797@g.educaand.es&quot;}\" data-sheets-userformat=\"{&quot;2&quot;:14781,&quot;3&quot;:{&quot;1&quot;:0,&quot;3&quot;:1},&quot;5&quot;:{&quot;1&quot;:[{&quot;1&quot;:2,&quot;2&quot;:0,&quot;5&quot;:{&quot;1&quot;:2,&quot;2&quot;:0}},{&quot;1&quot;:0,&quot;2&quot;:0,&quot;3&quot;:3},{&quot;1&quot;:1,&quot;2&quot;:0,&quot;4&quot;:1}]},&quot;6&quot;:{&quot;1&quot;:[{&quot;1&quot;:2,&quot;2&quot;:0,&quot;5&quot;:{&quot;1&quot;:2,&quot;2&quot;:0}},{&quot;1&quot;:0,&quot;2&quot;:0,&quot;3&quot;:3},{&quot;1&quot;:1,&quot;2&quot;:0,&quot;4&quot;:1}]},&quot;7&quot;:{&quot;1&quot;:[{&quot;1&quot;:2,&quot;2&quot;:0,&quot;5&quot;:{&quot;1&quot;:2,&quot;2&quot;:0}},{&quot;1&quot;:0,&quot;2&quot;:0,&quot;3&quot;:3},{&quot;1&quot;:1,&quot;2&quot;:0,&quot;4&quot;:1}]},&quot;8&quot;:{&quot;1&quot;:[{&quot;1&quot;:2,&quot;2&quot;:0,&quot;5&quot;:{&quot;1&quot;:2,&quot;2&quot;:0}},{&quot;1&quot;:0,&quot;2&quot;:0,&quot;3&quot;:3},{&quot;1&quot;:1,&quot;2&quot;:0,&quot;4&quot;:1}]},&quot;10&quot;:0,&quot;11&quot;:4,&quot;14&quot;:{&quot;1&quot;:2,&quot;2&quot;:0},&quot;15&quot;:&quot;Times New Roman&quot;,&quot;16&quot;:12}\">efersan797@g.educaand.es<\/span><\/td>\n<\/tr>\n<tr style=\"height: 24px\">\n<td style=\"width: 36.0262%;height: 24px\">D. Juan Manuel Guti\u00e9rrez M\u00e9ndez<\/td>\n<td style=\"width: 25.8734%;height: 24px\">Vicedirector del IES Tartessos<\/td>\n<td style=\"width: 30.4498%;height: 24px\"><span data-sheets-root=\"1\" data-sheets-value=\"{&quot;1&quot;:2,&quot;2&quot;:&quot;jgutmen438@g.educaand.es&quot;}\" data-sheets-userformat=\"{&quot;2&quot;:14781,&quot;3&quot;:{&quot;1&quot;:0,&quot;3&quot;:1},&quot;5&quot;:{&quot;1&quot;:[{&quot;1&quot;:2,&quot;2&quot;:0,&quot;5&quot;:{&quot;1&quot;:2,&quot;2&quot;:0}},{&quot;1&quot;:0,&quot;2&quot;:0,&quot;3&quot;:3},{&quot;1&quot;:1,&quot;2&quot;:0,&quot;4&quot;:1}]},&quot;6&quot;:{&quot;1&quot;:[{&quot;1&quot;:2,&quot;2&quot;:0,&quot;5&quot;:{&quot;1&quot;:2,&quot;2&quot;:0}},{&quot;1&quot;:0,&quot;2&quot;:0,&quot;3&quot;:3},{&quot;1&quot;:1,&quot;2&quot;:0,&quot;4&quot;:1}]},&quot;7&quot;:{&quot;1&quot;:[{&quot;1&quot;:2,&quot;2&quot;:0,&quot;5&quot;:{&quot;1&quot;:2,&quot;2&quot;:0}},{&quot;1&quot;:0,&quot;2&quot;:0,&quot;3&quot;:3},{&quot;1&quot;:1,&quot;2&quot;:0,&quot;4&quot;:1}]},&quot;8&quot;:{&quot;1&quot;:[{&quot;1&quot;:2,&quot;2&quot;:0,&quot;5&quot;:{&quot;1&quot;:2,&quot;2&quot;:0}},{&quot;1&quot;:0,&quot;2&quot;:0,&quot;3&quot;:3},{&quot;1&quot;:1,&quot;2&quot;:0,&quot;4&quot;:1}]},&quot;10&quot;:0,&quot;11&quot;:4,&quot;14&quot;:{&quot;1&quot;:2,&quot;2&quot;:0},&quot;15&quot;:&quot;Times New Roman&quot;,&quot;16&quot;:12}\">jgutmen438@g.educaand.es<\/span><\/td>\n<\/tr>\n<tr>\n<td style=\"width: 36.0262%\">D. Jos\u00e9 Antonio Matute C\u00e1rdenas<\/td>\n<td style=\"width: 25.8734%\"><\/td>\n<td style=\"width: 30.4498%\"><span data-sheets-root=\"1\" data-sheets-value=\"{&quot;1&quot;:2,&quot;2&quot;:&quot;jgutmen438@g.educaand.es&quot;}\" data-sheets-userformat=\"{&quot;2&quot;:14781,&quot;3&quot;:{&quot;1&quot;:0,&quot;3&quot;:1},&quot;5&quot;:{&quot;1&quot;:[{&quot;1&quot;:2,&quot;2&quot;:0,&quot;5&quot;:{&quot;1&quot;:2,&quot;2&quot;:0}},{&quot;1&quot;:0,&quot;2&quot;:0,&quot;3&quot;:3},{&quot;1&quot;:1,&quot;2&quot;:0,&quot;4&quot;:1}]},&quot;6&quot;:{&quot;1&quot;:[{&quot;1&quot;:2,&quot;2&quot;:0,&quot;5&quot;:{&quot;1&quot;:2,&quot;2&quot;:0}},{&quot;1&quot;:0,&quot;2&quot;:0,&quot;3&quot;:3},{&quot;1&quot;:1,&quot;2&quot;:0,&quot;4&quot;:1}]},&quot;7&quot;:{&quot;1&quot;:[{&quot;1&quot;:2,&quot;2&quot;:0,&quot;5&quot;:{&quot;1&quot;:2,&quot;2&quot;:0}},{&quot;1&quot;:0,&quot;2&quot;:0,&quot;3&quot;:3},{&quot;1&quot;:1,&quot;2&quot;:0,&quot;4&quot;:1}]},&quot;8&quot;:{&quot;1&quot;:[{&quot;1&quot;:2,&quot;2&quot;:0,&quot;5&quot;:{&quot;1&quot;:2,&quot;2&quot;:0}},{&quot;1&quot;:0,&quot;2&quot;:0,&quot;3&quot;:3},{&quot;1&quot;:1,&quot;2&quot;:0,&quot;4&quot;:1}]},&quot;10&quot;:0,&quot;11&quot;:4,&quot;14&quot;:{&quot;1&quot;:2,&quot;2&quot;:0},&quot;15&quot;:&quot;Times New Roman&quot;,&quot;16&quot;:12}\">jmatcar688@g.educaand.es<\/span><\/td>\n<\/tr>\n<\/tbody>\n<\/table>\n<p>&nbsp;<\/p>\n<p><strong>Programaciones del Departamento de Tecnolog\u00eda e Inform\u00e1tica curso 25\/26<\/strong><\/p>\n<p><a href=\"https:\/\/blogsaverroes.juntadeandalucia.es\/iestartessoscamas\/files\/2025\/11\/Programacion-Dpto-Tecnologia-25_26.pdf\">Programaci\u00f3n del Departamento de Tecnolog\u00eda e Inform\u00e1tica 25-26<\/a><\/p>\n<p dir=\"ltr\"><strong>PROYECTOS STEAM<\/strong><\/p>\n<p dir=\"ltr\"><span style=\"color: #0000ff\"><a style=\"color: #0000ff\" title=\"STEAM ROBOTICA\" href=\"https:\/\/docs.google.com\/presentation\/d\/1GKurIttimLnwfE8vnyDpQTa9I1A89nAS\/edit?usp=sharing&amp;ouid=100150422755428778944&amp;rtpof=true&amp;sd=true\" target=\"_blank\" rel=\"noopener\">STEAM ROB\u00d3TICA APLICADA AL AULA<\/a><\/span><\/p>\n<p><span style=\"color: #000000\"><strong>ACTIVIDADES de\u00a0 \u00a0REFUERZO<\/strong><\/span><\/p>\n<ul>\n<li><strong>2\u00ba ESO:<br \/>\n<\/strong><\/p>\n<ul>\n<li><span style=\"color: #0000ff\"><strong>\u00a0<a style=\"color: #0000ff\" title=\"ESTRUCTURAS\" href=\"https:\/\/drive.google.com\/file\/d\/1V1VnIMkHId81sdr1QbmUmrivYQkaDXmp\/view?usp=drive_link\" target=\"_blank\" rel=\"noopener\">Teor\u00eda estructuras<\/a><br \/>\n<\/strong><\/span><\/li>\n<li><strong><span style=\"color: #0000ff\"><a style=\"color: #0000ff\" title=\"ACTIVIDADES ESTRUCTURAS\" href=\"https:\/\/drive.google.com\/file\/d\/1LDv0_benaIieNcxE00_734bb4Si7UIMW\/view?usp=drive_link\" target=\"_blank\" rel=\"noopener\">Actividades estructuras<\/a><\/span><br \/>\n<\/strong><\/li>\n<\/ul>\n<\/li>\n<li><strong>3\u00ba ESO:\u00a0<\/strong><\/li>\n<\/ul>\n<ul>\n<li style=\"list-style-type: none\">\n<ul>\n<li><strong><span style=\"color: #0000ff\"><a style=\"color: #0000ff\" href=\"https:\/\/drive.google.com\/file\/d\/12fRtc3YqpH4kJooHCrsARZzdOShBs2TI\/view?usp=drive_link\" target=\"_blank\" rel=\"noopener\">Fichas\u00a0 Electricidad<\/a><\/span><\/strong><\/li>\n<li><span style=\"color: #0000ff\"><strong><a style=\"color: #0000ff\" title=\"MECANISMOS\" href=\"https:\/\/drive.google.com\/file\/d\/1Rrfghi-dTxedp-W6CkHm8BMUjNt-sN46\/view?usp=drive_link\" target=\"_blank\" rel=\"noopener\">Actividades mecanismos<\/a><\/strong><\/span><\/li>\n<li><strong><a href=\"https:\/\/drive.google.com\/file\/d\/1DRMMw74HS-KeSWxE_Y2Rp0ceYGKAIgwP\/view?usp=drive_link\">Fichas vistas<\/a><\/strong><\/li>\n<\/ul>\n<\/li>\n<\/ul>\n<p><!--more--><\/p>\n","protected":false},"excerpt":{"rendered":"<p>PROFESORADO DEL DEPARTAMENTO CURSO: 2025\/2026 D. Jaime Cadaval Arrola jcadarr827@g.educaand.es D\u00aa. Noelia Ca\u00f1ada Martos ncanmar596@g.educaand.es D. Jes\u00fas David Gordon Cano Jefe departamento jgorcan841@g.educaand.es D\u00aa Encarnaci\u00f3n Fern\u00e1ndez Santos Coordinadora TDE efersan797@g.educaand.es D. Juan Manuel Guti\u00e9rrez&#46;&#46;&#46;<\/p>\n","protected":false},"author":18085,"featured_media":0,"parent":0,"menu_order":0,"comment_status":"closed","ping_status":"closed","template":"","meta":{"_exactmetrics_skip_tracking":false,"_exactmetrics_sitenote_active":false,"_exactmetrics_sitenote_note":"","_exactmetrics_sitenote_category":0,"footnotes":"","_mc_calendar":[]},"aioseo_notices":[],"_links":{"self":[{"href":"https:\/\/blogsaverroes.juntadeandalucia.es\/iestartessoscamas\/wp-json\/wp\/v2\/pages\/106"}],"collection":[{"href":"https:\/\/blogsaverroes.juntadeandalucia.es\/iestartessoscamas\/wp-json\/wp\/v2\/pages"}],"about":[{"href":"https:\/\/blogsaverroes.juntadeandalucia.es\/iestartessoscamas\/wp-json\/wp\/v2\/types\/page"}],"author":[{"embeddable":true,"href":"https:\/\/blogsaverroes.juntadeandalucia.es\/iestartessoscamas\/wp-json\/wp\/v2\/users\/18085"}],"replies":[{"embeddable":true,"href":"https:\/\/blogsaverroes.juntadeandalucia.es\/iestartessoscamas\/wp-json\/wp\/v2\/comments?post=106"}],"version-history":[{"count":11,"href":"https:\/\/blogsaverroes.juntadeandalucia.es\/iestartessoscamas\/wp-json\/wp\/v2\/pages\/106\/revisions"}],"predecessor-version":[{"id":1705,"href":"https:\/\/blogsaverroes.juntadeandalucia.es\/iestartessoscamas\/wp-json\/wp\/v2\/pages\/106\/revisions\/1705"}],"wp:attachment":[{"href":"https:\/\/blogsaverroes.juntadeandalucia.es\/iestartessoscamas\/wp-json\/wp\/v2\/media?parent=106"}],"curies":[{"name":"wp","href":"https:\/\/api.w.org\/{rel}","templated":true}]}}