{"id":134,"date":"2024-04-25T22:50:44","date_gmt":"2024-04-25T20:50:44","guid":{"rendered":"https:\/\/blogsaverroes.juntadeandalucia.es\/iestartessoscamas\/?page_id=134"},"modified":"2025-11-12T18:56:49","modified_gmt":"2025-11-12T17:56:49","slug":"biblioteca","status":"publish","type":"page","link":"https:\/\/blogsaverroes.juntadeandalucia.es\/iestartessoscamas\/biblioteca\/","title":{"rendered":"Biblioteca"},"content":{"rendered":"<h2><a href=\"https:\/\/docs.google.com\/presentation\/d\/1PDKGb9ljuci6h3mYmDpfGqZaXqpgFOsC\/edit?usp=sharing&amp;ouid=117692580033043965992&amp;rtpof=true&amp;sd=true\">Plan de trabajo<\/a><\/h2>\n<p><strong>Horario de atenci\u00f3n a los alumnos:<\/strong><\/p>\n<ul>\n<li>De lunes a viernes en la hora del recreo: 11:15h -11:45h<\/li>\n<\/ul>\n<p style=\"font-weight: 400\"><strong>NORMAS DE COMPORTAMIENTO<\/strong><\/p>\n<ol>\n<li style=\"font-weight: 400\">Debemos mantener silencio en la Biblioteca.<\/li>\n<\/ol>\n<ol start=\"2\">\n<li style=\"font-weight: 400\">No podemos comer ni beber en la Biblioteca.<\/li>\n<\/ol>\n<ol start=\"3\">\n<li style=\"font-weight: 400\">Cuando necesitamos un libro de consulta nos dirigimos al responsable de la Biblioteca en ese momento.<\/li>\n<\/ol>\n<ol start=\"4\">\n<li style=\"font-weight: 400\">Cuando tenemos que elaborar un trabajo y necesitamos Internet acudimos al responsable de la Biblioteca en ese momento.<\/li>\n<\/ol>\n<ol start=\"5\">\n<li style=\"font-weight: 400\">Podemos realizar trabajos en grupo siempre consultando con el responsable de la Biblioteca en ese momento.<\/li>\n<\/ol>\n<ol start=\"6\">\n<li style=\"font-weight: 400\">Tenemos derecho a pr\u00e9stamos de libros, solicit\u00e1ndolo al profesor responsable en ese momento.<\/li>\n<\/ol>\n<ol start=\"7\">\n<li style=\"font-weight: 400\">Somos responsables de cualquier deterioro del material de la Biblioteca.<\/li>\n<\/ol>\n<p style=\"font-weight: 400\"><strong>POL\u00cdTICA DE PR\u00c9STAMOS\u00a0<\/strong><strong>DE LA BIBLIOTECA. IES TARTESSOS<\/strong><\/p>\n<p style=\"font-weight: 400\"><strong>La pol\u00edtica de pr\u00e9stamos de la Biblioteca ser\u00e1 la siguiente:<\/strong><strong>\u00a0<\/strong><\/p>\n<ol style=\"font-weight: 400\">\n<li>Se podr\u00e1n tener en pr\u00e9stamo hasta un m\u00e1ximo de dos libros.<\/li>\n<li>El periodo de pr\u00e9stamo de los libros, para todos los usuarios, ser\u00e1\u00a0 por una duraci\u00f3n de 15 d\u00edas prorrogables por otros 15 d\u00edas (dependiendo de la demanda del libro).<\/li>\n<\/ol>\n<p><strong>NORMAS DE USO DE LOS ORDENADORES DE LA BIBLIOTECA<\/strong><\/p>\n<ol>\n<li>Estos ordenadores son para ayudarte en el aprendizaje. \u00dasalos bien.<\/li>\n<li>No se permite imprimir sin permiso del profesor encargado.<\/li>\n<li>No se permite utilizar dispositivos de almacenamiento sin permiso (CD, pen).<\/li>\n<li>No se permite el acceso a redes sociales ni a p\u00e1ginas con contenido sexual o violento.<\/li>\n<li>En caso de que haya m\u00e1s alumnos para usar los ordenadores que equipos, se limitar\u00e1 el tiempo de uso a DIEZ MINUTOS.<\/li>\n<li>Los alumnos que utilicen los ordenadores deben apuntarse en la hoja de registro.<\/li>\n<li>No se permite grabar informaci\u00f3n en el disco del ordenador.<\/li>\n<\/ol>\n<p><iframe src=\"https:\/\/docs.google.com\/presentation\/d\/e\/2PACX-1vSq_TgdEQxPPSxkuswygrYFTbvnIJiubgM1tG1pSJa9BQnwwdgZVlA3qngkGnZqDQ\/embed?start=false&amp;loop=false&amp;delayms=3000\" width=\"700\" height=\"700\" frameborder=\"0\"><\/iframe><\/p>\n","protected":false},"excerpt":{"rendered":"<p>Plan de trabajo Horario de atenci\u00f3n a los alumnos: De lunes a viernes en la hora del recreo: 11:15h -11:45h NORMAS DE COMPORTAMIENTO Debemos mantener silencio en la Biblioteca. No podemos comer ni beber&#46;&#46;&#46;<\/p>\n","protected":false},"author":18085,"featured_media":0,"parent":0,"menu_order":0,"comment_status":"closed","ping_status":"closed","template":"","meta":{"_exactmetrics_skip_tracking":false,"_exactmetrics_sitenote_active":false,"_exactmetrics_sitenote_note":"","_exactmetrics_sitenote_category":0,"footnotes":"","_mc_calendar":[]},"aioseo_notices":[],"_links":{"self":[{"href":"https:\/\/blogsaverroes.juntadeandalucia.es\/iestartessoscamas\/wp-json\/wp\/v2\/pages\/134"}],"collection":[{"href":"https:\/\/blogsaverroes.juntadeandalucia.es\/iestartessoscamas\/wp-json\/wp\/v2\/pages"}],"about":[{"href":"https:\/\/blogsaverroes.juntadeandalucia.es\/iestartessoscamas\/wp-json\/wp\/v2\/types\/page"}],"author":[{"embeddable":true,"href":"https:\/\/blogsaverroes.juntadeandalucia.es\/iestartessoscamas\/wp-json\/wp\/v2\/users\/18085"}],"replies":[{"embeddable":true,"href":"https:\/\/blogsaverroes.juntadeandalucia.es\/iestartessoscamas\/wp-json\/wp\/v2\/comments?post=134"}],"version-history":[{"count":19,"href":"https:\/\/blogsaverroes.juntadeandalucia.es\/iestartessoscamas\/wp-json\/wp\/v2\/pages\/134\/revisions"}],"predecessor-version":[{"id":1245,"href":"https:\/\/blogsaverroes.juntadeandalucia.es\/iestartessoscamas\/wp-json\/wp\/v2\/pages\/134\/revisions\/1245"}],"wp:attachment":[{"href":"https:\/\/blogsaverroes.juntadeandalucia.es\/iestartessoscamas\/wp-json\/wp\/v2\/media?parent=134"}],"curies":[{"name":"wp","href":"https:\/\/api.w.org\/{rel}","templated":true}]}}