{"id":140,"date":"2024-04-25T22:52:27","date_gmt":"2024-04-25T20:52:27","guid":{"rendered":"https:\/\/blogsaverroes.juntadeandalucia.es\/iestartessoscamas\/?page_id=140"},"modified":"2024-06-20T21:10:38","modified_gmt":"2024-06-20T19:10:38","slug":"secretaria","status":"publish","type":"page","link":"https:\/\/blogsaverroes.juntadeandalucia.es\/iestartessoscamas\/secretaria\/","title":{"rendered":"Horario Secretar\u00eda"},"content":{"rendered":"<p style=\"font-style: normal;font-weight: 400;font-size: 18px;font-family: Titillium, Arial, sans-serif;color: #666666;letter-spacing: normal\">\n<table style=\"width: 100%;border-collapse: collapse;background-color: #afedb4\">\n<tbody>\n<tr>\n<td style=\"width: 100%\">\n<h3 style=\"text-align: center\">El horario de la Secretar\u00eda del Centro es:<\/h3>\n<h3 style=\"text-align: center\">10:00 a 13:00 de lunes a viernes<\/h3>\n<\/td>\n<\/tr>\n<\/tbody>\n<\/table>\n<p style=\"font-style: normal;font-weight: 400;font-size: 18px;font-family: Titillium, Arial, sans-serif;color: #666666;letter-spacing: normal\"><strong>Tel\u00e9fono: 671 534 434 \/ 955 62 31 93<\/strong><\/p>\n<p><strong>Fax: 955 62 31 99<\/strong><\/p>\n<p>&nbsp;<\/p>\n<p><span style=\"font-size: 10pt\"><em>NOTA DE EXENCI\u00d3N DE RESPONSABILIDAD: Las informaciones ofrecidas por este medio tienen exclusivamente car\u00e1cter ilustrativo, y no originar\u00e1n derechos ni expectativas de derechos. (Decreto 204\/95, art\u00edculo 4; BOJA 136 de 26 de Octubre)<\/em><\/span><\/p>\n","protected":false},"excerpt":{"rendered":"<p>El horario de la Secretar\u00eda del Centro es: 10:00 a 13:00 de lunes a viernes Tel\u00e9fono: 671 534 434 \/ 955 62 31 93 Fax: 955 62 31 99 &nbsp; NOTA DE EXENCI\u00d3N DE&#46;&#46;&#46;<\/p>\n","protected":false},"author":18085,"featured_media":0,"parent":0,"menu_order":0,"comment_status":"closed","ping_status":"closed","template":"","meta":{"_exactmetrics_skip_tracking":false,"_exactmetrics_sitenote_active":false,"_exactmetrics_sitenote_note":"","_exactmetrics_sitenote_category":0,"footnotes":"","_mc_calendar":[]},"aioseo_notices":[],"_links":{"self":[{"href":"https:\/\/blogsaverroes.juntadeandalucia.es\/iestartessoscamas\/wp-json\/wp\/v2\/pages\/140"}],"collection":[{"href":"https:\/\/blogsaverroes.juntadeandalucia.es\/iestartessoscamas\/wp-json\/wp\/v2\/pages"}],"about":[{"href":"https:\/\/blogsaverroes.juntadeandalucia.es\/iestartessoscamas\/wp-json\/wp\/v2\/types\/page"}],"author":[{"embeddable":true,"href":"https:\/\/blogsaverroes.juntadeandalucia.es\/iestartessoscamas\/wp-json\/wp\/v2\/users\/18085"}],"replies":[{"embeddable":true,"href":"https:\/\/blogsaverroes.juntadeandalucia.es\/iestartessoscamas\/wp-json\/wp\/v2\/comments?post=140"}],"version-history":[{"count":6,"href":"https:\/\/blogsaverroes.juntadeandalucia.es\/iestartessoscamas\/wp-json\/wp\/v2\/pages\/140\/revisions"}],"predecessor-version":[{"id":1106,"href":"https:\/\/blogsaverroes.juntadeandalucia.es\/iestartessoscamas\/wp-json\/wp\/v2\/pages\/140\/revisions\/1106"}],"wp:attachment":[{"href":"https:\/\/blogsaverroes.juntadeandalucia.es\/iestartessoscamas\/wp-json\/wp\/v2\/media?parent=140"}],"curies":[{"name":"wp","href":"https:\/\/api.w.org\/{rel}","templated":true}]}}