{"id":269,"date":"2024-04-29T22:07:37","date_gmt":"2024-04-29T20:07:37","guid":{"rendered":"https:\/\/blogsaverroes.juntadeandalucia.es\/iestartessoscamas\/?page_id=269"},"modified":"2025-01-26T13:45:05","modified_gmt":"2025-01-26T12:45:05","slug":"tde","status":"publish","type":"page","link":"https:\/\/blogsaverroes.juntadeandalucia.es\/iestartessoscamas\/tde\/","title":{"rendered":"TDE: Programa de Transformaci\u00f3n Digital Educativa"},"content":{"rendered":"<p style=\"text-align: center\"><strong><img decoding=\"async\" class=\"aligncenter size-medium wp-image-1198\" src=\"https:\/\/blogsaverroes.juntadeandalucia.es\/iestartessoscamas\/files\/2024\/09\/descarga-300x152.jpeg\" alt=\"\" width=\"300\" height=\"152\" srcset=\"https:\/\/blogsaverroes.juntadeandalucia.es\/iestartessoscamas\/files\/2024\/09\/descarga-300x152.jpeg 300w, https:\/\/blogsaverroes.juntadeandalucia.es\/iestartessoscamas\/files\/2024\/09\/descarga.jpeg 315w\" sizes=\"(max-width: 300px) 100vw, 300px\" \/>Coordinadora TDE del Centro<\/strong>: Encarni Fern\u00e1ndez.<\/p>\n<p>&nbsp;<\/p>\n<div class=\"vc_row wpb_row vc_row-fluid\">\n<div class=\"wpb_column vc_column_container vc_col-sm-12\">\n<div class=\"vc_column-inner\">\n<div class=\"wpb_wrapper\">\n<div id=\"ultimate-heading-855566e1f2fe5db93\" class=\"uvc-heading ult-adjust-bottom-margin ultimate-heading-855566e1f2fe5db93 uvc-9942 \" data-hspacer=\"no_spacer\" data-halign=\"left\">\n<div class=\"uvc-main-heading ult-responsive\" data-ultimate-target=\".uvc-heading.ultimate-heading-855566e1f2fe5db93 h3\" data-responsive-json-new=\"{&quot;font-size&quot;:&quot;&quot;,&quot;line-height&quot;:&quot;&quot;}\">\n<p style=\"text-align: justify\">Durante el curso escolar 2020\/21 el Proyecto de centros TIC y el Plan Escuela TIC 2.0 quedan englobados en el proceso de Transformaci\u00f3n Digital Educativa (TDE).<\/p>\n<p style=\"text-align: justify\">La <strong>TDE<\/strong> incluye el conjunto de actuaciones orientadas a la mejora y modernizaci\u00f3n de los procesos de ense\u00f1anza-aprendizaje para convertirnos en un centro digitalmente competente, haciendo un uso responsable de las tecnolog\u00edas digitales y cuyo uso queda regulado en la\u00a0Orden de 29 de marzo de 2021, por la que se establecen los\u00a0<strong>Marcos de la Competencia Digital en el sistema\u00a0educativo<\/strong> no universitario de la Comunidad Aut\u00f3noma de Andaluc\u00eda.<\/p>\n<p style=\"text-align: justify\">Esta transformaci\u00f3n digital educativa, que tiene como punto de partida el diagn\u00f3stico del centro y se\u00a0desarrolla a trav\u00e9s del Plan de Actuaci\u00f3n Digital (PAD), engloba\u00a0<strong>tres \u00e1mbitos de actuaci\u00f3n:<\/strong><\/p>\n<p style=\"text-align: justify\"><span style=\"font-size: 10pt\"><strong>\u00c1MBITO 1: ORGANIZACI\u00d3N DEL CENTRO<\/strong><\/span><\/p>\n<\/div>\n<\/div>\n<div class=\"wpb_text_column wpb_content_element \">\n<div class=\"wpb_wrapper\">\n<p><span style=\"font-size: 10pt\"><strong>\u00c1MBITO 2: INFORMACI\u00d3N Y COMUNICACI\u00d3N <\/strong><\/span><\/p>\n<p><span style=\"font-size: 10pt\"><strong>\u00c1MBITO 3: PROCESOS DE ENSE\u00d1ANZA-APRENDIZAJE<\/strong><\/span><\/p>\n<\/div>\n<\/div>\n<\/div>\n<\/div>\n<\/div>\n<\/div>\n<div class=\"vc_row wpb_row vc_row-fluid\">\n<div class=\"wpb_column vc_column_container vc_col-sm-12\">\n<div class=\"vc_column-inner\">\n<div class=\"wpb_wrapper\">\n<div id=\"ultimate-heading-298666e1f2fe5df8d\" class=\"uvc-heading ult-adjust-bottom-margin ultimate-heading-298666e1f2fe5df8d uvc-8968 \" data-hspacer=\"no_spacer\" data-halign=\"left\">\n<div class=\"uvc-main-heading ult-responsive\" data-ultimate-target=\".uvc-heading.ultimate-heading-298666e1f2fe5df8d h3\" data-responsive-json-new=\"{&quot;font-size&quot;:&quot;&quot;,&quot;line-height&quot;:&quot;&quot;}\">\n<h3 class=\"fittexted_for_content_h3\"><span style=\"font-size: 12pt\">OBJETIVOS<\/span><\/h3>\n<\/div>\n<\/div>\n<div class=\"wpb_text_column wpb_content_element \">\n<div class=\"wpb_wrapper\">\n<ul>\n<li style=\"text-align: justify\"><span style=\"font-size: 10pt\">Impulsar la innovaci\u00f3n educativa.<\/span><\/li>\n<li style=\"text-align: justify\"><span style=\"font-size: 10pt\">Fomentar el uso positivo de las tecnolog\u00edas digitales del aprendizaje como herramientas y pr\u00e1cticas habituales para el desarrollo de competencias clave en el alumnado.<\/span><\/li>\n<li style=\"text-align: justify\"><span style=\"font-size: 10pt\">Promover el uso de recursos educativos abiertos y entornos virtuales de aprendizaje.<\/span><\/li>\n<li style=\"text-align: justify\"><span style=\"font-size: 10pt\">Facilitar el uso de metodolog\u00edas activas que fomentan el trabajo cooperativo y colaborativo.<\/span><\/li>\n<li style=\"text-align: justify\"><span style=\"font-size: 10pt\">Desarrollar la competencia digital de profesorado y alumnado.<\/span><\/li>\n<\/ul>\n<p><a href=\"https:\/\/blogsaverroes.juntadeandalucia.es\/iestartessoscamas\/files\/2025\/01\/Guia-de-Uso-Responsable-de-Equipos-y-Dispositivos-en-el-IES-Tartessos.docx\" target=\"_blank\" rel=\"noopener\"><strong>GU\u00cdA USO RESPONSABLE DISPOSITIVOS TIC\u00a0<\/strong><\/a><\/p>\n<\/div>\n<\/div>\n<\/div>\n<\/div>\n<\/div>\n<\/div>\n<p style=\"text-align: justify\"><a href=\"https:\/\/www.juntadeandalucia.es\/educacion\/eaprendizaje\/tde\/\">Blog EAprendizaje<br \/>\n<img fetchpriority=\"high\" decoding=\"async\" class=\"aligncenter wp-image-901\" src=\"https:\/\/blogsaverroes.juntadeandalucia.es\/iestartessoscamas\/files\/2024\/06\/Captura-de-pantalla-2024-06-15-a-las-22.27.57-300x139.png\" alt=\"\" width=\"777\" height=\"360\" srcset=\"https:\/\/blogsaverroes.juntadeandalucia.es\/iestartessoscamas\/files\/2024\/06\/Captura-de-pantalla-2024-06-15-a-las-22.27.57-300x139.png 300w, https:\/\/blogsaverroes.juntadeandalucia.es\/iestartessoscamas\/files\/2024\/06\/Captura-de-pantalla-2024-06-15-a-las-22.27.57-1024x475.png 1024w, https:\/\/blogsaverroes.juntadeandalucia.es\/iestartessoscamas\/files\/2024\/06\/Captura-de-pantalla-2024-06-15-a-las-22.27.57-768x356.png 768w, https:\/\/blogsaverroes.juntadeandalucia.es\/iestartessoscamas\/files\/2024\/06\/Captura-de-pantalla-2024-06-15-a-las-22.27.57-1536x712.png 1536w, https:\/\/blogsaverroes.juntadeandalucia.es\/iestartessoscamas\/files\/2024\/06\/Captura-de-pantalla-2024-06-15-a-las-22.27.57-2048x949.png 2048w\" sizes=\"(max-width: 777px) 100vw, 777px\" \/><\/a><\/p>\n<p><a href=\"https:\/\/drive.google.com\/drive\/folders\/1yHNVGt7OlYS7gimgf1H6xIQ4bHKt6Xr1?usp=drive_link\">INFORMACI\u00d3N TDE PARA EL PROFESORADO DEL CENTRO (S\u00f3lo accesible para el claustro de profesores)<\/a><\/p>\n<p>&nbsp;<\/p>\n<p>&nbsp;<\/p>\n","protected":false},"excerpt":{"rendered":"<p>Coordinadora TDE del Centro: Encarni Fern\u00e1ndez. &nbsp; Durante el curso escolar 2020\/21 el Proyecto de centros TIC y el Plan Escuela TIC 2.0 quedan englobados en el proceso de Transformaci\u00f3n Digital Educativa (TDE). La&#46;&#46;&#46;<\/p>\n","protected":false},"author":18085,"featured_media":0,"parent":0,"menu_order":0,"comment_status":"closed","ping_status":"closed","template":"","meta":{"_exactmetrics_skip_tracking":false,"_exactmetrics_sitenote_active":false,"_exactmetrics_sitenote_note":"","_exactmetrics_sitenote_category":0,"footnotes":"","_mc_calendar":[]},"aioseo_notices":[],"_links":{"self":[{"href":"https:\/\/blogsaverroes.juntadeandalucia.es\/iestartessoscamas\/wp-json\/wp\/v2\/pages\/269"}],"collection":[{"href":"https:\/\/blogsaverroes.juntadeandalucia.es\/iestartessoscamas\/wp-json\/wp\/v2\/pages"}],"about":[{"href":"https:\/\/blogsaverroes.juntadeandalucia.es\/iestartessoscamas\/wp-json\/wp\/v2\/types\/page"}],"author":[{"embeddable":true,"href":"https:\/\/blogsaverroes.juntadeandalucia.es\/iestartessoscamas\/wp-json\/wp\/v2\/users\/18085"}],"replies":[{"embeddable":true,"href":"https:\/\/blogsaverroes.juntadeandalucia.es\/iestartessoscamas\/wp-json\/wp\/v2\/comments?post=269"}],"version-history":[{"count":14,"href":"https:\/\/blogsaverroes.juntadeandalucia.es\/iestartessoscamas\/wp-json\/wp\/v2\/pages\/269\/revisions"}],"predecessor-version":[{"id":1558,"href":"https:\/\/blogsaverroes.juntadeandalucia.es\/iestartessoscamas\/wp-json\/wp\/v2\/pages\/269\/revisions\/1558"}],"wp:attachment":[{"href":"https:\/\/blogsaverroes.juntadeandalucia.es\/iestartessoscamas\/wp-json\/wp\/v2\/media?parent=269"}],"curies":[{"name":"wp","href":"https:\/\/api.w.org\/{rel}","templated":true}]}}