{"id":30,"date":"2024-04-25T22:23:52","date_gmt":"2024-04-25T20:23:52","guid":{"rendered":"https:\/\/blogsaverroes.juntadeandalucia.es\/iestartessoscamas\/?page_id=30"},"modified":"2024-04-25T22:27:36","modified_gmt":"2024-04-25T20:27:36","slug":"oferta-educativa","status":"publish","type":"page","link":"https:\/\/blogsaverroes.juntadeandalucia.es\/iestartessoscamas\/oferta-educativa\/","title":{"rendered":"Oferta Educativa"},"content":{"rendered":"\t\t<div data-elementor-type=\"wp-page\" data-elementor-id=\"30\" class=\"elementor elementor-30\">\n\t\t\t\t<div class=\"elementor-element elementor-element-6b6cf9f e-flex e-con-boxed e-con e-parent\" data-id=\"6b6cf9f\" data-element_type=\"container\">\n\t\t\t\t\t<div class=\"e-con-inner\">\n\t\t<div class=\"elementor-element elementor-element-f7fc342 e-flex e-con-boxed e-con e-child\" data-id=\"f7fc342\" data-element_type=\"container\" data-settings=\"{&quot;background_background&quot;:&quot;gradient&quot;}\">\n\t\t\t\t\t<div class=\"e-con-inner\">\n\t\t\t\t<div class=\"elementor-element elementor-element-8d7dc3e elementor-widget elementor-widget-image\" data-id=\"8d7dc3e\" data-element_type=\"widget\" data-widget_type=\"image.default\">\n\t\t\t\t<div class=\"elementor-widget-container\">\n\t\t\t\t\t\t\t\t\t\t\t\t\t\t\t<img decoding=\"async\" width=\"80\" height=\"80\" src=\"https:\/\/blogsaverroes.juntadeandalucia.es\/iestartessoscamas\/files\/2024\/04\/classroom_3204235-e1714075892443.png\" class=\"attachment-large size-large wp-image-63\" alt=\"\" \/>\t\t\t\t\t\t\t\t\t\t\t\t\t\t\t<\/div>\n\t\t\t\t<\/div>\n\t\t\t\t\t<\/div>\n\t\t\t\t<\/div>\n\t\t\t\t<div class=\"elementor-element elementor-element-af7eae3 elementor-widget elementor-widget-text-editor\" data-id=\"af7eae3\" data-element_type=\"widget\" data-widget_type=\"text-editor.default\">\n\t\t\t\t<div class=\"elementor-widget-container\">\n\t\t\t\t\t\t\t\t\t<div style=\"position: relative;vertical-align: top;width: 1085.33px;color: #000000;font-family: sans-serif;font-size: 16px;font-style: normal;font-weight: 400\"><div style=\"padding-left: 14.7969px;padding-right: 14.7969px\"><div><div style=\"width: 1055.73px;max-width: 1280px\"><div style=\"position: relative;vertical-align: top;width: 1055.73px\"><div style=\"width: 1055.73px\"><div style=\"position: relative;width: 1055.73px;padding: 8px;background-color: transparent\"><p><span style=\"background-color: transparent;color: #0000ff;font-family: Roboto, Arial;font-size: 12pt;font-style: normal;font-variant: normal;font-weight: bold\">Educaci\u00f3n Secundaria Obligatoria (E.S.O.)<\/span><\/p><ul><li style=\"list-style-type: none\"><ul style=\"list-style-type: square;margin-top: 6px;margin-left: 0px\"><li dir=\"ltr\" style=\"margin-left: 15pt;position: relative;text-decoration: inherit;font-size: 13pt;font-family: Roboto;line-height: 0\"><p dir=\"ltr\" style=\"margin: 0pt;position: relative;text-decoration: inherit;font-size: 13pt;font-family: Roboto;line-height: 1.86;padding: 0pt;background-color: transparent;border-width: initial;border-style: none;text-indent: 0pt\" role=\"presentation\"><span style=\"background-color: transparent;font-family: Roboto, Arial;font-size: 12pt;font-style: normal;font-variant: normal;font-weight: bold\">1\u00ba ESO<\/span><\/p><\/li><li dir=\"ltr\" style=\"margin-left: 15pt;position: relative;text-decoration: inherit;font-size: 13pt;font-family: Roboto;line-height: 0\"><p dir=\"ltr\" style=\"margin: 0pt;position: relative;text-decoration: inherit;font-size: 13pt;font-family: Roboto;line-height: 1.86;padding: 0pt;background-color: transparent;border-width: initial;border-style: none;text-indent: 0pt\" role=\"presentation\"><span style=\"background-color: transparent;font-family: Roboto, Arial;font-size: 12pt;font-style: normal;font-variant: normal;font-weight: bold\">2\u00ba ESO<\/span><\/p><\/li><li dir=\"ltr\" style=\"margin-left: 15pt;position: relative;text-decoration: inherit;font-size: 13pt;font-family: Roboto;line-height: 0\"><p dir=\"ltr\" style=\"margin: 0pt;position: relative;text-decoration: inherit;font-size: 13pt;font-family: Roboto;line-height: 1.86;padding: 0pt;background-color: transparent;border-width: initial;border-style: none;text-indent: 0pt\" role=\"presentation\"><span style=\"background-color: transparent;font-family: Roboto, Arial;font-size: 12pt;font-style: normal;font-variant: normal;font-weight: bold\">3\u00ba ESO\u00a0<\/span><\/p><\/li><li dir=\"ltr\" style=\"margin-left: 15pt;position: relative;text-decoration: inherit;font-size: 13pt;font-family: Roboto;line-height: 0\"><p dir=\"ltr\" style=\"margin: 0pt;position: relative;text-decoration: inherit;font-size: 13pt;font-family: Roboto;line-height: 1.86;padding: 0pt;background-color: transparent;border-width: initial;border-style: none;text-indent: 0pt\" role=\"presentation\"><span style=\"background-color: transparent;font-family: Roboto, Arial;font-size: 12pt;font-style: normal;font-variant: normal;font-weight: bold\">4\u00ba ESO<\/span><\/p><\/li><\/ul><\/li><\/ul><p dir=\"ltr\" style=\"margin: 11pt 0pt 0pt;position: relative;color: #212121;font-size: 13pt;font-style: normal;font-weight: 400;font-family: Roboto;line-height: 1.86;text-indent: 0pt;background-color: transparent;border-width: initial;border-style: none;padding: 0pt\"><span style=\"background-color: transparent;color: #0000ff;font-family: Roboto, Arial;font-size: 12pt;font-style: normal;font-variant: normal;font-weight: bold\">Bachillerato<\/span><\/p><ul><li style=\"list-style-type: none\"><ul style=\"list-style-type: square;margin-top: 6px;margin-left: 0px\"><li dir=\"ltr\" style=\"margin-left: 15pt;position: relative;text-decoration: inherit;font-size: 13pt;font-family: Roboto;line-height: 0\"><p dir=\"ltr\" style=\"margin: 0pt;position: relative;text-decoration: inherit;font-size: 13pt;font-family: Roboto;line-height: 1.86;padding: 0pt;background-color: transparent;border-width: initial;border-style: none;text-indent: 0pt\" role=\"presentation\"><span style=\"background-color: transparent;font-family: Roboto, Arial;font-size: 12pt;font-style: normal;font-variant: normal;font-weight: bold\">Modalidad de Ciencias y Tecnolog\u00eda<\/span><\/p><\/li><li dir=\"ltr\" style=\"margin-top: 6px;margin-left: 15pt;position: relative;text-decoration: inherit;font-size: 13pt;font-family: Roboto;line-height: 0\"><p dir=\"ltr\" style=\"margin: 0pt;position: relative;text-decoration: inherit;font-size: 13pt;font-family: Roboto;line-height: 1.86;padding: 0pt;background-color: transparent;border-width: initial;border-style: none;text-indent: 0pt\" role=\"presentation\"><span style=\"background-color: transparent;font-family: Roboto, Arial;font-size: 12pt;font-style: normal;font-variant: normal;font-weight: bold\">Modalidad de Humanidades y Ciencias Sociales<\/span><\/p><\/li><\/ul><\/li><\/ul><\/div><\/div><\/div><\/div><\/div><\/div><\/div>\t\t\t\t\t\t\t\t<\/div>\n\t\t\t\t<\/div>\n\t\t\t\t<div class=\"elementor-element elementor-element-d946b4d elementor-widget elementor-widget-image\" data-id=\"d946b4d\" data-element_type=\"widget\" data-widget_type=\"image.default\">\n\t\t\t\t<div class=\"elementor-widget-container\">\n\t\t\t\t\t\t\t\t\t\t\t\t\t\t\t<img fetchpriority=\"high\" decoding=\"async\" width=\"321\" height=\"180\" src=\"https:\/\/blogsaverroes.juntadeandalucia.es\/iestartessoscamas\/files\/2024\/04\/th-14.jpg\" class=\"attachment-1536x1536 size-1536x1536 wp-image-68\" alt=\"\" srcset=\"https:\/\/blogsaverroes.juntadeandalucia.es\/iestartessoscamas\/files\/2024\/04\/th-14.jpg 321w, https:\/\/blogsaverroes.juntadeandalucia.es\/iestartessoscamas\/files\/2024\/04\/th-14-300x168.jpg 300w\" sizes=\"(max-width: 321px) 100vw, 321px\" \/>\t\t\t\t\t\t\t\t\t\t\t\t\t\t\t<\/div>\n\t\t\t\t<\/div>\n\t\t<div class=\"elementor-element elementor-element-6df8b97 e-flex e-con-boxed e-con e-child\" data-id=\"6df8b97\" data-element_type=\"container\">\n\t\t\t\t\t<div class=\"e-con-inner\">\n\t\t\t\t<div class=\"elementor-element elementor-element-0a3c8e5 elementor-widget elementor-widget-text-editor\" data-id=\"0a3c8e5\" data-element_type=\"widget\" data-widget_type=\"text-editor.default\">\n\t\t\t\t<div class=\"elementor-widget-container\">\n\t\t\t\t\t\t\t\t\t<p dir=\"ltr\" style=\"margin: 0pt;padding: 0pt;border-width: initial;border-style: none;font-style: normal;font-weight: 400;font-size: 13pt;line-height: 1.38;font-family: Roboto;text-indent: 0pt;background-color: transparent;position: relative;color: #212121\"><span style=\"font-style: normal;font-weight: bold;font-size: 12pt;font-family: Roboto, Arial;background-color: transparent;color: #0000ff;text-indent: 0pt;text-align: var(--text-align)\">Ciclos de Grado Superior<\/span><\/p><ul style=\"margin-top: 6px;margin-bottom: 0px;margin-left: 0px;font-style: normal;font-weight: 400;font-size: 16px;font-family: sans-serif;list-style-type: square;color: #000000\"><li dir=\"ltr\" style=\"margin-left: 15pt;font-size: 13pt;line-height: 0;font-family: Roboto;position: relative;text-decoration: inherit;color: #212121\"><p dir=\"ltr\" style=\"margin: 10pt 0pt;padding: 0pt;border-width: initial;border-style: none;font-size: 13pt;line-height: 1.38;font-family: Roboto;position: relative;text-decoration: inherit;background-color: transparent;text-indent: 0pt\" role=\"presentation\"><span style=\"font-style: normal;font-variant: normal;font-weight: bold;font-size: 12pt;font-family: Roboto, Arial;background-color: transparent;color: #000000\">T\u00e9cnico Superior en Automatizaci\u00f3n y Rob\u00f3tica Industrial.<\/span><\/p><\/li><li dir=\"ltr\" style=\"margin-top: 6px;margin-left: 15pt;font-size: 13pt;line-height: 0;font-family: Roboto;position: relative;text-decoration: inherit;color: #212121\"><p dir=\"ltr\" style=\"margin: 10pt 0pt;padding: 0pt;border-width: initial;border-style: none;font-size: 13pt;line-height: 1.38;font-family: Roboto;position: relative;text-decoration: inherit;background-color: transparent;text-indent: 0pt\" role=\"presentation\"><span style=\"font-style: normal;font-variant: normal;font-weight: bold;font-size: 12pt;font-family: Roboto, Arial;background-color: transparent;color: #000000\">T\u00e9cnico Superior en Educaci\u00f3n infantil<\/span><\/p><\/li><\/ul><p dir=\"ltr\" style=\"margin: 0pt;padding: 0pt;border-width: initial;border-style: none;font-style: normal;font-weight: 400;font-size: 13pt;line-height: 1.38;font-family: Roboto;text-indent: 0pt;background-color: transparent;position: relative;color: #212121\"><span style=\"font-style: normal;font-variant: normal;font-weight: bold;font-size: 12pt;font-family: Roboto, Arial;background-color: transparent;color: #0000ff\">Ciclos de Grado Medio<\/span><\/p><ul style=\"margin-top: 6px;margin-bottom: 0px;margin-left: 0px;font-style: normal;font-weight: 400;font-size: 16px;font-family: sans-serif;list-style-type: square;color: #000000\"><li dir=\"ltr\" style=\"margin-left: 15pt;font-size: 13pt;line-height: 0;font-family: Roboto;position: relative;text-decoration: inherit;color: #212121\"><p dir=\"ltr\" style=\"margin: 14pt 0pt;padding: 0pt;border-width: initial;border-style: none;font-size: 13pt;line-height: 1.38;font-family: Roboto;position: relative;text-decoration: inherit;background-color: transparent;text-indent: 0pt\" role=\"presentation\"><span style=\"font-style: normal;font-variant: normal;font-weight: bold;font-size: 12pt;font-family: Roboto, Arial;background-color: transparent;color: #000000\">T\u00e9cnico en Atenci\u00f3n a personas en situaci\u00f3n de dependencia.<\/span><\/p><\/li><\/ul><p dir=\"ltr\" style=\"margin-top: 0pt;margin-bottom: 0pt;margin-left: 0pt;padding: 0pt;border-width: initial;border-style: none;font-style: normal;font-weight: 400;font-size: 13pt;line-height: 1.38;font-family: Roboto;text-indent: 0pt;background-color: transparent;position: relative;color: #212121\"><span style=\"font-weight: bold;font-size: 12pt;font-family: Roboto, Arial;color: #0000ff\">Ciclos de Grado B\u00e1sico<\/span><\/p><ul style=\"margin-top: 6px;margin-bottom: 0px;margin-left: 0px;font-style: normal;font-weight: 400;font-size: 16px;font-family: sans-serif;list-style-type: square;color: #000000\"><li dir=\"ltr\" style=\"margin-left: 15pt;font-size: 13pt;line-height: 0;font-family: Roboto;position: relative;text-decoration: inherit;color: #212121\"><p dir=\"ltr\" style=\"margin-top: 14pt;margin-bottom: 14pt;margin-left: 0pt;padding: 0pt;border-width: initial;border-style: none;font-size: 13pt;line-height: 1.38;font-family: Roboto;position: relative;text-decoration: inherit;background-color: transparent;text-indent: 0pt\" role=\"presentation\"><span style=\"font-weight: bold;font-size: 12pt;font-family: Roboto, Arial;color: #000000\">T\u00edtulo Profesional B\u00e1sico en Jardiner\u00eda<\/span><span style=\"font-style: normal;font-weight: 400;font-size: 14px;font-family: 'Trebuchet MS', Calibri, sans-serif;color: #333333;background-color: transparent;text-align: var(--text-align)\">.<\/span><\/p><\/li><\/ul>\t\t\t\t\t\t\t\t<\/div>\n\t\t\t\t<\/div>\n\t\t\t\t\t<\/div>\n\t\t\t\t<\/div>\n\t\t\t\t\t<\/div>\n\t\t\t\t<\/div>\n\t\t\t\t<\/div>\n\t\t","protected":false},"excerpt":{"rendered":"<p>\/*! elementor &#8211; v3.21.0 &#8211; 15-04-2024 *\/ .elementor-widget-image{text-align:center}.elementor-widget-image a{display:inline-block}.elementor-widget-image a img[src$=\u00bb.svg\u00bb]{width:48px}.elementor-widget-image img{vertical-align:middle;display:inline-block} Educaci\u00f3n Secundaria Obligatoria (E.S.O.) 1\u00ba ESO 2\u00ba ESO 3\u00ba ESO\u00a0 4\u00ba ESO Bachillerato Modalidad de Ciencias y Tecnolog\u00eda Modalidad de Humanidades y&#46;&#46;&#46;<\/p>\n","protected":false},"author":18085,"featured_media":0,"parent":0,"menu_order":0,"comment_status":"closed","ping_status":"closed","template":"","meta":{"_exactmetrics_skip_tracking":false,"_exactmetrics_sitenote_active":false,"_exactmetrics_sitenote_note":"","_exactmetrics_sitenote_category":0,"footnotes":"","_mc_calendar":[]},"aioseo_notices":[],"_links":{"self":[{"href":"https:\/\/blogsaverroes.juntadeandalucia.es\/iestartessoscamas\/wp-json\/wp\/v2\/pages\/30"}],"collection":[{"href":"https:\/\/blogsaverroes.juntadeandalucia.es\/iestartessoscamas\/wp-json\/wp\/v2\/pages"}],"about":[{"href":"https:\/\/blogsaverroes.juntadeandalucia.es\/iestartessoscamas\/wp-json\/wp\/v2\/types\/page"}],"author":[{"embeddable":true,"href":"https:\/\/blogsaverroes.juntadeandalucia.es\/iestartessoscamas\/wp-json\/wp\/v2\/users\/18085"}],"replies":[{"embeddable":true,"href":"https:\/\/blogsaverroes.juntadeandalucia.es\/iestartessoscamas\/wp-json\/wp\/v2\/comments?post=30"}],"version-history":[{"count":7,"href":"https:\/\/blogsaverroes.juntadeandalucia.es\/iestartessoscamas\/wp-json\/wp\/v2\/pages\/30\/revisions"}],"predecessor-version":[{"id":75,"href":"https:\/\/blogsaverroes.juntadeandalucia.es\/iestartessoscamas\/wp-json\/wp\/v2\/pages\/30\/revisions\/75"}],"wp:attachment":[{"href":"https:\/\/blogsaverroes.juntadeandalucia.es\/iestartessoscamas\/wp-json\/wp\/v2\/media?parent=30"}],"curies":[{"name":"wp","href":"https:\/\/api.w.org\/{rel}","templated":true}]}}