{"id":423,"date":"2024-05-08T11:38:45","date_gmt":"2024-05-08T09:38:45","guid":{"rendered":"https:\/\/blogsaverroes.juntadeandalucia.es\/iestartessoscamas\/?page_id=423"},"modified":"2025-07-02T12:36:37","modified_gmt":"2025-07-02T10:36:37","slug":"novedades","status":"publish","type":"page","link":"https:\/\/blogsaverroes.juntadeandalucia.es\/iestartessoscamas\/novedades\/","title":{"rendered":"Novedades y noticias"},"content":{"rendered":"<p dir=\"ltr\" style=\"text-align: center\">Compartimos el <a href=\"https:\/\/www.instagram.com\/p\/DLkH3J5CEF0\/?img_index=12&amp;igsh=MWd5bjI3c2h2dzNwMQ==\">enlace de las actividades del Plan de Igualdad del curso 2024-25<\/a><\/p>\n<p dir=\"ltr\">\n<p dir=\"ltr\" style=\"text-align: center\"><span style=\"font-size: 21px;color: #0000ff\"><strong>\u00a1Nuevo Ciclo Formativo de Grado Medio de Atenci\u00f3n a Personas en Situaci\u00f3n de Dependencia en horario de TARDE!<\/strong><\/span><\/p>\n<p dir=\"ltr\" style=\"text-align: center\">20 PLAZAS.\u00a0<a href=\"https:\/\/www.juntadeandalucia.es\/educacion\/secretariavirtual\/\">\u00a1Echa tu solicitud pulsando en este enlace!<\/a><\/p>\n<p><a href=\"https:\/\/blogsaverroes.juntadeandalucia.es\/iestartessoscamas\/files\/2025\/06\/Criterios_Asignacion_Turnos_Ciclos.pdf\">CRITERIOS DE ASIGNACI\u00d3N DE TURNOS DE MA\u00d1ANA Y\/O TARDE PARA EL CICLO FORMATIVO DE GRADO MEDIO DE ATENCI\u00d3N A PERSONAS EN SITUACI\u00d3N DE DEPENDENCIA<\/a><\/p>\n<p style=\"text-align: center\"><img fetchpriority=\"high\" decoding=\"async\" class=\"aligncenter wp-image-1582\" src=\"https:\/\/blogsaverroes.juntadeandalucia.es\/iestartessoscamas\/files\/2025\/06\/cartelcorregido_page-0001-212x300.jpg\" alt=\"\" width=\"327\" height=\"463\" srcset=\"https:\/\/blogsaverroes.juntadeandalucia.es\/iestartessoscamas\/files\/2025\/06\/cartelcorregido_page-0001-212x300.jpg 212w, https:\/\/blogsaverroes.juntadeandalucia.es\/iestartessoscamas\/files\/2025\/06\/cartelcorregido_page-0001-724x1024.jpg 724w, https:\/\/blogsaverroes.juntadeandalucia.es\/iestartessoscamas\/files\/2025\/06\/cartelcorregido_page-0001-768x1086.jpg 768w, https:\/\/blogsaverroes.juntadeandalucia.es\/iestartessoscamas\/files\/2025\/06\/cartelcorregido_page-0001-1086x1536.jpg 1086w, https:\/\/blogsaverroes.juntadeandalucia.es\/iestartessoscamas\/files\/2025\/06\/cartelcorregido_page-0001.jpg 1241w\" sizes=\"(max-width: 327px) 100vw, 327px\" \/><\/p>\n<p>&nbsp;<\/p>\n<p>&nbsp;<\/p>\n<p>&nbsp;<\/p>\n<p><strong>Graduaciones<\/strong><\/p>\n<p>Nuestro alumnado de 2\u00ba de Bachillerato, 4\u00ba de la ESO y Ciclos Formativos han tenido sus graduaciones este curso 2023\/24 con la presencia de sus profesores y familiares.<br \/>\nNuestro director, Juan Manuel Guti\u00e9rrez, dedic\u00f3 a cada curso unas palabras muy emotivas y de mucho \u00e1nimo en el que adem\u00e1s motiv\u00f3 a todas y todos para seguir en su itinerario formativo y que se sientan el orgullo de haber estudiado en nuestro Instituto por el prestigio acad\u00e9mico que tienen al salir de nuestro centro. Los equipos educativos, es decir, su profesorado y tambi\u00e9n los delegados de clase dedicaron unas palabras inolvidables a todo el alumnado. \u00a1Enhorabuena! \u00a1Siempre tendr\u00e9is aqu\u00ed vuestra casa!<\/p>\n<p><img decoding=\"async\" class=\"aligncenter size-medium wp-image-1162\" src=\"https:\/\/blogsaverroes.juntadeandalucia.es\/iestartessoscamas\/files\/2024\/06\/Captura-de-pantalla-2024-06-27-a-las-20.32.29-300x227.png\" alt=\"\" width=\"300\" height=\"227\" srcset=\"https:\/\/blogsaverroes.juntadeandalucia.es\/iestartessoscamas\/files\/2024\/06\/Captura-de-pantalla-2024-06-27-a-las-20.32.29-300x227.png 300w, https:\/\/blogsaverroes.juntadeandalucia.es\/iestartessoscamas\/files\/2024\/06\/Captura-de-pantalla-2024-06-27-a-las-20.32.29-1024x775.png 1024w, https:\/\/blogsaverroes.juntadeandalucia.es\/iestartessoscamas\/files\/2024\/06\/Captura-de-pantalla-2024-06-27-a-las-20.32.29-768x581.png 768w, https:\/\/blogsaverroes.juntadeandalucia.es\/iestartessoscamas\/files\/2024\/06\/Captura-de-pantalla-2024-06-27-a-las-20.32.29-24x18.png 24w, https:\/\/blogsaverroes.juntadeandalucia.es\/iestartessoscamas\/files\/2024\/06\/Captura-de-pantalla-2024-06-27-a-las-20.32.29-36x27.png 36w, https:\/\/blogsaverroes.juntadeandalucia.es\/iestartessoscamas\/files\/2024\/06\/Captura-de-pantalla-2024-06-27-a-las-20.32.29-48x36.png 48w, https:\/\/blogsaverroes.juntadeandalucia.es\/iestartessoscamas\/files\/2024\/06\/Captura-de-pantalla-2024-06-27-a-las-20.32.29.png 1308w\" sizes=\"(max-width: 300px) 100vw, 300px\" \/><img decoding=\"async\" class=\"aligncenter size-medium wp-image-1163\" src=\"https:\/\/blogsaverroes.juntadeandalucia.es\/iestartessoscamas\/files\/2024\/06\/IMG_8803-300x225.jpg\" alt=\"\" width=\"300\" height=\"225\" srcset=\"https:\/\/blogsaverroes.juntadeandalucia.es\/iestartessoscamas\/files\/2024\/06\/IMG_8803-300x225.jpg 300w, https:\/\/blogsaverroes.juntadeandalucia.es\/iestartessoscamas\/files\/2024\/06\/IMG_8803-24x18.jpg 24w, https:\/\/blogsaverroes.juntadeandalucia.es\/iestartessoscamas\/files\/2024\/06\/IMG_8803-36x27.jpg 36w, https:\/\/blogsaverroes.juntadeandalucia.es\/iestartessoscamas\/files\/2024\/06\/IMG_8803-48x36.jpg 48w, https:\/\/blogsaverroes.juntadeandalucia.es\/iestartessoscamas\/files\/2024\/06\/IMG_8803.jpg 640w\" sizes=\"(max-width: 300px) 100vw, 300px\" \/><\/p>\n<p><strong>Selectividad.\u00a0<\/strong><\/p>\n<p>Mucha suerte a nuestro alumnado de 2\u00ba de Bachillerato que acude a las pruebas de la PEVAU.<\/p>\n<p><strong>Viernes 21 de junio. D\u00eda de la diversidad sexual.<\/strong>\u00a0Se celebra en el centro el d\u00eda de la diversidad\u00a0sexual.<\/p>\n<p><strong>Mi\u00e9rcoles 12 de junio.<\/strong>\u00a0Se celebr\u00f3 un acto a favor de la Paz en los territorios Palestinos. Esta actividad est\u00e1 enmarcada en laprogramaci\u00f3n del Plan Escuela Espacio de Paz, y refrendada por el Consejo Escolar del\u00a0Centro, tal y como se hizo con la guerra en Ucrania. Se ha llevado a cabo el pr\u00f3ximo\u00a0mi\u00e9rcoles 12 de junio, en la segunda mitad de la 3a hora, es decir, de 10:45 a 11:15, en\u00a0las pistas deportivas del patio.<br \/>\nEl acto estuvo compuesto por una serie de actividades:<br \/>\n\u25cf Lectura de manifiesto.<br \/>\n\u25cf Lectura de un poema.<br \/>\n\u25cf Despliegue de bandera.<br \/>\n\u25cf Canci\u00f3n We Will Not Go Down (Canci\u00f3n por Gaza) de Michael Heart, interpretada<br \/>\npor las alumnas de M\u00fasica de 4\u00b0 de ESO y arreglada por su profesor Miguel\u00a0Y\u00e9benes.<\/p>\n<p><img loading=\"lazy\" decoding=\"async\" class=\"aligncenter size-medium wp-image-1020\" src=\"https:\/\/blogsaverroes.juntadeandalucia.es\/iestartessoscamas\/files\/2024\/06\/Captura-de-pantalla-2024-06-16-a-las-23.48.52-300x181.png\" alt=\"\" width=\"300\" height=\"181\" srcset=\"https:\/\/blogsaverroes.juntadeandalucia.es\/iestartessoscamas\/files\/2024\/06\/Captura-de-pantalla-2024-06-16-a-las-23.48.52-300x181.png 300w, https:\/\/blogsaverroes.juntadeandalucia.es\/iestartessoscamas\/files\/2024\/06\/Captura-de-pantalla-2024-06-16-a-las-23.48.52-1024x618.png 1024w, https:\/\/blogsaverroes.juntadeandalucia.es\/iestartessoscamas\/files\/2024\/06\/Captura-de-pantalla-2024-06-16-a-las-23.48.52-768x463.png 768w, https:\/\/blogsaverroes.juntadeandalucia.es\/iestartessoscamas\/files\/2024\/06\/Captura-de-pantalla-2024-06-16-a-las-23.48.52.png 1114w\" sizes=\"(max-width: 300px) 100vw, 300px\" \/><\/p>\n","protected":false},"excerpt":{"rendered":"<p>Compartimos el enlace de las actividades del Plan de Igualdad del curso 2024-25 \u00a1Nuevo Ciclo Formativo de Grado Medio de Atenci\u00f3n a Personas en Situaci\u00f3n de Dependencia en horario de TARDE! 20 PLAZAS.\u00a0\u00a1Echa tu&#46;&#46;&#46;<\/p>\n","protected":false},"author":18085,"featured_media":0,"parent":0,"menu_order":0,"comment_status":"closed","ping_status":"closed","template":"","meta":{"_exactmetrics_skip_tracking":false,"_exactmetrics_sitenote_active":false,"_exactmetrics_sitenote_note":"","_exactmetrics_sitenote_category":0,"footnotes":"","_mc_calendar":[]},"aioseo_notices":[],"_links":{"self":[{"href":"https:\/\/blogsaverroes.juntadeandalucia.es\/iestartessoscamas\/wp-json\/wp\/v2\/pages\/423"}],"collection":[{"href":"https:\/\/blogsaverroes.juntadeandalucia.es\/iestartessoscamas\/wp-json\/wp\/v2\/pages"}],"about":[{"href":"https:\/\/blogsaverroes.juntadeandalucia.es\/iestartessoscamas\/wp-json\/wp\/v2\/types\/page"}],"author":[{"embeddable":true,"href":"https:\/\/blogsaverroes.juntadeandalucia.es\/iestartessoscamas\/wp-json\/wp\/v2\/users\/18085"}],"replies":[{"embeddable":true,"href":"https:\/\/blogsaverroes.juntadeandalucia.es\/iestartessoscamas\/wp-json\/wp\/v2\/comments?post=423"}],"version-history":[{"count":17,"href":"https:\/\/blogsaverroes.juntadeandalucia.es\/iestartessoscamas\/wp-json\/wp\/v2\/pages\/423\/revisions"}],"predecessor-version":[{"id":1593,"href":"https:\/\/blogsaverroes.juntadeandalucia.es\/iestartessoscamas\/wp-json\/wp\/v2\/pages\/423\/revisions\/1593"}],"wp:attachment":[{"href":"https:\/\/blogsaverroes.juntadeandalucia.es\/iestartessoscamas\/wp-json\/wp\/v2\/media?parent=423"}],"curies":[{"name":"wp","href":"https:\/\/api.w.org\/{rel}","templated":true}]}}