{"id":621,"date":"2024-06-12T11:08:11","date_gmt":"2024-06-12T09:08:11","guid":{"rendered":"https:\/\/blogsaverroes.juntadeandalucia.es\/iestartessoscamas\/?page_id=621"},"modified":"2024-11-10T21:30:28","modified_gmt":"2024-11-10T20:30:28","slug":"religiones-2","status":"publish","type":"page","link":"https:\/\/blogsaverroes.juntadeandalucia.es\/iestartessoscamas\/religiones-2\/","title":{"rendered":"Religiones"},"content":{"rendered":"<p><strong>PROFESORADO DE RELIGIONES<\/strong><\/p>\n<p>CURSO 2024\/25<\/p>\n<p style=\"text-align: center\"><strong>RELIGI\u00d3N CAT\u00d3LICA:<\/strong><\/p>\n<table style=\"border-collapse: collapse;width: 100%;height: 81px\">\n<tbody>\n<tr style=\"height: 24px\">\n<td style=\"width: 50%;height: 45px\">D. Francisco Javier Romero Arance<\/td>\n<td style=\"width: 50%;height: 45px\" width=\"245\">fromara186@g.educaand.es<\/td>\n<\/tr>\n<tr style=\"height: 24px\">\n<td style=\"width: 50%;height: 36px\">D\u00aa. Carmen Temmler L\u00f3pez<\/td>\n<td style=\"width: 50%;height: 36px\"><span data-sheets-root=\"1\" data-sheets-value=\"{&quot;1&quot;:2,&quot;2&quot;:&quot;ctemlop578@g.educaand.es&quot;}\" data-sheets-userformat=\"{&quot;2&quot;:14781,&quot;3&quot;:{&quot;1&quot;:0,&quot;3&quot;:1},&quot;5&quot;:{&quot;1&quot;:[{&quot;1&quot;:2,&quot;2&quot;:0,&quot;5&quot;:{&quot;1&quot;:2,&quot;2&quot;:0}},{&quot;1&quot;:0,&quot;2&quot;:0,&quot;3&quot;:3},{&quot;1&quot;:1,&quot;2&quot;:0,&quot;4&quot;:1}]},&quot;6&quot;:{&quot;1&quot;:[{&quot;1&quot;:2,&quot;2&quot;:0,&quot;5&quot;:{&quot;1&quot;:2,&quot;2&quot;:0}},{&quot;1&quot;:0,&quot;2&quot;:0,&quot;3&quot;:3},{&quot;1&quot;:1,&quot;2&quot;:0,&quot;4&quot;:1}]},&quot;7&quot;:{&quot;1&quot;:[{&quot;1&quot;:2,&quot;2&quot;:0,&quot;5&quot;:{&quot;1&quot;:2,&quot;2&quot;:0}},{&quot;1&quot;:0,&quot;2&quot;:0,&quot;3&quot;:3},{&quot;1&quot;:1,&quot;2&quot;:0,&quot;4&quot;:1}]},&quot;8&quot;:{&quot;1&quot;:[{&quot;1&quot;:2,&quot;2&quot;:0,&quot;5&quot;:{&quot;1&quot;:2,&quot;2&quot;:0}},{&quot;1&quot;:0,&quot;2&quot;:0,&quot;3&quot;:3},{&quot;1&quot;:1,&quot;2&quot;:0,&quot;4&quot;:1}]},&quot;10&quot;:0,&quot;11&quot;:4,&quot;14&quot;:{&quot;1&quot;:2,&quot;2&quot;:0},&quot;15&quot;:&quot;Times New Roman&quot;,&quot;16&quot;:12}\">ctemlop578@g.educaand.es<\/span><\/td>\n<\/tr>\n<\/tbody>\n<\/table>\n<p><strong>Programaci\u00f3n did\u00e1ctica Religi\u00f3n Cat\u00f3lica 2024\/2025<\/strong><\/p>\n<p><strong> <a title=\"PROGRAMACI\u00d3N RELIGI\u00d3N CAT\u00d3LICA 1\u00ba ESO\" href=\"https:\/\/www.juntadeandalucia.es\/averroes\/centros-tic\/41000880\/helvia\/sitio\/upload\/programacion_religion_1eso.pdf\" target=\"_blank\" rel=\"noopener\">1\u00baESO<\/a><\/strong><\/p>\n<p><strong><a title=\"PROGRAMACI\u00d3N RELIGI\u00d3N CAT\u00d3LICA 2023\/2024\" href=\"https:\/\/www.juntadeandalucia.es\/averroes\/centros-tic\/41000880\/helvia\/sitio\/upload\/PROGRAMACION_2_ESO_1.pdf\" target=\"_blank\" rel=\"noopener\"> 2\u00baESO<\/a><\/strong><\/p>\n<p><strong><a title=\"PROGRAMACI\u00d3N RELIGI\u00d3N CAT\u00d3LICA 3\u00baESO\" href=\"https:\/\/www.juntadeandalucia.es\/averroes\/centros-tic\/41000880\/helvia\/sitio\/upload\/PROGRAMACION_3_ESO.pdf\" target=\"_blank\" rel=\"noopener\"> 3\u00baESO<\/a><\/strong><\/p>\n<p><strong><a title=\"PROGRAMACI\u00d3N RELIGI\u00d3N CAT\u00d3LICA 4\u00ba ESO\" href=\"https:\/\/www.juntadeandalucia.es\/averroes\/centros-tic\/41000880\/helvia\/sitio\/upload\/PROGRAMACION_4ESO.pdf\" target=\"_blank\" rel=\"noopener\"> 4\u00baESO<\/a><\/strong><\/p>\n<p><strong><a title=\"PROGRAMACI\u00d3N RELIGI\u00d3N CAT\u00d3LICA 1\u00ba BACHILLERATO\" href=\"https:\/\/www.juntadeandalucia.es\/averroes\/centros-tic\/41000880\/helvia\/sitio\/upload\/PROGRAMACION_1_BACHILLERATO_CIENCIAS.pdf\" target=\"_blank\" rel=\"noopener\"> 1\u00baBACHILLERATO<\/a><\/strong><\/p>\n<p><strong> <a title=\"PROGRAMACI\u00d3N RELIGI\u00d3N CAT\u00d3LICA 2\u00ba BACHILLERATO\" href=\"https:\/\/www.juntadeandalucia.es\/averroes\/centros-tic\/41000880\/helvia\/sitio\/upload\/PROGRAMACION_2_BACHILLERATO.pdf\" target=\"_blank\" rel=\"noopener\">2\u00baBACHILLERATO<\/a><\/strong><\/p>\n<p style=\"text-align: center\"><strong>RELIGI\u00d3N EVANG\u00c9LICA<\/strong><\/p>\n<table style=\"border-collapse: collapse;width: 100%;height: 37px\">\n<tbody>\n<tr style=\"height: 37px\">\n<td style=\"width: 50%;height: 37px\">D\u00aa. Margarita Gonz\u00e1lez Gonz\u00e1lez<\/td>\n<td style=\"width: 50%;height: 37px\"><span data-sheets-root=\"1\" data-sheets-value=\"{&quot;1&quot;:2,&quot;2&quot;:&quot;mgongon725@g.educaand.es&quot;}\" data-sheets-userformat=\"{&quot;2&quot;:14781,&quot;3&quot;:{&quot;1&quot;:0,&quot;3&quot;:1},&quot;5&quot;:{&quot;1&quot;:[{&quot;1&quot;:2,&quot;2&quot;:0,&quot;5&quot;:{&quot;1&quot;:2,&quot;2&quot;:0}},{&quot;1&quot;:0,&quot;2&quot;:0,&quot;3&quot;:3},{&quot;1&quot;:1,&quot;2&quot;:0,&quot;4&quot;:1}]},&quot;6&quot;:{&quot;1&quot;:[{&quot;1&quot;:2,&quot;2&quot;:0,&quot;5&quot;:{&quot;1&quot;:2,&quot;2&quot;:0}},{&quot;1&quot;:0,&quot;2&quot;:0,&quot;3&quot;:3},{&quot;1&quot;:1,&quot;2&quot;:0,&quot;4&quot;:1}]},&quot;7&quot;:{&quot;1&quot;:[{&quot;1&quot;:2,&quot;2&quot;:0,&quot;5&quot;:{&quot;1&quot;:2,&quot;2&quot;:0}},{&quot;1&quot;:0,&quot;2&quot;:0,&quot;3&quot;:3},{&quot;1&quot;:1,&quot;2&quot;:0,&quot;4&quot;:1}]},&quot;8&quot;:{&quot;1&quot;:[{&quot;1&quot;:2,&quot;2&quot;:0,&quot;5&quot;:{&quot;1&quot;:2,&quot;2&quot;:0}},{&quot;1&quot;:0,&quot;2&quot;:0,&quot;3&quot;:3},{&quot;1&quot;:1,&quot;2&quot;:0,&quot;4&quot;:1}]},&quot;10&quot;:0,&quot;11&quot;:4,&quot;14&quot;:{&quot;1&quot;:2,&quot;2&quot;:0},&quot;15&quot;:&quot;Times New Roman&quot;,&quot;16&quot;:12}\">mgongon725@g.educaand.es<\/span><\/td>\n<\/tr>\n<\/tbody>\n<\/table>\n","protected":false},"excerpt":{"rendered":"<p>PROFESORADO DE RELIGIONES CURSO 2024\/25 RELIGI\u00d3N CAT\u00d3LICA: D. Francisco Javier Romero Arance fromara186@g.educaand.es D\u00aa. Carmen Temmler L\u00f3pez ctemlop578@g.educaand.es Programaci\u00f3n did\u00e1ctica Religi\u00f3n Cat\u00f3lica 2024\/2025 1\u00baESO 2\u00baESO 3\u00baESO 4\u00baESO 1\u00baBACHILLERATO 2\u00baBACHILLERATO RELIGI\u00d3N EVANG\u00c9LICA D\u00aa. Margarita Gonz\u00e1lez&#46;&#46;&#46;<\/p>\n","protected":false},"author":18085,"featured_media":0,"parent":0,"menu_order":0,"comment_status":"closed","ping_status":"closed","template":"","meta":{"_exactmetrics_skip_tracking":false,"_exactmetrics_sitenote_active":false,"_exactmetrics_sitenote_note":"","_exactmetrics_sitenote_category":0,"footnotes":"","_mc_calendar":[]},"aioseo_notices":[],"_links":{"self":[{"href":"https:\/\/blogsaverroes.juntadeandalucia.es\/iestartessoscamas\/wp-json\/wp\/v2\/pages\/621"}],"collection":[{"href":"https:\/\/blogsaverroes.juntadeandalucia.es\/iestartessoscamas\/wp-json\/wp\/v2\/pages"}],"about":[{"href":"https:\/\/blogsaverroes.juntadeandalucia.es\/iestartessoscamas\/wp-json\/wp\/v2\/types\/page"}],"author":[{"embeddable":true,"href":"https:\/\/blogsaverroes.juntadeandalucia.es\/iestartessoscamas\/wp-json\/wp\/v2\/users\/18085"}],"replies":[{"embeddable":true,"href":"https:\/\/blogsaverroes.juntadeandalucia.es\/iestartessoscamas\/wp-json\/wp\/v2\/comments?post=621"}],"version-history":[{"count":5,"href":"https:\/\/blogsaverroes.juntadeandalucia.es\/iestartessoscamas\/wp-json\/wp\/v2\/pages\/621\/revisions"}],"predecessor-version":[{"id":1312,"href":"https:\/\/blogsaverroes.juntadeandalucia.es\/iestartessoscamas\/wp-json\/wp\/v2\/pages\/621\/revisions\/1312"}],"wp:attachment":[{"href":"https:\/\/blogsaverroes.juntadeandalucia.es\/iestartessoscamas\/wp-json\/wp\/v2\/media?parent=621"}],"curies":[{"name":"wp","href":"https:\/\/api.w.org\/{rel}","templated":true}]}}