{"id":622,"date":"2024-06-12T11:15:23","date_gmt":"2024-06-12T09:15:23","guid":{"rendered":"https:\/\/blogsaverroes.juntadeandalucia.es\/iestartessoscamas\/?page_id=622"},"modified":"2025-10-27T11:31:36","modified_gmt":"2025-10-27T10:31:36","slug":"agraria","status":"publish","type":"page","link":"https:\/\/blogsaverroes.juntadeandalucia.es\/iestartessoscamas\/agraria\/","title":{"rendered":"Agraria"},"content":{"rendered":"<p>Profesorado del Departamento de Agraria.<\/p>\n<table style=\"border-collapse: collapse;width: 100%;height: 62px\">\n<tbody>\n<tr style=\"height: 23px\">\n<td style=\"width: 46.7164%;height: 16px\">D\u00aa Araceli Acu\u00f1a S\u00e1nchez<\/td>\n<td style=\"width: 53.2836%;height: 16px\">aacusan023@g.educaand.es<\/td>\n<\/tr>\n<tr>\n<td style=\"width: 46.7164%\">D. Alonso Contreras S\u00e1nchez<\/td>\n<td style=\"width: 53.2836%\">aconsan210@g.educaand.es<\/td>\n<\/tr>\n<tr style=\"height: 23px\">\n<td style=\"width: 46.7164%;height: 23px\">D\u00aa. M\u00aa del Carmen Rodr\u00edguez Guerra (Jefa de Departamento)<\/td>\n<td style=\"width: 53.2836%;height: 23px\">mrodgue206@g.educaand.es<\/td>\n<\/tr>\n<\/tbody>\n<\/table>\n","protected":false},"excerpt":{"rendered":"<p>Profesorado del Departamento de Agraria. D\u00aa Araceli Acu\u00f1a S\u00e1nchez aacusan023@g.educaand.es D. Alonso Contreras S\u00e1nchez aconsan210@g.educaand.es D\u00aa. M\u00aa del Carmen Rodr\u00edguez Guerra (Jefa de Departamento) mrodgue206@g.educaand.es<\/p>\n","protected":false},"author":18085,"featured_media":0,"parent":0,"menu_order":0,"comment_status":"closed","ping_status":"closed","template":"","meta":{"_exactmetrics_skip_tracking":false,"_exactmetrics_sitenote_active":false,"_exactmetrics_sitenote_note":"","_exactmetrics_sitenote_category":0,"footnotes":"","_mc_calendar":[]},"aioseo_notices":[],"_links":{"self":[{"href":"https:\/\/blogsaverroes.juntadeandalucia.es\/iestartessoscamas\/wp-json\/wp\/v2\/pages\/622"}],"collection":[{"href":"https:\/\/blogsaverroes.juntadeandalucia.es\/iestartessoscamas\/wp-json\/wp\/v2\/pages"}],"about":[{"href":"https:\/\/blogsaverroes.juntadeandalucia.es\/iestartessoscamas\/wp-json\/wp\/v2\/types\/page"}],"author":[{"embeddable":true,"href":"https:\/\/blogsaverroes.juntadeandalucia.es\/iestartessoscamas\/wp-json\/wp\/v2\/users\/18085"}],"replies":[{"embeddable":true,"href":"https:\/\/blogsaverroes.juntadeandalucia.es\/iestartessoscamas\/wp-json\/wp\/v2\/comments?post=622"}],"version-history":[{"count":14,"href":"https:\/\/blogsaverroes.juntadeandalucia.es\/iestartessoscamas\/wp-json\/wp\/v2\/pages\/622\/revisions"}],"predecessor-version":[{"id":1652,"href":"https:\/\/blogsaverroes.juntadeandalucia.es\/iestartessoscamas\/wp-json\/wp\/v2\/pages\/622\/revisions\/1652"}],"wp:attachment":[{"href":"https:\/\/blogsaverroes.juntadeandalucia.es\/iestartessoscamas\/wp-json\/wp\/v2\/media?parent=622"}],"curies":[{"name":"wp","href":"https:\/\/api.w.org\/{rel}","templated":true}]}}