{"id":7,"date":"2024-04-25T19:37:47","date_gmt":"2024-04-25T17:37:47","guid":{"rendered":"https:\/\/blogsaverroes.juntadeandalucia.es\/iestartessoscamas\/?page_id=7"},"modified":"2026-02-03T17:33:12","modified_gmt":"2026-02-03T16:33:12","slug":"ies-tartessos-camas","status":"publish","type":"page","link":"https:\/\/blogsaverroes.juntadeandalucia.es\/iestartessoscamas\/","title":{"rendered":"Nuestra Historia \u00bfQui\u00e9nes somos?"},"content":{"rendered":"\t\t<div data-elementor-type=\"wp-post\" data-elementor-id=\"7\" class=\"elementor elementor-7\">\n\t\t\t\t<div class=\"elementor-element elementor-element-8598a25 e-flex e-con-boxed e-con e-parent\" data-id=\"8598a25\" data-element_type=\"container\">\n\t\t\t\t\t<div class=\"e-con-inner\">\n\t\t<div class=\"elementor-element elementor-element-e051e45 e-con-full e-flex e-con e-child\" data-id=\"e051e45\" data-element_type=\"container\">\n\t\t\t\t<div class=\"elementor-element elementor-element-5e01917 elementor-widget elementor-widget-image\" data-id=\"5e01917\" data-element_type=\"widget\" data-widget_type=\"image.default\">\n\t\t\t\t<div class=\"elementor-widget-container\">\n\t\t\t\t\t\t\t\t\t\t\t\t\t\t\t<img fetchpriority=\"high\" decoding=\"async\" width=\"768\" height=\"1024\" src=\"https:\/\/blogsaverroes.juntadeandalucia.es\/iestartessoscamas\/files\/2026\/02\/IMG-20260203-WA0003-768x1024.jpg\" class=\"attachment-large size-large wp-image-1758\" alt=\"\" srcset=\"https:\/\/blogsaverroes.juntadeandalucia.es\/iestartessoscamas\/files\/2026\/02\/IMG-20260203-WA0003-768x1024.jpg 768w, https:\/\/blogsaverroes.juntadeandalucia.es\/iestartessoscamas\/files\/2026\/02\/IMG-20260203-WA0003-225x300.jpg 225w, https:\/\/blogsaverroes.juntadeandalucia.es\/iestartessoscamas\/files\/2026\/02\/IMG-20260203-WA0003-1152x1536.jpg 1152w, https:\/\/blogsaverroes.juntadeandalucia.es\/iestartessoscamas\/files\/2026\/02\/IMG-20260203-WA0003.jpg 1536w\" sizes=\"(max-width: 768px) 100vw, 768px\" \/>\t\t\t\t\t\t\t\t\t\t\t\t\t\t\t<\/div>\n\t\t\t\t<\/div>\n\t\t\t\t<\/div>\n\t\t<div class=\"elementor-element elementor-element-5d000e7 e-con-full e-flex e-con e-child\" data-id=\"5d000e7\" data-element_type=\"container\">\n\t\t\t\t<div class=\"elementor-element elementor-element-eb3b6e7 elementor-widget elementor-widget-image\" data-id=\"eb3b6e7\" data-element_type=\"widget\" data-widget_type=\"image.default\">\n\t\t\t\t<div class=\"elementor-widget-container\">\n\t\t\t\t\t\t\t\t\t\t\t\t\t\t\t<img decoding=\"async\" width=\"978\" height=\"1024\" src=\"https:\/\/blogsaverroes.juntadeandalucia.es\/iestartessoscamas\/files\/2026\/02\/IMG-20260203-WA0008-978x1024.jpg\" class=\"attachment-large size-large wp-image-1763\" alt=\"\" srcset=\"https:\/\/blogsaverroes.juntadeandalucia.es\/iestartessoscamas\/files\/2026\/02\/IMG-20260203-WA0008-978x1024.jpg 978w, https:\/\/blogsaverroes.juntadeandalucia.es\/iestartessoscamas\/files\/2026\/02\/IMG-20260203-WA0008-287x300.jpg 287w, https:\/\/blogsaverroes.juntadeandalucia.es\/iestartessoscamas\/files\/2026\/02\/IMG-20260203-WA0008-768x804.jpg 768w, https:\/\/blogsaverroes.juntadeandalucia.es\/iestartessoscamas\/files\/2026\/02\/IMG-20260203-WA0008.jpg 1019w\" sizes=\"(max-width: 978px) 100vw, 978px\" \/>\t\t\t\t\t\t\t\t\t\t\t\t\t\t\t<\/div>\n\t\t\t\t<\/div>\n\t\t\t\t<\/div>\n\t\t<div class=\"elementor-element elementor-element-4467b9f e-con-full e-flex e-con e-child\" data-id=\"4467b9f\" data-element_type=\"container\">\n\t\t\t\t<div class=\"elementor-element elementor-element-1b91204 elementor-widget elementor-widget-text-editor\" data-id=\"1b91204\" data-element_type=\"widget\" data-widget_type=\"text-editor.default\">\n\t\t\t\t<div class=\"elementor-widget-container\">\n\t\t\t\t\t\t\t\t\tNuestro instituto, el\u00a0 I.E.S. \u201c<strong>Tartessos<\/strong>\u201d,\u00a0 es el m\u00e1s antiguo de los dos centros de Secundaria que actualmente existen en la localidad. Est\u00e1 situado en el t\u00e9rmino municipal de Camas, en una barriada llamada Hiconsa cerca de la entrada al municipio desde Sevilla.\n\nEl edificio data de 1980, curso durante el cual se construy\u00f3 el edificio principal. Posteriormente se realiz\u00f3 una peque\u00f1a ampliaci\u00f3n del Centro.\n\nEn el IES Tartessos se diferencian dos edificios: uno principal, que es para\u00a0uso docente, labores administrativas y de gesti\u00f3n y\u00a0el\u00a0segundo edifico HAZA de la carpinter\u00eda, construcci\u00f3n en forma\u00a0rectangular que era un antiguo aulario de educaci\u00f3n infantil donde actualmente se imparten los ciclos formativos de grado medio y superior adem\u00e1s de otros cursos de ESO y Bachillerato.\n\nEl centro cuenta con cerca de 1.000 alumnos y un claustro de 80 profesores.\n\nSe imparten las ense\u00f1anzas de la ESO, Bachillerato de Ciencias y Humanidades as\u00ed como los Ciclos Formativos de Grado B\u00e1sico (Agro-Jardiner\u00eda y composici\u00f3n floral), de Grado Medio (Atenci\u00f3n a Personas en Situaci\u00f3n de Dependencia) y Grado Superior (Educaci\u00f3n Infantil).\n\nEs un centro biling\u00fce y tiene como servicios complementarios el Transporte escolar.\t\t\t\t\t\t\t\t<\/div>\n\t\t\t\t<\/div>\n\t\t\t\t<\/div>\n\t\t\t\t\t<\/div>\n\t\t\t\t<\/div>\n\t\t<div class=\"elementor-element elementor-element-725baee e-flex e-con-boxed e-con e-parent\" data-id=\"725baee\" data-element_type=\"container\">\n\t\t\t\t\t<div class=\"e-con-inner\">\n\t\t\t\t<div class=\"elementor-element elementor-element-6869249 elementor-widget elementor-widget-image\" data-id=\"6869249\" data-element_type=\"widget\" data-widget_type=\"image.default\">\n\t\t\t\t<div class=\"elementor-widget-container\">\n\t\t\t\t\t\t\t\t\t\t\t\t\t\t\t<img decoding=\"async\" width=\"414\" height=\"122\" src=\"https:\/\/blogsaverroes.juntadeandalucia.es\/iestartessoscamas\/files\/2024\/05\/images-2.jpg\" class=\"attachment-thumb-xxlarge size-thumb-xxlarge wp-image-485\" alt=\"\" srcset=\"https:\/\/blogsaverroes.juntadeandalucia.es\/iestartessoscamas\/files\/2024\/05\/images-2.jpg 414w, https:\/\/blogsaverroes.juntadeandalucia.es\/iestartessoscamas\/files\/2024\/05\/images-2-300x88.jpg 300w\" sizes=\"(max-width: 414px) 100vw, 414px\" \/>\t\t\t\t\t\t\t\t\t\t\t\t\t\t\t<\/div>\n\t\t\t\t<\/div>\n\t\t\t\t\t<\/div>\n\t\t\t\t<\/div>\n\t\t<div class=\"elementor-element elementor-element-e05fa8c e-flex e-con-boxed e-con e-parent\" data-id=\"e05fa8c\" data-element_type=\"container\">\n\t\t\t\t\t<div class=\"e-con-inner\">\n\t\t\t\t<div class=\"elementor-element elementor-element-926c7c6 elementor-widget elementor-widget-image\" data-id=\"926c7c6\" data-element_type=\"widget\" data-widget_type=\"image.default\">\n\t\t\t\t<div class=\"elementor-widget-container\">\n\t\t\t\t\t\t\t\t\t\t\t\t\t\t\t<img loading=\"lazy\" decoding=\"async\" width=\"1024\" height=\"444\" src=\"https:\/\/blogsaverroes.juntadeandalucia.es\/iestartessoscamas\/files\/2024\/06\/Captura-de-pantalla-2024-06-15-a-las-1.34.52-1024x444.png\" class=\"attachment-large size-large wp-image-859\" alt=\"\" srcset=\"https:\/\/blogsaverroes.juntadeandalucia.es\/iestartessoscamas\/files\/2024\/06\/Captura-de-pantalla-2024-06-15-a-las-1.34.52-1024x444.png 1024w, https:\/\/blogsaverroes.juntadeandalucia.es\/iestartessoscamas\/files\/2024\/06\/Captura-de-pantalla-2024-06-15-a-las-1.34.52-300x130.png 300w, https:\/\/blogsaverroes.juntadeandalucia.es\/iestartessoscamas\/files\/2024\/06\/Captura-de-pantalla-2024-06-15-a-las-1.34.52-768x333.png 768w, https:\/\/blogsaverroes.juntadeandalucia.es\/iestartessoscamas\/files\/2024\/06\/Captura-de-pantalla-2024-06-15-a-las-1.34.52-1536x667.png 1536w, https:\/\/blogsaverroes.juntadeandalucia.es\/iestartessoscamas\/files\/2024\/06\/Captura-de-pantalla-2024-06-15-a-las-1.34.52.png 1562w\" sizes=\"(max-width: 1024px) 100vw, 1024px\" \/>\t\t\t\t\t\t\t\t\t\t\t\t\t\t\t<\/div>\n\t\t\t\t<\/div>\n\t\t\t\t\t<\/div>\n\t\t\t\t<\/div>\n\t\t<div class=\"elementor-element elementor-element-70b5276 e-flex e-con-boxed e-con e-parent\" data-id=\"70b5276\" data-element_type=\"container\">\n\t\t\t\t\t<div class=\"e-con-inner\">\n\t\t\t\t\t<\/div>\n\t\t\t\t<\/div>\n\t\t\t\t<\/div>\n\t\t","protected":false},"excerpt":{"rendered":"<p>Nuestro instituto, el\u00a0 I.E.S. \u201cTartessos\u201d,\u00a0 es el m\u00e1s antiguo de los dos centros de Secundaria que actualmente existen en la localidad. Est\u00e1 situado en el t\u00e9rmino municipal de Camas, en una barriada llamada Hiconsa&#46;&#46;&#46;<\/p>\n","protected":false},"author":18085,"featured_media":0,"parent":0,"menu_order":0,"comment_status":"closed","ping_status":"closed","template":"","meta":{"_exactmetrics_skip_tracking":false,"_exactmetrics_sitenote_active":false,"_exactmetrics_sitenote_note":"","_exactmetrics_sitenote_category":0,"footnotes":"","_mc_calendar":[]},"aioseo_notices":[],"_links":{"self":[{"href":"https:\/\/blogsaverroes.juntadeandalucia.es\/iestartessoscamas\/wp-json\/wp\/v2\/pages\/7"}],"collection":[{"href":"https:\/\/blogsaverroes.juntadeandalucia.es\/iestartessoscamas\/wp-json\/wp\/v2\/pages"}],"about":[{"href":"https:\/\/blogsaverroes.juntadeandalucia.es\/iestartessoscamas\/wp-json\/wp\/v2\/types\/page"}],"author":[{"embeddable":true,"href":"https:\/\/blogsaverroes.juntadeandalucia.es\/iestartessoscamas\/wp-json\/wp\/v2\/users\/18085"}],"replies":[{"embeddable":true,"href":"https:\/\/blogsaverroes.juntadeandalucia.es\/iestartessoscamas\/wp-json\/wp\/v2\/comments?post=7"}],"version-history":[{"count":90,"href":"https:\/\/blogsaverroes.juntadeandalucia.es\/iestartessoscamas\/wp-json\/wp\/v2\/pages\/7\/revisions"}],"predecessor-version":[{"id":1766,"href":"https:\/\/blogsaverroes.juntadeandalucia.es\/iestartessoscamas\/wp-json\/wp\/v2\/pages\/7\/revisions\/1766"}],"wp:attachment":[{"href":"https:\/\/blogsaverroes.juntadeandalucia.es\/iestartessoscamas\/wp-json\/wp\/v2\/media?parent=7"}],"curies":[{"name":"wp","href":"https:\/\/api.w.org\/{rel}","templated":true}]}}