{"id":76,"date":"2024-04-25T22:37:12","date_gmt":"2024-04-25T20:37:12","guid":{"rendered":"https:\/\/blogsaverroes.juntadeandalucia.es\/iestartessoscamas\/?page_id=76"},"modified":"2024-06-15T00:15:01","modified_gmt":"2024-06-14T22:15:01","slug":"departamentos","status":"publish","type":"page","link":"https:\/\/blogsaverroes.juntadeandalucia.es\/iestartessoscamas\/departamentos\/","title":{"rendered":"Departamentos"},"content":{"rendered":"<div class=\"menuIzqSubSeccion\" title=\"\">Los Departamentos de nuestro Instituto son:<br \/>\n<a href=\"https:\/\/blogsaverroes.juntadeandalucia.es\/iestartessoscamas\/agraria\/\">Agraria <\/a><br \/>\n<a href=\"https:\/\/blogsaverroes.juntadeandalucia.es\/iestartessoscamas\/biologia-y-geologia\/\">Biolog\u00eda y Geolog\u00eda<\/a><\/div>\n<div class=\"menuIzqSubSeccion\" title=\"\"><a href=\"https:\/\/blogsaverroes.juntadeandalucia.es\/iestartessoscamas\/dibujo\/\">Dibujo<\/a><\/div>\n<div class=\"menuIzqSubSeccion\" title=\"\"><a href=\"https:\/\/blogsaverroes.juntadeandalucia.es\/iestartessoscamas\/educacion-fisica\/\">Educaci\u00f3n F\u00edsica<\/a><\/div>\n<div class=\"menuIzqSubSeccion\" title=\"\"><a href=\"https:\/\/blogsaverroes.juntadeandalucia.es\/iestartessoscamas\/filosofia\/\">Filosof\u00eda<\/a><\/div>\n<div class=\"menuIzqSubSeccion\" title=\"\"><a href=\"https:\/\/blogsaverroes.juntadeandalucia.es\/iestartessoscamas\/fisica-y-quimica\/\">F\u00edsica y Qu\u00edmica<\/a><\/div>\n<div class=\"menuIzqSubSeccion\" title=\"\"><a href=\"https:\/\/blogsaverroes.juntadeandalucia.es\/iestartessoscamas\/formacion-evaluacion-e-innovacion-educativa\/\">Formaci\u00f3n, evaluaci\u00f3n, innovaci\u00f3n<\/a><\/div>\n<div class=\"menuIzqSubSeccion\" title=\"\"><a href=\"https:\/\/blogsaverroes.juntadeandalucia.es\/iestartessoscamas\/frances\/\">Franc\u00e9s<\/a><\/div>\n<div class=\"menuIzqSubSeccion\" title=\"\"><a href=\"https:\/\/blogsaverroes.juntadeandalucia.es\/iestartessoscamas\/geografia-e-historia\/\">Geograf\u00eda e Historia<\/a><\/div>\n<div class=\"menuIzqSubSeccion\" title=\"\"><a href=\"https:\/\/blogsaverroes.juntadeandalucia.es\/iestartessoscamas\/ingles\/\">Ingl\u00e9s<\/a><\/div>\n<div class=\"menuIzqSubSeccion\" title=\"P\u00e1gina de Muestra\"><a href=\"https:\/\/blogsaverroes.juntadeandalucia.es\/iestartessoscamas\/lengua-castellana-y-literatura\/\">Lengua Castellana y Literatura<\/a><\/div>\n<div class=\"menuIzqSubSeccion\" title=\"P\u00e1gina de Muestra\"><a href=\"https:\/\/blogsaverroes.juntadeandalucia.es\/iestartessoscamas\/matematicas\/\">Matem\u00e1ticas<\/a><\/div>\n<div class=\"menuIzqSubSeccion\" title=\"\"><a href=\"https:\/\/blogsaverroes.juntadeandalucia.es\/iestartessoscamas\/musica\/\">M\u00fasica<\/a><\/div>\n<div class=\"menuIzqSubSeccion\" title=\"\"><a href=\"https:\/\/blogsaverroes.juntadeandalucia.es\/iestartessoscamas\/orientacion\/\">Orientaci\u00f3n<\/a><\/div>\n<div class=\"menuIzqSubSeccion\" title=\"\"><a href=\"https:\/\/blogsaverroes.juntadeandalucia.es\/iestartessoscamas\/religiones-2\/\">Religiones<\/a><\/div>\n<div class=\"menuIzqSubSeccion\" title=\"\"><a href=\"https:\/\/blogsaverroes.juntadeandalucia.es\/iestartessoscamas\/servicios-socioculturales-y-a-la-comunidad\/\">Servicios Socioculturales y a la Comunidad<\/a><\/div>\n<div class=\"menuIzqSubSeccion\" title=\"\"><a href=\"https:\/\/blogsaverroes.juntadeandalucia.es\/iestartessoscamas\/tecnologia-e-informatica\/\">Tecnolog\u00eda e Inform\u00e1tica<\/a><\/div>\n","protected":false},"excerpt":{"rendered":"<p>Los Departamentos de nuestro Instituto son: Agraria Biolog\u00eda y Geolog\u00eda Dibujo Educaci\u00f3n F\u00edsica Filosof\u00eda F\u00edsica y Qu\u00edmica Formaci\u00f3n, evaluaci\u00f3n, innovaci\u00f3n Franc\u00e9s Geograf\u00eda e Historia Ingl\u00e9s Lengua Castellana y Literatura Matem\u00e1ticas M\u00fasica Orientaci\u00f3n Religiones Servicios&#46;&#46;&#46;<\/p>\n","protected":false},"author":18085,"featured_media":0,"parent":0,"menu_order":0,"comment_status":"closed","ping_status":"closed","template":"","meta":{"_exactmetrics_skip_tracking":false,"_exactmetrics_sitenote_active":false,"_exactmetrics_sitenote_note":"","_exactmetrics_sitenote_category":0,"footnotes":"","_mc_calendar":[]},"aioseo_notices":[],"_links":{"self":[{"href":"https:\/\/blogsaverroes.juntadeandalucia.es\/iestartessoscamas\/wp-json\/wp\/v2\/pages\/76"}],"collection":[{"href":"https:\/\/blogsaverroes.juntadeandalucia.es\/iestartessoscamas\/wp-json\/wp\/v2\/pages"}],"about":[{"href":"https:\/\/blogsaverroes.juntadeandalucia.es\/iestartessoscamas\/wp-json\/wp\/v2\/types\/page"}],"author":[{"embeddable":true,"href":"https:\/\/blogsaverroes.juntadeandalucia.es\/iestartessoscamas\/wp-json\/wp\/v2\/users\/18085"}],"replies":[{"embeddable":true,"href":"https:\/\/blogsaverroes.juntadeandalucia.es\/iestartessoscamas\/wp-json\/wp\/v2\/comments?post=76"}],"version-history":[{"count":3,"href":"https:\/\/blogsaverroes.juntadeandalucia.es\/iestartessoscamas\/wp-json\/wp\/v2\/pages\/76\/revisions"}],"predecessor-version":[{"id":825,"href":"https:\/\/blogsaverroes.juntadeandalucia.es\/iestartessoscamas\/wp-json\/wp\/v2\/pages\/76\/revisions\/825"}],"wp:attachment":[{"href":"https:\/\/blogsaverroes.juntadeandalucia.es\/iestartessoscamas\/wp-json\/wp\/v2\/media?parent=76"}],"curies":[{"name":"wp","href":"https:\/\/api.w.org\/{rel}","templated":true}]}}