{"id":803,"date":"2024-06-14T23:18:39","date_gmt":"2024-06-14T21:18:39","guid":{"rendered":"https:\/\/blogsaverroes.juntadeandalucia.es\/iestartessoscamas\/?page_id=803"},"modified":"2024-06-14T23:48:14","modified_gmt":"2024-06-14T21:48:14","slug":"solicitud-clave-iande","status":"publish","type":"page","link":"https:\/\/blogsaverroes.juntadeandalucia.es\/iestartessoscamas\/solicitud-clave-iande\/","title":{"rendered":"Solicitud clave iANDe"},"content":{"rendered":"<div class=\"et_pb_module et_pb_post_title et_pb_post_title_0 et_pb_bg_layout_light et_pb_text_align_left\">\n<div class=\"et_pb_title_container\">\n<h1 class=\"entry-title\">Solicitud Clave iANDe<\/h1>\n<\/div>\n<\/div>\n<div class=\"et_pb_module et_pb_text et_pb_text_0 et_pb_text_align_left et_pb_bg_layout_light\">\n<div class=\"et_pb_text_inner\">\n<p>La Clave iANDE es un sistema de autenticaci\u00f3n de la Direcci\u00f3n General de Formaci\u00f3n Profesional Inicial y Educaci\u00f3n Permanente desarrollado por la Consejer\u00eda de Educaci\u00f3n que te\u00a0<strong>permite realizar de forma telem\u00e1tica tr\u00e1mites de los centros educativos de Formaci\u00f3n Profesional y Educaci\u00f3n Permanente a trav\u00e9s del portal de la Secretar\u00eda Virtual de Centros.<\/strong><\/p>\n<p>Para facilitar telem\u00e1ticamente los procedimientos relacionados con el centro (admisi\u00f3n, matriculaci\u00f3n y otros tr\u00e1mites) y as\u00ed evitar que las familias tengan que desplazarse a las instalaciones de los mismos, se ha habilitado el Identificador Andaluz Educativo (iANDE), una clave que les permitir\u00e1 autenticarse en la Secretar\u00eda Virtual de forma \u00e1gil y r\u00e1pida.<\/p>\n<p><strong><a href=\"https:\/\/www.juntadeandalucia.es\/educacion\/secretariavirtual\/\" target=\"_blank\" rel=\"noreferrer noopener\">Pincha aqu\u00ed para acceder a la Secretar\u00eda Virtual<\/a><\/strong><\/p>\n<p>Las claves iANDE se han difundido a las familias a trav\u00e9s de la app iPasen, en un mensaje anclado en la bandeja de entrada de Comunicaciones. En este mensaje los tutores legales tienen las claves iANDE de cada uno de sus hijos o hijas as\u00ed como para ellos mismos si fueran a su vez alumnos. Este mensaje permanece fijo y no se puede borrar.<\/p>\n<p><strong>Para aquellas personas que no son alumnado de ning\u00fan centro y deseen realizar tr\u00e1mites de admisi\u00f3n y matr\u00edcula<\/strong>\u00a0en aquellos procedimientos que permitan la participaci\u00f3n de este tipo de personas (Admisi\u00f3n de FPI, Conservatorios, EOIs, y Educaci\u00f3n Permanente) puede dirigirse de forma presencial a cualquier centro educativo.<\/p>\n<p><iframe title=\"Solicitud Clave IANDE\" width=\"500\" height=\"281\" src=\"https:\/\/www.youtube.com\/embed\/BG9pVAlp2lk?feature=oembed&#038;wmode=opaque\" frameborder=\"0\" allow=\"accelerometer; autoplay; clipboard-write; encrypted-media; gyroscope; picture-in-picture; web-share\" referrerpolicy=\"strict-origin-when-cross-origin\" allowfullscreen><\/iframe><\/p>\n<\/div>\n<\/div>\n","protected":false},"excerpt":{"rendered":"<p>Solicitud Clave iANDe La Clave iANDE es un sistema de autenticaci\u00f3n de la Direcci\u00f3n General de Formaci\u00f3n Profesional Inicial y Educaci\u00f3n Permanente desarrollado por la Consejer\u00eda de Educaci\u00f3n que te\u00a0permite realizar de forma telem\u00e1tica&#46;&#46;&#46;<\/p>\n","protected":false},"author":18085,"featured_media":0,"parent":0,"menu_order":0,"comment_status":"closed","ping_status":"closed","template":"","meta":{"_exactmetrics_skip_tracking":false,"_exactmetrics_sitenote_active":false,"_exactmetrics_sitenote_note":"","_exactmetrics_sitenote_category":0,"footnotes":"","_mc_calendar":[]},"aioseo_notices":[],"_links":{"self":[{"href":"https:\/\/blogsaverroes.juntadeandalucia.es\/iestartessoscamas\/wp-json\/wp\/v2\/pages\/803"}],"collection":[{"href":"https:\/\/blogsaverroes.juntadeandalucia.es\/iestartessoscamas\/wp-json\/wp\/v2\/pages"}],"about":[{"href":"https:\/\/blogsaverroes.juntadeandalucia.es\/iestartessoscamas\/wp-json\/wp\/v2\/types\/page"}],"author":[{"embeddable":true,"href":"https:\/\/blogsaverroes.juntadeandalucia.es\/iestartessoscamas\/wp-json\/wp\/v2\/users\/18085"}],"replies":[{"embeddable":true,"href":"https:\/\/blogsaverroes.juntadeandalucia.es\/iestartessoscamas\/wp-json\/wp\/v2\/comments?post=803"}],"version-history":[{"count":4,"href":"https:\/\/blogsaverroes.juntadeandalucia.es\/iestartessoscamas\/wp-json\/wp\/v2\/pages\/803\/revisions"}],"predecessor-version":[{"id":822,"href":"https:\/\/blogsaverroes.juntadeandalucia.es\/iestartessoscamas\/wp-json\/wp\/v2\/pages\/803\/revisions\/822"}],"wp:attachment":[{"href":"https:\/\/blogsaverroes.juntadeandalucia.es\/iestartessoscamas\/wp-json\/wp\/v2\/media?parent=803"}],"curies":[{"name":"wp","href":"https:\/\/api.w.org\/{rel}","templated":true}]}}