{"id":89,"date":"2024-04-25T22:44:37","date_gmt":"2024-04-25T20:44:37","guid":{"rendered":"https:\/\/blogsaverroes.juntadeandalucia.es\/iestartessoscamas\/?page_id=89"},"modified":"2025-11-12T18:28:01","modified_gmt":"2025-11-12T17:28:01","slug":"geografia-e-historia","status":"publish","type":"page","link":"https:\/\/blogsaverroes.juntadeandalucia.es\/iestartessoscamas\/geografia-e-historia\/","title":{"rendered":"Geograf\u00eda e Historia"},"content":{"rendered":"<p><img decoding=\"async\" class=\"aligncenter wp-image-554\" src=\"https:\/\/blogsaverroes.juntadeandalucia.es\/iestartessoscamas\/files\/2024\/05\/v-cenetario-1-vuelta-al-mundo2-300x79.jpg\" alt=\"V Centenario\" width=\"334\" height=\"88\" srcset=\"https:\/\/blogsaverroes.juntadeandalucia.es\/iestartessoscamas\/files\/2024\/05\/v-cenetario-1-vuelta-al-mundo2-300x79.jpg 300w, https:\/\/blogsaverroes.juntadeandalucia.es\/iestartessoscamas\/files\/2024\/05\/v-cenetario-1-vuelta-al-mundo2-1024x269.jpg 1024w, https:\/\/blogsaverroes.juntadeandalucia.es\/iestartessoscamas\/files\/2024\/05\/v-cenetario-1-vuelta-al-mundo2-768x202.jpg 768w, https:\/\/blogsaverroes.juntadeandalucia.es\/iestartessoscamas\/files\/2024\/05\/v-cenetario-1-vuelta-al-mundo2-1536x404.jpg 1536w, https:\/\/blogsaverroes.juntadeandalucia.es\/iestartessoscamas\/files\/2024\/05\/v-cenetario-1-vuelta-al-mundo2.jpg 1900w\" sizes=\"(max-width: 334px) 100vw, 334px\" \/><\/p>\n<p>&nbsp;<\/p>\n<p><strong>PROFESORADO DEL DEPARTAMENTO<\/strong><\/p>\n<table style=\"border-collapse: collapse;width: 100%;height: 168px\">\n<tbody>\n<tr style=\"height: 24px\">\n<td style=\"width: 50%;height: 24px\">D. Francisco Javier Aliaga P\u00e9rez.<\/td>\n<td style=\"width: 50%;height: 24px\">faliper26@g.educaand.es<\/td>\n<\/tr>\n<tr style=\"height: 24px\">\n<td style=\"width: 50%;height: 24px\">D. David Fern\u00e1ndez Carretero. (Jefe del DACE)<\/td>\n<td style=\"width: 50%;height: 24px\">dfercar506@g.educaand.es<\/td>\n<\/tr>\n<tr style=\"height: 24px\">\n<td style=\"width: 50%;height: 24px\">D. Rub\u00e9n Fern\u00e1ndez Rivera<\/td>\n<td style=\"width: 50%;height: 24px\">rferriv539@g.educaand.es<\/td>\n<\/tr>\n<tr style=\"height: 24px\">\n<td style=\"width: 50%;height: 24px\">D\u00aa. Patricia Hern\u00e1ndez Fern\u00e1ndez<\/td>\n<td style=\"width: 50%;height: 24px\" width=\"245\">pherher342@g.educaand.es<\/td>\n<\/tr>\n<tr>\n<td style=\"width: 50%\">D\u00aa Lide Hormaexte Bengoa<\/td>\n<td style=\"width: 50%\">lhorben075@g.educaand.es<\/td>\n<\/tr>\n<tr style=\"height: 24px\">\n<td style=\"width: 50%;height: 24px\">D. Daniel Jim\u00e9nez Ruiz<\/td>\n<td style=\"width: 50%;height: 24px\">djimrui096@g.educaand.es<\/td>\n<\/tr>\n<tr style=\"height: 24px\">\n<td style=\"width: 50%;height: 24px\">D. Lutgardo Jos\u00e9 Mart\u00edn Leyva\u00a0 (Jefe de Departamento)<\/td>\n<td style=\"width: 50%;height: 24px\">lmarley723@g.educaand.es<\/td>\n<\/tr>\n<tr style=\"height: 24px\">\n<td style=\"width: 50%;height: 24px\">D\u00aa. Ainoa V\u00edlchez Soria<\/td>\n<td style=\"width: 50%;height: 24px\"><span data-sheets-root=\"1\" data-sheets-value=\"{&quot;1&quot;:2,&quot;2&quot;:&quot;avilsor388@g.educaand.es&quot;}\" data-sheets-userformat=\"{&quot;2&quot;:14781,&quot;3&quot;:{&quot;1&quot;:0,&quot;3&quot;:1},&quot;5&quot;:{&quot;1&quot;:[{&quot;1&quot;:2,&quot;2&quot;:0,&quot;5&quot;:{&quot;1&quot;:2,&quot;2&quot;:0}},{&quot;1&quot;:0,&quot;2&quot;:0,&quot;3&quot;:3},{&quot;1&quot;:1,&quot;2&quot;:0,&quot;4&quot;:1}]},&quot;6&quot;:{&quot;1&quot;:[{&quot;1&quot;:2,&quot;2&quot;:0,&quot;5&quot;:{&quot;1&quot;:2,&quot;2&quot;:0}},{&quot;1&quot;:0,&quot;2&quot;:0,&quot;3&quot;:3},{&quot;1&quot;:1,&quot;2&quot;:0,&quot;4&quot;:1}]},&quot;7&quot;:{&quot;1&quot;:[{&quot;1&quot;:2,&quot;2&quot;:0,&quot;5&quot;:{&quot;1&quot;:2,&quot;2&quot;:0}},{&quot;1&quot;:0,&quot;2&quot;:0,&quot;3&quot;:3},{&quot;1&quot;:1,&quot;2&quot;:0,&quot;4&quot;:1}]},&quot;8&quot;:{&quot;1&quot;:[{&quot;1&quot;:2,&quot;2&quot;:0,&quot;5&quot;:{&quot;1&quot;:2,&quot;2&quot;:0}},{&quot;1&quot;:0,&quot;2&quot;:0,&quot;3&quot;:3},{&quot;1&quot;:1,&quot;2&quot;:0,&quot;4&quot;:1}]},&quot;10&quot;:0,&quot;11&quot;:4,&quot;14&quot;:{&quot;1&quot;:2,&quot;2&quot;:0},&quot;15&quot;:&quot;Times New Roman&quot;,&quot;16&quot;:12}\">avilsor388@g.educaand.es<\/span><\/td>\n<\/tr>\n<\/tbody>\n<\/table>\n<p><strong>Imparten asignatura de este departamento otra profesora de otra \u00e1rea:<\/strong><\/p>\n<table style=\"border-collapse: collapse;width: 100%;height: 24px\">\n<tbody>\n<tr style=\"height: 24px\">\n<td style=\"width: 33.333333%;height: 24px\"><strong>D\u00aa M\u00aa Asunci\u00f3n Varo Ugart\u00a0<\/strong><\/td>\n<td style=\"width: 33.333333%;height: 24px\">(Departamento de FP) imparte \u00abFormaci\u00f3n y Orientaci\u00f3n Personal y Profesional\u00bb<\/td>\n<td style=\"width: 33.333333%;height: 24px\">mvaruga094@g.educaand.es<\/td>\n<\/tr>\n<\/tbody>\n<\/table>\n<p><span style=\"color: #0000ff\">\u00a0<a href=\"https:\/\/blogsaverroes.juntadeandalucia.es\/iestartessoscamas\/files\/2025\/11\/PROGRAMACION-GH.-ECONOMIA-25-26.pdf\"> PROGRAMACI\u00d3N GEOGRAF\u00cdA E HISTORIA Y ECONOM\u00cdA 25-26<\/a><\/span><\/p>\n<p>&nbsp;<\/p>\n<p><span style=\"color: #0000ff\"><a style=\"color: #0000ff\" title=\"PROGRAMACION DEPARTAMENTO GEOGRAF\u00cdA.\" href=\"https:\/\/www.juntadeandalucia.es\/averroes\/centros-tic\/41000880\/helvia\/sitio\/upload\/PROGRAMACION_GH_Y_ECONOMIA_2324.pdf\" target=\"_blank\" rel=\"noopener\">Enlaces<\/a><\/span><\/p>\n<ul>\n<li><span style=\"font-size: 12pt;color: #0000ff\"><a style=\"color: #0000ff\" title=\"ACTIVIDADES PARA ALUMNOS CON 1\u00ba DE ESO PENDIENTE\" href=\"http:\/\/www.juntadeandalucia.es\/averroes\/centros-tic\/41000880\/helvia\/sitio\/upload\/Actividades_para_recuperar_1_eso_2_1.pdf\" target=\"_blank\" rel=\"noopener\">Plan de Refuerzo y Recuperaci\u00f3n de 1\u00ba de ESO<\/a><\/span><\/li>\n<li><span style=\"font-size: 12pt;color: #0000ff\"><a style=\"color: #0000ff\" title=\"Plan de Refuerzo y Recuperaci\u00f3n de 2\u00ba de ESO\" href=\"http:\/\/www.juntadeandalucia.es\/averroes\/centros-tic\/41000880\/helvia\/sitio\/upload\/Actividades_pendientes_2_eso_5_1.pdf\" target=\"_blank\" rel=\"noopener\">Plan de Refuerzo y Recuperaci\u00f3n de 2\u00ba de ESO<\/a><\/span><\/li>\n<\/ul>\n<ul>\n<li><span style=\"font-size: 12pt;color: #0000ff\"><a style=\"color: #0000ff\" title=\"Plan de Refuerzo y Recuperaci\u00f3n de 3\u00ba de ESO\" href=\"http:\/\/www.juntadeandalucia.es\/averroes\/centros-tic\/41000880\/helvia\/sitio\/upload\/Actividades_pendientes_3_ESO_3_1.pdf\" target=\"_blank\" rel=\"noopener\">\u00a0Plan de Refuerzo y Recuperaci\u00f3n de 3\u00ba de ESO<\/a><\/span><\/li>\n<li><span style=\"font-size: 12pt;color: #0000ff\"><a style=\"color: #0000ff\" title=\"Plan de refuerzo y Recuperaci\u00f3n de 1\u00ba de Bachillerato\" href=\"http:\/\/www.juntadeandalucia.es\/averroes\/centros-tic\/41000880\/helvia\/sitio\/upload\/PLan_de_Refuerzo_y_Recuperacion_de_1_de_Bachillerato.pdf\" target=\"_blank\" rel=\"noopener\">Plan de Refuerzo y Recuperaci\u00f3n de 1\u00ba de Bachillerato<\/a><\/span><\/li>\n<\/ul>\n<p><span style=\"font-size: 12pt;color: #0000ff\"><a style=\"color: #0000ff\" title=\"Museo arqueologico Nacioanal\" href=\"http:\/\/www.man.es\/man\/exposicion\/manvirtual.html\" target=\"_blank\" rel=\"noopener\">MUSEO ARQUEOL\u00d3GICO NACIONAL<\/a><a style=\"color: #0000ff\" title=\"Biblioteca Digital de la Real Academia de la Historia\" href=\"https:\/\/www.google.es\/url?sa=t&amp;rct=j&amp;q=&amp;esrc=s&amp;source=web&amp;cd=3&amp;cad=rja&amp;uact=8&amp;ved=2ahUKEwj-w9GIgeDlAhXJ5-AKHSluDjoQjBAwAnoECAYQDg&amp;url=http%3A%2F%2Fbibliotecadigital.rah.es%2F&amp;usg=AOvVaw1XfgBHtbdVq-_fllC9vYe6\" target=\"_blank\" rel=\"noopener\">BIBLIOTECA DIGITAL DE LA REAL ACADEMIA DE LA HISTORIA<\/a><a style=\"color: #0000ff\" title=\"Video Magallanes-Elcano\" href=\"https:\/\/www.youtube.com\/watch?v=v2EHfYhxu18\" target=\"_blank\" rel=\"noopener\">VIDEO MAGALLANES-ELCANO<\/a><\/span><\/p>\n<p><span style=\"font-size: 12pt;color: #0000ff\"><a style=\"color: #0000ff\" title=\"VISITA VIRTUAL MUSEO DEL PRADO\" href=\"https:\/\/viajar.elperiodico.com\/destinos\/visita-virtual-al-museo-del-prado-con-google-earth\" target=\"_blank\" rel=\"noopener\">VISITA VIRTUAL MUSEO DEL PRADO<\/a><\/span><\/p>\n","protected":false},"excerpt":{"rendered":"<p>&nbsp; PROFESORADO DEL DEPARTAMENTO D. Francisco Javier Aliaga P\u00e9rez. faliper26@g.educaand.es D. David Fern\u00e1ndez Carretero. (Jefe del DACE) dfercar506@g.educaand.es D. Rub\u00e9n Fern\u00e1ndez Rivera rferriv539@g.educaand.es D\u00aa. Patricia Hern\u00e1ndez Fern\u00e1ndez pherher342@g.educaand.es D\u00aa Lide Hormaexte Bengoa lhorben075@g.educaand.es D.&#46;&#46;&#46;<\/p>\n","protected":false},"author":18085,"featured_media":0,"parent":0,"menu_order":0,"comment_status":"closed","ping_status":"closed","template":"","meta":{"_exactmetrics_skip_tracking":false,"_exactmetrics_sitenote_active":false,"_exactmetrics_sitenote_note":"","_exactmetrics_sitenote_category":0,"footnotes":"","_mc_calendar":[]},"aioseo_notices":[],"_links":{"self":[{"href":"https:\/\/blogsaverroes.juntadeandalucia.es\/iestartessoscamas\/wp-json\/wp\/v2\/pages\/89"}],"collection":[{"href":"https:\/\/blogsaverroes.juntadeandalucia.es\/iestartessoscamas\/wp-json\/wp\/v2\/pages"}],"about":[{"href":"https:\/\/blogsaverroes.juntadeandalucia.es\/iestartessoscamas\/wp-json\/wp\/v2\/types\/page"}],"author":[{"embeddable":true,"href":"https:\/\/blogsaverroes.juntadeandalucia.es\/iestartessoscamas\/wp-json\/wp\/v2\/users\/18085"}],"replies":[{"embeddable":true,"href":"https:\/\/blogsaverroes.juntadeandalucia.es\/iestartessoscamas\/wp-json\/wp\/v2\/comments?post=89"}],"version-history":[{"count":16,"href":"https:\/\/blogsaverroes.juntadeandalucia.es\/iestartessoscamas\/wp-json\/wp\/v2\/pages\/89\/revisions"}],"predecessor-version":[{"id":1685,"href":"https:\/\/blogsaverroes.juntadeandalucia.es\/iestartessoscamas\/wp-json\/wp\/v2\/pages\/89\/revisions\/1685"}],"wp:attachment":[{"href":"https:\/\/blogsaverroes.juntadeandalucia.es\/iestartessoscamas\/wp-json\/wp\/v2\/media?parent=89"}],"curies":[{"name":"wp","href":"https:\/\/api.w.org\/{rel}","templated":true}]}}