{"id":96,"date":"2024-04-25T22:39:30","date_gmt":"2024-04-25T20:39:30","guid":{"rendered":"https:\/\/blogsaverroes.juntadeandalucia.es\/iestartessoscamas\/?page_id=96"},"modified":"2025-11-21T13:26:47","modified_gmt":"2025-11-21T12:26:47","slug":"matematicas","status":"publish","type":"page","link":"https:\/\/blogsaverroes.juntadeandalucia.es\/iestartessoscamas\/matematicas\/","title":{"rendered":"Matem\u00e1ticas"},"content":{"rendered":"<p><strong>PROFESORADO DEL DEPARTAMENTO<\/strong><\/p>\n<table style=\"border-collapse: collapse;width: 100%;height: 254px\">\n<tbody>\n<tr style=\"height: 24px\">\n<td style=\"width: 33.3333%;height: 34px\">D. Santiago Alonso Segovia<\/td>\n<td style=\"width: 33.3333%;height: 34px\"><span data-sheets-root=\"1\" data-sheets-value=\"{&quot;1&quot;:2,&quot;2&quot;:&quot;raladel477@g.educaand.es&quot;}\" data-sheets-userformat=\"{&quot;2&quot;:14781,&quot;3&quot;:{&quot;1&quot;:0,&quot;3&quot;:1},&quot;5&quot;:{&quot;1&quot;:[{&quot;1&quot;:2,&quot;2&quot;:0,&quot;5&quot;:{&quot;1&quot;:2,&quot;2&quot;:0}},{&quot;1&quot;:0,&quot;2&quot;:0,&quot;3&quot;:3},{&quot;1&quot;:1,&quot;2&quot;:0,&quot;4&quot;:1}]},&quot;6&quot;:{&quot;1&quot;:[{&quot;1&quot;:2,&quot;2&quot;:0,&quot;5&quot;:{&quot;1&quot;:2,&quot;2&quot;:0}},{&quot;1&quot;:0,&quot;2&quot;:0,&quot;3&quot;:3},{&quot;1&quot;:1,&quot;2&quot;:0,&quot;4&quot;:1}]},&quot;7&quot;:{&quot;1&quot;:[{&quot;1&quot;:2,&quot;2&quot;:0,&quot;5&quot;:{&quot;1&quot;:2,&quot;2&quot;:0}},{&quot;1&quot;:0,&quot;2&quot;:0,&quot;3&quot;:3},{&quot;1&quot;:1,&quot;2&quot;:0,&quot;4&quot;:1}]},&quot;8&quot;:{&quot;1&quot;:[{&quot;1&quot;:2,&quot;2&quot;:0,&quot;5&quot;:{&quot;1&quot;:2,&quot;2&quot;:0}},{&quot;1&quot;:0,&quot;2&quot;:0,&quot;3&quot;:3},{&quot;1&quot;:1,&quot;2&quot;:0,&quot;4&quot;:1}]},&quot;10&quot;:0,&quot;11&quot;:4,&quot;14&quot;:{&quot;1&quot;:2,&quot;2&quot;:0},&quot;15&quot;:&quot;Times New Roman&quot;,&quot;16&quot;:12}\">saloseg702@g.educaand.es<\/span><\/td>\n<\/tr>\n<tr style=\"height: 24px\">\n<td style=\"width: 33.3333%;height: 33px\">D. Alfonso Garc\u00eda Cano<\/td>\n<td style=\"width: 33.3333%;height: 33px\">agarcan188@g.educaand.es<\/td>\n<\/tr>\n<tr style=\"height: 24px\">\n<td style=\"width: 33.3333%;height: 37px\">D\u00aa. Mar\u00eda Garc\u00eda Cort\u00e9s<\/td>\n<td style=\"width: 33.3333%;height: 37px\"><span data-sheets-root=\"1\" data-sheets-value=\"{&quot;1&quot;:2,&quot;2&quot;:&quot;mgarcor079@g.educaand.es&quot;}\" data-sheets-userformat=\"{&quot;2&quot;:14781,&quot;3&quot;:{&quot;1&quot;:0,&quot;3&quot;:1},&quot;5&quot;:{&quot;1&quot;:[{&quot;1&quot;:2,&quot;2&quot;:0,&quot;5&quot;:{&quot;1&quot;:2,&quot;2&quot;:0}},{&quot;1&quot;:0,&quot;2&quot;:0,&quot;3&quot;:3},{&quot;1&quot;:1,&quot;2&quot;:0,&quot;4&quot;:1}]},&quot;6&quot;:{&quot;1&quot;:[{&quot;1&quot;:2,&quot;2&quot;:0,&quot;5&quot;:{&quot;1&quot;:2,&quot;2&quot;:0}},{&quot;1&quot;:0,&quot;2&quot;:0,&quot;3&quot;:3},{&quot;1&quot;:1,&quot;2&quot;:0,&quot;4&quot;:1}]},&quot;7&quot;:{&quot;1&quot;:[{&quot;1&quot;:2,&quot;2&quot;:0,&quot;5&quot;:{&quot;1&quot;:2,&quot;2&quot;:0}},{&quot;1&quot;:0,&quot;2&quot;:0,&quot;3&quot;:3},{&quot;1&quot;:1,&quot;2&quot;:0,&quot;4&quot;:1}]},&quot;8&quot;:{&quot;1&quot;:[{&quot;1&quot;:2,&quot;2&quot;:0,&quot;5&quot;:{&quot;1&quot;:2,&quot;2&quot;:0}},{&quot;1&quot;:0,&quot;2&quot;:0,&quot;3&quot;:3},{&quot;1&quot;:1,&quot;2&quot;:0,&quot;4&quot;:1}]},&quot;10&quot;:0,&quot;11&quot;:4,&quot;14&quot;:{&quot;1&quot;:2,&quot;2&quot;:0},&quot;15&quot;:&quot;Times New Roman&quot;,&quot;16&quot;:12}\">mgarcor079@g.educaand.es<\/span><\/td>\n<\/tr>\n<tr style=\"height: 24px\">\n<td style=\"width: 33.3333%;height: 36px\">D. Abel Lancharro Sayago<\/td>\n<td style=\"width: 33.3333%;height: 36px\"><span data-sheets-root=\"1\" data-sheets-value=\"{&quot;1&quot;:2,&quot;2&quot;:&quot;alansay645@g.educaand.es&quot;}\" data-sheets-userformat=\"{&quot;2&quot;:14781,&quot;3&quot;:{&quot;1&quot;:0,&quot;3&quot;:1},&quot;5&quot;:{&quot;1&quot;:[{&quot;1&quot;:2,&quot;2&quot;:0,&quot;5&quot;:{&quot;1&quot;:2,&quot;2&quot;:0}},{&quot;1&quot;:0,&quot;2&quot;:0,&quot;3&quot;:3},{&quot;1&quot;:1,&quot;2&quot;:0,&quot;4&quot;:1}]},&quot;6&quot;:{&quot;1&quot;:[{&quot;1&quot;:2,&quot;2&quot;:0,&quot;5&quot;:{&quot;1&quot;:2,&quot;2&quot;:0}},{&quot;1&quot;:0,&quot;2&quot;:0,&quot;3&quot;:3},{&quot;1&quot;:1,&quot;2&quot;:0,&quot;4&quot;:1}]},&quot;7&quot;:{&quot;1&quot;:[{&quot;1&quot;:2,&quot;2&quot;:0,&quot;5&quot;:{&quot;1&quot;:2,&quot;2&quot;:0}},{&quot;1&quot;:0,&quot;2&quot;:0,&quot;3&quot;:3},{&quot;1&quot;:1,&quot;2&quot;:0,&quot;4&quot;:1}]},&quot;8&quot;:{&quot;1&quot;:[{&quot;1&quot;:2,&quot;2&quot;:0,&quot;5&quot;:{&quot;1&quot;:2,&quot;2&quot;:0}},{&quot;1&quot;:0,&quot;2&quot;:0,&quot;3&quot;:3},{&quot;1&quot;:1,&quot;2&quot;:0,&quot;4&quot;:1}]},&quot;10&quot;:0,&quot;11&quot;:4,&quot;14&quot;:{&quot;1&quot;:2,&quot;2&quot;:0},&quot;15&quot;:&quot;Times New Roman&quot;,&quot;16&quot;:12}\">alansay645@g.educaand.es<\/span><\/td>\n<\/tr>\n<tr style=\"height: 39px\">\n<td style=\"width: 33.3333%;height: 39px\" width=\"382\">D\u00aa. \u00c1ngela Mar\u00eda Ochoa Peinado (Jefa del Departamento)<\/td>\n<td style=\"width: 33.3333%;height: 39px\" width=\"245\">aochpei577@g.educaand.es<\/td>\n<\/tr>\n<tr style=\"height: 48px\">\n<td style=\"width: 33.3333%;height: 39px\">D\u00aa. Ana Mar\u00eda Rubio Hurtado Mendoza<\/td>\n<td style=\"width: 33.3333%;height: 39px\"><span data-sheets-root=\"1\" data-sheets-value=\"{&quot;1&quot;:2,&quot;2&quot;:&quot;arubhur807@g.educaand.es&quot;}\" data-sheets-userformat=\"{&quot;2&quot;:14781,&quot;3&quot;:{&quot;1&quot;:0,&quot;3&quot;:1},&quot;5&quot;:{&quot;1&quot;:[{&quot;1&quot;:2,&quot;2&quot;:0,&quot;5&quot;:{&quot;1&quot;:2,&quot;2&quot;:0}},{&quot;1&quot;:0,&quot;2&quot;:0,&quot;3&quot;:3},{&quot;1&quot;:1,&quot;2&quot;:0,&quot;4&quot;:1}]},&quot;6&quot;:{&quot;1&quot;:[{&quot;1&quot;:2,&quot;2&quot;:0,&quot;5&quot;:{&quot;1&quot;:2,&quot;2&quot;:0}},{&quot;1&quot;:0,&quot;2&quot;:0,&quot;3&quot;:3},{&quot;1&quot;:1,&quot;2&quot;:0,&quot;4&quot;:1}]},&quot;7&quot;:{&quot;1&quot;:[{&quot;1&quot;:2,&quot;2&quot;:0,&quot;5&quot;:{&quot;1&quot;:2,&quot;2&quot;:0}},{&quot;1&quot;:0,&quot;2&quot;:0,&quot;3&quot;:3},{&quot;1&quot;:1,&quot;2&quot;:0,&quot;4&quot;:1}]},&quot;8&quot;:{&quot;1&quot;:[{&quot;1&quot;:2,&quot;2&quot;:0,&quot;5&quot;:{&quot;1&quot;:2,&quot;2&quot;:0}},{&quot;1&quot;:0,&quot;2&quot;:0,&quot;3&quot;:3},{&quot;1&quot;:1,&quot;2&quot;:0,&quot;4&quot;:1}]},&quot;10&quot;:0,&quot;11&quot;:4,&quot;14&quot;:{&quot;1&quot;:2,&quot;2&quot;:0},&quot;15&quot;:&quot;Times New Roman&quot;,&quot;16&quot;:12}\">arubhur807@g.educaand.es<\/span><\/td>\n<\/tr>\n<tr style=\"height: 96px\">\n<td style=\"width: 33.3333%;height: 36px\">D. Carlos S\u00e1nchez Llorente<\/td>\n<td style=\"width: 33.3333%;height: 36px\"><span data-sheets-root=\"1\" data-sheets-value=\"{&quot;1&quot;:2,&quot;2&quot;:&quot;arubhur807@g.educaand.es&quot;}\" data-sheets-userformat=\"{&quot;2&quot;:14781,&quot;3&quot;:{&quot;1&quot;:0,&quot;3&quot;:1},&quot;5&quot;:{&quot;1&quot;:[{&quot;1&quot;:2,&quot;2&quot;:0,&quot;5&quot;:{&quot;1&quot;:2,&quot;2&quot;:0}},{&quot;1&quot;:0,&quot;2&quot;:0,&quot;3&quot;:3},{&quot;1&quot;:1,&quot;2&quot;:0,&quot;4&quot;:1}]},&quot;6&quot;:{&quot;1&quot;:[{&quot;1&quot;:2,&quot;2&quot;:0,&quot;5&quot;:{&quot;1&quot;:2,&quot;2&quot;:0}},{&quot;1&quot;:0,&quot;2&quot;:0,&quot;3&quot;:3},{&quot;1&quot;:1,&quot;2&quot;:0,&quot;4&quot;:1}]},&quot;7&quot;:{&quot;1&quot;:[{&quot;1&quot;:2,&quot;2&quot;:0,&quot;5&quot;:{&quot;1&quot;:2,&quot;2&quot;:0}},{&quot;1&quot;:0,&quot;2&quot;:0,&quot;3&quot;:3},{&quot;1&quot;:1,&quot;2&quot;:0,&quot;4&quot;:1}]},&quot;8&quot;:{&quot;1&quot;:[{&quot;1&quot;:2,&quot;2&quot;:0,&quot;5&quot;:{&quot;1&quot;:2,&quot;2&quot;:0}},{&quot;1&quot;:0,&quot;2&quot;:0,&quot;3&quot;:3},{&quot;1&quot;:1,&quot;2&quot;:0,&quot;4&quot;:1}]},&quot;10&quot;:0,&quot;11&quot;:4,&quot;14&quot;:{&quot;1&quot;:2,&quot;2&quot;:0},&quot;15&quot;:&quot;Times New Roman&quot;,&quot;16&quot;:12}\">csanllo412@g.educaand.es<\/span><\/td>\n<\/tr>\n<\/tbody>\n<\/table>\n<p class=\"texto\">Tambi\u00e9n imparten materias del departamento:<\/p>\n<table style=\"border-collapse: collapse;width: 100%;height: 57px\">\n<tbody>\n<tr style=\"height: 28px\">\n<td style=\"width: 50%;height: 28px\">D. Jes\u00fas David Gord\u00f3n Cano<\/td>\n<td style=\"width: 50%;height: 28px\">jgorcan841@g.educaand.es<\/td>\n<\/tr>\n<tr style=\"height: 29px\">\n<td style=\"width: 50%;height: 29px\" width=\"382\">D\u00aa. Encarnaci\u00f3n Fern\u00e1ndez Santos<\/td>\n<td style=\"width: 50%;height: 29px\" width=\"245\">efersan797@g.educaand.es<\/td>\n<\/tr>\n<\/tbody>\n<\/table>\n<h1>PROGRAMACIONES DID\u00c1CTICAS (Curso 25\/26):<\/h1>\n<div><a href=\"https:\/\/blogsaverroes.juntadeandalucia.es\/iestartessos\/files\/2025\/11\/Programacion-indexada-para-web.pdf\">PROGRAMACI\u00d3N DEPARTAMENTO 2025-2026<\/a><\/div>\n<div><\/div>\n<p>&nbsp;<\/p>\n","protected":false},"excerpt":{"rendered":"<p>PROFESORADO DEL DEPARTAMENTO D. Santiago Alonso Segovia saloseg702@g.educaand.es D. Alfonso Garc\u00eda Cano agarcan188@g.educaand.es D\u00aa. Mar\u00eda Garc\u00eda Cort\u00e9s mgarcor079@g.educaand.es D. Abel Lancharro Sayago alansay645@g.educaand.es D\u00aa. \u00c1ngela Mar\u00eda Ochoa Peinado (Jefa del Departamento) aochpei577@g.educaand.es D\u00aa. Ana&#46;&#46;&#46;<\/p>\n","protected":false},"author":18085,"featured_media":0,"parent":0,"menu_order":0,"comment_status":"closed","ping_status":"closed","template":"","meta":{"_exactmetrics_skip_tracking":false,"_exactmetrics_sitenote_active":false,"_exactmetrics_sitenote_note":"","_exactmetrics_sitenote_category":0,"footnotes":"","_mc_calendar":[]},"aioseo_notices":[],"_links":{"self":[{"href":"https:\/\/blogsaverroes.juntadeandalucia.es\/iestartessoscamas\/wp-json\/wp\/v2\/pages\/96"}],"collection":[{"href":"https:\/\/blogsaverroes.juntadeandalucia.es\/iestartessoscamas\/wp-json\/wp\/v2\/pages"}],"about":[{"href":"https:\/\/blogsaverroes.juntadeandalucia.es\/iestartessoscamas\/wp-json\/wp\/v2\/types\/page"}],"author":[{"embeddable":true,"href":"https:\/\/blogsaverroes.juntadeandalucia.es\/iestartessoscamas\/wp-json\/wp\/v2\/users\/18085"}],"replies":[{"embeddable":true,"href":"https:\/\/blogsaverroes.juntadeandalucia.es\/iestartessoscamas\/wp-json\/wp\/v2\/comments?post=96"}],"version-history":[{"count":37,"href":"https:\/\/blogsaverroes.juntadeandalucia.es\/iestartessoscamas\/wp-json\/wp\/v2\/pages\/96\/revisions"}],"predecessor-version":[{"id":1726,"href":"https:\/\/blogsaverroes.juntadeandalucia.es\/iestartessoscamas\/wp-json\/wp\/v2\/pages\/96\/revisions\/1726"}],"wp:attachment":[{"href":"https:\/\/blogsaverroes.juntadeandalucia.es\/iestartessoscamas\/wp-json\/wp\/v2\/media?parent=96"}],"curies":[{"name":"wp","href":"https:\/\/api.w.org\/{rel}","templated":true}]}}