{"id":998,"date":"2024-06-16T14:10:31","date_gmt":"2024-06-16T12:10:31","guid":{"rendered":"https:\/\/blogsaverroes.juntadeandalucia.es\/iestartessoscamas\/?page_id=998"},"modified":"2024-06-16T15:16:08","modified_gmt":"2024-06-16T13:16:08","slug":"familias","status":"publish","type":"page","link":"https:\/\/blogsaverroes.juntadeandalucia.es\/iestartessoscamas\/familias\/","title":{"rendered":"Familias"},"content":{"rendered":"<div class=\"n module-type-text diyfeLiveArea \">\n<p>Queridas familias:<\/p>\n<p>sois la piedra angular de la educaci\u00f3n de vuestras hijas e hijos, en una edad en que imitan patrones, hacen m\u00e1s caso a las personas de su edad que a sus padres y que est\u00e1n en plena adolescencia. Deb\u00e9is saber que para nosotros ellas y ellos son nuestro verdadero y gran tesoro en este centro.<\/p>\n<p>En el IES Tartessos queremos crear estrategias que coordinen la acci\u00f3n de la escuela con las familias y que juntos formemos estudiantes con autoestima alta y formaci\u00f3n completa para que les prepare para el mundo del futuro. \u00a1Tienen much\u00edsimo talento!<\/p>\n<p>Para ello es importante que tanto en casa como en el centro, estemos pendientes:<\/p>\n<p>1.-Cuidado del lenguaje y el respeto a profesores y al resto de alumnado.<\/p>\n<p>2.-Cuidado con \u00a0uso de las tecnolog\u00edas y pantallas de visualizaci\u00f3n y c\u00f3mo detectar los cyberdelitos.<\/p>\n<p>3.&#8211;Los eduquemos en ambientes inclusivos donde aceptemos la diferencia tanto en \u00e1mbitos como el g\u00e9nero, la sexualidad, raza, religi\u00f3n y la discapacidad.<\/p>\n<p>4.-Prevengamos la violencia de g\u00e9nero.<\/p>\n<p>5.&#8211;Fomentemos el cuidado de la salud y la prevenci\u00f3n de riesgos.<\/p>\n<p>Y cada d\u00eda, hagamos en casa lo que hacemos muchos docentes de este instituto en el aula, \u00a1elevar su autoestima, reforzar su lado positivo y recordarles lo mucho que valen!<\/p>\n<p>(Agradecemos a Isabel S\u00e1nchez Arena esta presentaci\u00f3n interesant\u00edsima de delitos inform\u00e1ticos que han padecido mucho \u00a0del alumnado en los Institutos)<\/p>\n<\/div>\n<p><iframe class=\"wp-embedded-content\" sandbox=\"allow-scripts\" security=\"restricted\" title=\"Delitos Inform\u00e1ticos\" frameborder='0' width='1200' height='675' src='https:\/\/view.genially.com\/5ce91d09262a150f756092a3#?secret=68rXLnEXKz' data-secret='68rXLnEXKz' scrolling='yes'><\/iframe><\/p>\n<div class=\"n module-type-text diyfeLiveArea \">\n<p>&nbsp;<\/p>\n<\/div>\n<div class=\"n module-type-matrix diyfeLiveArea \">\n<div class=\"diyfeModGridGroup diyfeModGrid3\">\n<div class=\"diyfeModGridElement diyfeModGridCol33\">\n<div class=\"diyfeModGridContent\">\n<div id=\"matrix_717815\" class=\"sortable-matrix-child\" data-matrixid=\"717815\">\n<div class=\"n module-type-imageSubtitle diyfeLiveArea \">\n<div id=\"imageSubtitle-7605255\" class=\"clearover imageSubtitle imageFitWidth\">\n<div class=\"align-container align-left\"><a class=\"imagewrapper\" href=\"http:\/\/www.institutonervion.es\/app\/download\/10373205\/USO_SEGURO_NUEVAS_TECNOLOGIAS.pdf\" target=\"_blank\" rel=\"noopener\"><img decoding=\"async\" id=\"image_7405524\" src=\"https:\/\/www.institutonervion.es\/s\/cc_images\/cache_7405524.jpg?t=1499611980\" alt=\"\" \/><\/a><\/div>\n<\/div>\n<\/div>\n<div class=\"n module-type-header diyfeLiveArea \">\n<h2><span class=\"diyfeDecoration\">USO SEGURO DE LAS NUEVAS TECNOLOG\u00cdAS<\/span><\/h2>\n<\/div>\n<div class=\"n module-type-hr diyfeLiveArea \">\n<div>\n<div class=\"hr\"><\/div>\n<\/div>\n<\/div>\n<\/div>\n<\/div>\n<\/div>\n<div class=\"diyfeModGridElement diyfeModGridCol33\">\n<div class=\"diyfeModGridContent\">\n<div id=\"matrix_717816\" class=\"sortable-matrix-child\" data-matrixid=\"717816\">\n<div class=\"n module-type-imageSubtitle diyfeLiveArea \">\n<div id=\"imageSubtitle-7605259\" class=\"clearover imageSubtitle imageFitWidth\">\n<div class=\"align-container align-left\"><a class=\"imagewrapper\" href=\"http:\/\/www.institutonervion.es\/app\/download\/10373200\/FAMILIA_PREVENCION_VIOLENCIA_GENERO.pdf\" target=\"_blank\" rel=\"noopener\"><img decoding=\"async\" id=\"image_7405525\" src=\"https:\/\/www.institutonervion.es\/s\/cc_images\/cache_7405525.jpg?t=1499611992\" alt=\"\" \/><\/a><\/div>\n<\/div>\n<\/div>\n<div class=\"n module-type-header diyfeLiveArea \">\n<h2><span class=\"diyfeDecoration\">PREVENCI\u00d3N DE LA VIOLENCIA DE G\u00c9NERO<\/span><\/h2>\n<\/div>\n<div class=\"n module-type-hr diyfeLiveArea \">\n<div>\n<div class=\"hr\"><\/div>\n<\/div>\n<\/div>\n<\/div>\n<\/div>\n<\/div>\n<div class=\"diyfeModGridElement diyfeModGridCol33\">\n<div class=\"diyfeModGridContent\">\n<div id=\"matrix_717817\" class=\"sortable-matrix-child\" data-matrixid=\"717817\">\n<div class=\"n module-type-imageSubtitle diyfeLiveArea \">\n<div id=\"imageSubtitle-7605263\" class=\"clearover imageSubtitle imageFitWidth\">\n<div class=\"align-container align-left\"><a class=\"imagewrapper\" href=\"http:\/\/www.institutonervion.es\/app\/download\/10373195\/Guia+para+madres+y+padres+en+secundaria.pdf\" target=\"_blank\" rel=\"noopener\"><img decoding=\"async\" id=\"image_7405526\" src=\"https:\/\/www.institutonervion.es\/s\/cc_images\/cache_7405526.jpg?t=1499612002\" alt=\"\" \/><\/a><\/div>\n<\/div>\n<\/div>\n<div class=\"n module-type-header diyfeLiveArea \">\n<h2><span class=\"diyfeDecoration\">GU\u00cdA DE LAS FAMILIAS EN EDUCACI\u00d3N<\/span><\/h2>\n<\/div>\n<div class=\"n module-type-hr diyfeLiveArea \">\n<div>\n<div class=\"hr\"><\/div>\n<\/div>\n<\/div>\n<\/div>\n<\/div>\n<\/div>\n<div><\/div>\n<\/div>\n<\/div>\n<div class=\"n module-type-header diyfeLiveArea \">\n<h1><span class=\"diyfeDecoration\">FORMA JOVEN<\/span><\/h1>\n<\/div>\n<div class=\"n module-type-imageSubtitle diyfeLiveArea \">\n<div id=\"imageSubtitle-7605376\" class=\"clearover imageSubtitle\">\n<div class=\"align-container align-center\"><a class=\"imagewrapper\" href=\"http:\/\/www.formajoven.org\/\" target=\"_blank\" rel=\"noopener\"><img decoding=\"async\" id=\"image_7405699\" src=\"https:\/\/www.institutonervion.es\/s\/cc_images\/cache_7405699.jpg?t=1499613041\" alt=\"\" \/><\/a><\/div>\n<\/div>\n<\/div>\n<div class=\"n module-type-hr diyfeLiveArea \">\n<div>\n<div class=\"hr\"><\/div>\n<\/div>\n<\/div>\n<div class=\"n module-type-imageSubtitle diyfeLiveArea \">\n<div id=\"imageSubtitle-7605365\" class=\"clearover imageSubtitle imageFitWidth\">\n<div class=\"align-container align-left\"><a class=\"imagewrapper\" href=\"https:\/\/www.institutonervion.es\/s\/cc_images\/teaserbox_7405696.jpg?t=1499612788\" rel=\"lightbox[7605365]\"><img decoding=\"async\" id=\"image_7405696\" src=\"https:\/\/www.institutonervion.es\/s\/cc_images\/cache_7405696.jpg?t=1499612788\" alt=\"\" \/><\/a><\/div>\n<\/div>\n<\/div>\n","protected":false},"excerpt":{"rendered":"<p>Queridas familias: sois la piedra angular de la educaci\u00f3n de vuestras hijas e hijos, en una edad en que imitan patrones, hacen m\u00e1s caso a las personas de su edad que a sus padres&#46;&#46;&#46;<\/p>\n","protected":false},"author":18085,"featured_media":0,"parent":0,"menu_order":0,"comment_status":"closed","ping_status":"closed","template":"","meta":{"_exactmetrics_skip_tracking":false,"_exactmetrics_sitenote_active":false,"_exactmetrics_sitenote_note":"","_exactmetrics_sitenote_category":0,"footnotes":"","_mc_calendar":[]},"aioseo_notices":[],"_links":{"self":[{"href":"https:\/\/blogsaverroes.juntadeandalucia.es\/iestartessoscamas\/wp-json\/wp\/v2\/pages\/998"}],"collection":[{"href":"https:\/\/blogsaverroes.juntadeandalucia.es\/iestartessoscamas\/wp-json\/wp\/v2\/pages"}],"about":[{"href":"https:\/\/blogsaverroes.juntadeandalucia.es\/iestartessoscamas\/wp-json\/wp\/v2\/types\/page"}],"author":[{"embeddable":true,"href":"https:\/\/blogsaverroes.juntadeandalucia.es\/iestartessoscamas\/wp-json\/wp\/v2\/users\/18085"}],"replies":[{"embeddable":true,"href":"https:\/\/blogsaverroes.juntadeandalucia.es\/iestartessoscamas\/wp-json\/wp\/v2\/comments?post=998"}],"version-history":[{"count":13,"href":"https:\/\/blogsaverroes.juntadeandalucia.es\/iestartessoscamas\/wp-json\/wp\/v2\/pages\/998\/revisions"}],"predecessor-version":[{"id":1013,"href":"https:\/\/blogsaverroes.juntadeandalucia.es\/iestartessoscamas\/wp-json\/wp\/v2\/pages\/998\/revisions\/1013"}],"wp:attachment":[{"href":"https:\/\/blogsaverroes.juntadeandalucia.es\/iestartessoscamas\/wp-json\/wp\/v2\/media?parent=998"}],"curies":[{"name":"wp","href":"https:\/\/api.w.org\/{rel}","templated":true}]}}