{"id":2,"date":"2015-10-28T14:43:32","date_gmt":"2015-10-28T14:43:32","guid":{"rendered":"http:\/\/blogsaverroes.juntadeandalucia.es\/iestierradelagunas\/?page_id=2"},"modified":"2025-09-03T19:04:32","modified_gmt":"2025-09-03T18:04:32","slug":"pagina-inicio","status":"publish","type":"page","link":"https:\/\/blogsaverroes.juntadeandalucia.es\/iestierradelagunas\/","title":{"rendered":"Inicio"},"content":{"rendered":"<p style=\"text-align: right\"><img loading=\"lazy\" decoding=\"async\" class=\"aligncenter\" style=\"text-align: start\" src=\"https:\/\/blogsaverroes.juntadeandalucia.es\/iestierradelagunas\/files\/2015\/10\/fachada.png\" alt=\"\" width=\"382\" height=\"261\"\/><\/p>\n<figure><\/figure>\n<section>\n<article><\/article>\n<\/section>\n<section>\n<article>\n<h2 align=\"center\">La comunicaci\u00f3n con el centro puede establecerse a trav\u00e9s de:<\/h2>\n<ul style=\"list-style-type: square\">\n<li style=\"text-align: left\"><em><a href=\"https:\/\/www.juntadeandalucia.es\/educacion\/portalseneca\/web\/pasen\/inicio\" target=\"_blank\" rel=\"noopener noreferrer\"><strong>Pasen<\/strong><\/a><\/em><\/li>\n<\/ul>\n<ul style=\"list-style-type: square\">\n<li style=\"text-align: left\"><a href=\"https:\/\/play.google.com\/store\/apps\/details\/iPasen?id=juntadeandalucia.ced.pasen&amp;hl=es_DO&amp;pli=1\"><span style=\"color: #339966\"><em><strong>iPasen<\/strong><\/em><\/span> <\/a>(app de la Junta de Andaluc\u00eda para dispositivos m\u00f3viles)&nbsp; (<a href=\"https:\/\/apps.apple.com\/es\/app\/ipasen\/id511127024\">versi\u00f3n para Iphone<\/a>)<\/li>\n<\/ul>\n<ul style=\"list-style-type: square\">\n<li style=\"text-align: left\"><a href=\"mailto:41701882.edu@juntadeandalucia.es\"><em><strong>41701882<\/strong><\/em><\/a><a href=\"mailto:41701882.edu@juntadeandalucia.es\"><em><strong>.edu@juntadeandalucia.es<\/strong><\/em><\/a><\/li>\n<\/ul>\n<ul>\n<li>Tel\u00e9fono: 954 82 28 26 (Corporativo: 388826)<\/li>\n<\/ul>\n<p>&nbsp;<\/p>\n<\/article>\n<\/section>\n<h3 style=\"text-align: center\"><a href=\"https:\/\/blogsaverroes.juntadeandalucia.es\/iestierradelagunas\/files\/2022\/09\/Instrucciones-IPasen_web_.pdf\" target=\"_blank\" rel=\"noopener noreferrer\"><span style=\"color: #0000ff\">Instrucciones para generar contrase\u00f1as <\/span><span style=\"color: #0000ff\">para<\/span><span style=\"color: #0000ff\"> iPasen<\/span><span style=\"color: #0000ff\"> y para entrar en iPasen y en Classroom<\/span><\/a><\/h3>\n<section>\n<article>\n<blockquote>\n<div style=\"text-align: left\">\n<hr \/>\n<hr \/>\n<hr \/>\n<\/div>\n<\/blockquote>\n<section>\n<p style=\"text-align: center;padding-left: 40px\"><a href=\"https:\/\/portals.ced.junta-andalucia.es\/educacion\/portals\/web\/convivencia-escolar\/red-escuela-espacio-de-paz\" target=\"_blank\" rel=\"noopener noreferrer\"><img loading=\"lazy\" decoding=\"async\" class=\"alignleft wp-image-35\" src=\"https:\/\/blogsaverroes.juntadeandalucia.es\/iestierradelagunas\/files\/2015\/10\/Transforma.gif\" alt=\"Transforma\" width=\"117\" height=\"117\"\/><\/a><\/p>\n<p>&nbsp;<\/p>\n<\/section>\n<\/article>\n<\/section>\n<p>&nbsp;<\/p>\n<p style=\"text-align: left\">&nbsp; &nbsp; &nbsp; &nbsp; &nbsp; &nbsp; <a href=\"https:\/\/sites.google.com\/g.educaand.es\/ies-tierra-de-lagunas-eep\/inicio\" target=\"_blank\" rel=\"noopener noreferrer\">Blog del IES Tierra de Lagunas: \u00abEscuela: Espacio de Paz\u00bb<\/a><\/p>\n<p>&nbsp;<\/p>\n<section>\n<article>\n<section>\n<ul>\n<li><a href=\"https:\/\/educacionadistancia.juntadeandalucia.es\/centros\/sevilla\/login\/index.php\" target=\"_blank\" rel=\"noopener noreferrer\">Plataforma Moodle Centros<\/a><\/li>\n<li><a href=\"https:\/\/educacionadistancia.juntadeandalucia.es\/profesorado\/login\/index.php#p1905653\">Aula virtual de Formaci\u00f3n del Profesorado<\/a><\/li>\n<li><a href=\"https:\/\/sites.google.com\/g.educaand.es\/planes-y-programas\/mentor%C3%ADa-social-f%C3%A9nix-andaluc%C3%ADa\" target=\"_blank\" rel=\"noopener noreferrer\">Planes y Programas. Mentor\u00eda Social: \u00abF\u00e9nix Andaluc\u00eda\u00bb<\/a><\/li>\n<li><a href=\"https:\/\/sites.google.com\/g.educaand.es\/iestdlprogprevvg\/2024-2025\" target=\"_blank\" rel=\"noopener noreferrer\">Blog Pacto de Estado para la Prevenci\u00f3n de la Violencia de G\u00e9nero<\/a><\/li>\n<li><a href=\"https:\/\/sites.google.com\/g.educaand.es\/proa-transformate-ies-tdl\/inicio\" target=\"_blank\" rel=\"noopener noreferrer\">PROA+ \u00abTransf\u00f3rmate\u00bb<\/a>&nbsp; &nbsp; &nbsp; &nbsp;&nbsp; &#8211; &nbsp; &nbsp; &nbsp; &nbsp; &nbsp; &nbsp;&nbsp; &nbsp; <a href=\"https:\/\/sites.google.com\/g.educaand.es\/cima-steam-ies-tdl\/inicio\">STEAM<\/a>&nbsp; &nbsp; &nbsp; &nbsp; &nbsp; &nbsp; &#8211;&nbsp; &nbsp; &nbsp; &nbsp; <a href=\"https:\/\/sites.google.com\/g.educaand.es\/iestierradelagunas-impulsa\/inicio\" target=\"_blank\" rel=\"noopener noreferrer\">Programa M\u00e1s Equidad<\/a><\/li>\n<\/ul>\n<\/section>\n<\/article>\n<\/section>\n","protected":false},"excerpt":{"rendered":"<p>La comunicaci\u00f3n con el centro puede establecerse a trav\u00e9s de: Pasen iPasen (app de la Junta de Andaluc\u00eda para dispositivos m\u00f3viles)&nbsp; (versi\u00f3n para Iphone) 41701882.edu@juntadeandalucia.es&hellip;<\/p>\n","protected":false},"author":1978,"featured_media":16,"parent":0,"menu_order":0,"comment_status":"closed","ping_status":"closed","template":"","meta":{"ngg_post_thumbnail":0,"footnotes":""},"aioseo_notices":[],"_links":{"self":[{"href":"https:\/\/blogsaverroes.juntadeandalucia.es\/iestierradelagunas\/wp-json\/wp\/v2\/pages\/2"}],"collection":[{"href":"https:\/\/blogsaverroes.juntadeandalucia.es\/iestierradelagunas\/wp-json\/wp\/v2\/pages"}],"about":[{"href":"https:\/\/blogsaverroes.juntadeandalucia.es\/iestierradelagunas\/wp-json\/wp\/v2\/types\/page"}],"author":[{"embeddable":true,"href":"https:\/\/blogsaverroes.juntadeandalucia.es\/iestierradelagunas\/wp-json\/wp\/v2\/users\/1978"}],"replies":[{"embeddable":true,"href":"https:\/\/blogsaverroes.juntadeandalucia.es\/iestierradelagunas\/wp-json\/wp\/v2\/comments?post=2"}],"version-history":[{"count":262,"href":"https:\/\/blogsaverroes.juntadeandalucia.es\/iestierradelagunas\/wp-json\/wp\/v2\/pages\/2\/revisions"}],"predecessor-version":[{"id":791,"href":"https:\/\/blogsaverroes.juntadeandalucia.es\/iestierradelagunas\/wp-json\/wp\/v2\/pages\/2\/revisions\/791"}],"wp:featuredmedia":[{"embeddable":true,"href":"https:\/\/blogsaverroes.juntadeandalucia.es\/iestierradelagunas\/wp-json\/wp\/v2\/media\/16"}],"wp:attachment":[{"href":"https:\/\/blogsaverroes.juntadeandalucia.es\/iestierradelagunas\/wp-json\/wp\/v2\/media?parent=2"}],"curies":[{"name":"wp","href":"https:\/\/api.w.org\/{rel}","templated":true}]}}