{"id":459,"date":"2020-09-14T17:08:00","date_gmt":"2020-09-14T16:08:00","guid":{"rendered":"http:\/\/blogsaverroes.juntadeandalucia.es\/iestierradelagunas\/?page_id=459"},"modified":"2025-04-24T18:04:25","modified_gmt":"2025-04-24T17:04:25","slug":"protocolo-covid-19","status":"publish","type":"page","link":"https:\/\/blogsaverroes.juntadeandalucia.es\/iestierradelagunas\/protocolo-covid-19\/","title":{"rendered":"Protocolo COVID-19"},"content":{"rendered":"<ul>\n<li><a href=\"https:\/\/blogsaverroes.juntadeandalucia.es\/iestierradelagunas\/files\/2022\/09\/Protocolo-COVID-19-IES-Tierra-de-Lagunas_2021-2022_.pdf\" target=\"_blank\" rel=\"noopener noreferrer\">Protocolo COVID-19 IES Tierra de Lagunas vigente hasta el curso 2021-2022 <\/a><span style=\"color: #ffffff\">por si fuese necesario volver a activarlo<\/span><\/li>\n<li style=\"text-align: justify\"><a href=\"https:\/\/blogsaverroes.juntadeandalucia.es\/iestierradelagunas\/files\/2022\/09\/Acuerdo-5-julio-2022-Recomendaciones-Centros-22-23.pdf\" target=\"_blank\" rel=\"noopener noreferrer\">Acuerdo de 5 de julio de 2022, del Consejo de Gobierno, por el que se toma conocimiento de las recomendaciones de prevenci\u00f3n y protecci\u00f3n ante casos de COVID-19 en centros y servicios educativos docentes no universitarios de Andaluc\u00eda para el Curso 2022\/2023<\/a><\/li>\n<\/ul>\n<p>&nbsp;<\/p>\n<p>&nbsp;<\/p>\n<p>&nbsp;<\/p>\n<p>&nbsp;<\/p>\n<p>&nbsp;<\/p>\n<p>&nbsp;<\/p>\n<p>&nbsp;<\/p>\n<p>&nbsp;<\/p>\n<p>&nbsp;<\/p>\n<p>&nbsp;<\/p>\n<p>&nbsp;<\/p>\n","protected":false},"excerpt":{"rendered":"<p>Protocolo COVID-19 IES Tierra de Lagunas vigente hasta el curso 2021-2022 por si fuese necesario volver a activarlo Acuerdo de 5 de julio de 2022,&hellip;<\/p>\n","protected":false},"author":1978,"featured_media":0,"parent":0,"menu_order":8,"comment_status":"closed","ping_status":"closed","template":"","meta":{"ngg_post_thumbnail":0,"footnotes":""},"aioseo_notices":[],"_links":{"self":[{"href":"https:\/\/blogsaverroes.juntadeandalucia.es\/iestierradelagunas\/wp-json\/wp\/v2\/pages\/459"}],"collection":[{"href":"https:\/\/blogsaverroes.juntadeandalucia.es\/iestierradelagunas\/wp-json\/wp\/v2\/pages"}],"about":[{"href":"https:\/\/blogsaverroes.juntadeandalucia.es\/iestierradelagunas\/wp-json\/wp\/v2\/types\/page"}],"author":[{"embeddable":true,"href":"https:\/\/blogsaverroes.juntadeandalucia.es\/iestierradelagunas\/wp-json\/wp\/v2\/users\/1978"}],"replies":[{"embeddable":true,"href":"https:\/\/blogsaverroes.juntadeandalucia.es\/iestierradelagunas\/wp-json\/wp\/v2\/comments?post=459"}],"version-history":[{"count":55,"href":"https:\/\/blogsaverroes.juntadeandalucia.es\/iestierradelagunas\/wp-json\/wp\/v2\/pages\/459\/revisions"}],"predecessor-version":[{"id":784,"href":"https:\/\/blogsaverroes.juntadeandalucia.es\/iestierradelagunas\/wp-json\/wp\/v2\/pages\/459\/revisions\/784"}],"wp:attachment":[{"href":"https:\/\/blogsaverroes.juntadeandalucia.es\/iestierradelagunas\/wp-json\/wp\/v2\/media?parent=459"}],"curies":[{"name":"wp","href":"https:\/\/api.w.org\/{rel}","templated":true}]}}