{"id":49,"date":"2015-12-30T14:18:44","date_gmt":"2015-12-30T13:18:44","guid":{"rendered":"http:\/\/blogsaverroes.juntadeandalucia.es\/iestierradelagunas\/?page_id=49"},"modified":"2025-09-03T19:03:24","modified_gmt":"2025-09-03T18:03:24","slug":"direccion","status":"publish","type":"page","link":"https:\/\/blogsaverroes.juntadeandalucia.es\/iestierradelagunas\/direccion\/","title":{"rendered":"Direcci\u00f3n"},"content":{"rendered":"<p><a href=\"https:\/\/iestierradelagunasdireccion.blogspot.com\" target=\"_blank\" rel=\"noopener noreferrer\">Direcci\u00f3n<\/a><\/p>\n<h4>Equipo Directivo:<\/h4>\n<h5 style=\"padding-left: 40px\">Director:&nbsp; &nbsp; &nbsp; &nbsp; &nbsp; &nbsp; &nbsp; &nbsp; &nbsp; D. Rafael Rodr\u00edguez Fuentes<\/h5>\n<h5 style=\"padding-left: 40px\">Jefa de Estudios:&nbsp; &nbsp;D\u00f1a. Macarena Macho Vicente<\/h5>\n<h5 style=\"padding-left: 40px\">Secretaria:&nbsp; &nbsp; &nbsp; &nbsp; &nbsp; &nbsp; &nbsp; D\u00f1a. Manuela de Jes\u00fas Castro Povea<\/h5>\n<p>&nbsp;<\/p>\n<p>&nbsp;<\/p>\n<p>&nbsp;<\/p>\n<p>&nbsp;<\/p>\n<p>&nbsp;<\/p>\n<p>&nbsp;<\/p>\n<p>&nbsp;<\/p>\n<p>&nbsp;<\/p>\n<p>&nbsp;<\/p>\n","protected":false},"excerpt":{"rendered":"<p>Direcci\u00f3n Equipo Directivo: Director:&nbsp; &nbsp; &nbsp; &nbsp; &nbsp; &nbsp; &nbsp; &nbsp; &nbsp; D. Rafael Rodr\u00edguez Fuentes Jefa de Estudios:&nbsp; &nbsp;D\u00f1a. Macarena Macho Vicente Secretaria:&nbsp; &nbsp;&hellip;<\/p>\n","protected":false},"author":1978,"featured_media":0,"parent":0,"menu_order":1,"comment_status":"closed","ping_status":"closed","template":"","meta":{"ngg_post_thumbnail":0,"footnotes":""},"aioseo_notices":[],"_links":{"self":[{"href":"https:\/\/blogsaverroes.juntadeandalucia.es\/iestierradelagunas\/wp-json\/wp\/v2\/pages\/49"}],"collection":[{"href":"https:\/\/blogsaverroes.juntadeandalucia.es\/iestierradelagunas\/wp-json\/wp\/v2\/pages"}],"about":[{"href":"https:\/\/blogsaverroes.juntadeandalucia.es\/iestierradelagunas\/wp-json\/wp\/v2\/types\/page"}],"author":[{"embeddable":true,"href":"https:\/\/blogsaverroes.juntadeandalucia.es\/iestierradelagunas\/wp-json\/wp\/v2\/users\/1978"}],"replies":[{"embeddable":true,"href":"https:\/\/blogsaverroes.juntadeandalucia.es\/iestierradelagunas\/wp-json\/wp\/v2\/comments?post=49"}],"version-history":[{"count":13,"href":"https:\/\/blogsaverroes.juntadeandalucia.es\/iestierradelagunas\/wp-json\/wp\/v2\/pages\/49\/revisions"}],"predecessor-version":[{"id":790,"href":"https:\/\/blogsaverroes.juntadeandalucia.es\/iestierradelagunas\/wp-json\/wp\/v2\/pages\/49\/revisions\/790"}],"wp:attachment":[{"href":"https:\/\/blogsaverroes.juntadeandalucia.es\/iestierradelagunas\/wp-json\/wp\/v2\/media?parent=49"}],"curies":[{"name":"wp","href":"https:\/\/api.w.org\/{rel}","templated":true}]}}