{"id":59,"date":"2015-12-30T14:27:05","date_gmt":"2015-12-30T13:27:05","guid":{"rendered":"http:\/\/blogsaverroes.juntadeandalucia.es\/iestierradelagunas\/?page_id=59"},"modified":"2025-04-24T16:57:50","modified_gmt":"2025-04-24T15:57:50","slug":"departamentos","status":"publish","type":"page","link":"https:\/\/blogsaverroes.juntadeandalucia.es\/iestierradelagunas\/departamentos\/","title":{"rendered":"Departamentos"},"content":{"rendered":"<p>&nbsp;<\/p>\n<table class=\" alignleft\" style=\"border-color: #ffffff;width: 98%;height: 553px\">\n<tbody>\n<tr style=\"height: 89px\">\n<td style=\"text-align: left;height: 89px\">\n<h1><a href=\"https:\/\/lagunabio.blogspot.com\/\"><span style=\"color: #99cc00\">Departamento de Ciencias de la Naturaleza<\/span><\/a><\/h1>\n<\/td>\n<td style=\"text-align: left;height: 89px\"><a href=\"https:\/\/lagunabio.blogspot.com\" target=\"_blank\" rel=\"noopener noreferrer\">Blog de Biolog\u00eda y Geolog\u00eda<\/a><br \/>\n<a href=\"https:\/\/lagunafq.blogspot.com\" target=\"_blank\" rel=\"noopener noreferrer\">Blog de F\u00edsica y Qu\u00edmica<\/a><\/td>\n<\/tr>\n<tr style=\"height: 36px\">\n<td style=\"text-align: left;height: 36px\">\n<h1><a href=\"https:\/\/departamentocienciassocialesiestierradelagunas.wordpress.com\/\"><span style=\"color: #0000ff\">Departamento de Ciencias Sociales<\/span><\/a><\/h1>\n<\/td>\n<td style=\"text-align: left;height: 36px\"><a href=\"https:\/\/departamentocienciassocialesiestierradelagunas.wordpress.com\" target=\"_blank\" rel=\"noopener noreferrer\">Blog de Ciencias Sociales<\/a><\/td>\n<\/tr>\n<tr style=\"height: 36px\">\n<td style=\"text-align: left;height: 36px\">\n<h1><a href=\"https:\/\/educacionfisicatierradelagunas.wordpress.com\/\"><span style=\"color: #0000ff\">Departamento de Educaci\u00f3n F\u00edsica<\/span><\/a><\/h1>\n<\/td>\n<td style=\"text-align: left;height: 36px\"><a href=\"http:\/\/educacionfisicatierradelagunas.wordpress.com\" target=\"_blank\" rel=\"noopener noreferrer\">Blog de Educaci\u00f3n F\u00edsica<\/a><\/td>\n<\/tr>\n<tr style=\"height: 72px\">\n<td style=\"text-align: left;height: 72px\">\n<h1><a href=\"https:\/\/plasticatierradelagunas.blogspot.com\/\"><span style=\"color: #0000ff\">Departamento de Educaci\u00f3n Pl\u00e1stica, Visual y Audiovisual<\/span><\/a><\/h1>\n<\/td>\n<td style=\"text-align: left;height: 72px\"><a href=\"https:\/\/plasticatierradelagunas.blogspot.com\" target=\"_blank\" rel=\"noopener noreferrer\">En el rinconcito de Pl\u00e1stica<\/a><\/td>\n<td style=\"text-align: left;height: 72px\">&nbsp;<\/td>\n<\/tr>\n<tr style=\"height: 36px\">\n<td style=\"text-align: left;height: 36px\">\n<h1><a href=\"https:\/\/moncoindefle.blogspot.com\/\"><span style=\"color: #0000ff\">Departamento de Franc\u00e9s<\/span><\/a><\/h1>\n<\/td>\n<td style=\"text-align: left;height: 36px\"><a href=\"https:\/\/moncoindefle.blogspot.com\/\" target=\"_blank\" rel=\"noopener noreferrer\">Le coin de FLE<\/a><\/td>\n<\/tr>\n<tr style=\"height: 36px\">\n<td style=\"text-align: left;height: 36px\">\n<h1>Departamento de Ingl\u00e9s<\/h1>\n<\/td>\n<td style=\"text-align: left;height: 36px\">&nbsp;<\/td>\n<\/tr>\n<tr style=\"height: 36px\">\n<td style=\"text-align: left;height: 36px\">\n<h1><a href=\"https:\/\/lcliestierradelagunas.wordpress.com\/\"><span style=\"color: #0000ff\">Departamento de Lengua Castellana y Literatura<\/span><\/a><\/h1>\n<\/td>\n<td style=\"text-align: left;height: 36px\"><a href=\"https:\/\/lcliestierradelagunas.wordpress.com\/\" target=\"_blank\" rel=\"noopener noreferrer\">Blog de Lengua Castellana y Literatura<\/a><\/td>\n<\/tr>\n<tr style=\"height: 36px\">\n<td style=\"text-align: left;height: 36px\">\n<h1><a href=\"https:\/\/matematicastierradelagunas.blogspot.com\/\"><span style=\"color: #0000ff\">Departamento de Matem\u00e1ticas<\/span><\/a><\/h1>\n<\/td>\n<td style=\"text-align: left;height: 36px\"><a href=\"https:\/\/matematicastierradelagunas.blogspot.com\" target=\"_blank\" rel=\"noopener noreferrer\">Blog de Matem\u00e1ticas<\/a><\/td>\n<\/tr>\n<tr style=\"height: 36px\">\n<td style=\"text-align: left;height: 36px\">\n<h1><a href=\"https:\/\/aagudom75.blogspot.com\/\"><span style=\"color: #0000ff\">Departamento de M\u00fasica<\/span><\/a><\/h1>\n<\/td>\n<td style=\"text-align: left;height: 36px\"><a href=\"https:\/\/aagudom75.blogspot.com\/\" target=\"_blank\" rel=\"noopener noreferrer\">Blog de M\u00fasica<\/a><\/td>\n<\/tr>\n<tr style=\"height: 36px\">\n<td style=\"text-align: left;height: 36px\">\n<h1><a href=\"https:\/\/orientacioniestierradelagunas.wordpress.com\/\"><span style=\"color: #0000ff\">Departamento de Orientaci\u00f3n<\/span><\/a><\/h1>\n<\/td>\n<td style=\"text-align: left;height: 36px\"><a href=\"https:\/\/orientacioniestierradelagunas.wordpress.com\/\" target=\"_blank\" rel=\"noopener noreferrer\">Blog del Departamento de Orientaci\u00f3n (PT)<\/a><\/td>\n<\/tr>\n<tr style=\"height: 68px\">\n<td style=\"text-align: left;height: 68px\">\n<h1><a href=\"https:\/\/lagunatecnoinfor.blogspot.com\/\"><span style=\"color: #0000ff\">Departamento de Tecnolog\u00eda<\/span><\/a><\/h1>\n<\/td>\n<td style=\"text-align: left;height: 68px\"><a href=\"https:\/\/tierradelagunastei.blogspot.com\" target=\"_blank\" rel=\"noopener noreferrer\">Blog de Tecnolog\u00eda 1<\/a><\/p>\n<p><a href=\"https:\/\/lagunatecnoinfor.blogspot.com\" target=\"_blank\" rel=\"noopener noreferrer\">Blog de Tecnolog\u00eda 2<\/a><\/td>\n<\/tr>\n<tr style=\"height: 36px\">\n<td style=\"text-align: left;height: 36px\">\n<h1><a href=\"https:\/\/www.youtube.com\/channel\/UCWqjiUH_36J5cYg3P4ukDMw\/featured\"><span style=\"color: #0000ff\">Religi\u00f3n<\/span><\/a><\/h1>\n<\/td>\n<td style=\"text-align: left;height: 36px\"><a href=\"https:\/\/www.youtube.com\/channel\/UCWqjiUH_36J5cYg3P4ukDMw\/featured\" target=\"_blank\" rel=\"noopener noreferrer\">Canal de Youtube<\/a><\/td>\n<\/tr>\n<\/tbody>\n<\/table>\n<p>&nbsp;<\/p>\n<p>&nbsp;<\/p>\n<p>&nbsp;<\/p>\n<p>&nbsp;<\/p>\n<p>&nbsp;<\/p>\n<p>&nbsp;<\/p>\n<p>&nbsp;<\/p>\n<p>&nbsp;<\/p>\n<p>&nbsp;<\/p>\n<p>&nbsp;<\/p>\n<p>&nbsp;<\/p>\n<p>&nbsp;<\/p>\n<p>&nbsp;<\/p>\n<p>&nbsp;<\/p>\n<p>&nbsp;<\/p>\n","protected":false},"excerpt":{"rendered":"<p>&nbsp; Departamento de Ciencias de la Naturaleza Blog de Biolog\u00eda y Geolog\u00eda Blog de F\u00edsica y Qu\u00edmica Departamento de Ciencias Sociales Blog de Ciencias Sociales&hellip;<\/p>\n","protected":false},"author":1978,"featured_media":0,"parent":0,"menu_order":6,"comment_status":"closed","ping_status":"closed","template":"","meta":{"ngg_post_thumbnail":0,"footnotes":""},"aioseo_notices":[],"_links":{"self":[{"href":"https:\/\/blogsaverroes.juntadeandalucia.es\/iestierradelagunas\/wp-json\/wp\/v2\/pages\/59"}],"collection":[{"href":"https:\/\/blogsaverroes.juntadeandalucia.es\/iestierradelagunas\/wp-json\/wp\/v2\/pages"}],"about":[{"href":"https:\/\/blogsaverroes.juntadeandalucia.es\/iestierradelagunas\/wp-json\/wp\/v2\/types\/page"}],"author":[{"embeddable":true,"href":"https:\/\/blogsaverroes.juntadeandalucia.es\/iestierradelagunas\/wp-json\/wp\/v2\/users\/1978"}],"replies":[{"embeddable":true,"href":"https:\/\/blogsaverroes.juntadeandalucia.es\/iestierradelagunas\/wp-json\/wp\/v2\/comments?post=59"}],"version-history":[{"count":81,"href":"https:\/\/blogsaverroes.juntadeandalucia.es\/iestierradelagunas\/wp-json\/wp\/v2\/pages\/59\/revisions"}],"predecessor-version":[{"id":771,"href":"https:\/\/blogsaverroes.juntadeandalucia.es\/iestierradelagunas\/wp-json\/wp\/v2\/pages\/59\/revisions\/771"}],"wp:attachment":[{"href":"https:\/\/blogsaverroes.juntadeandalucia.es\/iestierradelagunas\/wp-json\/wp\/v2\/media?parent=59"}],"curies":[{"name":"wp","href":"https:\/\/api.w.org\/{rel}","templated":true}]}}