{"id":150,"date":"2020-02-07T07:48:04","date_gmt":"2020-02-07T06:48:04","guid":{"rendered":"http:\/\/blogsaverroes.juntadeandalucia.es\/pre\/ceip\/?page_id=150"},"modified":"2020-02-12T19:21:25","modified_gmt":"2020-02-12T18:21:25","slug":"filosofia","status":"publish","type":"page","link":"https:\/\/blogsaverroes.juntadeandalucia.es\/iestorredelprado\/filosofia\/","title":{"rendered":"Franc\u00e9s"},"content":{"rendered":"<p style=\"text-align: justify\"><img loading=\"lazy\" decoding=\"async\" class=\"wp-image-2099 aligncenter\" src=\"http:\/\/blogsaverroes.juntadeandalucia.es\/temahuemanies\/files\/2015\/03\/frances-300x160.jpg\" alt=\"frances\" width=\"150\" height=\"80\" srcset=\"https:\/\/blogsaverroes.juntadeandalucia.es\/iestorredelprado\/files\/2015\/03\/frances-300x160.jpg 300w, https:\/\/blogsaverroes.juntadeandalucia.es\/iestorredelprado\/files\/2015\/03\/frances.jpg 640w\" sizes=\"(max-width: 150px) 100vw, 150px\" \/><\/p>\n<p style=\"text-align: justify\"><strong><span style=\"font-family: sans-serif\"><span style=\"font-size: medium\">Segunda Lengua Extranjera <\/span><\/span><\/strong><\/p>\n<p style=\"text-align: justify\"><span style=\"font-family: sans-serif\"><span style=\"font-size: medium\">El pluriling\u00fcismo es una de las se\u00f1as de identidad de la ciudadan\u00eda en una Europa multiling\u00fce y multicultural, cuya diversidad no debe suponer un obst\u00e1culo a la movilidad y la cooperaci\u00f3n sino constituir una fuente de riqueza personal, social y cultural y un factor de progreso. A este fin, el Consejo Europeo reunido en Barcelona en 2002 recoge entre sus conclusiones la necesidad de coordinar esfuerzos en pos de una econom\u00eda competitiva basada en el conocimiento, e insta a los Estados miembros de la Uni\u00f3n Europea a desarrollar acciones educativas conducentes a la mejora del dominio de las competencias clave, en particular mediante la ense\u00f1anza de al menos dos lenguas extranjeras desde una edad muy temprana. <\/span><\/span><\/p>\n<h4 style=\"text-align: justify\"><a href=\"http:\/\/agrega.juntadeandalucia.es\/visualizar\/es\/es-an_2010071413_9114937\/true\" target=\"_blank\" rel=\"noopener noreferrer\">Pr\u00e9sentations et salutations: Se pr\u00e9senter<\/a><\/h4>\n<p style=\"text-align: justify\"><a href=\"http:\/\/agrega.juntadeandalucia.es\/visualizar\/es\/es-an_2010071413_9114937\/true\" target=\"_blank\" rel=\"noopener noreferrer\"><img loading=\"lazy\" decoding=\"async\" class=\" wp-image-2102 alignleft\" src=\"http:\/\/blogsaverroes.juntadeandalucia.es\/temahuemanies\/files\/2015\/03\/frances01-300x244.jpg\" alt=\"frances01\" width=\"151\" height=\"122\" srcset=\"https:\/\/blogsaverroes.juntadeandalucia.es\/iestorredelprado\/files\/2015\/03\/frances01-300x244.jpg 300w, https:\/\/blogsaverroes.juntadeandalucia.es\/iestorredelprado\/files\/2015\/03\/frances01.jpg 549w\" sizes=\"(max-width: 151px) 100vw, 151px\" \/><\/a>Para acompa\u00f1arte a los largo del curso, contar\u00e1s con In\u00e9s, Christian y Momo. Son tres j\u00f3venes que acaban de llegar a Espa\u00f1a para hacer unas pr\u00e1cticas de empresa, concretamente en Ubrique Complementos, una peque\u00f1a empresa dedicada a los productos del cuero.<\/p>\n<h4 style=\"text-align: justify\"><a href=\"http:\/\/agrega.juntadeandalucia.es\/visualizar\/es\/es-an_2014012713_9123402\/true\" target=\"_blank\" rel=\"noopener noreferrer\">Present\u00e1ndome de viva voz<\/a><\/h4>\n<p style=\"text-align: justify\"><a href=\"http:\/\/agrega.juntadeandalucia.es\/visualizar\/es\/es-an_2014012713_9123402\/true\" target=\"_blank\" rel=\"noopener noreferrer\"><img loading=\"lazy\" decoding=\"async\" class=\" wp-image-2106 alignleft\" src=\"http:\/\/blogsaverroes.juntadeandalucia.es\/temahuemanies\/files\/2015\/03\/frances02-300x114.jpg\" alt=\"frances02\" width=\"151\" height=\"57\" srcset=\"https:\/\/blogsaverroes.juntadeandalucia.es\/iestorredelprado\/files\/2015\/03\/frances02-300x114.jpg 300w, https:\/\/blogsaverroes.juntadeandalucia.es\/iestorredelprado\/files\/2015\/03\/frances02.jpg 657w\" sizes=\"(max-width: 151px) 100vw, 151px\" \/><\/a>Con esta tarea te presentar\u00e1s diciendo c\u00f3mo eres f\u00edsicamente , tus gustos y algunos rasgos importantes de tu car\u00e1cter.<\/p>\n","protected":false},"excerpt":{"rendered":"<p>Segunda Lengua Extranjera El pluriling\u00fcismo es una de las se\u00f1as de identidad de la ciudadan\u00eda en una Europa multiling\u00fce y multicultural, cuya diversidad no debe suponer un obst\u00e1culo a la movilidad y la cooperaci\u00f3n&#46;&#46;&#46;<\/p>\n","protected":false},"author":1,"featured_media":0,"parent":0,"menu_order":0,"comment_status":"open","ping_status":"open","template":"page-template-full.php","meta":{"ngg_post_thumbnail":0,"footnotes":"","_mc_calendar":[]},"aioseo_notices":[],"_links":{"self":[{"href":"https:\/\/blogsaverroes.juntadeandalucia.es\/iestorredelprado\/wp-json\/wp\/v2\/pages\/150"}],"collection":[{"href":"https:\/\/blogsaverroes.juntadeandalucia.es\/iestorredelprado\/wp-json\/wp\/v2\/pages"}],"about":[{"href":"https:\/\/blogsaverroes.juntadeandalucia.es\/iestorredelprado\/wp-json\/wp\/v2\/types\/page"}],"author":[{"embeddable":true,"href":"https:\/\/blogsaverroes.juntadeandalucia.es\/iestorredelprado\/wp-json\/wp\/v2\/users\/1"}],"replies":[{"embeddable":true,"href":"https:\/\/blogsaverroes.juntadeandalucia.es\/iestorredelprado\/wp-json\/wp\/v2\/comments?post=150"}],"version-history":[{"count":5,"href":"https:\/\/blogsaverroes.juntadeandalucia.es\/iestorredelprado\/wp-json\/wp\/v2\/pages\/150\/revisions"}],"predecessor-version":[{"id":2568,"href":"https:\/\/blogsaverroes.juntadeandalucia.es\/iestorredelprado\/wp-json\/wp\/v2\/pages\/150\/revisions\/2568"}],"wp:attachment":[{"href":"https:\/\/blogsaverroes.juntadeandalucia.es\/iestorredelprado\/wp-json\/wp\/v2\/media?parent=150"}],"curies":[{"name":"wp","href":"https:\/\/api.w.org\/{rel}","templated":true}]}}