{"id":155,"date":"2020-03-07T07:49:21","date_gmt":"2020-03-07T06:49:21","guid":{"rendered":"http:\/\/blogsaverroes.juntadeandalucia.es\/pre\/ceip\/?page_id=155"},"modified":"2020-02-12T17:12:11","modified_gmt":"2020-02-12T16:12:11","slug":"ingles","status":"publish","type":"page","link":"https:\/\/blogsaverroes.juntadeandalucia.es\/iestorredelprado\/ingles\/","title":{"rendered":"Lengua Castellana"},"content":{"rendered":"<p><img loading=\"lazy\" decoding=\"async\" class=\"aligncenter wp-image-2126\" src=\"http:\/\/blogsaverroes.juntadeandalucia.es\/temahuemanies\/files\/2015\/03\/lengua-300x200.jpg\" alt=\"lengua\" width=\"151\" height=\"101\" srcset=\"https:\/\/blogsaverroes.juntadeandalucia.es\/iestorredelprado\/files\/2015\/03\/lengua-300x200.jpg 300w, https:\/\/blogsaverroes.juntadeandalucia.es\/iestorredelprado\/files\/2015\/03\/lengua.jpg 640w\" sizes=\"(max-width: 151px) 100vw, 151px\" \/><\/p>\n<p style=\"text-align: justify\"><strong>Lengua Castellana y Literatura <\/strong><\/p>\n<p style=\"text-align: justify\">La materia Lengua Castellana y Literatura tiene como objetivo el desarrollo de la competencia comunicativa del alumnado, entendida en todas sus vertientes: pragm\u00e1tica, ling\u00fc\u00edstica, socioling\u00fc\u00edstica y literaria. Debe tambi\u00e9n aportar las herramientas y los conocimientos necesarios para desenvolverse satisfactoriamente en cualquier situaci\u00f3n comunicativa de la vida familiar, social y profesional. Esos conocimientos son los que articulan los procesos de comprensi\u00f3n y expresi\u00f3n oral por un lado, y de comprensi\u00f3n y expresi\u00f3n escrita por otro. La estructuraci\u00f3n del pensamiento del ser humano se hace a trav\u00e9s del lenguaje, de ah\u00ed que esa capacidad de comprender y de expresarse sea el mejor y el m\u00e1s eficaz instrumento de aprendizaje.<\/p>\n<h4 style=\"text-align: justify\"><a href=\"http:\/\/agrega.juntadeandalucia.es\/visualizar\/es\/es-an_2012070913_9131229\/true\" target=\"_blank\" rel=\"noopener noreferrer\">Paisajes rurales y urbanos: Literatura medieval. Literatura rural y urbana<\/a><\/h4>\n<p style=\"text-align: justify\"><a href=\"http:\/\/agrega.juntadeandalucia.es\/visualizar\/es\/es-an_2012070913_9131229\/true\" target=\"_blank\" rel=\"noopener noreferrer\"><img loading=\"lazy\" decoding=\"async\" class=\" wp-image-2128 alignleft\" src=\"http:\/\/blogsaverroes.juntadeandalucia.es\/temahuemanies\/files\/2015\/03\/lengua01-300x218.jpg\" alt=\"lengua01\" width=\"150\" height=\"108\" srcset=\"https:\/\/blogsaverroes.juntadeandalucia.es\/iestorredelprado\/files\/2015\/03\/lengua01-300x218.jpg 300w, https:\/\/blogsaverroes.juntadeandalucia.es\/iestorredelprado\/files\/2015\/03\/lengua01.jpg 400w\" sizes=\"(max-width: 150px) 100vw, 150px\" \/><\/a>En este tema trataremos sobre la literatura en dos vertientes: sobre una <strong>\u00e9poca,<\/strong> la <strong>Edad Media<\/strong>, y sobre un <strong>t\u00f3pico<\/strong>, literatura <strong>rural y urbana<\/strong>. En el primer apartado encontrar\u00e1s informaci\u00f3n sobre este t\u00f3pico y en los dem\u00e1s desarrollaremos contenidos sobre la literatura medieval.<\/p>\n<p>&nbsp;<\/p>\n<p>&nbsp;<\/p>\n<h4 id=\"nodeTitle\" style=\"text-align: justify\"><a href=\"http:\/\/agrega.juntadeandalucia.es\/visualizar\/es\/es-an_2010060213_9095644\/true\" target=\"_blank\" rel=\"noopener noreferrer\">Comunicaci\u00f3n y lenguaje I: Nos relacionamos como seres sociales<\/a><\/h4>\n<p style=\"text-align: justify\"><a href=\"http:\/\/agrega.juntadeandalucia.es\/visualizar\/es\/es-an_2010060213_9095644\/true\" target=\"_blank\" rel=\"noopener noreferrer\"><img loading=\"lazy\" decoding=\"async\" class=\" wp-image-2132 alignleft\" src=\"http:\/\/blogsaverroes.juntadeandalucia.es\/temahuemanies\/files\/2015\/03\/lengua02.jpg\" alt=\"lengua02\" width=\"150\" height=\"154\"><\/a><\/p>\n<p style=\"text-align: justify\">Vamos a trabajar en este tema el <strong>concepto de comunicaci\u00f3n<\/strong>, centr\u00e1ndonos, especialmente, en la comunicaci\u00f3n humana, en la que intervienen unos elementos cuya importancia iremos se\u00f1alando en ejemplos muy concretos. Conoceremos las distintas funciones con las que podemos emplear el lenguaje y que nos sirven para expresar nuestras ideas, preferencias y afectos.<\/p>\n","protected":false},"excerpt":{"rendered":"<p>&#46;&#46;&#46;<\/p>\n","protected":false},"author":1,"featured_media":0,"parent":0,"menu_order":0,"comment_status":"open","ping_status":"open","template":"page-template-full.php","meta":{"ngg_post_thumbnail":0,"footnotes":"","_mc_calendar":[]},"aioseo_notices":[],"_links":{"self":[{"href":"https:\/\/blogsaverroes.juntadeandalucia.es\/iestorredelprado\/wp-json\/wp\/v2\/pages\/155"}],"collection":[{"href":"https:\/\/blogsaverroes.juntadeandalucia.es\/iestorredelprado\/wp-json\/wp\/v2\/pages"}],"about":[{"href":"https:\/\/blogsaverroes.juntadeandalucia.es\/iestorredelprado\/wp-json\/wp\/v2\/types\/page"}],"author":[{"embeddable":true,"href":"https:\/\/blogsaverroes.juntadeandalucia.es\/iestorredelprado\/wp-json\/wp\/v2\/users\/1"}],"replies":[{"embeddable":true,"href":"https:\/\/blogsaverroes.juntadeandalucia.es\/iestorredelprado\/wp-json\/wp\/v2\/comments?post=155"}],"version-history":[{"count":7,"href":"https:\/\/blogsaverroes.juntadeandalucia.es\/iestorredelprado\/wp-json\/wp\/v2\/pages\/155\/revisions"}],"predecessor-version":[{"id":2662,"href":"https:\/\/blogsaverroes.juntadeandalucia.es\/iestorredelprado\/wp-json\/wp\/v2\/pages\/155\/revisions\/2662"}],"wp:attachment":[{"href":"https:\/\/blogsaverroes.juntadeandalucia.es\/iestorredelprado\/wp-json\/wp\/v2\/media?parent=155"}],"curies":[{"name":"wp","href":"https:\/\/api.w.org\/{rel}","templated":true}]}}